{"id":1150,"date":"2021-02-25T13:20:43","date_gmt":"2021-02-25T13:20:43","guid":{"rendered":"https:\/\/ftd.cognihealth.in\/?page_id=1150"},"modified":"2024-06-30T10:41:00","modified_gmt":"2024-06-30T10:41:00","slug":"stories","status":"publish","type":"page","link":"https:\/\/pre-prod.neurosymptoms.org\/de_DE\/stories\/","title":{"rendered":"Geschichten"},"content":{"rendered":"\n<p>Die folgenden Patienten haben ihre eigenen Geschichten f\u00fcr diese Website aufgeschrieben und erlaubt, sie zu ver\u00f6ffentlichen in der Hoffnung, dass sie Anderen helfen k\u00f6nnen ihre Symptome zu verstehen. Die pers\u00f6nlichen Daten wurden anonymisiert und die Geschichten nach den Hauptsymptome gegliedert (Anf\u00e4lle, Bewegungsst\u00f6rungen, L\u00e4hmungen\/Schmerzen, Kopfschmerzen\/Schwindel und Angst vor Krankheiten)<\/p>\n","protected":false},"excerpt":{"rendered":"<p><!-- wp:paragraph --><\/p>\n<p>Die folgenden Patienten haben ihre eigenen Geschichten f\u00fcr diese Website aufgeschrieben und erlaubt, sie zu ver\u00f6ffentlichen in der Hoffnung, dass sie Anderen helfen k\u00f6nnen ihre Symptome zu verstehen. Die pers\u00f6nlichen Daten wu&#8230;<\/p>\n","protected":false},"author":65,"featured_media":0,"parent":0,"menu_order":210,"comment_status":"closed","ping_status":"closed","template":"page-template\/stories.php","meta":[],"_links":{"self":[{"href":"https:\/\/pre-prod.neurosymptoms.org\/de_DE\/wp-json\/wp\/v2\/pages\/1150"}],"collection":[{"href":"https:\/\/pre-prod.neurosymptoms.org\/de_DE\/wp-json\/wp\/v2\/pages"}],"about":[{"href":"https:\/\/pre-prod.neurosymptoms.org\/de_DE\/wp-json\/wp\/v2\/types\/page"}],"author":[{"embeddable":true,"href":"https:\/\/pre-prod.neurosymptoms.org\/de_DE\/wp-json\/wp\/v2\/users\/65"}],"replies":[{"embeddable":true,"href":"https:\/\/pre-prod.neurosymptoms.org\/de_DE\/wp-json\/wp\/v2\/comments?post=1150"}],"version-history":[{"count":51,"href":"https:\/\/pre-prod.neurosymptoms.org\/de_DE\/wp-json\/wp\/v2\/pages\/1150\/revisions"}],"predecessor-version":[{"id":14750,"href":"https:\/\/pre-prod.neurosymptoms.org\/de_DE\/wp-json\/wp\/v2\/pages\/1150\/revisions\/14750"}],"wp:attachment":[{"href":"https:\/\/pre-prod.neurosymptoms.org\/de_DE\/wp-json\/wp\/v2\/media?parent=1150"}],"curies":[{"name":"wp","href":"https:\/\/api.w.org\/{rel}","templated":true}]}}