{"id":532,"date":"2020-11-29T09:51:38","date_gmt":"2020-11-29T09:51:38","guid":{"rendered":"https:\/\/ftd.cognihealth.in\/?page_id=532"},"modified":"2024-11-01T03:42:06","modified_gmt":"2024-11-01T03:42:06","slug":"functional-sensory-symptoms","status":"publish","type":"page","link":"https:\/\/pre-prod.neurosymptoms.org\/de_DE\/symptoms\/fnd-symptoms\/functional-sensory-symptoms\/","title":{"rendered":"Funktionelle sensible\/sensorische  Symptome"},"content":{"rendered":"\n<h3>Was sind funktionelle sensible\/sensorische Symptome?<\/h3>\n\n\n\n<p>Funktionelle sensorische Symptome beschreiben sensorische Symptome \u00fcberall im K\u00f6rper, die auftreten weil das Nervensystem nicht richtig funktioniert. Sie werden nicht durch eine Sch\u00e4digung oder Krankheit des Nervensystems verursacht.<\/p>\n\n\n\n<p>Patienten mit funktionellen sensorischen Symptome k\u00f6nnen folgendes empfinden:<\/p>\n\n\n\n<p>1. Gef\u00fchl einer ver\u00e4nderten Empfindung auf einer K\u00f6rperseite (h\u00e4ufiger links) &#8211; in der Regel Gesicht, Arm oder Bein in verschiedenen Kombinationen betreffend. Dies wird manchmal als &#8220;sensibles Halbseitensyndrom&#8221; bezeichnet. Sensorische St\u00f6rungen die nur das Gesicht betreffen sind h\u00e4ufig.<\/p>\n\n\n\n<p>2. Gef\u00fchl, dass eine Extremit\u00e4t nicht &#8220;zum K\u00f6rper geh\u00f6rt&#8221;.<\/p>\n\n\n\n<p>3. Fl\u00fcchtige Eindr\u00fccke &#8211; inklusive Zuckungen, &#8220;Surren&#8221; und stromschlagartige Empfindungen.<\/p>\n\n\n\n<p>4. Visuelle Symptome wie zeitweise Verschwommensehen und Sehen von Doppelbildern und eine L\u00e4hmung (siehe &#8220;<a href=\"http:\/\/www.neurosymptoms.org\/de_DE\/symptoms\/fnd-symptoms\/functional-limb-weakness\/\">L\u00e4hmung<\/a>&#8220;) k\u00f6nnen auf der Seite der Gef\u00fchlsst\u00f6rung vorkommen.<\/p>\n\n\n\n<p>F\u00fcr Patienten und Arzt k\u00f6nnen diese Beschwerden alarmierend sein. Sie fragen sich vielleicht, ob sie einen Schlaganfall erlitten oder Multiple Sklerose haben.<\/p>\n\n\n\n<p>Aber funktionelle sensorische Symptome sind nicht durch eine Sch\u00e4digung des Nervensystem bedingt. Das bedeutet, dass sie besser werden oder auch ganz verschwinden k\u00f6nnen. Dies erkl\u00e4rt sich daraus, dass bei Leuten mit funktionellen sensorischen Symptomen alle Teile des Nervensystems zwar vorhanden sind, aber nicht richtig funktionieren, sodass Ihr Gehirn Informationen nicht in korrekter Weise empf\u00e4ngt.&nbsp;<\/p>\n\n\n\n<h3>Wie wird die Diagnose gestellt?<\/h3>\n\n\n\n<p>Die Diagnose einer funktionellen sensorischen St\u00f6rung wird \u00fcblicherweise durch einen Neurologen gestellt.<\/p>\n\n\n\n<p>Wenn der Arzt ihre Anamnese erhebt und Sie untersucht, k\u00f6nnte er Ihre Symptome als typisch f\u00fcr funktionelle sensorische Symptome einordnen. Bei der Untersuchung kann der Arzt feststellen, dass die Gef\u00fchlsempfindung im betroffenen Bereich reduziert ist. Dies kann eventuell mit einer leichten Schw\u00e4che assoziiert sein. Das Muster dieser Schw\u00e4che und Reaktion auf spezielle Tests bei der Untersuchung helfen dem Arzt eine positive Diagnose Ihrer Erkrankung zu stellen.<\/p>\n\n\n\n<p>Normale Scans und Tests unterst\u00fctzen die Diagnose, allerdings wird diese \u00fcblicherweise durch den Neurologen gestellt, wenn er Sie zum ersten Mal untersucht.<\/p>\n\n\n\n<h3>Bilde ich mir dann alles nur ein?<\/h3>\n\n\n\n<p>Die Antwort ist NEIN, aber klicken Sie auf &#8220;<a href=\"http:\/\/www.neurosymptoms.org\/de_DE\/causes\/fnd-is-not-imagined\/\">Eingebildet<\/a>?&#8221; um mehr dar\u00fcber zu erfahren.<\/p>\n\n\n\n<h3>Wie ensteht eine funktionelle sensorische St\u00f6rung?<\/h3>\n\n\n\n<p>Funktionelle sensorische Beschwerden entstehen bei unterschiedlichen Menschen aus unterschiedlichen Gr\u00fcnden. Die Ursachen sind \u00e4hnlich wie bei&nbsp;funktioneller L\u00e4hmung&nbsp;und beinhalten:<\/p>\n\n\n\n<p>1.&nbsp;<strong>Nach einer Verletzung \/ mit Schmerz<\/strong>\u2014 nach einer k\u00f6rperlichen Verletzung oder bei starken&nbsp;Schmerzen&nbsp;&nbsp;scheinen Menschen besonders anf\u00e4llig f\u00fcr die Entwicklung von funktionellen sensiblen Beschwerden zu sein. Studien bei Patienten mit chronischen Schmerzen zeigten, dass unerwartete funktionelle sensible Symptome (meist auf einer K\u00f6rperseite) recht h\u00e4ufig sind. Manchmal gibt es \u00dcberlappungen zwischen funktionellen sensiblen Beschwerden und dem&nbsp;<a href=\"http:\/\/www.neurosymptoms.org\/de_DE\/symptoms\/common-associated-symptoms\/complex-regional-pain-syndrome\/\">Komplex regionalen Schmerzsyndrom Typ 1<\/a>. Klicken Sie auf den Link, um mehr zu erfahren.<\/p>\n\n\n\n<p>2.&nbsp;<strong>Mit Hyperventilation<\/strong>&nbsp;&#8211; funktionelle sensorische Symptome treten ebenfalls h\u00e4ufig gemeinsam mit&nbsp;<a href=\"http:\/\/www.neurosymptoms.org\/de_DE\/symptoms\/fnd-symptoms\/dizziness-including-pppd-persistent-postural-perceptual-dizziness\/\">Schwindel<\/a>&nbsp;und vor\u00fcbergehender Atemnot auf. Studien an gesunden Freiwilligen haben gezeigt, dass \u00fcber eine gewisse Zeit anhaltendes zu rasches Atmen (Hyperventilation) zu Gef\u00fchlsst\u00f6rungen f\u00fchrt. Meistens entsteht ein Kribbeln im Bereich der Finger und um die Mundregion. Es wird angenommen, dass dies durch den mit Hyperventilation einhergehenden niedrigen Kohlendioxidspiegel verursacht wird.<\/p>\n\n\n\n<p>Bei einem kleinen Prozentsatz f\u00fchrt Hyperventilation zu einer halbseitigen Gef\u00fchlsst\u00f6rung.<\/p>\n\n\n\n<p>3.&nbsp;<strong>Krankheit mit ausgepr\u00e4gter M\u00fcdigkeit\/Ersch\u00f6pfung\/Bettruhe<\/strong>&nbsp;\u2014&nbsp; bei Menschen, die an ausgepr\u00e4gter M\u00fcdigkeit oder Ersch\u00f6pfung leiden, kann sich langsam eine Gef\u00fchlsst\u00f6rung entwickeln. Bei anderen kann zu viel Ruhe\/Ruhigstellung die Symptome ausl\u00f6sen. Eventuell gibt es eine \u00dcberschneidung zum sogenannten&nbsp;<a href=\"http:\/\/www.neurosymptoms.org\/de_DE\/symptoms\/common-associated-symptoms\/fatigue\/\">Chronischen Ersch\u00f6pfungssyndrom<\/a>&nbsp;(englisch: Chronic Fatigue Syndrom). Klicken Sie auf den Link, um mehr zu erfahren.<\/p>\n\n\n\n<p>4.&nbsp;<strong>Nach einer Episode von Dissoziation \/ Panikattacke<\/strong>&nbsp;&#8211; Funktionelle sensorische Beschwerden entstehen oft zusammen mit anderen Symptome wie Benommenheit und Dissoziation (ein Gef\u00fchl, dass die Dinge um Sie herum entfernt oder &#8220;abgetrennt&#8221; w\u00e4ren).&nbsp;<a href=\"http:\/\/www.neurosymptoms.org\/de_DE\/symptoms\/common-associated-symptoms\/dissoziative-symptome\/\">Dissoziation<\/a>&nbsp;ist ein bisschen wie Trance und wird auf dieser Internetseite auch noch genauer beschrieben. Manchmal sind diese Episoden sehr be\u00e4ngstigend, vor allem wenn sie &#8220;aus heiterem Himmel&#8221; kommen und k\u00f6nnen daher auch zu einer&nbsp;<a href=\"http:\/\/www.neurosymptoms.org\/de_DE\/symptoms\/common-associated-symptoms\/worry-panic\/\">Panikattacke<\/a>&nbsp;f\u00fchren. Wenn die Panikattacke vor\u00fcber ist, kann ein Gef\u00fchl zur\u00fcckbleiben, als w\u00e4re eine H\u00e4lfte des K\u00f6rpers &#8220;nicht richtig&#8221;, manchmal auch ein Schweregef\u00fchl oder Kribbeln.<\/p>\n\n\n\n<p>5.&nbsp;<strong>Migr\u00e4ne<\/strong>&nbsp;&#8211; Manche Menschen mit Migr\u00e4ne erleben sensorische Symptome als Teil ihrer Attacke. Manchmal beschreiben Patienten mit funktionellen sensorischen Symptomen eine Migr\u00e4ne-artige Attacke, nach deren Abklingen ihre sensorischen Symptome persistieren. In diesen F\u00e4llen hat die Migr\u00e4ne funktionelle sensorische Symptome getriggert.<\/p>\n\n\n\n<p>6.&nbsp;<strong>Kein offensichtlicher Ausl\u00f6ser<\/strong>&nbsp;&#8211; &nbsp;manchmal gibt es auch kein ausl\u00f6sendes Ereignis. \u00c4hnlich kann bei manchen Patienten mit Migr\u00e4ne ein verursachendes Ereignis wie M\u00fcdigkeit oder Stress vorangehen, w\u00e4hrend bei anderen kein Grund eruierbar ist.<\/p>\n","protected":false},"excerpt":{"rendered":"<p>Sensibilit\u00e4tsst\u00f6rung in einem K\u00f6rperteil<\/p>\n","protected":false},"author":65,"featured_media":0,"parent":937,"menu_order":275,"comment_status":"closed","ping_status":"closed","template":"page-template\/symptom-details-page-template.php","meta":[],"_links":{"self":[{"href":"https:\/\/pre-prod.neurosymptoms.org\/de_DE\/wp-json\/wp\/v2\/pages\/532"}],"collection":[{"href":"https:\/\/pre-prod.neurosymptoms.org\/de_DE\/wp-json\/wp\/v2\/pages"}],"about":[{"href":"https:\/\/pre-prod.neurosymptoms.org\/de_DE\/wp-json\/wp\/v2\/types\/page"}],"author":[{"embeddable":true,"href":"https:\/\/pre-prod.neurosymptoms.org\/de_DE\/wp-json\/wp\/v2\/users\/65"}],"replies":[{"embeddable":true,"href":"https:\/\/pre-prod.neurosymptoms.org\/de_DE\/wp-json\/wp\/v2\/comments?post=532"}],"version-history":[{"count":118,"href":"https:\/\/pre-prod.neurosymptoms.org\/de_DE\/wp-json\/wp\/v2\/pages\/532\/revisions"}],"predecessor-version":[{"id":15605,"href":"https:\/\/pre-prod.neurosymptoms.org\/de_DE\/wp-json\/wp\/v2\/pages\/532\/revisions\/15605"}],"up":[{"embeddable":true,"href":"https:\/\/pre-prod.neurosymptoms.org\/de_DE\/wp-json\/wp\/v2\/pages\/937"}],"wp:attachment":[{"href":"https:\/\/pre-prod.neurosymptoms.org\/de_DE\/wp-json\/wp\/v2\/media?parent=532"}],"curies":[{"name":"wp","href":"https:\/\/api.w.org\/{rel}","templated":true}]}}