{"id":545,"date":"2020-11-29T13:27:08","date_gmt":"2020-11-29T13:27:08","guid":{"rendered":"https:\/\/ftd.cognihealth.in\/?page_id=545"},"modified":"2024-09-08T16:25:04","modified_gmt":"2024-09-08T16:25:04","slug":"functional-cognitive-symptoms","status":"publish","type":"page","link":"https:\/\/pre-prod.neurosymptoms.org\/de_DE\/symptoms\/fnd-symptoms\/functional-cognitive-symptoms\/","title":{"rendered":"Funktionelle Ged\u00e4chtnis- und Konzentrationsst\u00f6rungen"},"content":{"rendered":"\n<h2>Was ist eine funktionelle kognitive St\u00f6rung\/funktionelle Ged\u00e4chtnis- und Konzentrationsst\u00f6rung?<\/h2>\n\n\n\n<p>Eine funktionelle kognitive St\u00f6rung ist ein Problem mit dem Ged\u00e4chtnis oder der Konzentration, das auftritt, wenn das Gehirn nicht so arbeitet oder funktioniert, wie wir es brauchen. Funktionelle kognitive Symptome werden nicht durch eine Krankheit oder Sch\u00e4digung des Gehirns verursacht, aber sie gehen dennoch vom Gehirn aus.<\/p>\n\n\n\n<h2>Welche Art von Problemen haben Menschen mit funktionellen kognitiven St\u00f6rungen?<\/h2>\n\n\n\n<figure class=\"wp-block-image size-large\"><img loading=\"lazy\" width=\"601\" height=\"393\" src=\"https:\/\/pre-prod.neurosymptoms.org\/wp-content\/uploads\/2020\/11\/FCD-Image-1-.png\" alt=\"\" class=\"wp-image-546\" srcset=\"https:\/\/pre-prod.neurosymptoms.org\/wp-content\/uploads\/2020\/11\/FCD-Image-1-.png 601w, https:\/\/pre-prod.neurosymptoms.org\/wp-content\/uploads\/2020\/11\/FCD-Image-1--300x196.png 300w\" sizes=\"(max-width: 601px) 100vw, 601px\" \/><\/figure>\n\n\n\n<p>Manche Menschen haben relativ leichte funktionelle kognitive Symptome, manchmal neben anderen gesundheitlichen Problemen. Bei anderen Menschen sind die Ged\u00e4chtnissymptome das Hauptproblem, das ihr t\u00e4gliches Leben beeintr\u00e4chtigt, und es wird der Begriff funktionelle kognitive St\u00f6rung verwendet. Funktionelle kognitive Symptome k\u00f6nnen be\u00e4ngstigend sein. Sie k\u00f6nnen normale Aktivit\u00e4ten wie Arbeit und soziale Kontakte erheblich erschweren.<\/p>\n\n\n\n<p>Manche Menschen bef\u00fcrchten, dass ihre Probleme durch eine Form der Demenz, wie z. B. die Alzheimer-Krankheit, verursacht werden oder auf Sch\u00e4den nach einer Verletzung zur\u00fcckzuf\u00fchren sind.<\/p>\n\n\n\n<p>Die Entscheidung, ob die Ged\u00e4chtnis- und Denkprobleme einer Person das Ergebnis einer Erkrankung oder Sch\u00e4digung des Gehirns sind oder ob es sich um funktionelle kognitive Symptome handelt, erfordert eine sorgf\u00e4ltige Beurteilung.<\/p>\n\n\n\n<p>Es ist jedoch m\u00f6glich, eine sichere und genaue Diagnose von funktionellen kognitiven Symptomen zu stellen. Eine eindeutige Diagnose kann den Betroffenen helfen, Wege zur Verbesserung ihrer Symptome zu finden. Diese Information soll dazu beitragen, unser Wissen \u00fcber diese Krankheit weiterzugeben und Ihnen einige Anregungen zu geben, damit Sie sich ein Bild davon machen k\u00f6nnen, was vor sich geht.<\/p>\n\n\n\n<h2>Wie h\u00e4ufig sind funktionelle kognitive Symptome?<\/h2>\n\n\n\n<p>Funktionelle kognitive Symptome sind weit verbreitet. Bis vor kurzem haben \u00c4rzte sie jedoch mit vielen verschiedenen Begriffen beschrieben, was verwirrend sein kann.<\/p>\n\n\n\n<figure class=\"wp-container-2 wp-block-gallery-1 wp-block-gallery columns-1 is-cropped\"><ul class=\"blocks-gallery-grid\"><li class=\"blocks-gallery-item\"><figure><img loading=\"lazy\" width=\"1024\" height=\"284\" src=\"https:\/\/pre-prod.neurosymptoms.org\/wp-content\/uploads\/2020\/11\/Screenshot-2020-11-06-at-10.59.40-1024x284.png\" alt=\"\" data-id=\"547\" data-full-url=\"https:\/\/pre-prod.neurosymptoms.org\/wp-content\/uploads\/2020\/11\/Screenshot-2020-11-06-at-10.59.40.png\" data-link=\"https:\/\/pre-prod.neurosymptoms.org\/symptoms\/fnd-symptoms\/functional-cognitive-symptoms\/screenshot-2020-11-06-at-10-59-40\/\" class=\"wp-image-547\" srcset=\"https:\/\/pre-prod.neurosymptoms.org\/wp-content\/uploads\/2020\/11\/Screenshot-2020-11-06-at-10.59.40-1024x284.png 1024w, https:\/\/pre-prod.neurosymptoms.org\/wp-content\/uploads\/2020\/11\/Screenshot-2020-11-06-at-10.59.40-300x83.png 300w, https:\/\/pre-prod.neurosymptoms.org\/wp-content\/uploads\/2020\/11\/Screenshot-2020-11-06-at-10.59.40-768x213.png 768w, https:\/\/pre-prod.neurosymptoms.org\/wp-content\/uploads\/2020\/11\/Screenshot-2020-11-06-at-10.59.40.png 1342w\" sizes=\"(max-width: 1024px) 100vw, 1024px\" \/><\/figure><\/li><\/ul><\/figure>\n\n\n\n<p>Funktionelle kognitive Symptome k\u00f6nnen eigenst\u00e4ndig auftreten. Sie treten sehr h\u00e4ufig bei Menschen mit anderen Symptomen einer funktionellen neurologischen St\u00f6rung (FNS) auf. FNS ist die Bezeichnung f\u00fcr eine Erkrankung, bei der Menschen eine Vielzahl neurologischer Symptome wie <a href=\"https:\/\/pre-prod.neurosymptoms.org\/de_DE\/symptoms\/fnd-symptoms\/functional-limb-weakness\/\">L\u00e4hmungen<\/a> oder Ohnmachtsanf\u00e4lle haben, die echt sind und auf ein \u00e4hnliches Problem in der Funktion des Nervensystems zur\u00fcckzuf\u00fchren sind. Sie treten auch h\u00e4ufig bei Menschen mit Schmerzzust\u00e4nden wie Fibromyalgie und bei starker <a href=\"https:\/\/pre-prod.neurosymptoms.org\/de_DE\/symptoms\/common-associated-symptoms\/fatigue\/\">M\u00fcdigkeit \/ Ersch\u00f6pfung (Fatigue)<\/a> auf. Sie k\u00f6nnen auch mit <a href=\"https:\/\/pre-prod.neurosymptoms.org\/de_DE\/symptoms\/common-associated-symptoms\/worry-panic\/\">Angstzust\u00e4nden<\/a> und <a href=\"https:\/\/pre-prod.neurosymptoms.org\/de_DE\/symptoms\/common-associated-symptoms\/low-mood\/\">Depressionen<\/a> einhergehen oder manchmal Teil davon sein. Darauf werden wir sp\u00e4ter noch n\u00e4her eingehen.<\/p>\n\n\n\n<p>Im folgenden sind einige h\u00e4ufige &#8220;Ged\u00e4chtnis- Probleme&#8221; aufgez\u00e4hlt. Viele sind allt\u00e4gliche Erfahrungen, die \u00f6fter als \u00fcblich auftreten.<\/p>\n\n\n\n<p>&#8220;Ich ging nach oben \/ in den benachbarten Raum und konnte mich nicht erinnern, warum ich dort war&#8221;<\/p>\n\n\n\n<p>&#8220;Ich verlege immer wieder meine Brieftasche \/ Schl\u00fcssel&#8221;<\/p>\n\n\n\n<p>&#8220;Ich verlor den Faden in einem Gespr\u00e4ch&#8221;<\/p>\n\n\n\n<p>&#8220;Ich konnte mich an die ganze Autofahrt nicht mehr erinnern&#8221;<\/p>\n\n\n\n<p>&#8220;Ich nehme ein Buch und kann mich nicht mehr erinnern, was ich zuletzt gelesen habe&#8221;<\/p>\n\n\n\n<p>&#8220;Ich habe den Namen des Ortes, wo wir auf Urlaub waren vergessen und auch was wir den ganzen Tag dort getan haben&#8221;<\/p>\n\n\n\n<p>&#8220;Ich habe ganz vergessen zu einem Treffen zu gehen \/ jemanden eine Geburtstagskarte zu schicken&#8221;<\/p>\n\n\n\n<p>Wie bei allen funktionellen Symptomen, muss ein auf diesem Gebiet erfahrener Arzt (meist ein Neurologe) entscheiden, ob diese Symptome Teil einer neurologischen Erkrankung sind oder nicht.<\/p>\n\n\n\n<p>H\u00e4ufig sind diese Symptome nicht Ausdruck einer Ged\u00e4chntnisst\u00f6rung. Sie k\u00f6nnen Folge schlechter Konzentration sein. Wenn Sie sich nicht konzentrieren, weil Sie zum Beispiel m\u00fcde oder abgelenkt sind, dann werden Sie sich auch an bestimmte Dinge nicht erinnern k\u00f6nnen.<\/p>\n\n\n\n<p>Normalerweise konnten Sie nach oben gehen und sich den Grund daf\u00fcr merken. Eventuell vergessen Sie jetzt den Grund daf\u00fcr, weil Ihre Schmerzen \/ M\u00fcdigkeit \/ Schw\u00e4che in den Beinen Sie in Ihrer Konzentration behindern.<\/p>\n\n\n\n<p>Menschen, die diese Art von Symptomen wahrnehmen, hatten oft urspr\u00fcnglich ein \u00fcberdurchschnittlich gutes Ged\u00e4chtnis. &nbsp;Menschen, die schon immer ein wenig zerstreut waren, neigen weniger dazu solche Symptome zu bemerken.<\/p>\n\n\n\n<p>Manchmal l\u00f6sen solche Symptome gro\u00dfe Sorgen aus, vor allem wenn jemand in der Familie oder ein anderer Bekannter an Demenz leidet.<\/p>\n\n\n\n<p>Konzentrationsprobleme sind ein h\u00e4ufiges Symptom von&nbsp;Angst&nbsp;und&nbsp;Depression&nbsp;und es ist daher leicht nachvollziehbar, dass es in so einer Situation zu einem Teufelskreis mit Verst\u00e4rkung der Beschwerden kommen kann.<\/p>\n\n\n\n<p>L\u00e4ngere Erinnerungsl\u00fccken \/ Dissoziative Amnesie<\/p>\n\n\n\n<p>Manchmal berichten Patienten mit funktionellen neurologischen Symptomen \u00fcber ziemlich dramatische Perioden der Amnesie (Ged\u00e4chtnisverlust), z. B. f\u00fcr einen ganzen Nachmittag oder eine ganze Autofahrt. Dies ist besonders h\u00e4ufig bei Menschen mit&nbsp;dissoziativen Anf\u00e4llen, bei denen oft eine Periode mit Amnesie dem Anfall vorangeht.<\/p>\n\n\n\n<p>Wenn so ein ganzer Zeitblock verloren geht, ist die Erkl\u00e4rung h\u00e4ufig eine dissoziative Amnesie. Klicken Sie auf&nbsp;dissoziative Symptome&nbsp;um mehr \u00fcber die Bedeutung der Dissoziation zu erfahren.<\/p>\n\n\n\n<p>Bei der dissoziativen Amnesie, ist die Person nicht in der Lage, sich an irgend etwas zu erinnern, weil<\/p>\n\n\n\n<p>\u2022 sie sich w\u00e4hrend des fraglichen Zeitraums in einem Trance- \u00e4hnlichen Zustand befand oder<\/p>\n\n\n\n<p>\u2022 weil sie aufgrund einer Funktionsst\u00f6rung des Gehirns, die Teil einer funktionellen oder dissoziativen Krankheit ist, nicht auf normale Erinnerungen zugreifen kann.<\/p>\n","protected":false},"excerpt":{"rendered":"<p>Probleme beim Denken, mit dem Ged\u00e4chtnis oder bei der Konzentration<\/p>\n","protected":false},"author":65,"featured_media":1631,"parent":937,"menu_order":277,"comment_status":"closed","ping_status":"closed","template":"page-template\/symptom-details-page-template.php","meta":[],"_links":{"self":[{"href":"https:\/\/pre-prod.neurosymptoms.org\/de_DE\/wp-json\/wp\/v2\/pages\/545"}],"collection":[{"href":"https:\/\/pre-prod.neurosymptoms.org\/de_DE\/wp-json\/wp\/v2\/pages"}],"about":[{"href":"https:\/\/pre-prod.neurosymptoms.org\/de_DE\/wp-json\/wp\/v2\/types\/page"}],"author":[{"embeddable":true,"href":"https:\/\/pre-prod.neurosymptoms.org\/de_DE\/wp-json\/wp\/v2\/users\/65"}],"replies":[{"embeddable":true,"href":"https:\/\/pre-prod.neurosymptoms.org\/de_DE\/wp-json\/wp\/v2\/comments?post=545"}],"version-history":[{"count":308,"href":"https:\/\/pre-prod.neurosymptoms.org\/de_DE\/wp-json\/wp\/v2\/pages\/545\/revisions"}],"predecessor-version":[{"id":15301,"href":"https:\/\/pre-prod.neurosymptoms.org\/de_DE\/wp-json\/wp\/v2\/pages\/545\/revisions\/15301"}],"up":[{"embeddable":true,"href":"https:\/\/pre-prod.neurosymptoms.org\/de_DE\/wp-json\/wp\/v2\/pages\/937"}],"wp:featuredmedia":[{"embeddable":true,"href":"https:\/\/pre-prod.neurosymptoms.org\/de_DE\/wp-json\/wp\/v2\/media\/1631"}],"wp:attachment":[{"href":"https:\/\/pre-prod.neurosymptoms.org\/de_DE\/wp-json\/wp\/v2\/media?parent=545"}],"curies":[{"name":"wp","href":"https:\/\/api.w.org\/{rel}","templated":true}]}}