{"id":559,"date":"2020-11-29T13:33:25","date_gmt":"2020-11-29T13:33:25","guid":{"rendered":"https:\/\/ftd.cognihealth.in\/?page_id=559"},"modified":"2024-11-01T03:45:02","modified_gmt":"2024-11-01T03:45:02","slug":"functional-speech-swallowing-symptoms","status":"publish","type":"page","link":"https:\/\/pre-prod.neurosymptoms.org\/de_DE\/symptoms\/fnd-symptoms\/functional-speech-swallowing-symptoms\/","title":{"rendered":"Funktionelle Sprech- und Schluckst\u00f6rungen"},"content":{"rendered":"\n<p>NEWS JULI 2021! Internationale Logop\u00e4die Konsensusempfehlungen \u2013&nbsp;<a href=\"https:\/\/tinyurl.com\/Sltfnd\">Klicken Sie hier<\/a><\/p>\n\n\n\n<p>Die h\u00e4ufigsten Sprech- und Schluckprobleme sind:<\/p>\n\n\n\n<p><strong>Verwaschene Sprache&nbsp;<\/strong>\u2013 verwaschenes Sprechen kann manchmal normal sein, manchmal nicht. Es klingt ein bisschen als ob Sie betrunken w\u00e4ren, obwohl Sie keinen Alkohol getrunken hatten. In der Regel werden die Beschwerden mit zunehmender M\u00fcdigkeit schlimmer. Ihr Neurologe wird oft initial als Differentialdiagnose an eine Myasthenia gravis denken, diese Beschwerden treten jedoch auch als funktionelles Symptom auf.<\/p>\n\n\n\n<p><strong>Stottern&nbsp;<\/strong>\u2013 Menschen, die noch nie gestottert haben, k\u00f6nnen &#8211; \u00e4hnlich wie bei erworbenem Stottern &#8211; zu stottern beginnen. das Sprechen kann &#8220;unterbrochen&#8221; sein, oft mit Pausen in der Mitte anstatt an den Enden von W\u00f6rtern. Alternativ kann ein &#8220;telegrammartiger&#8221; Sprechstil auftreten, bei dem W\u00f6rter wie &#8220;und&#8221; oder &#8220;der\/die\/das&#8221; ausgelassen werden.<\/p>\n\n\n\n<p><strong>Wortfindungsschwierigkeiten&nbsp;<\/strong>\u2013 hier handelt es sich eher um ein Symptom gest\u00f6rten &#8220;Denkens\/Ged\u00e4chtnisses&#8221; als um ein Sprechproblem. Sie k\u00f6nnen feststellen, dass:<\/p>\n\n\n\n<p>o Sie nach dem richtigen Wort suchen, es will Ihnen aber einfach nicht einfallen<\/p>\n\n\n\n<p>o Sie W\u00f6rter in einem Satz verwechseln<\/p>\n\n\n\n<p>o W\u00f6rter falsch oder als unsinnige W\u00f6rter &#8220;herauskommen&#8221; &#8211; z. B. &#8220;Wo ist die Haltespelle anstatt Haltestelle&#8221;<\/p>\n\n\n\n<p><strong>Fl\u00fcsterndes \/Heiseres Sprechen<\/strong>&nbsp;\u2013 das klingt so als habe jemand eine Halsentz\u00fcndung (Laryngitis), es liegt aber keine Laryngitis oder sonstige Beeintr\u00e4chtigungen der Stimmb\u00e4nder vor und dauert auch viel l\u00e4nger an. Dies wird h\u00e4ufig als&nbsp;<strong>funktionelle Dysphonie<\/strong>&nbsp;bezeichnet. In der Regel untersucht Sie ein Hals-Nasen-Ohrenarzt um sicherzustellen, dass keine erkennbare Ursache vorliegt. Diese Sprechst\u00f6rung kann kommen und gehen und kann &nbsp;manchmal sogar von einer Laryngitis &#8220;ausgel\u00f6st&#8221; werden, bei der die Stimmb\u00e4nder anschlie\u00dfend vergessen richtig zu arbeiten (obwohl der Virus bereits weg ist).<\/p>\n\n\n\n<p>Gelegentlich verlieren Meschen ganz die Stimme und damit die F\u00e4higkeit zu Sprechen. Dies wird als&nbsp;<strong>funktionelle Aphonie<\/strong>&nbsp;bezeichnet.<\/p>\n\n\n\n<p>Eine weitere seltene funktionelle Sprechst\u00f6rung ist das &#8220;<strong>Ausl\u00e4ndische Akzent-Syndrom<\/strong>&#8220;. Dies kann durch eine Vielzahl von neurologischen Erkrankungen verursacht werden, kann aber manchmal auch ein funktionelles neurologisches Symptom sein. Es gibt eine&nbsp;<a href=\"https:\/\/www.facebook.com\/groups\/1566472570311497\/\">Facebook-Seite<\/a> und <a href=\"https:\/\/www.facebook.com\/groups\/153559698055621\/\">hier<\/a>&nbsp;f\u00fcr Interessierte.<\/p>\n\n\n\n<p><strong>Schluckprobleme<\/strong>&nbsp;\u2013 typischerweise versp\u00fcren Menschen mit funktionellen Beschwerden und Schluckproblemen ein Gef\u00fchl als w\u00fcrde etwas im Kehlkopf oder in der oberen Speiser\u00f6hre stecken. Dieses Problem wird wahrgenommen, wenn sie gar nicht versuchen zu schlucken, aber auch der Schluckakt selbst kann erschwert sein. Dieses Symptom wird h\u00e4ufig als Globusgef\u00fchl oder Globuspharyngitis bezeichnet. In der Regel untersucht Sie ein Hals-Nasen-Ohrenarzt um sicherzustellen, dass keine erkennbare Ursache vorliegt.<\/p>\n\n\n\n<p>Warum sind alle Tests und Untersuchungen unauff\u00e4llig?<\/p>\n\n\n\n<p>Bei dieser Art von Sprach-und Schluckst\u00f6rungen sind alle Teile des Nervensystems vorhanden, sie arbeiten nur zu bestimmten Zeiten nicht richtig.<\/p>\n\n\n\n<p>Ihr Arzt wird diese Diagnose stellen, nachdem er Ihre Anamnese erhoben und sie untersucht hat.<\/p>\n\n\n\n<p>Normale Scans und Tests helfen, die Diagnose zu stellen. Letztendlich stellt aber ein Neurologe (oder im Falle der funktionellen Dysphonie ein HNO-Arzt) die Diagnose, wenn er sie klinisch untersucht.<\/p>\n\n\n\n<p>Bilde ich mir dann alles nur ein?<\/p>\n\n\n\n<p>Die Antwort ist NEIN, aber klicken Sie auf&nbsp;&#8220;<a href=\"http:\/\/www.neurosymptoms.org\/de_DE\/causes\/fnd-is-not-imagined\/\">Eingebildet<\/a>?&#8221;um mehr dar\u00fcber zu erfahren.<\/p>\n","protected":false},"excerpt":{"rendered":"<p>Schwierigkeiten beim Sprechen, Schlucken und bei der Kommunikation<\/p>\n","protected":false},"author":65,"featured_media":2724,"parent":937,"menu_order":287,"comment_status":"closed","ping_status":"closed","template":"page-template\/symptom-details-page-template.php","meta":[],"_links":{"self":[{"href":"https:\/\/pre-prod.neurosymptoms.org\/de_DE\/wp-json\/wp\/v2\/pages\/559"}],"collection":[{"href":"https:\/\/pre-prod.neurosymptoms.org\/de_DE\/wp-json\/wp\/v2\/pages"}],"about":[{"href":"https:\/\/pre-prod.neurosymptoms.org\/de_DE\/wp-json\/wp\/v2\/types\/page"}],"author":[{"embeddable":true,"href":"https:\/\/pre-prod.neurosymptoms.org\/de_DE\/wp-json\/wp\/v2\/users\/65"}],"replies":[{"embeddable":true,"href":"https:\/\/pre-prod.neurosymptoms.org\/de_DE\/wp-json\/wp\/v2\/comments?post=559"}],"version-history":[{"count":118,"href":"https:\/\/pre-prod.neurosymptoms.org\/de_DE\/wp-json\/wp\/v2\/pages\/559\/revisions"}],"predecessor-version":[{"id":15683,"href":"https:\/\/pre-prod.neurosymptoms.org\/de_DE\/wp-json\/wp\/v2\/pages\/559\/revisions\/15683"}],"up":[{"embeddable":true,"href":"https:\/\/pre-prod.neurosymptoms.org\/de_DE\/wp-json\/wp\/v2\/pages\/937"}],"wp:featuredmedia":[{"embeddable":true,"href":"https:\/\/pre-prod.neurosymptoms.org\/de_DE\/wp-json\/wp\/v2\/media\/2724"}],"wp:attachment":[{"href":"https:\/\/pre-prod.neurosymptoms.org\/de_DE\/wp-json\/wp\/v2\/media?parent=559"}],"curies":[{"name":"wp","href":"https:\/\/api.w.org\/{rel}","templated":true}]}}