{"id":577,"date":"2020-11-30T02:48:52","date_gmt":"2020-11-30T02:48:52","guid":{"rendered":"https:\/\/ftd.cognihealth.in\/?page_id=577"},"modified":"2024-09-08T16:15:49","modified_gmt":"2024-09-08T16:15:49","slug":"functional-gait-disorder","status":"publish","type":"page","link":"https:\/\/pre-prod.neurosymptoms.org\/de_DE\/symptoms\/fnd-symptoms\/functional-gait-disorder\/","title":{"rendered":"Funktionelle Gangst\u00f6rungen"},"content":{"rendered":"\n<h2>Was sind funktionelle Gangst\u00f6rungen (Gehprobleme)?<\/h2>\n\n\n\n<p>Eine funktionelle Bewegungsst\u00f6rung bedeutet, dass eine abnormale Bewegung oder Positionierung eines K\u00f6rperteils vorliegt, die auf eine Fehlfunktion des Nervensystems zur\u00fcckzuf\u00fchren ist (jedoch nicht auf eine zugrunde liegende neurologische Erkrankung).<\/p>\n\n\n\n<p>Im Rahmen einer funktionellen St\u00f6rung kann eine Vielzahl von Problemen beim Gehen auftreten. Wie bei allen funktionellen St\u00f6rungen treten diese nicht auf, weil die Betroffenen absichtlich so gehen. Die Bewegung und der Gang sind unfreiwillig.<\/p>\n\n\n\n<p>2016 drehte Miranda Licence aus Queensland, Australien, einen kurzen Film, in dem sie ihre Erfahrungen mit funktionellen Gangst\u00f6rungen zusammen mit ihrem Onkel Jeff Licence von ABC Open beschreibt.<\/p>\n\n\n\n<p>Ich bin Jeff und Miranda sehr dankbar, dass sie mir erlaubt haben, ihre Geschichte auf dieser Website zu ver\u00f6ffentlichen. Hier k\u00f6nnen Sie den Begleittext zur Geschichte lesen.<\/p>\n\n\n\n<p>In diesem Film erfahren Sie viel dar\u00fcber, wie es ist, eine funktionelle Gangst\u00f6rung zu haben, und wie eine Behandlung helfen kann. Darunter k\u00f6nnen Sie mehr \u00fcber die verschiedenen Arten von funktionellen Gangst\u00f6rungen und ihre Behandlung lesen.<\/p>\n\n\n\n<figure class=\"wp-block-embed-youtube wp-block-embed is-type-video is-provider-youtube wp-embed-aspect-16-9 wp-has-aspect-ratio\"><div class=\"wp-block-embed__wrapper\">\n<iframe loading=\"lazy\" title=\"How am I running when I cant walk ? Recovery from FND gait disorder\" width=\"745\" height=\"419\" src=\"https:\/\/www.youtube.com\/embed\/Y2kwQrhxttU?feature=oembed\" frameborder=\"0\" allow=\"accelerometer; autoplay; clipboard-write; encrypted-media; gyroscope; picture-in-picture; web-share\" allowfullscreen><\/iframe>\n<\/div><\/figure>\n\n\n\n<p>Dies sind die h\u00e4ufigsten Arten von funktionellen Gangst\u00f6rungen:<\/p>\n\n\n\n<ol type=\"1\"><li><strong>Schleifender Gang bei funktioneller Beinl\u00e4hmung<\/strong><\/li><\/ol>\n\n\n\n<p>Eine der h\u00e4ufigsten funktionellen Gangst\u00f6rungen ist der &#8220;schleifende&#8221; Gang, der bei Patienten mit funktioneller L\u00e4hmung eines Beins auftritt. Mehr \u00fcber funktionelle L\u00e4hmung k\u00f6nnen Sie <a href=\"http:\/\/www.neurosymptoms.org\/de_DE\/symptoms\/fnd-symptoms\/functional-limb-weakness\/\">hier<\/a> lesen.<\/p>\n\n\n\n<figure class=\"wp-block-image size-large\"><img loading=\"lazy\" width=\"189\" height=\"282\" src=\"https:\/\/pre-prod.neurosymptoms.org\/wp-content\/uploads\/2020\/11\/FG-Image-1.jpg\" alt=\"\" class=\"wp-image-578\"\/><\/figure>\n\n\n\n<div class=\"wp-block-image\"><figure class=\"alignright size-large\"><img loading=\"lazy\" width=\"182\" height=\"282\" src=\"https:\/\/pre-prod.neurosymptoms.org\/wp-content\/uploads\/2020\/11\/FG-Image-2.jpg\" alt=\"\" class=\"wp-image-579\"\/><\/figure><\/div>\n\n\n\n<p>Menschen mit dieser Art von Beinschw\u00e4che stellen fest, dass das Bein \u00fcber den Boden schleift. Das sieht oft nicht so dramatisch aus. Oft ist der Kn\u00f6chel nach innen oder au\u00dfen gedreht, wie in diesem Bild. Manche Menschen haben das Gef\u00fchl, dass ihr Fu\u00df fast wie ein Magnet am Boden klebt.<\/p>\n\n\n\n<p>Pl\u00f6tzliches Einknicken der Knie. In der Regel geht dies mit der Feststellung einer funktionellen Schw\u00e4che in einem oder beiden Beinen einher. Wenn beide Beine gleichzeitig einknicken, kommt es manchmal zu einem &#8220;<a href=\"http:\/\/www.neurosymptoms.org\/de_DE\/symptoms\/fnd-symptoms\/functional-drop-attacks\/\">Sturzanfall<\/a>&#8220;, obwohl es wichtig ist zu erkennen, dass dies auch andere Ursachen haben kann, z. B. Knieprobleme.<\/p>\n\n\n\n<p><strong>2.&nbsp;&nbsp;&nbsp;&nbsp; Kleine, langsame Schritte (&#8220;Gehen wie auf Eis&#8221;)<\/strong><\/p>\n\n\n\n<p>Hierbei handelt es sich um einen allgemein unsicheren Gang, bei dem die Person kleine Schritte macht, fast so, als w\u00fcrde sie &#8220;auf Eis&#8221; gehen. Die Beine sind ziemlich steif und die F\u00fc\u00dfe stehen weit auseinander. Der Grund f\u00fcr die Gew\u00f6hnung an einen solchen Gang ist oft, dass die Betroffenen gest\u00fcrzt sind und sich Sorgen \u00fcber zuk\u00fcnftige St\u00fcrze machen.<\/p>\n\n\n\n<p><strong>3.&nbsp;&nbsp;&nbsp;&nbsp; Schwankender Gang<\/strong><\/p>\n\n\n\n<p>Bei dieser Art des Gehens schwankt die Person von einer Seite zur anderen, vor allem im Oberk\u00f6rper, und die Beine neigen dazu, die Bewegungen zu korrigieren. Die Person sieht aus, als w\u00fcrde sie st\u00fcrzen, kann sich dann aber wieder fangen.<\/p>\n\n\n\n<p><strong>4.&nbsp;&nbsp;&nbsp;&nbsp; Hyperkinetischer Gang.<\/strong><\/p>\n\n\n\n<p>Funktionelle Bewegungsst\u00f6rungen k\u00f6nnen mitunter recht dramatische \u00fcberm\u00e4\u00dfige Bewegungen der Arme, des Rumpfes oder der Beine verursachen. Bei manchen Menschen treten diese besonders beim Gehen auf<\/p>\n\n\n\n<p><strong>5.&nbsp;&nbsp;&nbsp;&nbsp; Hockender Gang<\/strong><\/p>\n\n\n\n<p>Hierbei handelt es sich um eine seltene Form der funktionellen Gangst\u00f6rung, bei der der Betroffene den Eindruck hat, in der Hocke zu gehen. Dies ist oft mit der Angst vor St\u00fcrzen verbunden.<\/p>\n\n\n\n<h2><strong>Funktionelle Stehprobleme<\/strong><\/h2>\n\n\n\n<p>Dieses Problem wird Astasie genannt. Es bedeutet, dass die Person Schwierigkeiten hat, still zu stehen, aber normal gehen kann. Die Diagnose kann gestellt werden, indem man beobachtet, ob die Probleme beim Stehen verschwinden, wenn die Person abgelenkt wird (z. B. durch ein Spiel auf dem Telefon oder durch das Erraten von Zahlen, die auf ihrem R\u00fccken stehen).<\/p>\n\n\n\n<h3>Wie wird die Diagnose gestellt?<\/h3>\n\n\n\n<p>Die Diagnose einer funktionellen Gangst\u00f6rung wird in der Regel von einem Neurologen gestellt. Die Diagnose kann schwierig sein, da sie Expertenwissen \u00fcber das gesamte Spektrum von Bewegungsst\u00f6rungen aufgrund neurologischer Erkrankungen erfordert, von denen viele ungew\u00f6hnlich oder sogar bizarr sind.<\/p>\n\n\n\n<p>Selbst Neurologen sollten besonders vorsichtig sein, wenn sie eine funktionelle Gangst\u00f6rung diagnostizieren. Aus Studien wissen wir, dass Gangst\u00f6rungen h\u00e4ufiger als funktionelle St\u00f6rungen fehldiagnostiziert werden als andere funktionelle St\u00f6rungen.<\/p>\n\n\n\n<p>Das bedeutet aber nicht, dass die Diagnose nicht gestellt werden kann.<\/p>\n\n\n\n<p>Zu den Merkmalen, die bei der Diagnose helfen, geh\u00f6ren:<\/p>\n\n\n\n<p>1.&nbsp;&nbsp;&nbsp;&nbsp; Nachweis positiver Anzeichen eines funktionellen Tremors oder einer funktionellen L\u00e4hmung bei der Untersuchung<\/p>\n\n\n\n<p>2.&nbsp;&nbsp;&nbsp;&nbsp; H\u00e4ufige Ausfallschritte und ein Gang, der un\u00f6konomisch ist (d. h. mehr Energie verbraucht als ein normaler Gang)<\/p>\n\n\n\n<p>3.&nbsp;&nbsp;&nbsp;&nbsp; Verbesserung des Gehens beim R\u00fcckw\u00e4rtsgehen<\/p>\n\n\n\n<p>4.&nbsp;&nbsp;&nbsp;&nbsp; Das Gehen verbessert sich, wenn der Rhythmus oder die Geschwindigkeit des Ganges ver\u00e4ndert wird<\/p>\n\n\n\n<p>5.&nbsp;&nbsp;&nbsp;&nbsp; Das Gehen verbessert sich, wenn Musik geh\u00f6rt wird.<\/p>\n\n\n\n<p>6.&nbsp;&nbsp;&nbsp;&nbsp; Gleichgewichtsprobleme im Stehen bessern sich, wenn die Person aufgefordert wird, eine andere Aufgabe zu erf\u00fcllen, z. B. auf dem R\u00fccken geschriebene Zahlen zu erraten oder ein Spiel auf einem Mobiltelefon zu spielen<\/p>\n\n\n\n<h2><strong>Behandlung der funktionellen Gangst\u00f6rung<\/strong><\/h2>\n\n\n\n<p><a href=\"http:\/\/www.neurosymptoms.org\/de_DE\/treatment\/physiotherapy-exercise\/\">Physiotherapie<\/a> von jemandem, der sich mit funktionellen neurologischen St\u00f6rungen auskennt, ist der wichtigste Teil der Behandlung.<\/p>\n\n\n\n<p>Einige der Ma\u00dfnahmen, die helfen k\u00f6nnen, sehen vielleicht ein bisschen verr\u00fcckt aus, wenn Sie sie aufgeschrieben sehen. Aber sie sind alle darauf ausgerichtet, dem Gehirn zu helfen, die &#8220;automatische&#8221; Bewegung in einer Situation wiederzuerlangen, in der das normale Bewegungsmuster &#8220;gest\u00f6rt&#8221; wurde.<\/p>\n\n\n\n<p>Dies ist ein gutes Beispiel daf\u00fcr, warum es wichtig ist, Vertrauen in die Diagnose zu haben, damit die Behandlung helfen kann. Wenn Sie glauben, dass niemand wei\u00df, was los ist, ist es verst\u00e4ndlich, dass Sie z\u00f6gern, die unten aufgef\u00fchrten Dinge auszuprobieren.<\/p>\n\n\n\n<p>Versuchen Sie, beim Gehen eine Melodie zu summen oder ein Lied zu singen (notfalls in Ihrem Kopf!). Ist das Gehen dadurch leichter geworden?<\/p>\n\n\n\n<p>Versuchen Sie, r\u00fcckw\u00e4rts zu gehen, wenn Sie Schwierigkeiten beim Gehen haben. Das R\u00fcckw\u00e4rtsgehen ist ein anderes &#8220;Programm&#8221; im Gehirn, und Sie werden vielleicht \u00fcberrascht sein, dass es Ihnen leichter f\u00e4llt als das Vorw\u00e4rtsgehen.<\/p>\n\n\n\n<p>Laufen. Patienten, die dazu in der Lage sind, f\u00e4llt es manchmal leichter, sich zu bewegen, wenn sie ein wenig joggen. Das ist ein bisschen so wie bei jemandem, der stottert und Probleme beim Sprechen hat, aber normal singen kann.<\/p>\n\n\n\n<p>Wenn Sie versuchen, loszulaufen und es nicht schaffen, bleiben Sie stehen und verlagern Sie Ihr Gewicht einige Sekunden lang von einer Seite zur anderen, bevor Sie weitergehen.<\/p>\n\n\n\n<p>Versuchen Sie, mit den F\u00fc\u00dfen zu gleiten, als ob Sie Schlittschuh laufen w\u00fcrden. F\u00fchlt sich Ihr Gehen dadurch besser an?<\/p>\n\n\n\n<p>Welche Bewegungsaktivit\u00e4ten haben Sie fr\u00fcher in Ihrem Leben genossen? Haben Sie gerne getanzt oder Sport getrieben? K\u00f6nnen Sie einige dieser &#8220;erlernten&#8221; Bewegungen nutzen, um automatische Bewegungen zu f\u00f6rdern?<br \/><\/p>\n","protected":false},"excerpt":{"rendered":"<p>Gangst\u00f6rungen<\/p>\n","protected":false},"author":65,"featured_media":0,"parent":937,"menu_order":279,"comment_status":"closed","ping_status":"closed","template":"page-template\/symptom-details-page-template.php","meta":[],"_links":{"self":[{"href":"https:\/\/pre-prod.neurosymptoms.org\/de_DE\/wp-json\/wp\/v2\/pages\/577"}],"collection":[{"href":"https:\/\/pre-prod.neurosymptoms.org\/de_DE\/wp-json\/wp\/v2\/pages"}],"about":[{"href":"https:\/\/pre-prod.neurosymptoms.org\/de_DE\/wp-json\/wp\/v2\/types\/page"}],"author":[{"embeddable":true,"href":"https:\/\/pre-prod.neurosymptoms.org\/de_DE\/wp-json\/wp\/v2\/users\/65"}],"replies":[{"embeddable":true,"href":"https:\/\/pre-prod.neurosymptoms.org\/de_DE\/wp-json\/wp\/v2\/comments?post=577"}],"version-history":[{"count":146,"href":"https:\/\/pre-prod.neurosymptoms.org\/de_DE\/wp-json\/wp\/v2\/pages\/577\/revisions"}],"predecessor-version":[{"id":15290,"href":"https:\/\/pre-prod.neurosymptoms.org\/de_DE\/wp-json\/wp\/v2\/pages\/577\/revisions\/15290"}],"up":[{"embeddable":true,"href":"https:\/\/pre-prod.neurosymptoms.org\/de_DE\/wp-json\/wp\/v2\/pages\/937"}],"wp:attachment":[{"href":"https:\/\/pre-prod.neurosymptoms.org\/de_DE\/wp-json\/wp\/v2\/media?parent=577"}],"curies":[{"name":"wp","href":"https:\/\/api.w.org\/{rel}","templated":true}]}}