{"id":593,"date":"2020-11-30T15:08:03","date_gmt":"2020-11-30T15:08:03","guid":{"rendered":"https:\/\/ftd.cognihealth.in\/?page_id=593"},"modified":"2024-11-01T03:37:36","modified_gmt":"2024-11-01T03:37:36","slug":"post-concussion-syndrome","status":"publish","type":"page","link":"https:\/\/pre-prod.neurosymptoms.org\/de_DE\/symptoms\/common-associated-symptoms\/post-concussion-syndrome\/","title":{"rendered":"Post-Konkussion-Syndrom\/ Posttraumatisches Syndrom"},"content":{"rendered":"\n<p>Post-Konkussion-Syndrom\/ Posttraumatisches Syndrom ist die Bezeichnung f\u00fcr ein B\u00fcndel von k\u00f6rperlichen und kognitiven Symptomen, die manchmal nach leichten Kopfverletzungen auftreten. Dazu geh\u00f6ren:<\/p>\n\n\n\n<ul><li><a href=\"https:\/\/pre-prod.neurosymptoms.org\/de_DE\/symptoms\/fnd-symptoms\/functional-dizziness-pppd\/\">Schwindelgef\u00fchl<\/a><\/li><li><a href=\"https:\/\/pre-prod.neurosymptoms.org\/de_DE\/symptoms\/fnd-symptoms\/\">Ged\u00e4chtnis- und Konzentrationsschw\u00e4che<\/a><\/li><li><a href=\"https:\/\/pre-prod.neurosymptoms.org\/de_DE\/symptoms\/common-associated-symptoms\/headache\/\">Kopfschmerzen<\/a><\/li><li><a href=\"https:\/\/pre-prod.neurosymptoms.org\/de_DE\/symptoms\/common-associated-symptoms\/fatigue\/\">M\u00fcdigkeit<\/a><\/li><li><a href=\"https:\/\/pre-prod.neurosymptoms.org\/de_DE\/symptoms\/common-associated-symptoms\/sleep-problems\/\">Schlafst\u00f6rung<\/a><\/li><li><a href=\"https:\/\/pre-prod.neurosymptoms.org\/de_DE\/symptoms\/fnd-symptoms\/visual-symptoms\/\">Lichtempfindlichkeit<\/a><\/li><li>Tinnitus<\/li><li><a href=\"https:\/\/pre-prod.neurosymptoms.org\/de_DE\/symptoms\/common-associated-symptoms\/pain\/\">Nackenschmerzen<\/a><\/li><li>Gereiztheit<\/li><\/ul>\n\n\n\n<p>Unsere Forschungsgruppe an der Universit\u00e4t Edinburgh hat eine neue Website speziell f\u00fcr Patienten mit leichten Kopfverletzungen oder Symptomen nach einem leichten Schlag auf den Kopf erstellt. KLICKEN SIE UNTEN oder gehen Sie auf <a rel=\"noreferrer noopener\" href=\"https:\/\/headinjurysymptoms.org\/\" target=\"_blank\">www.headinjurysymptoms.org<\/a><\/p>\n\n\n\n<p>Wenn \u00c4rzte in diesem Fall von einer <strong>leichten Kopfverletzung<\/strong> sprechen, meinen sie nicht irgendeinen Schlag auf den Kopf. Ein leichtes Sch\u00e4del-Hirn-Trauma bedeutet in der Regel, dass ein kurzer Bewusstseinsverlust (weniger als 15 Minuten) und ein geringer Ged\u00e4chtnisverlust nach dem Unfall (weniger als eine Stunde) aufgetreten sind.<\/p>\n\n\n\n<p>F\u00fcr den Begriff <strong>Gehirnersch\u00fctterung <\/strong>gibt es keine allgemeing\u00fcltige Definition, aber im Allgemeinen bedeutet er einen Schlag auf den Kopf ohne Bewusstseinsverlust oder Amnesie, der unmittelbar danach zu Symptomen f\u00fchrt.<\/p>\n\n\n\n<p><em>In den ersten Stunden und Tagen nach einer Gehirnersch\u00fctterung sind Schwindel, Konzentrationsschwierigkeiten und andere der oben genannten Symptome normal.<\/em><\/p>\n\n\n\n<p>Aus gro\u00dfen Studien wissen wir jedoch, dass die Symptome nach einer leichten Kopfverletzung oder Gehirnersch\u00fctterung in der Regel innerhalb von Tagen, Wochen oder h\u00f6chstens einigen Monaten abklingen.<\/p>\n\n\n\n<p>Manchmal gibt es spezifische Gr\u00fcnde f\u00fcr bestimmte Symptome.<\/p>\n\n\n\n<p>So kann sich beispielsweise durch einen Schlag auf den Kopf jeglicher Art &#8220;Sand&#8221; in den Gleichgewichtsteilen des Ohrs l\u00f6sen und Schwindel hervorrufen (ein Zustand, der als benigner paroxysmaler Lagerungsschwindel (BPPV) bezeichnet wird). Es gibt noch andere m\u00f6gliche Komplikationen bei Kopfverletzungen, nach denen ein Arzt suchen muss, aber in der Regel gibt es keinen spezifischen Grund f\u00fcr die Symptome, und Tests wie MRT-Untersuchungen des Gehirns sind normal.<\/p>\n\n\n\n<p>Das Gehirn hat eine gute F\u00e4higkeit, sich von solchen Schl\u00e4gen auf den Kopf zu erholen, solange sie nicht immer wieder auftreten<\/p>\n\n\n\n<p>Beim Post-Concussion-Syndrom halten die Symptome l\u00e4nger an, als man aufgrund der Art der Verletzung erwarten w\u00fcrde. Sie verschlimmern sich oft im Laufe der Zeit, w\u00e4hrend die Symptome, die direkt mit einer Kopfverletzung zusammenh\u00e4ngen, zu Beginn am schlimmsten sind und sich dann langsam bessern.<\/p>\n\n\n\n<h2><strong>Was also verursacht die Symptome nach einer Gehirnersch\u00fctterung?<\/strong><\/h2>\n\n\n\n<p>Nach einer Verletzung werden die &#8220;Lautst\u00e4rkeregler&#8221; in den Bahnen des Nervensystems &#8220;aufgedreht&#8221;. Dazu geh\u00f6ren Schmerzbahnen sowie sensorische Bahnen, die f\u00fcr Symptome wie Schwindel verantwortlich sind. Das Gehirn ist normalerweise sehr gut darin, Sinneseindr\u00fccke herauszufiltern, damit wir uns auf das konzentrieren k\u00f6nnen, was wir brauchen. Nach einem Schlag auf den Kopf kann dieser Prozess aus verschiedenen Gr\u00fcnden gest\u00f6rt sein, und es k\u00f6nnen zus\u00e4tzliche Schmerzsignale und sensorische Signale durchkommen.<\/p>\n\n\n\n<p>Normalerweise werden diese &#8220;Lautst\u00e4rkeregler&#8221; wieder heruntergedreht und die &#8220;Hirnfilter&#8221; werden wiederhergestellt, wenn man sich langsam erholt. Beim Post-Konkussionssyndrom bleiben die &#8220;Lautst\u00e4rkeregler&#8221; &nbsp;jedoch hochgedreht oder werden mit der Zeit sogar noch weiter erh\u00f6ht.<\/p>\n\n\n\n<p>Wenn man zu dieser Mischung noch den Schock eines Schlags auf den Kopf und die Sorge hinzuf\u00fcgt, dass das Gehirn in irgendeiner Form gesch\u00e4digt ist, ist es nicht schwer zu verstehen, wie dies die Dinge verschlimmern kann<\/p>\n\n\n\n<p>Aber wie bei allen funktionellen St\u00f6rungen muss man nicht besorgt oder niedergeschlagen sein, um sie zu haben, es ist nur so, dass Besorgnis oder Niedergeschlagenheit sie eher verschlimmern.<\/p>\n\n\n\n<h2><strong>Wird das Post-KonKussion-Syndrom also durch einen Hirnschaden verursacht?<\/strong><\/h2>\n\n\n\n<p>Um es kurz zu machen: Nein.<\/p>\n\n\n\n<p>Sie wird durch einen Schlag auf den Kopf ausgel\u00f6st, bei dem das Gehirn m\u00f6glicherweise minimal gesch\u00e4digt wurde. Aber vergessen Sie nicht, dass Erwachsene jeden Tag Gehirnzellen verlieren.<\/p>\n\n\n\n<p>Wenn es sich um eine geringf\u00fcgige Hirnverletzung handelt, ist es nach 8-12 Wochen sehr unwahrscheinlich, dass die verbleibenden Symptome noch auf eine Hirnsch\u00e4digung zur\u00fcckzuf\u00fchren sind. Stattdessen entstehen sie aufgrund einer abnormalen Funktion des Nervensystems und des Gehirns. Mit anderen Worten, es handelt sich um funktionelle neurologische Symptome.<\/p>\n\n\n\n<p>Die Symptome wie Schwindel, Konzentrationsschw\u00e4che und M\u00fcdigkeit sind identisch mit denen von Patienten mit funktionellen St\u00f6rungen, die keinen Schlag auf den Kopf erlitten haben. Die Ratschl\u00e4ge auf dieser Website sind also auch f\u00fcr Sie relevant, wenn Sie sich in dieser Situation befinden.<\/p>\n\n\n\n<h2><strong>Post-Konkussion-Syndrom oder post-traumatisches Syndrom?<\/strong><\/h2>\n\n\n\n<p>In einer der bemerkenswertesten Forschungsarbeiten der letzten Jahre zu diesem Thema hat eine australische Gruppe gezeigt, dass der Anteil der Personen, die mit einem leichten Schlag auf den Kopf ins Krankenhaus eingeliefert wurden und Symptome einer Gehirnersch\u00fctterung entwickelten, genauso hoch war wie der Anteil der Personen, die mit einem Schlag auf das Bein, den Arm oder einen anderen K\u00f6rperteil au\u00dfer dem Kopf ins Krankenhaus eingeliefert wurden. (Meares et al. Mild traumatic brain injury does not predict acute postconcussion syndrome. JNNP 2008;79:300-6)<\/p>\n\n\n\n<p>Die Beweise deuten darauf hin, dass es ein &#8220;posttraumatisches Syndrom&#8221; gibt, bei dem die Menschen vorwiegend funktionelle und nat\u00fcrlich echte Symptome entwickeln. Es ist ein weiterer Beweis daf\u00fcr, dass &#8220;Hirnsch\u00e4den&#8221; &#8211; um die sich die Menschen verst\u00e4ndlicherweise normalerweise Sorgen machen &#8211; nicht die Ursache des Problems sind.<\/p>\n\n\n\n<h2><strong>Ein Ansatz f\u00fcr die Behandlung des Post-Konkussion-Syndroms<\/strong><\/h2>\n\n\n\n<p>Die meisten Symptome des Post-Konkussion-Syndroms k\u00f6nnen als funktionelle Symptome betrachtet werden, die auch ohne einen Schlag auf den Kopf auftreten.<\/p>\n\n\n\n<p>Auf den Seiten \u00fcber <a href=\"https:\/\/pre-prod.neurosymptoms.org\/de_DE\/symptoms\/fnd-symptoms\/functional-dizziness-pppd\/\">Schwindel<\/a>, <a href=\"https:\/\/pre-prod.neurosymptoms.org\/de_DE\/symptoms\/common-associated-symptoms\/fatigue\/\">M\u00fcdigkeit<\/a>, <a href=\"https:\/\/pre-prod.neurosymptoms.org\/de_DE\/symptoms\/fnd-symptoms\/\">Ged\u00e4chtnis- und Konzentrationsst\u00f6rungen<\/a>, <a href=\"https:\/\/pre-prod.neurosymptoms.org\/de_DE\/symptoms\/common-associated-symptoms\/sleep-problems\/\">Schlafst\u00f6rungen<\/a>, <a href=\"https:\/\/pre-prod.neurosymptoms.org\/de_DE\/symptoms\/common-associated-symptoms\/headache\/\">Kopfschmerzen<\/a>, <a href=\"https:\/\/pre-prod.neurosymptoms.org\/de_DE\/symptoms\/common-associated-symptoms\/worry-panic\/\">Angstzust\u00e4nde<\/a>, <a href=\"https:\/\/pre-prod.neurosymptoms.org\/de_DE\/symptoms\/fnd-symptoms\/functional-sensory-symptoms\/\">sensorische Symptome<\/a> und andere finden Sie weitere Informationen.<\/p>\n\n\n\n<p>Bei der Behandlung des Post-Konkussionssyndroms sind mehrere spezifische Aspekte zu beachten:<\/p>\n\n\n\n<ol type=\"1\"><li><strong>Das richtige Verst\u00e4ndnis der Diagnose.<\/strong> Da die Symptome durch einen Schlag auf den Kopf ausgel\u00f6st wurden und seitdem bestehen, ist es oft vern\u00fcnftig zu glauben, dass die Verletzung die Symptome &#8220;verursacht&#8221; hat. Das mag in gewisser Weise auch stimmen. Wenn Sie jedoch zu der \u00dcberzeugung gelangen, dass die Symptome auf eine Hirnsch\u00e4digung zur\u00fcckzuf\u00fchren sind, wird dies Ihre Genesung wahrscheinlich behindern. Wenn sich die Symptome verschlimmern, wenn Sie versuchen, etwas zu tun, dann k\u00f6nnten Sie verzweifeln, dass Sie &#8220;gesch\u00e4digt&#8221; sind und es keine Hoffnung auf Besserung gibt. Wenn Sie davon \u00fcberzeugt werden k\u00f6nnen, dass Ihre Symptome m\u00f6glicherweise reversibel sind, wird Ihre Rehabilitation leichter sein.<\/li><li><strong>Fehlen anderer Ursachen f\u00fcr Symptome nach einer Kopfverletzung, wie z. B. gutartiger Schwindel (siehe oben), f\u00fcr den es m\u00f6glicherweise spezifischere Behandlungen gibt, <\/strong>z. B.<ul><li><strong>Migr\u00e4ne <\/strong>kann manchmal durch einen Schlag auf den Kopf verschlimmert oder ausgel\u00f6st werden. Wenn dies der Fall ist, sollte sie als Migr\u00e4ne behandelt werden.<\/li><li>Wie bereits erw\u00e4hnt, kann schon ein leichter Schlag auf den Kopf zu einer Art von Schwindel f\u00fchren, die als <strong>benigner paroxysmaler Lagerungsschwindel (BPPV)<\/strong> bezeichnet wird und durch einen Splitter im Gleichgewichtsteil des Ohrs verursacht wird. Die Symptome von BPPV sind Schwindelanf\u00e4lle (das Gef\u00fchl, dass sich alles dreht). Die Behandlung besteht in Umlagerungsman\u00f6vern wie dem Employ&#8217;s Man\u00f6ver oder \u00dcbungen wie den Brandt-Daroff-\u00dcbungen, die Ihnen Ihr Arzt oder Physiotherapeut beibringen kann. Diese Art von vestibul\u00e4ren \u00dcbungen sind auch bei chronischem Schwindel hilfreich.<\/li><li>Die <strong><u><a href=\"http:\/\/www.neurosymptoms.org\/wp-content\/uploads\/2021\/06\/PTSD-1.pdf\">posttraumatische Belastungsst\u00f6rung<\/a><\/u><\/strong> beschreibt eine Reihe von psychologischen Symptomen wie h\u00e4ufiges Wiedererleben des Ereignisses, Albtr\u00e4ume, \u00fcberm\u00e4\u00dfige Wachsamkeit oder Nervosit\u00e4t und Angstgef\u00fchle. Nach einem schweren traumatischen Ereignis k\u00f6nnen einige dieser Symptome eine Zeit lang normal sein, aber wenn sie anhalten oder sich verschlimmern lohnt es sich, mit Ihrem Arzt dar\u00fcber zu sprechen, da es spezifische Behandlungsm\u00f6glichkeiten gibt<\/li><li><a href=\"https:\/\/pre-prod.neurosymptoms.org\/de_DE\/symptoms\/common-associated-symptoms\/worry-panic\/\">Angstzust\u00e4nde<\/a> oder <a href=\"https:\/\/pre-prod.neurosymptoms.org\/de_DE\/symptoms\/common-associated-symptoms\/low-mood\/\">Depressionen<\/a>. Eine Kopfverletzung und die Symptome danach k\u00f6nnen zu Angstzust\u00e4nden und Depressionen f\u00fchren, vor allem, wenn Sie nicht arbeiten konnten. Denken Sie immer daran, dass M\u00fcdigkeit, Schlafst\u00f6rungen, Ged\u00e4chtnis- und Konzentrationsschw\u00e4che Teil von Angstzust\u00e4nden und Depressionen sein k\u00f6nnen. Es kann sich lohnen, mit Ihrem Arzt dar\u00fcber zu sprechen.<\/li><\/ul><\/li><li><strong>Anspr\u00fcche auf Entsch\u00e4digung.<\/strong> M\u00f6glicherweise haben Sie im Zusammenhang mit Ihrer Verletzung einen Anspruch auf Entsch\u00e4digung. Dagegen ist nichts einzuwenden, aber Sie sollten sich dar\u00fcber im Klaren sein, wie sich dies manchmal auf die Gesundheit auswirken kann. Viele Patienten, die dieses Verfahren durchlaufen, sind sich nicht bewusst, wie lange es manchmal dauert (in manchen F\u00e4llen Jahre). Sie sind sich auch nicht bewusst, dass manche Menschen im Rahmen des Verfahrens ihre Geschichte viele Male wiederholen m\u00fcssen, manchmal auch vor skeptischen Fachleuten. Dieser Prozess kann f\u00fcr manche Menschen sehr belastend sein. Es zwingt die Betroffenen auch dazu, manchmal w\u00fctend und mit Frustration und Groll auf vergangene Ereignisse zur\u00fcckzublicken, was den Rehabilitationsversuchen manchmal im Wege stehen kann, selbst wenn die Symptome echt sind.<\/li><\/ol>\n\n\n\n<p>Diese Website ermutigt weder zu noch r\u00e4t sie von Entsch\u00e4digungsanspr\u00fcchen ab, aber es kann hilfreich sein zu verstehen, wie sie mit den Symptomen nach einer Gehirnersch\u00fctterung zusammenh\u00e4ngen k\u00f6nnen.<\/p>\n\n\n\n<h2><strong>Ich w\u00fcrde gerne mehr erfahren&#8230;.<\/strong><\/h2>\n\n\n\n<p>Weitere Informationen zum Post-Konkussion-Syndrom finden Sie unter diesen Links<\/p>\n\n\n\n<ul><li><a href=\"https:\/\/www.mayoclinic.org\/diseases-conditions\/post-concussion-syndrome\/symptoms-causes\/syc-20353352\">Mayo Clinic \u2013 information on Post Concussion Syndrome<\/a><\/li><li><a href=\"https:\/\/www.headway.org.uk\/about-brain-injury\/individuals\/types-of-brain-injury\/mild-head-injury-and-concussion\/\">Headway \u2013 UK Brain injury charity information on Minor Head injury and concussion<\/a><\/li><li><a href=\"https:\/\/www.nhs.uk\/conditions\/concussion\/\">NHS choices \u2013 UK<\/a><\/li><\/ul>\n","protected":false},"excerpt":{"rendered":"<p><!-- wp:paragraph --><\/p>\n<p>Post-Konkussion-Syndrom\/ Posttraumatisches Syndrom ist die Bezeichnung f\u00fcr ein B\u00fcndel von k\u00f6rperlichen und kognitiven Symptomen, die manchmal nach leichten Kopfverletzungen auftreten. Dazu geh\u00f6ren:<\/p>\n<p><!-- \/wp:paragraph --><br \/>\n&#8230;<\/p>\n","protected":false},"author":65,"featured_media":1638,"parent":939,"menu_order":265,"comment_status":"closed","ping_status":"closed","template":"page-template\/symptom-details-page-template.php","meta":[],"_links":{"self":[{"href":"https:\/\/pre-prod.neurosymptoms.org\/de_DE\/wp-json\/wp\/v2\/pages\/593"}],"collection":[{"href":"https:\/\/pre-prod.neurosymptoms.org\/de_DE\/wp-json\/wp\/v2\/pages"}],"about":[{"href":"https:\/\/pre-prod.neurosymptoms.org\/de_DE\/wp-json\/wp\/v2\/types\/page"}],"author":[{"embeddable":true,"href":"https:\/\/pre-prod.neurosymptoms.org\/de_DE\/wp-json\/wp\/v2\/users\/65"}],"replies":[{"embeddable":true,"href":"https:\/\/pre-prod.neurosymptoms.org\/de_DE\/wp-json\/wp\/v2\/comments?post=593"}],"version-history":[{"count":172,"href":"https:\/\/pre-prod.neurosymptoms.org\/de_DE\/wp-json\/wp\/v2\/pages\/593\/revisions"}],"predecessor-version":[{"id":15598,"href":"https:\/\/pre-prod.neurosymptoms.org\/de_DE\/wp-json\/wp\/v2\/pages\/593\/revisions\/15598"}],"up":[{"embeddable":true,"href":"https:\/\/pre-prod.neurosymptoms.org\/de_DE\/wp-json\/wp\/v2\/pages\/939"}],"wp:featuredmedia":[{"embeddable":true,"href":"https:\/\/pre-prod.neurosymptoms.org\/de_DE\/wp-json\/wp\/v2\/media\/1638"}],"wp:attachment":[{"href":"https:\/\/pre-prod.neurosymptoms.org\/de_DE\/wp-json\/wp\/v2\/media?parent=593"}],"curies":[{"name":"wp","href":"https:\/\/api.w.org\/{rel}","templated":true}]}}