{"id":631,"date":"2020-12-01T02:51:31","date_gmt":"2020-12-01T02:51:31","guid":{"rendered":"https:\/\/ftd.cognihealth.in\/?page_id=631"},"modified":"2025-01-27T04:01:41","modified_gmt":"2025-01-27T04:01:41","slug":"understanding-fnd","status":"publish","type":"page","link":"https:\/\/pre-prod.neurosymptoms.org\/de_DE\/treatment\/understanding-fnd\/","title":{"rendered":"Die Erkrankung verstehen"},"content":{"rendered":"\n<p>Wenn Sie diese Seiten noch nicht gelesen haben, werden Sie sie hilfreich finden, bevor Sie weiterlesen:<\/p>\n\n\n\n<p><a href=\"http:\/\/www.neurosymptoms.org\/de_DE\/causes\/\">Ursachen<\/a> &#8211; Was verursacht funktionelle Symptome?<\/p>\n\n\n\n<p>Alles eingebildet? &#8211; Sind funktionelle Symptome &#8220;alle eingebildet&#8221;?<\/p>\n\n\n\n<p>Patienten mit &nbsp;funktionellen Symptomen sind oft sehr frustriert \u00fcber das Fehlen einer Behandlung ihrer Erkrankung. Das Fehlen einer einfachen Behandlung kann manchmal der Grund f\u00fcr Zweifel an der Diagnose sein.<\/p>\n\n\n\n<p>Auch wenn ein Patient an die Diagnose glaubt, kann es frustrierend sein, dass es keine &#8220;Schnellheilung&#8221; oder Tabletten gibt, die die Dinge wieder richten k\u00f6nnen.<\/p>\n\n\n\n<p>Es gibt keine schnellen Heilungen f\u00fcr funktionelle Symptome, aber es gibt langsam wirksame Therapiem\u00f6glichkeiten, welche mit der Zeit und viel M\u00fche die Symptome weniger belastend machen und es Ihnen erlaubt, sich besser zu f\u00fchlen.<\/p>\n\n\n\n<p>Patienten, die eine Besserung erfahren, berichten, dass einer der wichtigsten Faktoren f\u00fcr eine Erholung dieser zu sein scheint, ob die Diagnose und die Aufkl\u00e4rung, die sie dazu erhielten, f\u00fcr sie einen Sinn ergab \u2013 vieleicht nicht sofort, aber vieleicht sp\u00e4ter.<\/p>\n\n\n\n<p>Die Schl\u00fcsselinhalte der Aufkl\u00e4rung scheinen folgende zu sein:<\/p>\n\n\n\n<p>1. Sie leiden an etwas H\u00e4ufigem \u2013 Sie sind&nbsp;<strong>nicht seltsam<\/strong><\/p>\n\n\n\n<p>2. Sie haben echte Beschwerden \u2013&nbsp;<strong>Sie bilden es sich nicht ein<\/strong><\/p>\n\n\n\n<p>3. Ihre Symptome sind&nbsp;<strong>potentiell reversibel<\/strong><\/p>\n\n\n\n<p>4. Es ist&nbsp;<strong>nicht Ihre Schuld<\/strong>, dass Sie diese Symptome&nbsp;haben<\/p>\n\n\n\n<p>5. Aber&nbsp;<strong>Sie brauchen wahrscheinlich viel Anstrengung um eine Besserung zu erwirken<\/strong><\/p>\n\n\n\n<p>Nachdem Ihr Arzt Ihnen Ihren Befund zugesendet hat, lesen Sie ihn und versuchen Sie ihn zu verstehen. Diese Internetseite zu lesen kann Ihnen helfen, Ihre Erkrankung zu verstehen.<\/p>\n\n\n\n<p>Wenn Sie zu einem Punkt gelangen, an dem Sie denken, dass die Diagnose einen Sinn ergibt, werden Sie sich keine Gedanken \u00fcber m\u00f6gliche andere Diagnosen machen. Sie erkennen, dass viele andere Menschen auch daran leiden und da\u00df sie gute Chancen auf eine Besserung haben. Dies ist dann ein guter Start f\u00fcr eine Therapie.<\/p>\n","protected":false},"excerpt":{"rendered":"<p>Verstehen warum die Diagnose FND gestellt wurde ist wichtig bevor eine Therapie begonnen werden kann<\/p>\n","protected":false},"author":65,"featured_media":0,"parent":1012,"menu_order":289,"comment_status":"closed","ping_status":"closed","template":"page-template\/symptom-details-page-template.php","meta":[],"_links":{"self":[{"href":"https:\/\/pre-prod.neurosymptoms.org\/de_DE\/wp-json\/wp\/v2\/pages\/631"}],"collection":[{"href":"https:\/\/pre-prod.neurosymptoms.org\/de_DE\/wp-json\/wp\/v2\/pages"}],"about":[{"href":"https:\/\/pre-prod.neurosymptoms.org\/de_DE\/wp-json\/wp\/v2\/types\/page"}],"author":[{"embeddable":true,"href":"https:\/\/pre-prod.neurosymptoms.org\/de_DE\/wp-json\/wp\/v2\/users\/65"}],"replies":[{"embeddable":true,"href":"https:\/\/pre-prod.neurosymptoms.org\/de_DE\/wp-json\/wp\/v2\/comments?post=631"}],"version-history":[{"count":104,"href":"https:\/\/pre-prod.neurosymptoms.org\/de_DE\/wp-json\/wp\/v2\/pages\/631\/revisions"}],"predecessor-version":[{"id":15919,"href":"https:\/\/pre-prod.neurosymptoms.org\/de_DE\/wp-json\/wp\/v2\/pages\/631\/revisions\/15919"}],"up":[{"embeddable":true,"href":"https:\/\/pre-prod.neurosymptoms.org\/de_DE\/wp-json\/wp\/v2\/pages\/1012"}],"wp:attachment":[{"href":"https:\/\/pre-prod.neurosymptoms.org\/de_DE\/wp-json\/wp\/v2\/media?parent=631"}],"curies":[{"name":"wp","href":"https:\/\/api.w.org\/{rel}","templated":true}]}}