{"id":1224,"date":"2021-03-07T15:45:35","date_gmt":"2021-03-07T15:45:35","guid":{"rendered":"https:\/\/ftd.cognihealth.in\/?page_id=1224"},"modified":"2023-01-03T21:57:13","modified_gmt":"2023-01-03T21:57:13","slug":"pain-videos","status":"publish","type":"page","link":"https:\/\/pre-prod.neurosymptoms.org\/es_ES\/media\/pain-videos\/","title":{"rendered":"Videos sobre el dolor"},"content":{"rendered":"\n<p>El dolor NO se define como parte del TNF. Pero una gran proporci\u00f3n -hasta dos tercios de los pacientes con TNF- experimentan dolor cr\u00f3nico.<\/p>\n\n\n\n<p>El dolor cr\u00f3nico comparte mecanismos similares a los de los TNF en el sentido de que est\u00e1 relacionado con cambios en el funcionamiento del sistema nervioso m\u00e1s que con da\u00f1os estructurales que puedan verse en un esc\u00e1ner. Estos v\u00eddeos se han recopilado para intentar ayudar a los pacientes con TNF a comprender el dolor cr\u00f3nico que puede acompa\u00f1ar o, en algunos casos, ser el problema principal.<\/p>\n","protected":false},"excerpt":{"rendered":"<p><!-- wp:paragraph --><\/p>\n<p>El dolor NO se define como parte del TNF. Pero una gran proporci\u00f3n -hasta dos tercios de los pacientes con TNF- experimentan dolor cr\u00f3nico.<\/p>\n<p><!-- \/wp:paragraph --><\/p>\n<p><!-- wp:paragraph --><\/p>\n<p>El dolor cr\u00f3nico comparte mecani&#8230;<\/p>\n","protected":false},"author":1,"featured_media":0,"parent":1147,"menu_order":196,"comment_status":"closed","ping_status":"closed","template":"page-template\/media-category-template.php","meta":[],"_links":{"self":[{"href":"https:\/\/pre-prod.neurosymptoms.org\/es_ES\/wp-json\/wp\/v2\/pages\/1224"}],"collection":[{"href":"https:\/\/pre-prod.neurosymptoms.org\/es_ES\/wp-json\/wp\/v2\/pages"}],"about":[{"href":"https:\/\/pre-prod.neurosymptoms.org\/es_ES\/wp-json\/wp\/v2\/types\/page"}],"author":[{"embeddable":true,"href":"https:\/\/pre-prod.neurosymptoms.org\/es_ES\/wp-json\/wp\/v2\/users\/1"}],"replies":[{"embeddable":true,"href":"https:\/\/pre-prod.neurosymptoms.org\/es_ES\/wp-json\/wp\/v2\/comments?post=1224"}],"version-history":[{"count":15,"href":"https:\/\/pre-prod.neurosymptoms.org\/es_ES\/wp-json\/wp\/v2\/pages\/1224\/revisions"}],"predecessor-version":[{"id":11791,"href":"https:\/\/pre-prod.neurosymptoms.org\/es_ES\/wp-json\/wp\/v2\/pages\/1224\/revisions\/11791"}],"up":[{"embeddable":true,"href":"https:\/\/pre-prod.neurosymptoms.org\/es_ES\/wp-json\/wp\/v2\/pages\/1147"}],"wp:attachment":[{"href":"https:\/\/pre-prod.neurosymptoms.org\/es_ES\/wp-json\/wp\/v2\/media?parent=1224"}],"curies":[{"name":"wp","href":"https:\/\/api.w.org\/{rel}","templated":true}]}}