{"id":1275,"date":"2021-03-07T16:49:20","date_gmt":"2021-03-07T16:49:20","guid":{"rendered":"https:\/\/ftd.cognihealth.in\/?page_id=1275"},"modified":"2023-01-03T22:01:40","modified_gmt":"2023-01-03T22:01:40","slug":"neuroscience-films","status":"publish","type":"page","link":"https:\/\/pre-prod.neurosymptoms.org\/es_ES\/media\/neuroscience-films\/","title":{"rendered":"V\u00eddeos de neurociencias"},"content":{"rendered":"\n<p>En los \u00faltimos 20 a\u00f1os, investigadores de lso TNF de todo el mundo han estudiado las bases cerebrales de los TNF. Esta colecci\u00f3n de v\u00eddeos explora algunas de las ideas importantes sobre el cerebro y la neurociencia que han ayudado a replantear nuestras ideas sobre el TNF.<\/p>\n\n\n\n<p>Para una mejor comprensi\u00f3n de la neurociencia y FND, desde la perspectiva de un paciente, recomendamos especialmente a &#8220;FND Portal&#8221;, en w<a href=\"https:\/\/fndportal.org\/\" data-type=\"URL\" data-id=\"https:\/\/fndportal.org\/\">ww.fndportal.org<\/a> \/ twitter como <a href=\"https:\/\/twitter.com\/FndPortal\" data-type=\"URL\" data-id=\"https:\/\/twitter.com\/FndPortal\">@fndportal<\/a>.<\/p>\n","protected":false},"excerpt":{"rendered":"<p><!-- wp:paragraph --><\/p>\n<p>En los \u00faltimos 20 a\u00f1os, investigadores de lso TNF de todo el mundo han estudiado las bases cerebrales de los TNF. Esta colecci\u00f3n de v\u00eddeos explora algunas de las ideas importantes sobre el cerebro y la neurociencia que han ay&#8230;<\/p>\n","protected":false},"author":3,"featured_media":0,"parent":1147,"menu_order":193,"comment_status":"closed","ping_status":"closed","template":"page-template\/media-category-template.php","meta":[],"_links":{"self":[{"href":"https:\/\/pre-prod.neurosymptoms.org\/es_ES\/wp-json\/wp\/v2\/pages\/1275"}],"collection":[{"href":"https:\/\/pre-prod.neurosymptoms.org\/es_ES\/wp-json\/wp\/v2\/pages"}],"about":[{"href":"https:\/\/pre-prod.neurosymptoms.org\/es_ES\/wp-json\/wp\/v2\/types\/page"}],"author":[{"embeddable":true,"href":"https:\/\/pre-prod.neurosymptoms.org\/es_ES\/wp-json\/wp\/v2\/users\/3"}],"replies":[{"embeddable":true,"href":"https:\/\/pre-prod.neurosymptoms.org\/es_ES\/wp-json\/wp\/v2\/comments?post=1275"}],"version-history":[{"count":11,"href":"https:\/\/pre-prod.neurosymptoms.org\/es_ES\/wp-json\/wp\/v2\/pages\/1275\/revisions"}],"predecessor-version":[{"id":11795,"href":"https:\/\/pre-prod.neurosymptoms.org\/es_ES\/wp-json\/wp\/v2\/pages\/1275\/revisions\/11795"}],"up":[{"embeddable":true,"href":"https:\/\/pre-prod.neurosymptoms.org\/es_ES\/wp-json\/wp\/v2\/pages\/1147"}],"wp:attachment":[{"href":"https:\/\/pre-prod.neurosymptoms.org\/es_ES\/wp-json\/wp\/v2\/media?parent=1275"}],"curies":[{"name":"wp","href":"https:\/\/api.w.org\/{rel}","templated":true}]}}