{"id":1678,"date":"2021-04-08T13:30:47","date_gmt":"2021-04-08T13:30:47","guid":{"rendered":"https:\/\/ftd.cognihealth.in\/?page_id=1678"},"modified":"2023-01-03T22:09:19","modified_gmt":"2023-01-03T22:09:19","slug":"podcasts-radio-shows","status":"publish","type":"page","link":"https:\/\/pre-prod.neurosymptoms.org\/es_ES\/media\/other-media\/podcasts-radio-shows\/","title":{"rendered":"Podcasts & Radio"},"content":{"rendered":"\n<p>Quiz\u00e1 te interesen los siguientes podcasts y programas de radio.<\/p>\n\n\n\n<p>BBC Radio 4. En 2013 un episodio de la <a href=\"https:\/\/www.bbc.co.uk\/programmes\/b01n65zl\" data-type=\"URL\" data-id=\"https:\/\/www.bbc.co.uk\/programmes\/b01n65zl\">BBC Radio 4 Inside Health<\/a> cont\u00f3 con una secci\u00f3n sobre Trastornos Funcionales y una entrevista a Lucy cuyos videos aparecen en este sitio.<\/p>\n\n\n\n<p><a href=\"https:\/\/www.health.qld.gov.au\/news-events\/podcast\/my-amazing-body-the-brain-2.0\" data-type=\"URL\" data-id=\"https:\/\/www.health.qld.gov.au\/news-events\/podcast\/my-amazing-body-the-brain-2.0\">The Brain 2.0<\/a> &#8211; Alex Lehn, neur\u00f3logo en Brisbane, discute de los TNFs junto a Christine, una paciente.<\/p>\n\n\n\n<p><a href=\"https:\/\/www.abc.net.au\/newcastle\/programs\/mornings\/what-is-fnd\/13274840?utm_campaign=abc_radio_newcastle&amp;utm_content=link&amp;utm_medium=content_shared&amp;utm_source=abc_radio_newcastle\" data-type=\"URL\" data-id=\"https:\/\/www.abc.net.au\/newcastle\/programs\/mornings\/what-is-fnd\/13274840?utm_campaign=abc_radio_newcastle&amp;utm_content=link&amp;utm_medium=content_shared&amp;utm_source=abc_radio_newcastle\">Ever heard of FND?<\/a> &#8211; un programa de radio de la emisora australiana ABC Newcastle en el que participan Sarah Wood, estudiante de Terapia Ocupacional, y Kate Gill, fundadora de <a href=\"https:\/\/fndaustralia.com.au\/\" data-type=\"URL\" data-id=\"https:\/\/fndaustralia.com.au\/\">FND Australia Support Network<\/a>.<\/p>\n\n\n\n<p>Medicine360 &#8211; Un podcast de Medicine360 presentado por la Facultad de Medicina de Bristol y dirigido por el estudiante de medicina Vinay Mandagere. En estos dos podcast se exploran los TNF con la ayuda de Katy Rose Bennett, un m\u00fasico con TNF<\/p>\n\n\n\n<p><a href=\"\nhttps:\/\/soundcloud.com\/user-774005517\/funcional-neurological-disorder-part-1-common-yet-misunderstood\"\n data-type=\"URL\" data-id=\"\nhttps:\/\/soundcloud.com\/user-774005517\/funcional-neurological-disorder-part-1-common-yet-misunderstood\">Parte 1<\/a><\/p>\n\n\n\n<p><a href=\"https:\/\/soundcloud.com\/user-774005517\/functional-neurological-disorder-part-2-my-mind-is-on-fire\" data-type=\"URL\" data-id=\"https:\/\/soundcloud.com\/user-774005517\/functional-neurological-disorder-part-2-my-mind-is-on-fire\">Parte 2<\/a><\/p>\n\n\n\n<p>FND and encephalits &#8211; Un podcast en v\u00eddeo de junio de 2021 con Jon Stone, Tim Nicholson y Ava Easton de la Encephalitis Society hablando sobre TNF &#8211; especialmente mirando a la superposici\u00f3n entre estos dos diagn\u00f3sticos (encefalitis y TNF).<\/p>\n\n\n\n<figure class=\"wp-block-embed-youtube wp-block-embed is-type-video is-provider-youtube wp-embed-aspect-16-9 wp-has-aspect-ratio\"><div class=\"wp-block-embed__wrapper\">\n<iframe loading=\"lazy\" title=\"Encephalitis Podcast - Functional Neurological Disorder (FND)\" width=\"745\" height=\"419\" src=\"https:\/\/www.youtube.com\/embed\/z2sjFFVWl5Q?feature=oembed\" frameborder=\"0\" allow=\"accelerometer; autoplay; clipboard-write; encrypted-media; gyroscope; picture-in-picture; web-share\" allowfullscreen><\/iframe>\n<\/div><\/figure>\n\n\n\n<p>FND Braincast &#8211; con Pospo &#8211; Un podcast de v\u00eddeo con Jon Stone y Alan Carson, hecho con el Dr. Sotiris Posporelis, Neuropsiquiatra del Hospital Maudsley. Est\u00e1 dirigido a m\u00e9dicos (y especialmente a psiquiatras), pero puede ser de inter\u00e9s general.<\/p>\n\n\n\n<figure class=\"wp-block-embed-youtube wp-block-embed is-type-video is-provider-youtube wp-embed-aspect-16-9 wp-has-aspect-ratio\"><div class=\"wp-block-embed__wrapper\">\n<iframe loading=\"lazy\" title=\"Functional Neurological Disorder\" width=\"745\" height=\"419\" src=\"https:\/\/www.youtube.com\/embed\/yY1yyIJv7NY?feature=oembed\" frameborder=\"0\" allow=\"accelerometer; autoplay; clipboard-write; encrypted-media; gyroscope; picture-in-picture; web-share\" allowfullscreen><\/iframe>\n<\/div><\/figure>\n","protected":false},"excerpt":{"rendered":"<p><!-- wp:paragraph --><\/p>\n<p>Quiz\u00e1 te interesen los siguientes podcasts y programas de radio.<\/p>\n<p><!-- \/wp:paragraph --><\/p>\n<p><!-- wp:paragraph --><\/p>\n<p>BBC Radio 4. En 2013 un episodio de la <a href=\"https:\/\/www.bbc.co.uk\/programmes\/b01n65zl\" data-type=\"URL\" ...\n<\/p>\n","protected":false},"author":1,"featured_media":0,"parent":1273,"menu_order":191,"comment_status":"closed","ping_status":"closed","template":"page-template\/symptom-details-page-template.php","meta":[],"_links":{"self":[{"href":"https:\/\/pre-prod.neurosymptoms.org\/es_ES\/wp-json\/wp\/v2\/pages\/1678"}],"collection":[{"href":"https:\/\/pre-prod.neurosymptoms.org\/es_ES\/wp-json\/wp\/v2\/pages"}],"about":[{"href":"https:\/\/pre-prod.neurosymptoms.org\/es_ES\/wp-json\/wp\/v2\/types\/page"}],"author":[{"embeddable":true,"href":"https:\/\/pre-prod.neurosymptoms.org\/es_ES\/wp-json\/wp\/v2\/users\/1"}],"replies":[{"embeddable":true,"href":"https:\/\/pre-prod.neurosymptoms.org\/es_ES\/wp-json\/wp\/v2\/comments?post=1678"}],"version-history":[{"count":36,"href":"https:\/\/pre-prod.neurosymptoms.org\/es_ES\/wp-json\/wp\/v2\/pages\/1678\/revisions"}],"predecessor-version":[{"id":11797,"href":"https:\/\/pre-prod.neurosymptoms.org\/es_ES\/wp-json\/wp\/v2\/pages\/1678\/revisions\/11797"}],"up":[{"embeddable":true,"href":"https:\/\/pre-prod.neurosymptoms.org\/es_ES\/wp-json\/wp\/v2\/pages\/1273"}],"wp:attachment":[{"href":"https:\/\/pre-prod.neurosymptoms.org\/es_ES\/wp-json\/wp\/v2\/media?parent=1678"}],"curies":[{"name":"wp","href":"https:\/\/api.w.org\/{rel}","templated":true}]}}