{"id":532,"date":"2020-11-29T09:51:38","date_gmt":"2020-11-29T09:51:38","guid":{"rendered":"https:\/\/ftd.cognihealth.in\/?page_id=532"},"modified":"2024-11-01T03:42:06","modified_gmt":"2024-11-01T03:42:06","slug":"functional-sensory-symptoms","status":"publish","type":"page","link":"https:\/\/pre-prod.neurosymptoms.org\/es_ES\/symptoms\/fnd-symptoms\/functional-sensory-symptoms\/","title":{"rendered":"S\u00edntomas sensitivos funcionales"},"content":{"rendered":"\n<h4><strong>\u00bfQu\u00e9 son los s\u00edntomas sensitivos funcionales?<\/strong><\/h4>\n\n\n\n<p>Los s\u00edntomas sensitivos funcionales implican s\u00edntomas sensoriales en cualquier parte del cuerpo que se deben a que el sistema nervioso no funciona correctamente. No est\u00e1n causados por da\u00f1o o enfermedad estructural del sistema nervioso.<\/p>\n\n\n\n<p>Los pacientes con s\u00edntomas sensitivos funcionales pueden experimentar lo siguiente:<\/p>\n\n\n\n<ul><li>Sensaci\u00f3n alterada en un lado del cuerpo, que suele afectar a la cara, el brazo y\/o la pierna en varias combinaciones. A veces se denomina &#8220;s\u00edndrome hemisensitivo&#8221;. La alteraci\u00f3n sensitiva facial por s\u00ed sola tambi\u00e9n es bastante frecuente.<\/li><li>Sensaci\u00f3n de que una extremidad no les pertenece o &#8220;no forma parte de ellos&#8221;.<\/li><li>Sensaciones difusas fugaces, como espasmos, zumbidos o descargas el\u00e9ctricas.<\/li><li>A veces pueden presentarse s\u00edntomas visuales, como visi\u00f3n borrosa intermitente y visi\u00f3n doble, y debilidad de las extremidades (v\u00e9ase &#8220;<a href=\"https:\/\/www.neurosymptoms.org\/es_ES\/symptoms\/fnd-symptoms\/functional-limb-weakness\/\" data-type=\"URL\" data-id=\"https:\/\/www.neurosymptoms.org\/es_ES\/symptoms\/fnd-symptoms\/functional-limb-weakness\/\">Debilidad funcional de las extremidades<\/a>&#8220;) en el mismo lado que los s\u00edntomas sensoriales.<\/li><\/ul>\n\n\n\n<p>Para el paciente y el m\u00e9dico, estos s\u00edntomas pueden ser alarmantes. Pueden hacer pensar que has sufrido un ictus o tienes una esclerosis m\u00faltiple. Sin embargo, los s\u00edntomas sensitivos funcionales no se deben a da\u00f1os en el sistema nervioso (es estructuralmente normal), solo que no funciona bien, lo que significa que pueden mejorar o incluso desaparecer por completo.<\/p>\n\n\n\n<p><\/p>\n\n\n\n<h4><strong>\u00bfC\u00f3mo se hace el diagn\u00f3stico?<\/strong><\/h4>\n\n\n\n<p>El diagn\u00f3stico de los s\u00edntomas sensoriales funcionales suele realizarlo un neur\u00f3logo.<\/p>\n\n\n\n<p>Cuando el m\u00e9dico escucha tu historia y te examina, puede reconocer los s\u00edntomas como funcionales. En la exploraci\u00f3n, el m\u00e9dico puede observar que la sensibilidad en la zona afectada est\u00e1 reducida. Adem\u00e1s, puede haber una debilidad funcional asociada a la alteraci\u00f3n sensitiva. El patr\u00f3n de esta debilidad y de la alteraci\u00f3n sensitiva, asociado a signos visibles durante la exploraci\u00f3n, permiten al m\u00e9dico hacer un  diagn\u00f3stico positivo de su enfermedad.<\/p>\n\n\n\n<p>Las exploraciones y pruebas normales ayudan a descartar otras enfermedades, pero el diagn\u00f3stico lo debe hacer un neur\u00f3logo durante la primera consulta. <\/p>\n\n\n\n<p><\/p>\n\n\n\n<h4><strong>\u00bfC\u00f3mo se producen los s\u00edntomas sensitivos funcionales?<\/strong><\/h4>\n\n\n\n<p>Los s\u00edntomas sensitivos funcionales aparecen por motivos diferentes en cada persona. Los motivos son muy similares a los que causan la debilidad funcional. Ver <a href=\"https:\/\/www.neurosymptoms.org\/es_ES\/causes\/how-has-it-happened\/\">\u00bfc\u00f3mo se producen?<\/a> Por ejemplo:<\/p>\n\n\n\n<ul><li><strong>Despu\u00e9s de una lesi\u00f3n \/ dolor<\/strong>. Las personas parecen especialmente vulnerables a los s\u00edntomas sensitivos funcionales despu\u00e9s de una lesi\u00f3n f\u00edsica o si tienen mucho dolor. Los estudios de pacientes con dolor cr\u00f3nico muestran que las alteraciones sensitivas funcionales inesperadas (que suelen producirse en una mitad del cuerpo) son bastante comunes. A veces, los s\u00edntomas sensitivos funcionales forman parte de otra enfermedad denominada <a href=\"https:\/\/www.neurosymptoms.org\/es_ES\/symptoms\/common-associated-symptoms\/complex-regional-pain-syndrome\/\">s\u00edndrome de dolor regional complejo (SDRC)<\/a>. <br \/><\/li><li><strong>Con hiperventilaci\u00f3n<\/strong>. Adem\u00e1s, es especialmente frecuente que los s\u00edntomas sensitivos funcionales se presenten junto con s\u00edntomas de mareo y falta de aire intermitente. Los estudios con voluntarios han demostrado que si se pide a 100 personas que respiren r\u00e1pidamente durante un periodo de tiempo (hiperventilaci\u00f3n), la mayor\u00eda presentar\u00e1 s\u00edntomas sensitivos, normalmente hormigueo en los dedos, cuero cabelludo o alrededor de la boca. Se cree que esto se debe al efecto sobre las terminaciones nerviosas del bajo nivel de di\u00f3xido de carbono (CO2) que se produce durante la hiperventilaci\u00f3n. Curiosamente, en una peque\u00f1a proporci\u00f3n de voluntarios, la hiperventilaci\u00f3n provoca entumecimiento en un lado del cuerpo.<br \/><\/li><li>Una enfermedad con <strong>mucha fatiga o reposo en cama<\/strong>. Los s\u00edntomas sensitivos pueden desarrollarse lentamente en personas que sufren mucha fatiga o agotamiento. En algunos pacientes, un reposo excesivo (por ejemplo, una infecci\u00f3n viral y encamamiento) puede desencadenar los s\u00edntomas. Esta situaci\u00f3n puede coincidir con el <a href=\"https:\/\/www.neurosymptoms.org\/es_ES\/symptoms\/common-associated-symptoms\/fatigue\/\">s\u00edndrome de fatiga cr\u00f3nica<\/a>.<br \/><\/li><li>Despu\u00e9s de un episodio de <strong>disociaci\u00f3n\/ataque de p\u00e1nico<\/strong>. Los s\u00edntomas sensitivos funcionales, como entumecimiento y hormigueo, suelen ir acompa\u00f1ados de otros s\u00edntomas, como aturdimiento y disociaci\u00f3n (sensaci\u00f3n de que las cosas que te rodean est\u00e1n distantes o desconectadas). La <a href=\"https:\/\/www.neurosymptoms.org\/es_ES\/symptoms\/common-associated-symptoms\/dissociative-symptoms\/\">disociaci\u00f3n<\/a> es algo parecido a un trance y se describe en esta otra p\u00e1gina de esta web. A veces estos episodios son muy aterradores, sobre todo si surgen &#8220;de la nada&#8221; y pueden provocar un ataque de p\u00e1nico. Una vez superado el ataque de p\u00e1nico, puede quedar la sensaci\u00f3n de que una mitad del cuerpo &#8220;no est\u00e1 bien&#8221;, tal vez pesada o con hormigueo.<br \/><\/li><li><strong>Migra\u00f1a<\/strong>. Algunas personas con migra\u00f1a experimentan s\u00edntomas sensitivos previos o durante la crisis de dolor de cabeza. A veces, los pacientes con s\u00edntomas sensitivos funcionales describen un ataque que parece migra\u00f1a com odesencadenante, tras el cual los s\u00edntomas sensitivos persisten. En estos casos, la migra\u00f1a ha sido el desencadenante del TNF. <br \/><\/li><li><strong>Sin causa evidente<\/strong>. Puede que no haya un desencadenante claro, del mismo modo que puede ocurrir en otras enfermedades, como la migra\u00f1a. Algunas personas con migra\u00f1a s\u00f3lo tienen crisis de dolor cuando est\u00e1n cansadas o estresadas, mientras que otras los tienen sin motivo alguno.<\/li><\/ul>\n","protected":false},"excerpt":{"rendered":"<p>Alteraci\u00f3n de la sensibilidad en una parte del cuerpo.<\/p>\n","protected":false},"author":65,"featured_media":0,"parent":937,"menu_order":275,"comment_status":"closed","ping_status":"closed","template":"page-template\/symptom-details-page-template.php","meta":[],"_links":{"self":[{"href":"https:\/\/pre-prod.neurosymptoms.org\/es_ES\/wp-json\/wp\/v2\/pages\/532"}],"collection":[{"href":"https:\/\/pre-prod.neurosymptoms.org\/es_ES\/wp-json\/wp\/v2\/pages"}],"about":[{"href":"https:\/\/pre-prod.neurosymptoms.org\/es_ES\/wp-json\/wp\/v2\/types\/page"}],"author":[{"embeddable":true,"href":"https:\/\/pre-prod.neurosymptoms.org\/es_ES\/wp-json\/wp\/v2\/users\/65"}],"replies":[{"embeddable":true,"href":"https:\/\/pre-prod.neurosymptoms.org\/es_ES\/wp-json\/wp\/v2\/comments?post=532"}],"version-history":[{"count":118,"href":"https:\/\/pre-prod.neurosymptoms.org\/es_ES\/wp-json\/wp\/v2\/pages\/532\/revisions"}],"predecessor-version":[{"id":15605,"href":"https:\/\/pre-prod.neurosymptoms.org\/es_ES\/wp-json\/wp\/v2\/pages\/532\/revisions\/15605"}],"up":[{"embeddable":true,"href":"https:\/\/pre-prod.neurosymptoms.org\/es_ES\/wp-json\/wp\/v2\/pages\/937"}],"wp:attachment":[{"href":"https:\/\/pre-prod.neurosymptoms.org\/es_ES\/wp-json\/wp\/v2\/media?parent=532"}],"curies":[{"name":"wp","href":"https:\/\/api.w.org\/{rel}","templated":true}]}}