{"id":539,"date":"2020-11-29T12:37:13","date_gmt":"2020-11-29T12:37:13","guid":{"rendered":"https:\/\/ftd.cognihealth.in\/?page_id=539"},"modified":"2024-11-01T03:35:22","modified_gmt":"2024-11-01T03:35:22","slug":"dissociative-symptoms","status":"publish","type":"page","link":"https:\/\/pre-prod.neurosymptoms.org\/es_ES\/symptoms\/common-associated-symptoms\/dissociative-symptoms\/","title":{"rendered":"S\u00edntomas disociativos"},"content":{"rendered":"\n<h3>\u00bfQu\u00e9 son los s\u00edntomas disociativos &#8211; &#8220;sentirse fuera de uno mismo&#8221;? <\/h3>\n\n\n\n<p>Los s\u00edntomas disociativos aparecen en conjunci\u00f3n con otros s\u00edntomas de los TNFs que se describen en esta web. Es muy \u00fatil saber reconocerlos y entender su naturaleza e incluso conseguir controlarlos.<\/p>\n\n\n\n<p>Los s\u00edntomas disociativos engloban:<\/p>\n\n\n\n<ul><li>Despersonalizaci\u00f3n. Es la sensaci\u00f3n de que tu cuerpo no te pertenece o te desconectas de \u00e9l. <\/li><li>Desrealizaci\u00f3n. Es la sensaci\u00f3n de que te alejas de la realidad, como si estuvieras viviendo esa escena en tercera persona o como si fuera una pel\u00edcula. <\/li><\/ul>\n\n\n\n<p>Para una descripci\u00f3n m\u00e1s detallada, aqu\u00ed a la derecha tienes un <span class=\"has-inline-color has-black-color\">art\u00edculo <\/span>en ingl\u00e9s de una revista de Neurolog\u00eda. <\/p>\n\n\n\n<p>Aqu\u00ed os mostramos formas que tienen los pacientes de describir la despersonalizaci\u00f3n y la desrealizaci\u00f3n. <\/p>\n\n\n\n<figure class=\"wp-block-table is-style-regular\"><table><tbody><tr><td><strong>Depersonalizaci\u00f3n<\/strong><\/td><td><\/td><\/tr><tr><td><strong>Frecuente \u2013 \u2018Sent\u00eda que\u2026\u2019<\/strong><\/td><td><strong>Menos frecuente\u2013 \u2018Sent\u00eda que&#8230;\u2019<\/strong><\/td><\/tr><tr><td>\u2018extra\u00f1o\/raro\u2019<\/td><td>\u2018como una marioneta\u2019<\/td><\/tr><tr><td>\u2018como si estuviera flotando\u2019<\/td><td>\u2018como un robot\u2019<\/td><\/tr><tr><td>\u2018incorp\u00f3reo\/ desconectado\/ separado\u2019<\/td><td>\u2018actuando aparte\u2019<\/td><\/tr><tr><td>\u2018lejos de m\u00ed mismo\u2019<\/td><td>\u2018No pod\u00eda sentir ning\u00fan dolor\u2019<\/td><\/tr><tr><td>\u2018alejado de todo\u2019<\/td><td>\u2018como si estuviera hecho de corcho\u2019<\/td><\/tr><tr><td>\u2018en un sitio propio \/ solo\u2019<\/td><td>\u2018 como si fuera una cabeza pegada a un cuerpo\u2019<\/td><\/tr><tr><td>\u2018estaba, pero no estaba\u2019<\/td><td>\u2018como un espectador mir\u00e1ndome a m\u00ed mismo en la TV\u2019<\/td><\/tr><tr><td>\u2018pod\u00eda ver y o\u00edr todo, pero no pod\u00eda responder\u2019<\/td><td>\u2018una experiencia extracorporal\u2019<\/td><\/tr><tr><td><\/td><td>\u2018sent\u00eda mis manos o pies m\u00e1s peque\u00f1os \/grandes\u2019<\/td><\/tr><tr><td><\/td><td>\u2018cuando tocaba las cosas, era como si no las estuviera tocando realmente\u2019<\/td><\/tr><tr><td><strong>Desrealizaci\u00f3n<\/strong><\/td><td><\/td><\/tr><tr><td>\u2018Mi alrededor pare\u00eda irreal \/ muy lejano\u2019<\/td><td>\u2018Era como mirar al mundo a trav\u00e9s de un velo o un cristal\u2019<\/td><\/tr><tr><td>\u2018Me sent\u00eda fuera de m\u00ed mismo\u2019<\/td><td>\u2018los objetos parec\u00edan m\u00e1s peque\u00f1os \/ planos \/ como en sue\u00f1os \/ como dibujos \/ artificiales \/ no s\u00f3lidos\u2019<\/td><\/tr><tr><td>\u2018Me sent\u00eda desconectado o distante de la situaci\u00f3n\u2019<\/td><td>\u2018Las cosas me parec\u00edan muy cercanas y muy lejanas al mismo tiempo\u2019<\/td><\/tr><\/tbody><\/table><\/figure>\n\n\n\n<p><\/p>\n\n\n\n<h3>\u00bfPor qu\u00e9 es \u00fatil aprender a reconocer los s\u00edntomas disociativos?<\/h3>\n\n\n\n<p>Estos s\u00edntomas aparecen en todo tipo de situaciones, y adem\u00e1s tambi\u00e9n aparecen en personas sin ning\u00fan otro s\u00edntoma o enfermedad. Todo el mundo los ha experimentado en alg\u00fan momento, en alguna situaci\u00f3n de &#8220;shock&#8221; emocional, o bien durante una gripe o tras privaci\u00f3n de sue\u00f1o. <\/p>\n\n\n\n<p>Entender lo que son los s\u00edntomas disociativos, saber que tienen un nombre y sobre todo saber que uno no se est\u00e1 volviendo loco, puede ser \u00fatil para los personas con s\u00edntomas funcionales que realmente los presentan con gran frecuencia. <\/p>\n\n\n\n<p>El miedo o la ansiedad pueden intensificar los s\u00edntomas disociativos, as\u00ed que  si aprender a reconocerlos por lo que son, pueden llegar a ser menos intensos. <\/p>\n\n\n\n<p>La experiencia de &#8220;sentirse desconectado&#8221; de tu propio cuerpo tambi\u00e9n puede ayudar a explicar por qu\u00e9 tu cuerpo tiene los s\u00edntomas funcionales. Podr\u00edamos entender que estar d\u00e9bil de un brazo\/pierna o tener temblor es una forma de &#8220;desconexi\u00f3n&#8221; del control voluntario de tu cerebro sobre esa mano\/pierna. Es por esto que a la <span class=\"has-inline-color has-vivid-cyan-blue-color\">debilidad funcional<\/span> tambi\u00e9n se le llama &#8220;trastorno disociativo motor&#8221; o a las crisis las llamamos &#8220;<span class=\"has-inline-color has-vivid-cyan-blue-color\">crisis disociativas<\/span>&#8220;. <\/p>\n\n\n\n<p><\/p>\n\n\n\n<h3><\/h3>\n\n\n\n<h3>M\u00e1s informaci\u00f3n<\/h3>\n\n\n\n<p>Se puede consultar m\u00e1s informaci\u00f3n sobre la desrealizaci\u00f3n y despersonalizaci\u00f3n en esta web de pacientes de Reino Unido: <a href=\"https:\/\/www.unrealuk.org\/\">https:\/\/www.unrealuk.org\/<\/a>. Su twitter es: <a href=\"https:\/\/twitter.com\/unrealcharity?ref_src=twsrc%5Egoogle%7Ctwcamp%5Eserp%7Ctwgr%5Eauthor\">@unrealcharity<\/a><\/p>\n\n\n\n<p>Aqu\u00ed teneis una entrada con im\u00e1genes de una ilustradora (Jodie art), que da visibilidad a estos s\u00edntomas. <\/p>\n\n\n\n<figure class=\"wp-block-embed-twitter wp-block-embed is-type-rich is-provider-twitter\"><div class=\"wp-block-embed__wrapper\">\n<blockquote class=\"twitter-tweet\" data-width=\"550\" data-dnt=\"true\"><p lang=\"en\" dir=\"ltr\">Delighted to share this video with you which shows the full <a href=\"https:\/\/twitter.com\/hashtag\/unrealities?src=hash&amp;ref_src=twsrc%5Etfw\">#unrealities<\/a> illustrations series by <a href=\"https:\/\/twitter.com\/Jodie_art?ref_src=twsrc%5Etfw\">@Jodie_art<\/a> including music from <a href=\"https:\/\/twitter.com\/doddleoddle?ref_src=twsrc%5Etfw\">@doddleoddle<\/a> and animation by <a href=\"https:\/\/twitter.com\/michaeljohndown?ref_src=twsrc%5Etfw\">@michaeljohndown<\/a> <a href=\"https:\/\/twitter.com\/hashtag\/depersonalisation?src=hash&amp;ref_src=twsrc%5Etfw\">#depersonalisation<\/a> <a href=\"https:\/\/twitter.com\/hashtag\/derealisation?src=hash&amp;ref_src=twsrc%5Etfw\">#derealisation<\/a> <a href=\"https:\/\/t.co\/E6sN2sA8ks\">pic.twitter.com\/E6sN2sA8ks<\/a><\/p>&mdash; Unreal Charity (@unrealcharity) <a href=\"https:\/\/twitter.com\/unrealcharity\/status\/1381173832187322368?ref_src=twsrc%5Etfw\">April 11, 2021<\/a><\/blockquote><script async src=\"https:\/\/platform.twitter.com\/widgets.js\" charset=\"utf-8\"><\/script>\n<\/div><\/figure>\n\n\n\n<p>Adem\u00e1s aqu\u00ed un art\u00edculo en ingl\u00e9s del British Medical Journal escrito por una psic\u00f3loga (Elaine Hunter), una paciente (Jane Charlton) y el profesor de Neuropsiquiatr\u00eda Cognitiva Anthony David. <\/p>\n\n\n\n<p><a href=\"https:\/\/www.bmj.com\/content\/356\/bmj.j745\">https:\/\/www.bmj.com\/content\/356\/bmj.j745<\/a><\/p>\n\n\n\n<p><a href=\"https:\/\/www.bmj.com\/content\/bmj\/suppl\/2017\/03\/23\/bmj.j745.DC1\/depersonalisation_v19_web.pdf\">https:\/\/www.bmj.com\/content\/bmj\/suppl\/2017\/03\/23\/bmj.j745.DC1\/depersonalisation_v19_web.pdf<\/a><\/p>\n\n\n\n<p>Se puede acceder a un <a href=\"\nhttps:\/\/soundcloud.com\/bmjpodcasts\/watching-the-world-through-a-clear-fog-recognising-depersonalisation-and-derealisation\">podcast\n<\/a> y <a href=\"\nhttps:\/\/www.youtube.com\/watch?v=GWyidaGteGg\">v\u00eddeo\n de youtube<\/a>, ambos muy recomendables.<\/p>\n\n\n\n<p><\/p>\n\n\n\n<p><\/p>\n","protected":false},"excerpt":{"rendered":"<p>Sentirse ausente, estar alejado de la realidad o no estar en tu propio cuerpo.<\/p>\n","protected":false},"author":65,"featured_media":1901,"parent":939,"menu_order":261,"comment_status":"closed","ping_status":"closed","template":"page-template\/symptom-details-page-template.php","meta":[],"_links":{"self":[{"href":"https:\/\/pre-prod.neurosymptoms.org\/es_ES\/wp-json\/wp\/v2\/pages\/539"}],"collection":[{"href":"https:\/\/pre-prod.neurosymptoms.org\/es_ES\/wp-json\/wp\/v2\/pages"}],"about":[{"href":"https:\/\/pre-prod.neurosymptoms.org\/es_ES\/wp-json\/wp\/v2\/types\/page"}],"author":[{"embeddable":true,"href":"https:\/\/pre-prod.neurosymptoms.org\/es_ES\/wp-json\/wp\/v2\/users\/65"}],"replies":[{"embeddable":true,"href":"https:\/\/pre-prod.neurosymptoms.org\/es_ES\/wp-json\/wp\/v2\/comments?post=539"}],"version-history":[{"count":163,"href":"https:\/\/pre-prod.neurosymptoms.org\/es_ES\/wp-json\/wp\/v2\/pages\/539\/revisions"}],"predecessor-version":[{"id":15594,"href":"https:\/\/pre-prod.neurosymptoms.org\/es_ES\/wp-json\/wp\/v2\/pages\/539\/revisions\/15594"}],"up":[{"embeddable":true,"href":"https:\/\/pre-prod.neurosymptoms.org\/es_ES\/wp-json\/wp\/v2\/pages\/939"}],"wp:featuredmedia":[{"embeddable":true,"href":"https:\/\/pre-prod.neurosymptoms.org\/es_ES\/wp-json\/wp\/v2\/media\/1901"}],"wp:attachment":[{"href":"https:\/\/pre-prod.neurosymptoms.org\/es_ES\/wp-json\/wp\/v2\/media?parent=539"}],"curies":[{"name":"wp","href":"https:\/\/api.w.org\/{rel}","templated":true}]}}