{"id":559,"date":"2020-11-29T13:33:25","date_gmt":"2020-11-29T13:33:25","guid":{"rendered":"https:\/\/ftd.cognihealth.in\/?page_id=559"},"modified":"2024-11-01T03:45:02","modified_gmt":"2024-11-01T03:45:02","slug":"functional-speech-swallowing-symptoms","status":"publish","type":"page","link":"https:\/\/pre-prod.neurosymptoms.org\/es_ES\/symptoms\/fnd-symptoms\/functional-speech-swallowing-symptoms\/","title":{"rendered":"Trastornos funcionales del habla\/degluci\u00f3n"},"content":{"rendered":"\n<p>\u00a1NOVEDADES JULIO 2021! Recomendaciones del consenso internacional sobre Logopedia &#8211; haz clic <a href=\"https:\/\/jnnp.bmj.com\/content\/92\/10\/1112.full?ijkey=QigHKOBTbcWLRNq&amp;keytype=ref\">aqu\u00ed<\/a>.<\/p>\n\n\n\n<p>Los s\u00edntomas funcionales del habla y la degluci\u00f3n m\u00e1s frecuentes son:<\/p>\n\n\n\n<p><\/p>\n\n\n\n<h4><strong>Disartria (habla arrastrada)<\/strong><\/h4>\n\n\n\n<p>El habla arrastrada (disartria) implica un problema en la pronunciaci\u00f3n. El cerebro debe coordinar c\u00f3mo se deben mover los labios, carrillos, lengua, faringe y laringe para conseguir una pronunciaci\u00f3n correcta. Se puede producir disartria en enfermedades neurol\u00f3gicas estructurales como ictus, esclerosis m\u00faltiple, miastenia gravis, etc. Tambi\u00e9n puede aparecer disartria cuando una persona es\u00b4t\u00e1 muy mareada o bajo los efectos de los f\u00e1rmacos. Sin embargo, la alteraci\u00f3n de la pronuncicaci\u00f3n tambi\u00e9n puede ser un s\u00edntoma funcional.  <\/p>\n\n\n\n<p><\/p>\n\n\n\n<h4><strong>Habla tartamuda<\/strong><\/h4>\n\n\n\n<p>Las personas que nunca han tartamudeado pueden desarrollar una tartamudez adquirida en la edad adulta.  Suele ser de causa funcional. El habla puede ser vacilante, dudosa, a menudo con lagunas en medio de las palabras en lugar de al final de las mismas. Tambi\u00e9n puede haber bloqueos  al principio de cada palabra y un habla &#8220;telegram\u00e1tica&#8221; en la que palabras como &#8220;y&#8221; o &#8220;el&#8221; se omiten en la frase.<\/p>\n\n\n\n<p><\/p>\n\n\n\n<h4><strong>Dificultad para encontrar palabras<\/strong><\/h4>\n\n\n\n<p>En realidad, se trata de un s\u00edntoma del &#8220;pensamiento&#8221; (cognitivo) m\u00e1s que del habla. Puede ocurrir que:<\/p>\n\n\n\n<ul><li>Busca la palabra correcta pero no la encuentra.<\/li><li>Confunde palabras en una frase<\/li><li>Las palabras salen mal o sin sentido, por ejemplo:<ul><li>&#8220;d\u00f3nde est\u00e1 la estaci\u00f3n de pren&#8221; en lugar de &#8220;estaci\u00f3n de tren&#8221;.<\/li><li>&#8220;Tengo que pagar el cheque en el tanco&#8221; en lugar de &#8220;banco&#8221;.<\/li><\/ul><\/li><\/ul>\n\n\n\n<p><\/p>\n\n\n\n<h4><strong>Susurro\/habla ronca (disfon\u00eda)<\/strong><\/h4>\n\n\n\n<p>Se parece al tipo de habla que se produce cuando se tiene dolor de garganta (laringitis), pero no se debe a una infecci\u00f3n ni a ninguna otra anomal\u00eda estrcutural en las cuerdas vocales y dura mucho m\u00e1s tiempo. Suele denominarse <strong>disfon\u00eda funcional<\/strong>. Suele ser examinada por un otorrinolaring\u00f3logo para asegurarse de que no existe una causa estrcutural identificable. Puede aparecer y desaparecer y, a veces, incluso desencadenarse por un ataque de laringitis, pero las cuerdas vocales &#8220;se olvidan de funcionar&#8221; correctamente y los s\u00edntomas se perpet\u00faan, aun cuando desaparece el virus.<\/p>\n\n\n\n<p>Ocasionalmente, las personas pueden perder el habla por completo, lo que se denomina <strong>afon\u00eda funcional<\/strong>, y a veces les resultar\u00e1 m\u00e1s f\u00e1cil hablar en unas situaciones que en otras.<\/p>\n\n\n\n<p><\/p>\n\n\n\n<h4><strong>S\u00edndrome del acento extranjero<\/strong><\/h4>\n\n\n\n<p>Consiste en una alteraci\u00f3n en la que una persona comienza a hablar con acento extranjero. Puede estar causado por diversas enfermedades neurol\u00f3gicas, pero tambi\u00e9n puede ser un s\u00edntoma neurol\u00f3gico funcional. Cuando es funcional, suele tener un inicio brusco tras un desencadenante, como un traumatismo craneal. Hay una <a href=\"https:\/\/sites.utdallas.edu\/fas\/\">web<\/a> sobre el s\u00edndrome del acento extranjero dirigido por Bill Katz en la Universidad de Texas en Dallas.<\/p>\n\n\n\n<p><\/p>\n\n\n\n<h4><strong>Problemas de degluci\u00f3n (globus)<\/strong><\/h4>\n\n\n\n<p>Normalmente, si una persona con un TNF tiene problemas para tragar, experimentar\u00e1 la sensaci\u00f3n de tener algo atascado en la parte superior de la garganta. Esto puede ocurrir incluso cuando no est\u00e1n tragando nada, pero tambi\u00e9n puede dificultar la degluci\u00f3n. Este s\u00edntoma suele denominarse <em>globo <\/em>o <em>globo far\u00edngeo<\/em>. Los problemas de degluci\u00f3n suelen ser investigados primero por un otorrinolaring\u00f3logo para asegurarse de que no hay ninguna causa estructural identificable. Las personas con globus suelen tener reflujo \u00e1cido, que tambi\u00e9n es \u00fatil tratar, aunque no es la causa principal del s\u00edntoma.<\/p>\n\n\n\n<p><\/p>\n\n\n\n<h4><strong>Tos funcional<\/strong><\/h4>\n\n\n\n<p>Hay muchas causas para la tos. La tos funcional puede ser una tos ruidosa o una tos &#8220;hipersensible&#8221;. La tos suele ser investigada en primer lugar por un neum\u00f3logo u otorrinolaring\u00f3logo para asegurarse de que no existe ning\u00fan otro trastorno respiratorio.<\/p>\n\n\n\n<p><\/p>\n\n\n\n<h4><strong>\u00bfPor qu\u00e9 mis pruebas son normales?<\/strong><\/h4>\n\n\n\n<p>En este tipo de problemas del habla y la degluci\u00f3n todas las partes del sistema nervioso est\u00e1n ah\u00ed, s\u00f3lo que no funcionan correctamente en determinados momentos.<\/p>\n\n\n\n<p>El m\u00e9dico har\u00e1 este diagn\u00f3stico despu\u00e9s de escuchar tus s\u00edntomas y examinarte. El diagn\u00f3stico se basa en la presencia de s\u00edntomas t\u00edpicos y hallazgos en la exploraci\u00f3n que s\u00f3lo se dan espec\u00edficamente en los trastornos funcionales.<\/p>\n\n\n\n<p>Las exploraciones y pruebas normales ayudan a descartar otros diagn\u00f3sticos, pero el diagn\u00f3stico se basa en signos positivos visibles en la exploraci\u00f3n. A veces, el neur\u00f3logo precisa de la opinici\u00f3n de un otorrinolaring\u00f3logo, neum\u00f3logo o logopeda experto, pues muchos signos positivos de trastorno del habla funcional s\u00f3lo los pueden identificar especialistas muy expertos en la materia. <\/p>\n\n\n\n<p>Los profesionales del habla y el lenguaje (a veces denominados logopedas o pat\u00f3logos del habla) son expertos en el examen del habla y la degluci\u00f3n y en muchos lugares participan estrechamente en la elaboraci\u00f3n o confirmaci\u00f3n del diagn\u00f3stico.<\/p>\n\n\n\n<p><\/p>\n\n\n\n<h4><strong>\u00bfCu\u00e1l es el tratamiento?<\/strong><\/h4>\n\n\n\n<p>M\u00e1s informaci\u00f3n sobre el papel de la <a href=\"https:\/\/www.neurosymptoms.org\/es_ES\/treatment\/speech-and-language-therapy\/\">logopedia<\/a> en esta p\u00e1gina.<\/p>\n","protected":false},"excerpt":{"rendered":"<p>Dificultades con el habla, degluci\u00f3n y comunicaci\u00f3n. <\/p>\n","protected":false},"author":65,"featured_media":2724,"parent":937,"menu_order":287,"comment_status":"closed","ping_status":"closed","template":"page-template\/symptom-details-page-template.php","meta":[],"_links":{"self":[{"href":"https:\/\/pre-prod.neurosymptoms.org\/es_ES\/wp-json\/wp\/v2\/pages\/559"}],"collection":[{"href":"https:\/\/pre-prod.neurosymptoms.org\/es_ES\/wp-json\/wp\/v2\/pages"}],"about":[{"href":"https:\/\/pre-prod.neurosymptoms.org\/es_ES\/wp-json\/wp\/v2\/types\/page"}],"author":[{"embeddable":true,"href":"https:\/\/pre-prod.neurosymptoms.org\/es_ES\/wp-json\/wp\/v2\/users\/65"}],"replies":[{"embeddable":true,"href":"https:\/\/pre-prod.neurosymptoms.org\/es_ES\/wp-json\/wp\/v2\/comments?post=559"}],"version-history":[{"count":118,"href":"https:\/\/pre-prod.neurosymptoms.org\/es_ES\/wp-json\/wp\/v2\/pages\/559\/revisions"}],"predecessor-version":[{"id":15683,"href":"https:\/\/pre-prod.neurosymptoms.org\/es_ES\/wp-json\/wp\/v2\/pages\/559\/revisions\/15683"}],"up":[{"embeddable":true,"href":"https:\/\/pre-prod.neurosymptoms.org\/es_ES\/wp-json\/wp\/v2\/pages\/937"}],"wp:featuredmedia":[{"embeddable":true,"href":"https:\/\/pre-prod.neurosymptoms.org\/es_ES\/wp-json\/wp\/v2\/media\/2724"}],"wp:attachment":[{"href":"https:\/\/pre-prod.neurosymptoms.org\/es_ES\/wp-json\/wp\/v2\/media?parent=559"}],"curies":[{"name":"wp","href":"https:\/\/api.w.org\/{rel}","templated":true}]}}