{"id":593,"date":"2020-11-30T15:08:03","date_gmt":"2020-11-30T15:08:03","guid":{"rendered":"https:\/\/ftd.cognihealth.in\/?page_id=593"},"modified":"2024-11-01T03:37:36","modified_gmt":"2024-11-01T03:37:36","slug":"post-concussion-syndrome","status":"publish","type":"page","link":"https:\/\/pre-prod.neurosymptoms.org\/es_ES\/symptoms\/common-associated-symptoms\/post-concussion-syndrome\/","title":{"rendered":"S\u00edndrome post-traumatismo craneoencef\u00e1lico (post-TCE)"},"content":{"rendered":"\n<p>El s\u00edndrome post-conmoci\u00f3n cerebral\/s\u00edndrome postraum\u00e1tico es una descripci\u00f3n que se le da a un grupo de s\u00edntomas f\u00edsicos y cognitivos que a veces ocurren despu\u00e9s de una lesi\u00f3n menor en la cabeza.&nbsp;\u00c9stos incluyen:<\/p>\n\n\n\n<ul><li><a href=\"https:\/\/www.neurosymptoms.org\/es_ES\/symptoms\/fnd-symptoms\/functional-dizziness-pppd\/\">Mareo<\/a><\/li><li><a href=\"https:\/\/www.neurosymptoms.org\/es_ES\/symptoms\/fnd-symptoms\/functional-cognitive-symptoms\/\" data-type=\"URL\" data-id=\"https:\/\/www.neurosymptoms.org\/es_ES\/symptoms\/fnd-symptoms\/functional-cognitive-symptoms\/\">Mala memoria y concentraci\u00f3n<\/a><\/li><li><a href=\"https:\/\/www.neurosymptoms.org\/es_ES\/symptoms\/common-associated-symptoms\/headache\/\" data-type=\"URL\" data-id=\"https:\/\/www.neurosymptoms.org\/es_ES\/symptoms\/common-associated-symptoms\/headache\/\">Dolor de cabeza<\/a><\/li><li><a href=\"https:\/\/www.neurosymptoms.org\/es_ES\/symptoms\/common-associated-symptoms\/fatigue\/\" data-type=\"URL\" data-id=\"https:\/\/www.neurosymptoms.org\/es_ES\/symptoms\/common-associated-symptoms\/fatigue\/\">Fatiga<\/a><\/li><li><a href=\"https:\/\/www.neurosymptoms.org\/es_ES\/symptoms\/common-associated-symptoms\/sleep-problems\/\" data-type=\"URL\" data-id=\"https:\/\/www.neurosymptoms.org\/es_ES\/symptoms\/common-associated-symptoms\/sleep-problems\/\">Alteraci\u00f3n del sue\u00f1o<\/a><\/li><li><a href=\"https:\/\/www.neurosymptoms.org\/symptoms\/fnd-symptoms\/visual-symptoms\/\">Sensibilidad a la luz<\/a><\/li><li>Tinnitus<\/li><li><a href=\"https:\/\/www.neurosymptoms.org\/es_ES\/symptoms\/common-associated-symptoms\/pain\/\" data-type=\"URL\" data-id=\"https:\/\/www.neurosymptoms.org\/es_ES\/symptoms\/common-associated-symptoms\/pain\/\">Dolor de cuello<\/a><\/li><li>Irritabilidad<\/li><\/ul>\n\n\n\n<p>Nuestro grupo de investigaci\u00f3n de la Universidad de Edimburgo cre\u00f3 un nuevo sitio web espec\u00edficamente para pacientes con lesiones leves en la cabeza o s\u00edntomas despu\u00e9s de un golpe menor en la cabeza.&nbsp;Visita&nbsp;<a rel=\"noreferrer noopener\" href=\"https:\/\/headinjurysymptoms.org\/\" target=\"_blank\">www.headinjurysymptoms.org<\/a><\/p>\n\n\n\n<p>En esta situaci\u00f3n, cuando los m\u00e9dicos se refieren a <strong>lesi\u00f3n menor en la cabeza<\/strong> no est\u00e1n hablando de ning\u00fan golpe en la cabeza.&nbsp;Una lesi\u00f3n menor en la cabeza normalmente significa que hubo una breve p\u00e9rdida del conocimiento (menos de 15 minutos) y poca p\u00e9rdida de memoria despu\u00e9s del accidente (menos de una hora).<\/p>\n\n\n\n<p><strong>Conmoci\u00f3n <\/strong>no tiene una definici\u00f3n universalmente acordada, pero generalmente significa un golpe en la cabeza sin p\u00e9rdida de conciencia o amnesia que produce s\u00edntomas inmediatamente despu\u00e9s.<\/p>\n\n\n\n<p><em>En las primeras horas y d\u00edas despu\u00e9s de una conmoci\u00f3n cerebral, es normal experimentar algo de mareo, falta de concentraci\u00f3n y otros s\u00edntomas mencionados anteriormente.<\/em><\/p>\n\n\n\n<p>Pero sabemos por grandes estudios que despu\u00e9s de una lesi\u00f3n leve en la cabeza o una conmoci\u00f3n cerebral, los s\u00edntomas generalmente desaparecen en d\u00edas, semanas o, como m\u00e1ximo, varios meses.<\/p>\n\n\n\n<p>A veces hay razones espec\u00edficas para algunos s\u00edntomas. Por ejemplo, un golpe en la cabeza de cualquier tipo puede &#8220;soltar unas piedras del o\u00eddo&#8221; que se encargan del equilibrio, causando mareos (una condici\u00f3n llamada v\u00e9rtigo posicional parox\u00edstico benigno (VPPB)).&nbsp;Hay otras complicaciones potenciales de una lesi\u00f3n en la cabeza que un m\u00e9dico puede necesitar buscar, pero generalmente no se encuentra una raz\u00f3n espec\u00edfica para los s\u00edntomas y las pruebas como la resonancia magn\u00e9tica del cerebro son normales.<\/p>\n\n\n\n<p>El cerebro tiene una buena capacidad para recuperarse de golpes en la cabeza, siempre y cuando no sigan ocurriendo de forma reiterada.<\/p>\n\n\n\n<p>En el s\u00edndrome post-conmoci\u00f3n cerebral, los s\u00edntomas persisten m\u00e1s de lo que cabr\u00eda esperar por la naturaleza de la lesi\u00f3n.&nbsp;A menudo estos s\u00edntomas EMPEORAN con el tiempo, mientras que los s\u00edntomas directamente relacionados con una lesi\u00f3n en la cabeza son peores al principio y mejoran lentamente.<\/p>\n\n\n\n<h3>Entonces, \u00bfqu\u00e9 causa los s\u00edntomas del s\u00edndrome post-TCE?<\/h3>\n\n\n\n<p>Lo que sucede es que despu\u00e9s de sufrir una lesi\u00f3n, los &#8216;botones de volumen&#8217; en las v\u00edas del sistema nervioso se activan.&nbsp;Estos incluyen v\u00edas de dolor, as\u00ed como v\u00edas sensoriales involucradas en s\u00edntomas como mareos.&nbsp;El cerebro suele ser muy bueno filtrando las sensaciones para que podamos concentrarnos en las que necesitamos.&nbsp;Despu\u00e9s de un golpe en la cabeza, este proceso puede estropearse por una variedad de razones  y generar dolor y se\u00f1ales sensoriales adicionales.<\/p>\n\n\n\n<p>Normalmente, esta hiperactivaci\u00f3n del cerebro es com\u00fan tras un traumatismo pero va desapareciendo y los &#8216;filtros cerebrales&#8217; se restablecen a medida que se recupera lentamente. Pero en el s\u00edndrome post-TCE permanecen elevados, o incluso aumentan a\u00fan m\u00e1s con el tiempo. Si a esta combinaci\u00f3n le sumas la conmoci\u00f3n de recibir un golpe en la cabeza y la preocupaci\u00f3n de que haya alg\u00fan tipo de da\u00f1o cerebral, no es dif\u00edcil entender c\u00f3mo todo esto puede empeorar las cosas.<\/p>\n\n\n\n<p>Pero como con todos los trastornos funcionales, no es necesario estar preocupado o deprimido para tenerlos, sino que la preocupaci\u00f3n o depresi\u00f3n tender\u00e1 a empeorarlos.<\/p>\n\n\n\n<h3>Entonces, \u00bfel s\u00edndrome post-TCE es causado por da\u00f1o cerebral?<\/h3>\n\n\n\n<p>En pocas palabras, no.<\/p>\n\n\n\n<p>Se ACTIVA por un golpe en la cabeza, durante el cual puede haber un da\u00f1o m\u00ednimo en el cerebro.&nbsp;Pero no olvides que los adultos pierden c\u00e9lulas cerebrales todos los d\u00edas sin necesidad de golpes.<\/p>\n\n\n\n<p>Si fue una lesi\u00f3n cerebral menor, para cuando hayan pasado de 8 a 12 semanas es muy poco probable que alguno de los s\u00edntomas que quedan todav\u00eda sean debidos a da\u00f1o cerebral.&nbsp;En cambio, estos s\u00edntomas surgen debido al funcionamiento anormal del sistema nervioso y del cerebro.&nbsp;En otras palabras, son s\u00edntomas neurol\u00f3gicos funcionales.<\/p>\n\n\n\n<p>Los s\u00edntomas de mareos, falta de concentraci\u00f3n, fatiga son id\u00e9nticos a los observados en pacientes con trastornos funcionales que no han tenido golpe en la cabeza.&nbsp;Por lo tanto, los consejos sobre ellos en este sitio web pueden ser \u00fatiles en estos casos.<\/p>\n\n\n\n<h3>\u00bfS\u00edndrome post conmoci\u00f3n cerebral o s\u00edndrome postraum\u00e1tico?<\/h3>\n\n\n\n<p>En una de las investigaciones m\u00e1s notables sobre este tema en los \u00faltimos a\u00f1os, un grupo en Australia mostr\u00f3 que la proporci\u00f3n de personas atendidas en el hospital con un golpe menor en la cabeza que desarrollaron s\u00edntomas posteriores a la conmoci\u00f3n cerebral era exactamente la misma que la de las personas atendidas en el hospital con un golpe en la pierna, brazo u otra parte del cuerpo, excepto la cabeza.&nbsp;(Meares et al. Mild traumatic brain injury does not predict acute postconcussion syndrome. JNNP 2008;79:300\u20136)<\/p>\n\n\n\n<p>La evidencia sugiere que existe un &#8220;s\u00edndrome postraum\u00e1tico&#8221; en el que las personas desarrollan s\u00edntomas predominantemente funcionales que son, por supuesto, reales.&nbsp;Es una prueba m\u00e1s de que el &#8216;da\u00f1o cerebral&#8217;, que es lo que normalmente preocupa a la gente, no es la causa del problema.<\/p>\n\n\n\n<h3>Una aproximaci\u00f3n al tratamiento del s\u00edndrome posconmocional<\/h3>\n\n\n\n<p>La mayor\u00eda de los s\u00edntomas del s\u00edndrome post-TCE pueden abordarse como s\u00edntomas funcionales que ocurren sin necesidad de un golpe en la cabeza. Consulte las p\u00e1ginas sobre mareos, fatiga, falta de memoria y concentraci\u00f3n, trastornos del sue\u00f1o, dolor de cabeza, ansiedad y s\u00edntomas sensitivos para obetener m\u00e1s informaci\u00f3n. <\/p>\n\n\n\n<p>Hay varios aspectos espec\u00edficos del tratamiento del s\u00edndrome posconmocional que se deben tener en cuenta:<\/p>\n\n\n\n<ol><li><strong>Obtener una correcta comprensi\u00f3n del diagn\u00f3stico<\/strong>.&nbsp;Debido a que los s\u00edntomas fueron provocados por un golpe en la cabeza y han estado all\u00ed desde entonces, a menudo es razonable pensar que la lesi\u00f3n &#8220;caus\u00f3&#8221; los s\u00edntomas.&nbsp;Eso en cierto sentido puede ser cierto.&nbsp;Pero si te convences de que los s\u00edntomas se deben a un da\u00f1o cerebral, es probable que eso obstaculice tu recuperaci\u00f3n.&nbsp;Si los s\u00edntomas empeoran cuando intenta hacer las cosas, es posible que te sientas abatido porque est\u00e1s &#8220;da\u00f1ado&#8221; y no hay esperanza de mejora.&nbsp;Si puedes convencerte de que tus s\u00edntomas son potencialmente reversibles, tu rehabilitaci\u00f3n ser\u00e1 m\u00e1s f\u00e1cil.<\/li><li><strong>Detectar otras causas que provoquen s\u00edntomas, como v\u00e9rtigo benigno (ver arriba), que pueden tener tratamientos m\u00e1s espec\u00edficos<\/strong>&nbsp;, por ejemplo:<ul><li><strong>A veces, la migra\u00f1a<\/strong>&nbsp;puede exacerbarse o desencadenarse por un golpe en la cabeza.&nbsp;Cuando esto sucede, debe tratarse como una migra\u00f1a.<\/li><li>Como se mencion\u00f3 anteriormente, un golpe leve en la cabeza puede causar un tipo de v\u00e9rtigo conocido como <strong>v\u00e9rtigo&nbsp;posicional parox\u00edstico benigno (VPPB)<\/strong>.&nbsp;Los s\u00edntomas del VPPB son episodios de v\u00e9rtigo (sensaci\u00f3n de que las cosas dan vueltas) muy intenso que coincide con movimientos de la cabeza.&nbsp;El tratamiento es la maniobra de reposicionamiento de Epley o ejercicios como los ejercicios de Brandt-Daroff que tu m\u00e9dico o fisioterapeuta te puede ense\u00f1ar.&nbsp;Este tipo de ejercicios vestibulares tambi\u00e9n son \u00fatiles para los mareos cr\u00f3nicos<\/li><li><strong><a href=\"https:\/\/www.neurosymptoms.org\/wp-content\/uploads\/2021\/06\/PTSD-1.pdf\">El trastorno de estr\u00e9s postraum\u00e1tico<\/a><\/strong>&nbsp;describe un conjunto de s\u00edntomas psicol\u00f3gicos, como revivir con frecuencia el evento, pesadillas, estar excesivamente alerta o nervioso y sentirse ansioso.&nbsp;Despu\u00e9s de un evento traum\u00e1tico severo, algunos de estos s\u00edntomas pueden ser normales por un tiempo, pero si persisten o empeoran, puede valer la pena hablar con su m\u00e9dico, ya que existen tratamientos espec\u00edficos.<\/li><li><a href=\"https:\/\/www.neurosymptoms.org\/symptoms\/common-associated-symptoms\/worry-panic\/\">Ansiedad<\/a>&nbsp;o&nbsp;<a href=\"https:\/\/www.neurosymptoms.org\/symptoms\/common-associated-symptoms\/low-mood\/\">Depresi\u00f3n<\/a>&nbsp;.&nbsp;Tener una lesi\u00f3n en la cabeza y los s\u00edntomas posteriores pueden provocar ansiedad y depresi\u00f3n, especialmente si ha estadode baja laboral por ello.&nbsp;Siempre vale la pena recordar que la fatiga, los trastornos del sue\u00f1o y la falta de memoria y concentraci\u00f3n pueden ser parte de la ansiedad y la depresi\u00f3n.&nbsp;Puede valer la pena discutirlo con su m\u00e9dico.<\/li><\/ul><\/li><li><strong>Proceso de incapacidad.&nbsp;<\/strong>Es posible que tenga un proceso de incapacidad en relaci\u00f3n con su lesi\u00f3n.&nbsp;No hay nada de malo en eso, pero vale la pena ser consciente de c\u00f3mo esto puede afectar a veces a la salud.&nbsp;Muchos pacientes que pasan por este proceso no se dan cuenta de cu\u00e1nto tiempo lleva a veces (a\u00f1os en algunos casos).&nbsp;Tampoco se dan cuenta de que, como parte de la afirmaci\u00f3n, algunas personas necesitan repetir su historia muchas veces, a veces a profesionales esc\u00e9pticos.&nbsp;Este proceso puede ser estresante para algunas personas.&nbsp;Tambi\u00e9n obliga a las personas a mirar hacia atr\u00e1s, a veces con enojo y frustraci\u00f3n y resentimiento, a eventos pasados \u200b\u200bque a veces pueden obstaculizar los intentos de rehabilitaci\u00f3n incluso cuando los s\u00edntomas son reales.<\/li><\/ol>\n\n\n\n<p>Este sitio web no alienta ni desalienta las reclamaciones de incapacidad, pero puede ser \u00fatil comprender c\u00f3mo pueden interactuar con los s\u00edntomas post-TCE.<\/p>\n","protected":false},"excerpt":{"rendered":"<p>El s\u00edndrome post-TCE es un conjunto de s\u00edntomas f\u00edsicos y cognitivos tras un golpe craneal.<\/p>\n","protected":false},"author":65,"featured_media":1638,"parent":939,"menu_order":265,"comment_status":"closed","ping_status":"closed","template":"page-template\/symptom-details-page-template.php","meta":[],"_links":{"self":[{"href":"https:\/\/pre-prod.neurosymptoms.org\/es_ES\/wp-json\/wp\/v2\/pages\/593"}],"collection":[{"href":"https:\/\/pre-prod.neurosymptoms.org\/es_ES\/wp-json\/wp\/v2\/pages"}],"about":[{"href":"https:\/\/pre-prod.neurosymptoms.org\/es_ES\/wp-json\/wp\/v2\/types\/page"}],"author":[{"embeddable":true,"href":"https:\/\/pre-prod.neurosymptoms.org\/es_ES\/wp-json\/wp\/v2\/users\/65"}],"replies":[{"embeddable":true,"href":"https:\/\/pre-prod.neurosymptoms.org\/es_ES\/wp-json\/wp\/v2\/comments?post=593"}],"version-history":[{"count":172,"href":"https:\/\/pre-prod.neurosymptoms.org\/es_ES\/wp-json\/wp\/v2\/pages\/593\/revisions"}],"predecessor-version":[{"id":15598,"href":"https:\/\/pre-prod.neurosymptoms.org\/es_ES\/wp-json\/wp\/v2\/pages\/593\/revisions\/15598"}],"up":[{"embeddable":true,"href":"https:\/\/pre-prod.neurosymptoms.org\/es_ES\/wp-json\/wp\/v2\/pages\/939"}],"wp:featuredmedia":[{"embeddable":true,"href":"https:\/\/pre-prod.neurosymptoms.org\/es_ES\/wp-json\/wp\/v2\/media\/1638"}],"wp:attachment":[{"href":"https:\/\/pre-prod.neurosymptoms.org\/es_ES\/wp-json\/wp\/v2\/media?parent=593"}],"curies":[{"name":"wp","href":"https:\/\/api.w.org\/{rel}","templated":true}]}}