{"id":596,"date":"2020-11-30T15:10:22","date_gmt":"2020-11-30T15:10:22","guid":{"rendered":"https:\/\/ftd.cognihealth.in\/?page_id=596"},"modified":"2025-05-29T03:16:20","modified_gmt":"2025-05-29T03:16:20","slug":"bladder-symptoms-and-fnd","status":"publish","type":"page","link":"https:\/\/pre-prod.neurosymptoms.org\/es_ES\/symptoms\/fnd-symptoms\/bladder-symptoms-and-fnd\/","title":{"rendered":"S\u00edntomas urinarios funcionales"},"content":{"rendered":"\n<p>Es com\u00fan tener s\u00edntomas urinarios junto con otros trastornos funcionales, sobre todo con dolor de espalda agudo o cr\u00f3nico. Los s\u00edntomas urinarios m\u00e1s frecuentes son:<\/p>\n\n\n\n<ul><li>Frecuencia urinaria (ir mucho al ba\u00f1o)<\/li><li>Urgencia urinaria (tener que apresurarse para ir al ba\u00f1o)<\/li><li>Accidentes ocasionales (p\u00e9rdidas de orina)<\/li><li>Disfunci\u00f3n miccional (dificultad para empezar a orinar o imposibilidad de orinar)<\/li><\/ul>\n\n\n\n<p>Como ocurre con todos los s\u00edntomas funcionales, es esencial que se eval\u00faen adecuadamente. En estos casos, el Neur\u00f3logo y el Ur\u00f3logo deben trabajar juntos para evaluar los s\u00edntomas de la vejiga, para saber si existe un problema estructural o lesi\u00f3n en el aparato urinario o en el sistema nervioso que controla la vejiga. En el caso de que no se encuentre una patolog\u00eda estructural, podr\u00eda tratarse de s\u00edntomas urinarios funcionales. <\/p>\n\n\n\n<p>No obstante, no es raro que alguien descubra que tiene s\u00edntomas vesicales para los que no existe una explicaci\u00f3n clara. A menudo,  las pruebas complementarias no ven lesi\u00f3n, pero el paciente recibe el diagn\u00f3stico de <em>inestabilidad del detrusor<\/em>, <em>s\u00edndrome de vejiga hiperactiva<\/em> o <em>s\u00edndrome de vejiga irritable<\/em>. En estos casos, se trata de un trastorno funcional en el que el cerebro provoca que el m\u00fasculo de la vejiga est\u00e9 inusualmente activo, lo que provoca un deseo de orinar con frecuencia y urgencia. Este problema es el equivalente en la vejiga al s\u00edndrome del intestino irritable (que es un trastorno funcional digestivo). Se trata de una aut\u00e9ntica afecci\u00f3n relacionada con el control nervioso de la vejiga.<\/p>\n\n\n\n<p>De hecho, pacientes con estos trastornos urinarios funcionales presentan de forma m\u00e1s frecuente debilidad funcional en las piernas. No es sorprendente, puesto que la debilidad funcional en las piernas tambi\u00e9n es un problema de control del cerebro. <\/p>\n\n\n\n<p><\/p>\n\n\n\n<h4><strong>Retenci\u00f3n urinaria cr\u00f3nica<\/strong><\/h4>\n\n\n\n<p>La retenci\u00f3n urinaria cr\u00f3nica se produce cuando la vejiga se llena y no se puede orinar en absoluto, o s\u00f3lo se puede orinar un poco, dejando mucha cantidad de orina en la vejiga. Hay muchas causas de retenci\u00f3n urinaria cr\u00f3nica, como problemas con la pr\u00f3stata en los hombres o estrechamiento de la uretra, que restringen la salida de la orina de la vejiga. Adem\u00e1s, las enfermedades neurol\u00f3gicas estructurales que afectan a la m\u00e9dula espinal pueden causar par\u00e1lisis de la vejiga.<\/p>\n\n\n\n<p>A\u00fan estamos aprendiendo mucho sobre la retenci\u00f3n urinaria cr\u00f3nica, pero estamos viendo que en algunas personas parece producirse por un trastorno neurol\u00f3gico funcional. <\/p>\n\n\n\n<p><\/p>\n\n\n\n<h4><strong>Sindrome de cola de caballo con esc\u00e1ner normal<\/strong><\/h4>\n\n\n\n<p>Una situaci\u00f3n en la que suelen observarse s\u00edntomas de vejiga sin ninguna evidencia clara de enfermedad neurol\u00f3gica es en los pacientes ingresados en el hospital con sospecha de hernia discal en la espalda. Los pacientes con fuertes dolores de espalda a veces presentan debilidad en las piernas, entumecimiento en las nalgas y s\u00edntomas vesicales que pueden parecer, cl\u00ednicamente, muy sospechosos de una hernia discal que comprime la m\u00e9dula o los nervios que bajan a la vejiga y piernas (este conjunto de nervios se denominan &#8220;la cola de caballo&#8221;). Una compresi\u00f3n de este tipo puede tratarse de un problema grave que requiera una intervenci\u00f3n quir\u00fargica urgente en la espalda para evitar secuelas.<\/p>\n\n\n\n<p>Pero cuando los pacientes en esta situaci\u00f3n se someten a un esc\u00e1ner o resonancia, alrededor de la mitad de ellos no tienen nada que comprima ni que explique los s\u00edntomas. A veces, hay otra causa de enfermedad neurol\u00f3gica que debe encontrarse por otros medios, como an\u00e1lisis o punciones lumbares. Pero aun haciendo estas pruebas, a menudo no hay ninguna causa identificable. En muchos casos, estos s\u00edntomas suelen coincidir con un fuerte dolor de espalda. <\/p>\n\n\n\n<p>Hoy d\u00eda se est\u00e1 descubriendo que estos s\u00edntomas de debilidad en piernas y s\u00edntomas urinarios pueden ser producidos por un trastorno neurol\u00f3gico funcional. El desencadenante m\u00e1s frecuente es ese dolor intenso de espalda, que activa la &#8220;alarma&#8221; cerebral y provoca el desarrollo de s\u00edntomas funcionales urinarios y de debilidad en miembros inferiores. <\/p>\n\n\n\n<p><\/p>\n\n\n\n<h4><strong>Tratamiento<\/strong><\/h4>\n\n\n\n<p>Los s\u00edntomas de vejiga irritable pueden tratarse a menudo de forma bastante eficaz con medicamentos que relajan la pared de la vejiga.<\/p>\n\n\n\n<p>Si tienes inestabilidad del detrusor o s\u00edntomas de vejiga irritable junto con otros s\u00edntomas, como dolor de espalda y debilidad en las piernas (y los an\u00e1lisis y esc\u00e1neres son normales), puede ser \u00fatil saber que todos ellos est\u00e1n relacionados entre s\u00ed, dentro de un TNF. <\/p>\n\n\n\n<p>Si tiene estos s\u00edntomas, puede que le convenga consultar a profesionales como enfermer\u00eda o fisioterapeuta especialista en s\u00edntomas urol\u00f3gicos, obviamente asesorado por Urolog\u00eda y Neurolog\u00eda. <\/p>\n","protected":false},"excerpt":{"rendered":"<p>Vejiga hiperactiva, retenci\u00f3n urinaria cr\u00f3nica y s\u00edndrome de cola de caballo.<\/p>\n","protected":false},"author":65,"featured_media":1627,"parent":937,"menu_order":284,"comment_status":"closed","ping_status":"closed","template":"page-template\/symptom-details-page-template.php","meta":[],"_links":{"self":[{"href":"https:\/\/pre-prod.neurosymptoms.org\/es_ES\/wp-json\/wp\/v2\/pages\/596"}],"collection":[{"href":"https:\/\/pre-prod.neurosymptoms.org\/es_ES\/wp-json\/wp\/v2\/pages"}],"about":[{"href":"https:\/\/pre-prod.neurosymptoms.org\/es_ES\/wp-json\/wp\/v2\/types\/page"}],"author":[{"embeddable":true,"href":"https:\/\/pre-prod.neurosymptoms.org\/es_ES\/wp-json\/wp\/v2\/users\/65"}],"replies":[{"embeddable":true,"href":"https:\/\/pre-prod.neurosymptoms.org\/es_ES\/wp-json\/wp\/v2\/comments?post=596"}],"version-history":[{"count":119,"href":"https:\/\/pre-prod.neurosymptoms.org\/es_ES\/wp-json\/wp\/v2\/pages\/596\/revisions"}],"predecessor-version":[{"id":15886,"href":"https:\/\/pre-prod.neurosymptoms.org\/es_ES\/wp-json\/wp\/v2\/pages\/596\/revisions\/15886"}],"up":[{"embeddable":true,"href":"https:\/\/pre-prod.neurosymptoms.org\/es_ES\/wp-json\/wp\/v2\/pages\/937"}],"wp:featuredmedia":[{"embeddable":true,"href":"https:\/\/pre-prod.neurosymptoms.org\/es_ES\/wp-json\/wp\/v2\/media\/1627"}],"wp:attachment":[{"href":"https:\/\/pre-prod.neurosymptoms.org\/es_ES\/wp-json\/wp\/v2\/media?parent=596"}],"curies":[{"name":"wp","href":"https:\/\/api.w.org\/{rel}","templated":true}]}}