{"id":602,"date":"2020-11-30T15:56:29","date_gmt":"2020-11-30T15:56:29","guid":{"rendered":"https:\/\/ftd.cognihealth.in\/?page_id=602"},"modified":"2025-01-27T04:00:19","modified_gmt":"2025-01-27T04:00:19","slug":"low-mood","status":"publish","type":"page","link":"https:\/\/pre-prod.neurosymptoms.org\/es_ES\/symptoms\/common-associated-symptoms\/low-mood\/","title":{"rendered":"Bajo estado de \u00e1nimo \/ Depresi\u00f3n"},"content":{"rendered":"\n<p>La depresi\u00f3n y el bajo estado de \u00e1nimo son comunes en pacientes con s\u00edntomas neurol\u00f3gicos funcionales y disociativos. Esta web no est\u00e1 dise\u00f1ada para cubrir estos s\u00edntomas en detalle, s\u00f3lo aportar informaci\u00f3n \u00fatil para entenderlos en el contexto del TNF. <\/p>\n\n\n\n<p class=\"has-text-align-center\"><em>&#8230;La depresi\u00f3n puede ser diagnosticada en una persona que no siente tristeza, pero ha perdido inter\u00e9s en las cosas, est\u00e1 cansada, tienen falta de concentraci\u00f3n, trastornos del sue\u00f1o y el apetito alterado\u2026<\/em><\/p>\n\n\n\n<p>Sin embargo hay dos cosas que vale la pena aclarar en relaci\u00f3n a los s\u00edntomas funcionales:<\/p>\n\n\n\n<p>\u2022 Si tienes depresi\u00f3n o bajo estado de \u00e1nimo, no quiere decir que sea la causa de tus s\u00edntomas funcionales. Es posible que te sientas molesto cuando los m\u00e9dicos u otros profesionales te preguntan c\u00f3mo te sientes emocionalmente, pero un buen m\u00e9dico siempre debe preguntar esto, independientemente de su diagn\u00f3stico. Por ejemplo, los pacientes con esclerosis m\u00faltiple pueden sufrir de ansiedad y depresi\u00f3n. Cuando las tienen, su calidad de vida generalmente no es tan buena, y hay que deterctarlas y mejorarlas para mejorar la calidad de vida global. Con s\u00edntomas funcionales la situaci\u00f3n no debe ser diferente.<\/p>\n\n\n\n<p>\u2022 Admitir depresi\u00f3n o bajo estado de \u00e1nimo no significa que est\u00e9s &#8216;chiflado&#8217; \/ &#8216;mal de la cabeza&#8217;\/ &#8216;d\u00e9bil de car\u00e1cter&#8217; o cualquiera de las otras cosas que algunas personas (tal vez incluso t\u00fa) piensan. Hay un gran estigma para este tipo de problemas y no siempre es f\u00e1cil de afrontar. Ver <a href=\"https:\/\/www.neurosymptoms.org\/es_ES\/causes\/fnd-is-not-imagined\/\" data-type=\"URL\" data-id=\"https:\/\/www.neurosymptoms.org\/es_ES\/causes\/fnd-is-not-imagined\/\">\u00bfMe lo estoy imaginando?<\/a>&nbsp;para m\u00e1s informaci\u00f3n sobre esto.<\/p>\n\n\n\n<p>\u2022 La causa m\u00e1s com\u00fan de s\u00edntomas depresivos en pacientes con s\u00edntomas funcionales es el bajo estado de \u00e1nimo acerca de los propios s\u00edntomas. \u00bfA qu\u00e9 se deben? \u00bfPor qu\u00e9 parece que nadie me cree? \u00bfMe estoy volviendo loco? \u00bfMe quedar\u00e9 incapacitado en el futuro? No obstante, el hecho de que el bajo estado de \u00e1nimo sea debido a los s\u00edntomas funcionales no quiere decir que no sea un bajo estado de \u00e1nimo o depresi\u00f3n real y relevante.<\/p>\n\n\n\n<p>Algo que puede sorprender es que es posible tener una depresi\u00f3n sin sentirse deprimido o triste. La depresi\u00f3n puede ser diagnosticada en una persona que no siente tristeza si ha perdido inter\u00e9s en las cosas, est\u00e1 cansado, tienen falta de concentraci\u00f3n, trastornos del sue\u00f1o y el apetito alterado. La depresi\u00f3n tambi\u00e9n puede manifestarse como sentimientos fuertes de frustraci\u00f3n y rabia.<\/p>\n\n\n\n<p>Muchos pacientes no se dan cuenta de lo que constituye un diagn\u00f3stico de depresi\u00f3n. A continuaci\u00f3n mostramos los criterios utilizados para hacer un diagn\u00f3stico de esta enfermedad por la Asociaci\u00f3n Americana de Psiquiatr\u00eda.<\/p>\n\n\n\n<div class=\"wp-container-1 wp-block-group has-background\" style=\"background-color:#eff2f4\"><div class=\"wp-block-group__inner-container\">\n<h3><strong>DEPRESI\u00d3N<\/strong><\/h3>\n\n\n\n<p>A. Cinco (o m\u00e1s) de los siguientes s\u00edntomas han estado presentes durante el mismo per\u00edodo de 2 semanas y representan un cambio respecto a la funci\u00f3n anterior, al menos uno de los s\u00edntomas debe ser (1) \u00e1nimo deprimido o (2) p\u00e9rdida de inter\u00e9s o placer.<\/p>\n\n\n\n<p>(1) estado de \u00e1nimo depresivo la mayor parte del d\u00eda, casi cada d\u00eda seg\u00fan lo indica el propio sujeto (por ejemplo, se siente triste o vac\u00edo) o la observaci\u00f3n realizada por otros (por ejemplo, llanto).<\/p>\n\n\n\n<p>(2) marcada disminuci\u00f3n del placer o el inter\u00e9s en todas o casi todas las actividades durante &nbsp;la mayor parte del d\u00eda, casi cada d\u00eda.<\/p>\n\n\n\n<p>(3) p\u00e9rdida significativa de peso sin hacer dieta voluntaria o aumento de peso (por ejemplo, un cambio de m\u00e1s del 5% del peso corporal en un mes), o disminuci\u00f3n o aumento del apetito casi cada d\u00eda.<\/p>\n\n\n\n<p>(4) insomnio o hipersomnia casi cada d\u00eda<\/p>\n\n\n\n<p>(5) agitaci\u00f3n o enlentecimiento psicomotores casi cada d\u00eda (observable por los dem\u00e1s, no meras sensaciones de inquietud o de estar enlentecido)<\/p>\n\n\n\n<p>(6) fatiga o p\u00e9rdida de energ\u00eda casi cada d\u00eda<\/p>\n\n\n\n<p>(7) sentimientos de inutilidad o de culpa excesivos o inapropiados (que pueden ser delirantes) casi cada d\u00eda (no los simples autorreproches o culpabilidad por estar enfermo)<\/p>\n\n\n\n<p>(8) disminuci\u00f3n de la capacidad para pensar o concentrarse, o indecisi\u00f3n, casi cada d\u00eda (ya sea una atribuci\u00f3n subjetiva o una observaci\u00f3n ajena)<\/p>\n\n\n\n<p>(9) pensamientos recurrentes de muerte (no s\u00f3lo temor a la muerte), ideaci\u00f3n suicida recurrente sin un plan espec\u00edfico o una tentativa de suicidio o un plan espec\u00edfico para suicidarse<\/p>\n\n\n\n<p>B. Los s\u00edntomas no son debidos a trastorno bipolar.<\/p>\n\n\n\n<p>C. Los s\u00edntomas provocan malestar cl\u00ednicamente significativo o deterioro en importantes \u00e1reas sociales, ocupacionales o de otro tipo de funcionamiento.<\/p>\n\n\n\n<p>D. Los s\u00edntomas no son debido a los efectos fisiol\u00f3gicos directos de una sustancia (por ejemplo, una droga de abuso, un medicamento) o una condici\u00f3n m\u00e9dica general (por ejemplo, hipotiroidismo).<\/p>\n\n\n\n<p>E. Los s\u00edntomas no se explican mejor por la presencia de luto, es decir, despu\u00e9s de la p\u00e9rdida de un ser querido, los s\u00edntomas persisten durante m\u00e1s de 2 meses o son graves.<\/p>\n<\/div><\/div>\n","protected":false},"excerpt":{"rendered":"<p>Depresi\u00f3n, p\u00e9rdida de inter\u00e9s, \u00e1nimo bajo, pueden ocurrir en los TNF.<\/p>\n","protected":false},"author":65,"featured_media":0,"parent":939,"menu_order":269,"comment_status":"closed","ping_status":"closed","template":"page-template\/symptom-details-page-template.php","meta":[],"_links":{"self":[{"href":"https:\/\/pre-prod.neurosymptoms.org\/es_ES\/wp-json\/wp\/v2\/pages\/602"}],"collection":[{"href":"https:\/\/pre-prod.neurosymptoms.org\/es_ES\/wp-json\/wp\/v2\/pages"}],"about":[{"href":"https:\/\/pre-prod.neurosymptoms.org\/es_ES\/wp-json\/wp\/v2\/types\/page"}],"author":[{"embeddable":true,"href":"https:\/\/pre-prod.neurosymptoms.org\/es_ES\/wp-json\/wp\/v2\/users\/65"}],"replies":[{"embeddable":true,"href":"https:\/\/pre-prod.neurosymptoms.org\/es_ES\/wp-json\/wp\/v2\/comments?post=602"}],"version-history":[{"count":77,"href":"https:\/\/pre-prod.neurosymptoms.org\/es_ES\/wp-json\/wp\/v2\/pages\/602\/revisions"}],"predecessor-version":[{"id":15852,"href":"https:\/\/pre-prod.neurosymptoms.org\/es_ES\/wp-json\/wp\/v2\/pages\/602\/revisions\/15852"}],"up":[{"embeddable":true,"href":"https:\/\/pre-prod.neurosymptoms.org\/es_ES\/wp-json\/wp\/v2\/pages\/939"}],"wp:attachment":[{"href":"https:\/\/pre-prod.neurosymptoms.org\/es_ES\/wp-json\/wp\/v2\/media?parent=602"}],"curies":[{"name":"wp","href":"https:\/\/api.w.org\/{rel}","templated":true}]}}