{"id":606,"date":"2020-11-30T16:08:47","date_gmt":"2020-11-30T16:08:47","guid":{"rendered":"https:\/\/ftd.cognihealth.in\/?page_id=606"},"modified":"2024-11-01T03:44:36","modified_gmt":"2024-11-01T03:44:36","slug":"visuals-symptoms","status":"publish","type":"page","link":"https:\/\/pre-prod.neurosymptoms.org\/es_ES\/symptoms\/fnd-symptoms\/visuals-symptoms\/","title":{"rendered":"S\u00edntomas visuales funcionales"},"content":{"rendered":"\n<p>Los s\u00edntomas visuales pueden ser funcionales o disociativos. Los siguientes tipos de s\u00edntomas son bastante frecuentes:<\/p>\n\n\n\n<p><\/p>\n\n\n\n<h4><strong>Visi\u00f3n borrosa<\/strong><\/h4>\n\n\n\n<p>Normalmente las personas se quejan de que su visi\u00f3n se vuelve &#8220;borrosa&#8221; de forma intermitente y tienen que entornar los ojos para que todo vuelva a la normalidad. A veces, la visi\u00f3n puede ser incluso doble. Este \u00faltimo s\u00edntoma suele deberse a un &#8220;espasmo de convergencia&#8221;. Esto ocurre cuando uno de los ojos &#8220;gira&#8221; demasiado activamente hacia la nariz. La convergencia es un movimiento ocular normal, pero a veces se vuelve hiperactivo en personas con TNF o s\u00edntomas neurol\u00f3gicos funcionales.<\/p>\n\n\n\n<p><\/p>\n\n\n\n<h4><strong>Sensibilidad a la luz (fotofobia)<\/strong><\/h4>\n\n\n\n<p>Es frecuente en personas con migra\u00f1a cr\u00f3nica y s\u00edndrome de fatiga cr\u00f3nica. Tambi\u00e9n puede darse en personas con TNF. La luz intensa puede incluso empeorar los s\u00edntomas del TNF. Una respuesta natural a este s\u00edntoma suele ser llevar gafas oscuras. El problema es que esto tiende a empeorar el s\u00edntoma, pues hace que los ojos sean a\u00fan m\u00e1s sensibles a la luz. La mejor forma de tratar la sensibilidad a la luz es exponer gradualmente los ojos a m\u00e1s y m\u00e1s luz a lo largo del tiempo. Pero es necesario hacerlo gradualmente.<\/p>\n\n\n\n<p><\/p>\n\n\n\n<h4><strong>Visi\u00f3n reducida<\/strong><\/h4>\n\n\n\n<p>M\u00e1s raramente, las personas pueden experimentar una p\u00e9rdida significativa de visi\u00f3n en uno o ambos ojos. En ocasiones, las personas no pueden ver nada en absoluto. En este caso, el diagn\u00f3stico de ceguera funcional se realizar\u00e1 mediante pruebas que demuestren que las pupilas reaccionan con normalidad, que los ojos reaccionan a un est\u00edmulo en movimiento y que las partes del cerebro relacionadas con la visi\u00f3n est\u00e1n intactas.<\/p>\n\n\n\n<p>Las personas con s\u00edntomas visuales funcionales pueden presentar hallazgos cl\u00ednicos como un &#8220;defecto de campo tubular&#8221; o campos en espiral cuando se someten a pruebas de campo visual (ver las im\u00e1genes siguientes).<\/p>\n\n\n\n<figure class=\"wp-block-image size-large is-resized\"><img loading=\"lazy\" src=\"https:\/\/pre-prod.neurosymptoms.org\/wp-content\/uploads\/2023\/01\/Visual-Symptom-Image-1.png\" alt=\"\" class=\"wp-image-11924\" width=\"335\" height=\"299\" srcset=\"https:\/\/pre-prod.neurosymptoms.org\/wp-content\/uploads\/2023\/01\/Visual-Symptom-Image-1.png 329w, https:\/\/pre-prod.neurosymptoms.org\/wp-content\/uploads\/2023\/01\/Visual-Symptom-Image-1-300x268.png 300w\" sizes=\"(max-width: 335px) 100vw, 335px\" \/><figcaption>Los campos tubulares (en vez de c\u00f3nicos) son un signo de s\u00edntomas visuales funcionales.<\/figcaption><\/figure>\n\n\n\n<figure class=\"wp-block-image size-large is-resized\"><img loading=\"lazy\" src=\"https:\/\/pre-prod.neurosymptoms.org\/wp-content\/uploads\/2023\/01\/Visual-Symptom-Image-2.png\" alt=\"\" class=\"wp-image-11925\" width=\"319\" height=\"282\" srcset=\"https:\/\/pre-prod.neurosymptoms.org\/wp-content\/uploads\/2023\/01\/Visual-Symptom-Image-2.png 313w, https:\/\/pre-prod.neurosymptoms.org\/wp-content\/uploads\/2023\/01\/Visual-Symptom-Image-2-300x265.png 300w\" sizes=\"(max-width: 319px) 100vw, 319px\" \/><figcaption>Los &#8220;campos en espiral&#8221; se observan en pruebas de campo visual realizadas por el Oftalm\u00f3logo y pueden ser un signo de s\u00edntomas visuales funcionales.<\/figcaption><\/figure>\n\n\n\n<p><br \/>El tipo m\u00e1s com\u00fan de deficiencia visual funcional suele presentarse en forma de visi\u00f3n borrosa intermitente, es decir, que las personas no ven bien por un ojo cuando se tapan el otro. Es especialmente frecuente que la visi\u00f3n de una persona parezca mucho peor cuando se somete a una prueba ocular o es examinada por un m\u00e9dico, que en el d\u00eda a d\u00eda. Una caracter\u00edstica com\u00fan de muchos s\u00edntomas funcionales es que empeoran cuando alguien se concentra en ellos o intenta controlarlos voluntariamente, y mejoran con la distracci\u00f3n o con las actividades autom\u00e1ticas.<\/p>\n\n\n\n<p>No hay muchos estudios sobre el tratamiento de la p\u00e9rdida visual funcional.<\/p>\n\n\n\n<p>El dr. Jon Stone escribi\u00f3 su experiencia en el tratamiento de dos pacientes con ceguera funcional en este art\u00edculo: https:\/\/pn.bmj.com\/content\/19\/2\/168.long<\/p>\n\n\n\n<p><\/p>\n\n\n\n<h4><strong>&#8220;Nieve visual&#8221; y fen\u00f3menos de persistencia visual<\/strong><\/h4>\n\n\n\n<p>En ocasiones, las personas pueden percibir sensaci\u00f3n de &#8220;efecto nieve&#8221; en la visi\u00f3n, sobre todo cuando miran fondos blancos. Esto ocurre en personas sanas y normalmente el cerebro &#8220;bloquea&#8221; esta informaci\u00f3n visual, de forma que no somos siempre conscientes de que esto est\u00e1 o existe. Esta sensaci\u00f3n puede intensificarse en diversos procesos  oculares o cerebrales. Este fen\u00f3meno se le denomina &#8220;nieve visual&#8221;. Estudios recientes han relacionado la nieve visual con la migra\u00f1a. <\/p>\n\n\n\n<p>Otro fen\u00f3meno es la capacidad de ver la persistencia de las im\u00e1genes visuales, sobre todo despu\u00e9s de haber estado mirando algo durante un rato o si se intenta seguir un objeto que se mueve r\u00e1pidamente. Esto se llama &#8220;persistencia visual&#8221;. Al igual que la nieve visual, es muy importante excluir una causa neurol\u00f3gica u oftalmol\u00f3gica, pero puede producirse como parte de un trastorno funcional. Puede deberse al mismo problema del mecanismo normal de &#8220;filtrado&#8221; del cerebro de la informaci\u00f3n visual.  <\/p>\n\n\n\n<p>En https:\/\/www.visualsnowinitiative.org\/ hay una organizaci\u00f3n para personas con nieve visual.<\/p>\n","protected":false},"excerpt":{"rendered":"<p>Visi\u00f3n borrosa, p\u00e9rdida de campo visual, visi\u00f3n doble, &#8220;nieve visual&#8221;. <\/p>\n","protected":false},"author":65,"featured_media":0,"parent":937,"menu_order":286,"comment_status":"closed","ping_status":"closed","template":"page-template\/symptom-details-page-template.php","meta":[],"_links":{"self":[{"href":"https:\/\/pre-prod.neurosymptoms.org\/es_ES\/wp-json\/wp\/v2\/pages\/606"}],"collection":[{"href":"https:\/\/pre-prod.neurosymptoms.org\/es_ES\/wp-json\/wp\/v2\/pages"}],"about":[{"href":"https:\/\/pre-prod.neurosymptoms.org\/es_ES\/wp-json\/wp\/v2\/types\/page"}],"author":[{"embeddable":true,"href":"https:\/\/pre-prod.neurosymptoms.org\/es_ES\/wp-json\/wp\/v2\/users\/65"}],"replies":[{"embeddable":true,"href":"https:\/\/pre-prod.neurosymptoms.org\/es_ES\/wp-json\/wp\/v2\/comments?post=606"}],"version-history":[{"count":111,"href":"https:\/\/pre-prod.neurosymptoms.org\/es_ES\/wp-json\/wp\/v2\/pages\/606\/revisions"}],"predecessor-version":[{"id":15610,"href":"https:\/\/pre-prod.neurosymptoms.org\/es_ES\/wp-json\/wp\/v2\/pages\/606\/revisions\/15610"}],"up":[{"embeddable":true,"href":"https:\/\/pre-prod.neurosymptoms.org\/es_ES\/wp-json\/wp\/v2\/pages\/937"}],"wp:attachment":[{"href":"https:\/\/pre-prod.neurosymptoms.org\/es_ES\/wp-json\/wp\/v2\/media?parent=606"}],"curies":[{"name":"wp","href":"https:\/\/api.w.org\/{rel}","templated":true}]}}