{"id":631,"date":"2020-12-01T02:51:31","date_gmt":"2020-12-01T02:51:31","guid":{"rendered":"https:\/\/ftd.cognihealth.in\/?page_id=631"},"modified":"2025-01-27T04:01:41","modified_gmt":"2025-01-27T04:01:41","slug":"understanding-fnd","status":"publish","type":"page","link":"https:\/\/pre-prod.neurosymptoms.org\/es_ES\/treatment\/understanding-fnd\/","title":{"rendered":"Entendiendo los TNF"},"content":{"rendered":"\n<p>Es importante que entiendas que sin una correcta comprensi\u00f3n de lo que son los trastornos neurol\u00f3gicos funcionales y los mecanismos de c\u00f3mo se originan, es muy dif\u00edcil emprender un tratamiento y una recuperaci\u00f3n. <\/p>\n\n\n\n<p>Si a\u00fan no ha le\u00eddo las p\u00e1ginas sobre las <a href=\"https:\/\/www.neurosymptoms.org\/es_ES\/causes\/\">Causas<\/a>, puede que le resulte \u00fatil hacerlo antes de seguir leyendo.<\/p>\n\n\n\n<p>Casi nunca hay &#8220;soluciones r\u00e1pidas&#8221; para un TNF, pero s\u00ed &#8220;soluciones lentas&#8221; que, con tiempo y esfuerzo, pueden hacer que los s\u00edntomas sean menos molestos y te permitan mejorar o incluso curarte.<\/p>\n\n\n\n<p>Las personas con TNF que consiguen mejorar dicen que uno de los factores m\u00e1s importantes en su recuperaci\u00f3n fue si el diagn\u00f3stico y la explicaci\u00f3n que les dieron ten\u00eda sentido para ellos, quiz\u00e1s no inmediatamente, pero s\u00ed con el tiempo.<\/p>\n\n\n\n<p>Los pasos clave para entender bien el diagn\u00f3stico son:<\/p>\n\n\n\n<ol><li>Los TNF son trastornos frecuentes, no son casos raros o incomprensibles. Muchos pacientes se pasan meses o a\u00f1os viendo a muchos m\u00e9dicos, pensando que son un misterio m\u00e9dico, hasta que consiguen dar con el diagn\u00f3stico real. <\/li><li>Los s\u00edntomas funcionales son reales, no son imaginados ni est\u00e1n en la &#8220;mente&#8221;. Hoy con t\u00e9cnicas de resonancia funcional podemos ver c\u00f3mo &#8220;malfuncionan&#8221; los cerebros de los pacientes con TNF, incapaces de controlar sus s\u00edntomas de forma voluntaria. <\/li><li>Los s\u00edntomas no son &#8220;debidos a la ansiedad o a la depresi\u00f3n&#8221;. Muchos pacientes con TNF no tienen ansiedad ni depresi\u00f3n. Los s\u00edntomas emocionales pueden jugar un papel de vulnerabilidad a padecer un TNF, pero son s\u00f3lo un factor de riesgo m\u00e1s dentro de un trastorno mucho m\u00e1s complejo. <\/li><li>Los s\u00edntomas funcionales son potencialmente reversibles, pues no hay una lesi\u00f3n o da\u00f1o permanente en el cerebro. Existe un h\u00e1bito de funcionamiento an\u00f3malo, que puede ser reentrenable. <\/li><li>No es culpa tuya tener estos s\u00edntomas. Muchos pacientes tienen sentimientos de que los s\u00edntomas se los causan ellos mismos, nada m\u00e1s lejos de la realidad. Son s\u00edntomas independientes a la voluntad. Sin embargo, la mejor\u00eda siempre sale de la propia persona y de su motivaci\u00f3n en mejorar (no existen tratamientos pasivos). <\/li><\/ol>\n\n\n\n<p>Si tu m\u00e9dico es especialista en TNF, te habr\u00e1 redactado un informe, hecho una explicaci\u00f3n en consulta, o bien te habr\u00e1 facilitado esta p\u00e1gina web. Intenta leer toda la informaci\u00f3n y comprenderla. <\/p>\n\n\n\n<p>Si llegas a un punto en el que crees que el diagn\u00f3stico tiene sentido, ya no te preocupa la posibilidad de otro diagn\u00f3stico, te das cuenta de que muchas otras personas tambi\u00e9n lo padecen y es algo de lo que puedes mejorar potencialmente, entonces es un buen comienzo para este apartado de tratamiento.<\/p>\n\n\n\n<p>Sin embargo, no todo el mundo lo acepta y lo entiende tan r\u00e1pido. Date tiempo para asentar los conceptos y explorar tus s\u00edntomas. Muchos pacientes llevan a\u00f1os con un modelo de enfermedad totalmente distinto y &#8220;err\u00f3neo&#8221; de lo que le est\u00e1 pasando, y cambiarlo no siempre ocurre de la noche a la ma\u00f1ana. <\/p>\n","protected":false},"excerpt":{"rendered":"<p>Entender el diagn\u00f3stico es el paso fundamental a la recuperaci\u00f3n. <\/p>\n","protected":false},"author":65,"featured_media":0,"parent":1012,"menu_order":289,"comment_status":"closed","ping_status":"closed","template":"page-template\/symptom-details-page-template.php","meta":[],"_links":{"self":[{"href":"https:\/\/pre-prod.neurosymptoms.org\/es_ES\/wp-json\/wp\/v2\/pages\/631"}],"collection":[{"href":"https:\/\/pre-prod.neurosymptoms.org\/es_ES\/wp-json\/wp\/v2\/pages"}],"about":[{"href":"https:\/\/pre-prod.neurosymptoms.org\/es_ES\/wp-json\/wp\/v2\/types\/page"}],"author":[{"embeddable":true,"href":"https:\/\/pre-prod.neurosymptoms.org\/es_ES\/wp-json\/wp\/v2\/users\/65"}],"replies":[{"embeddable":true,"href":"https:\/\/pre-prod.neurosymptoms.org\/es_ES\/wp-json\/wp\/v2\/comments?post=631"}],"version-history":[{"count":104,"href":"https:\/\/pre-prod.neurosymptoms.org\/es_ES\/wp-json\/wp\/v2\/pages\/631\/revisions"}],"predecessor-version":[{"id":15919,"href":"https:\/\/pre-prod.neurosymptoms.org\/es_ES\/wp-json\/wp\/v2\/pages\/631\/revisions\/15919"}],"up":[{"embeddable":true,"href":"https:\/\/pre-prod.neurosymptoms.org\/es_ES\/wp-json\/wp\/v2\/pages\/1012"}],"wp:attachment":[{"href":"https:\/\/pre-prod.neurosymptoms.org\/es_ES\/wp-json\/wp\/v2\/media?parent=631"}],"curies":[{"name":"wp","href":"https:\/\/api.w.org\/{rel}","templated":true}]}}