{"id":1010,"date":"2021-01-26T05:08:12","date_gmt":"2021-01-26T05:08:12","guid":{"rendered":"https:\/\/ftd.cognihealth.in\/?page_id=1010"},"modified":"2025-01-27T03:45:28","modified_gmt":"2025-01-27T03:45:28","slug":"causes","status":"publish","type":"page","link":"https:\/\/pre-prod.neurosymptoms.org\/fi\/causes\/","title":{"rendered":"Syyt"},"content":{"rendered":"\n<p>\u201cMiksi n\u00e4in on tapahtunut?\u201d on luonnollinen kysymys esitt\u00e4\u00e4 ongelmatilanteissa. Toiminnallisten neurologisten oireiden yhteydess\u00e4 \u201dMiksi n\u00e4in on tapahtunut?\u201d on kuitenkin t\u00e4rke\u00e4\u00e4 erottaa kysymyksest\u00e4 \u201dMik\u00e4 kehossani on ei toimi kunnolla ja aiheuttaa n\u00e4m\u00e4 oireet?\u201d.<\/p>\n\n\n\n<p>N\u00e4m\u00e4 kysymykset ovat kaksi eri asiaa, ja niihin on kaksi eri vastausta.<\/p>\n","protected":false},"excerpt":{"rendered":"<p><!-- wp:paragraph --><\/p>\n<p>\u201cMiksi n\u00e4in on tapahtunut?\u201d on luonnollinen kysymys esitt\u00e4\u00e4 ongelmatilanteissa. Toiminnallisten neurologisten oireiden yhteydess\u00e4 \u201dMiksi n\u00e4in on tapahtunut?\u201d on kuitenkin t\u00e4rke\u00e4\u00e4 erottaa kysymyksest\u00e4 \u201dMik\u00e4 kehossani on ei toi&#8230;<\/p>\n","protected":false},"author":65,"featured_media":0,"parent":0,"menu_order":155,"comment_status":"closed","ping_status":"closed","template":"page-template\/symtoms-type.php","meta":[],"_links":{"self":[{"href":"https:\/\/pre-prod.neurosymptoms.org\/fi\/wp-json\/wp\/v2\/pages\/1010"}],"collection":[{"href":"https:\/\/pre-prod.neurosymptoms.org\/fi\/wp-json\/wp\/v2\/pages"}],"about":[{"href":"https:\/\/pre-prod.neurosymptoms.org\/fi\/wp-json\/wp\/v2\/types\/page"}],"author":[{"embeddable":true,"href":"https:\/\/pre-prod.neurosymptoms.org\/fi\/wp-json\/wp\/v2\/users\/65"}],"replies":[{"embeddable":true,"href":"https:\/\/pre-prod.neurosymptoms.org\/fi\/wp-json\/wp\/v2\/comments?post=1010"}],"version-history":[{"count":83,"href":"https:\/\/pre-prod.neurosymptoms.org\/fi\/wp-json\/wp\/v2\/pages\/1010\/revisions"}],"predecessor-version":[{"id":15849,"href":"https:\/\/pre-prod.neurosymptoms.org\/fi\/wp-json\/wp\/v2\/pages\/1010\/revisions\/15849"}],"wp:attachment":[{"href":"https:\/\/pre-prod.neurosymptoms.org\/fi\/wp-json\/wp\/v2\/media?parent=1010"}],"curies":[{"name":"wp","href":"https:\/\/api.w.org\/{rel}","templated":true}]}}