{"id":1147,"date":"2021-02-25T13:16:52","date_gmt":"2021-02-25T13:16:52","guid":{"rendered":"https:\/\/ftd.cognihealth.in\/?page_id=1147"},"modified":"2023-01-27T03:35:17","modified_gmt":"2023-01-27T03:35:17","slug":"media","status":"publish","type":"page","link":"https:\/\/pre-prod.neurosymptoms.org\/fi\/media\/","title":{"rendered":"Media"},"content":{"rendered":"\n<p>N\u00e4m\u00e4 viisi videota esittelev\u00e4t lyhyesti toiminnallisia oireita.  Niiden alkuper\u00e4inen toteuttaja on Alex Lehn, Australialainen neurologi. Videot on tuottanut yhteisty\u00f6ss\u00e4 Australian FND network ja Explanimate.<\/p>\n\n\n\n<p><a href=\"https:\/\/www.neurosymptoms.org\/en_US\/fnd-videos\/\" data-type=\"URL\" data-id=\"https:\/\/www.neurosymptoms.org\/en_US\/fnd-videos\/\">Alkuper\u00e4isill\u00e4 neurosymptoms.org-sivuilla<\/a> on my\u00f6s laaja valikoima muita videoita ja podcasteja, jotka k\u00e4sittelev\u00e4t aihetta. <\/p>\n","protected":false},"excerpt":{"rendered":"<p><!-- wp:paragraph --><\/p>\n<p>N\u00e4m\u00e4 viisi videota esittelev\u00e4t lyhyesti toiminnallisia oireita.  Niiden alkuper\u00e4inen toteuttaja on Alex Lehn, Australialainen neurologi. Videot on tuottanut yhteisty\u00f6ss\u00e4 Australian FND network ja Explanimate.<\/p>\n<p><!-- \/wp:par...\n<\/p>\n","protected":false},"author":1,"featured_media":0,"parent":0,"menu_order":165,"comment_status":"closed","ping_status":"closed","template":"page-template\/videos.php","meta":[],"_links":{"self":[{"href":"https:\/\/pre-prod.neurosymptoms.org\/fi\/wp-json\/wp\/v2\/pages\/1147"}],"collection":[{"href":"https:\/\/pre-prod.neurosymptoms.org\/fi\/wp-json\/wp\/v2\/pages"}],"about":[{"href":"https:\/\/pre-prod.neurosymptoms.org\/fi\/wp-json\/wp\/v2\/types\/page"}],"author":[{"embeddable":true,"href":"https:\/\/pre-prod.neurosymptoms.org\/fi\/wp-json\/wp\/v2\/users\/1"}],"replies":[{"embeddable":true,"href":"https:\/\/pre-prod.neurosymptoms.org\/fi\/wp-json\/wp\/v2\/comments?post=1147"}],"version-history":[{"count":25,"href":"https:\/\/pre-prod.neurosymptoms.org\/fi\/wp-json\/wp\/v2\/pages\/1147\/revisions"}],"predecessor-version":[{"id":12698,"href":"https:\/\/pre-prod.neurosymptoms.org\/fi\/wp-json\/wp\/v2\/pages\/1147\/revisions\/12698"}],"wp:attachment":[{"href":"https:\/\/pre-prod.neurosymptoms.org\/fi\/wp-json\/wp\/v2\/media?parent=1147"}],"curies":[{"name":"wp","href":"https:\/\/api.w.org\/{rel}","templated":true}]}}