{"id":1150,"date":"2021-02-25T13:20:43","date_gmt":"2021-02-25T13:20:43","guid":{"rendered":"https:\/\/ftd.cognihealth.in\/?page_id=1150"},"modified":"2024-06-30T10:41:00","modified_gmt":"2024-06-30T10:41:00","slug":"stories","status":"publish","type":"page","link":"https:\/\/pre-prod.neurosymptoms.org\/fi\/stories\/","title":{"rendered":"Tarinat"},"content":{"rendered":"\n<p>T\u00e4ll\u00e4 sivustolla on koostettuna potilaskertomuksia toiminnallisista h\u00e4iri\u00f6ist\u00e4. Kertomukset ovat p\u00e4\u00e4osin englanniksi. Mik\u00e4li olet halukas l\u00e4hett\u00e4m\u00e4\u00e4n kertomuksen voit olla yhteydess\u00e4 osoitteeseen: fndsuomi@gmail.com<\/p>\n","protected":false},"excerpt":{"rendered":"<p><!-- wp:paragraph --><\/p>\n<p>T\u00e4ll\u00e4 sivustolla on koostettuna potilaskertomuksia toiminnallisista h\u00e4iri\u00f6ist\u00e4. Kertomukset ovat p\u00e4\u00e4osin englanniksi. Mik\u00e4li olet halukas l\u00e4hett\u00e4m\u00e4\u00e4n kertomuksen voit olla yhteydess\u00e4 osoitteeseen: fndsuomi@gmail.com<\/p>\n<p><!-- ...\n<\/p>\n","protected":false},"author":65,"featured_media":0,"parent":0,"menu_order":210,"comment_status":"closed","ping_status":"closed","template":"page-template\/stories.php","meta":[],"_links":{"self":[{"href":"https:\/\/pre-prod.neurosymptoms.org\/fi\/wp-json\/wp\/v2\/pages\/1150"}],"collection":[{"href":"https:\/\/pre-prod.neurosymptoms.org\/fi\/wp-json\/wp\/v2\/pages"}],"about":[{"href":"https:\/\/pre-prod.neurosymptoms.org\/fi\/wp-json\/wp\/v2\/types\/page"}],"author":[{"embeddable":true,"href":"https:\/\/pre-prod.neurosymptoms.org\/fi\/wp-json\/wp\/v2\/users\/65"}],"replies":[{"embeddable":true,"href":"https:\/\/pre-prod.neurosymptoms.org\/fi\/wp-json\/wp\/v2\/comments?post=1150"}],"version-history":[{"count":51,"href":"https:\/\/pre-prod.neurosymptoms.org\/fi\/wp-json\/wp\/v2\/pages\/1150\/revisions"}],"predecessor-version":[{"id":14750,"href":"https:\/\/pre-prod.neurosymptoms.org\/fi\/wp-json\/wp\/v2\/pages\/1150\/revisions\/14750"}],"wp:attachment":[{"href":"https:\/\/pre-prod.neurosymptoms.org\/fi\/wp-json\/wp\/v2\/media?parent=1150"}],"curies":[{"name":"wp","href":"https:\/\/api.w.org\/{rel}","templated":true}]}}