{"id":1701,"date":"2021-04-07T02:48:25","date_gmt":"2021-04-07T02:48:25","guid":{"rendered":"https:\/\/ftd.cognihealth.in\/?page_id=1701"},"modified":"2023-02-17T21:01:20","modified_gmt":"2023-02-17T21:01:20","slug":"about","status":"publish","type":"page","link":"https:\/\/pre-prod.neurosymptoms.org\/fi\/about\/","title":{"rendered":"About"},"content":{"rendered":"\n<figure class=\"wp-block-image is-resized\"><img loading=\"lazy\" src=\"https:\/\/pre-prod.neurosymptoms.org\/wp-content\/uploads\/2022\/01\/a7ad8d7a-b235-4cac-b3c4-493b536c76be.jpg\" alt=\"Jon Stone\" width=\"296\" height=\"400\" title=\"Jon Stone\"\/><\/figure>\n\n\n\n<h4>Jon Stone&nbsp;(Professori)<br \/>MBChB FRCP PhD<\/h4>\n\n\n\n<p>Neurologian erikoisl\u00e4\u00e4k\u00e4ri (NHS Lothian) &amp; Neurologian professori (University of Edinbugh)<\/p>\n\n\n\n<p>Loin t\u00e4m\u00e4n sivun vuonna 2009 niit\u00e4 ihmisi\u00e4 varten, jotka sairastavat toiminnallisia neurologisia h\u00e4iri\u00f6it\u00e4 tai k\u00e4rsiv\u00e4t niiden oireista. K\u00e4sit\u00e4n, ett\u00e4 on my\u00f6s t\u00e4rke\u00e4 tiet\u00e4\u00e4 mist\u00e4 t\u00e4m\u00e4 tieto tulee. <\/p>\n\n\n\n<p>Olen neurologi Edinburghista, Skotlannista. Olen tehnyt t\u00e4m\u00e4n alueen tutkimusta Edinburghilaisen kollegani Alan Carsonin ja muiden kanssa vuodesta 1999 l\u00e4htien. Tutkimuksemme on ensisijaisesti koskenut toiminnallisten neurologisten h\u00e4iri\u00f6iden kliinisi\u00e4 piirteit\u00e4 ja n\u00e4iden hoitoa. Teemme ty\u00f6t\u00e4mme, koska meit\u00e4 kiinnostaa tiedon ja ymm\u00e4rryksen lis\u00e4\u00e4minen ja my\u00f6s asenteiden muuttaminen toiminnallisissa neurologissa h\u00e4iri\u00f6iss\u00e4<\/p>\n\n\n\n<p>Voit lukea lis\u00e4\u00e4 tutkimuksestamme ja ryhm\u00e4st\u00e4mme&nbsp;<a rel=\"noreferrer noopener\" href=\"https:\/\/www.ed.ac.uk\/clinical-brain-sciences\/research\/diagnoses-disease-targets\/functional-disorders\" target=\"_blank\">Edinburghin yliopiston sivuilta<\/a><\/p>\n\n\n\n<p>Tweettaan nimell\u00e4&nbsp;<a rel=\"noreferrer noopener\" href=\"https:\/\/twitter.com\/jonstoneneuro\" target=\"_blank\">@jonstoneneuro<\/a><\/p>\n\n\n\n<p>Yhdess\u00e4 Mark Hallettin ja Alan Carsonin kanssa olemme my\u00f6s luoneet kansainv\u00e4lisen toiminnallisiin neurologisiin h\u00e4iri\u00f6ihin keskittyneen yhteis\u00f6n &#8211;  <a href=\"http:\/\/www.fndsociety.org\/\">www.fndsociety.org<\/a>&nbsp;&#8211; jonka tarkoituksena on lis\u00e4t\u00e4 ammattilaisten tietoa toiminnallisista h\u00e4ir\u00f6ist\u00e4. <\/p>\n\n\n\n<p>En valitettavasti voi k\u00e4yd\u00e4 kirjeenvaihtoa potilaiden kanssa heid\u00e4n tilanteestaan, enk\u00e4 ota vastaan potilaita Skotlannin ulkopuolelta. Toivon, ett\u00e4 sivuston tieto on sinulle hy\u00f6dyllist\u00e4. <\/p>\n\n\n\n<h4>Yhteisty\u00f6tahoni<\/h4>\n\n\n\n<p>I am grateful to a large and thriving community of people with FND and health professionals with a passion to improve our understanding and treatment of FND around the world.&nbsp;<\/p>\n\n\n\n<p>Olen kiitollinen suuresta joukosta ammattilaisia ja potilaita ymp\u00e4ri maailmaa, joilla on intohimo lis\u00e4t\u00e4 ymm\u00e4rryst\u00e4mme toiminnallisista h\u00e4iri\u00f6ist\u00e4. <\/p>\n\n\n\n<p>Minun lis\u00e4kseni t\u00e4lle sivustolle ovat kirjoittaneet<\/p>\n\n\n\n<ul><li>Prof Alan Carson, Neuropsykiatri, Royal Infirmary of Edinburgh<\/li><li>Dr Ingrid Hoeritzauer, Neurologi, Royal Infirmary of Edinburgh<\/li><li>Dr Laura McWhirter, Neuropsykiatri, Royal Infirmary of Edinburgh<\/li><li>Clare Nicholson, Toimintaterapeutti National Hospital for Neurology and Neurosurgery, London<\/li><li>Jan Baker, puheterapeutti, Flinders University, South Australia<\/li><li>Prof Isobel Heyman, Lapsi- ja nuorisopsykiatri, Great Ormond St, London<\/li><li>Dr Tammy Hedderley, Lastenneurologi, St Thomas\u2019 Hospital, London<\/li><li>Dr Christos Ganos, Neurologi, Charite Hospital, Berlin<\/li><li>Glenn Nielsen, Fysioterapeutti, St Georges Hospital, London<\/li><li>Dr Biba Stanton, Neurologi Kings College Hospital, London<\/li><\/ul>\n\n\n\n<h2>Neurosymptoms.org &#8211; Historia ja p\u00e4ivitys 2021<\/h2>\n\n\n\n<p><\/p>\n\n\n\n<p>Aloitin t\u00e4m\u00e4n sivuston yll\u00e4pit\u00e4misen vuonna 2009, koska turhauduin siihen, ett\u00e4 potilailleni ei ollut jakaa tietoa toiminnallisista h\u00e4iri\u00f6ist\u00e4 internetin kautta. T\u00e4m\u00e4n j\u00e4lkeen tilanne on muuttunut. On olemassa potilasj\u00e4rjest\u00f6j\u00e4 ja lis\u00e4ksi ammattilaisj\u00e4rjest\u00f6 vuodesta 2019 alkaen. <\/p>\n\n\n\n<p><\/p>\n\n\n\n<p>Neurosymptoms-sivustolla vierailee noin 50 000 ihmist\u00e4 joka kuukausi ymp\u00e4ri maailmaa. Sit\u00e4 suositellaan useiden ammattilaisten toimesta. Se ei itsess\u00e4\u00e4n ole riitt\u00e4v\u00e4 toiminnallisten h\u00e4iri\u00f6iden hoidoksi, mutta se on hyv\u00e4 paikka aloittaa. <\/p>\n\n\n\n<p>The old site, was looking REALLY old, and also performed badly on mobile. In Oct 2020,<a href=\"https:\/\/bit.ly\/3h34Da8\">&nbsp;Scottish Government Neurological Framework funding<\/a>&nbsp; enabled me to work with Pooja Jain and her team at CogniHealth to improve it.<\/p>\n\n\n\n<p>Vanha sivusto n\u00e4ytti todella vanhalta ja my\u00f6s toimi huonosti k\u00e4nnyk\u00e4ll\u00e4. Lokakuussa 2020 Skotlannin neurologian hallituksen tuella sain uuden sivuston rakentamiseen apua Pooja Jainilta ja h\u00e4nen kumppaneiltaan CogniHealthista. <\/p>\n\n\n\n<p>Nyt sivustolla on enemm\u00e4n sis\u00e4lt\u00f6\u00e4. Erityiskiitokset siit\u00e4 twitter-k\u00e4ytt\u00e4jille @AlanCarson15 @IngridHoeritza1 @lauramcw @BibaStanton @CNicholsonOT @ChristosGanos ja monille muille. <\/p>\n\n\n\n<p><\/p>\n\n\n\n<p>Kiitos niille 434 ihmiselle, jotka t\u00e4yttiv\u00e4t kyselyn sivustosta viime vuonna. <\/p>\n\n\n\n<p>Jos et pid\u00e4 muutoksesta, niin vanha sivusto l\u00f6ytyy viel\u00e4 osoitteesta <a href=\"http:\/\/old.neurosymptoms.org\/\">http:\/\/old.neurosymptoms.org\/<\/a>. Sielt\u00e4 l\u00f6ytyy my\u00f6s lis\u00e4\u00e4 kielivalintoja. My\u00f6s ne tullaan p\u00e4ivitt\u00e4m\u00e4\u00e4n piakkoin. <\/p>\n\n\n\n<p>Mik\u00e4 on sitten uudistunut sivulla? Olemme l\u00e4hinn\u00e4 p\u00e4ivitt\u00e4neet sivuston ulkoasua sek\u00e4 tietokoneelle, ett\u00e4 puhelimelle sopivaksi. Olemme my\u00f6s luoneet appin, jonka voi ladata k\u00e4nnyk\u00e4lle. <\/p>\n\n\n\n<p>Sivuston artikkeleita voi my\u00f6s tallentaa ja suositella. Suosittelu-toiminto mahdollistaa ammattilaisten jakavan haluttua sis\u00e4lt\u00f6\u00e4 omalle potilaalleen. Voit k\u00e4ytt\u00e4\u00e4 t\u00e4t\u00e4 toiminta jakaaksesi osaa sivustosta s\u00e4hk\u00f6postitse tai esimerkiksi whatsapp-sovelluksella. <\/p>\n\n\n\n<p>Sivuston k\u00e4ytt\u00f6 on ilmaista kuten t\u00e4h\u00e4nkin asti. Teemme t\u00e4t\u00e4, koska uskomme sen olevan tarpeellista, emmek\u00e4 mist\u00e4\u00e4n muusta syyst\u00e4. <\/p>\n\n\n\n<p>Haluamme tukea ja kannustaa my\u00f6s muita toiminnallisten h\u00e4iri\u00f6iden organisaatioita ja edustajia. Erityisest\u00e4 haluamme mainita @MyFNDapp-sovulluksen, jonka on luonut &nbsp;<a href=\"https:\/\/twitter.com\/chris_sym\">@chris_sym<\/a>&nbsp;T\u00e4m\u00e4 sovellus auttaa pit\u00e4m\u00e4\u00e4n kirjaa oireista ja opastaa itsehoitokeinoihin. <\/p>\n\n\n\n<p>Jokainen t\u00e4ss\u00e4 yhteis\u00f6ss\u00e4 tuo mukaan jotain erilaista ja t\u00e4rke\u00e4\u00e4. Toivon, ett\u00e4 l\u00f6yd\u00e4t t\u00e4lt\u00e4 sivustolta my\u00f6s keinoja tilanteeseesi. <\/p>\n\n\n\n<p>Prof Jon Stone June 28th 2021.<\/p>\n","protected":false},"excerpt":{"rendered":"<p><!-- wp:image {\"width\":296,\"height\":400} --><\/p>\n<figure class=\"wp-block-image is-resized\"><img loading=\"lazy\" src=\"https:\/\/pre-prod.neurosymptoms.org\/wp-content\/uploads\/2022\/01\/a7ad8d7a-b235-4cac-b3c4-493b536c76be.jpg\" alt=\"Jon Stone\" width=\"296\" height=\"400\" title=\"J...\n<\/p>\n","protected":false},"author":1,"featured_media":0,"parent":0,"menu_order":209,"comment_status":"closed","ping_status":"closed","template":"page-template\/news.php","meta":[],"_links":{"self":[{"href":"https:\/\/pre-prod.neurosymptoms.org\/fi\/wp-json\/wp\/v2\/pages\/1701"}],"collection":[{"href":"https:\/\/pre-prod.neurosymptoms.org\/fi\/wp-json\/wp\/v2\/pages"}],"about":[{"href":"https:\/\/pre-prod.neurosymptoms.org\/fi\/wp-json\/wp\/v2\/types\/page"}],"author":[{"embeddable":true,"href":"https:\/\/pre-prod.neurosymptoms.org\/fi\/wp-json\/wp\/v2\/users\/1"}],"replies":[{"embeddable":true,"href":"https:\/\/pre-prod.neurosymptoms.org\/fi\/wp-json\/wp\/v2\/comments?post=1701"}],"version-history":[{"count":46,"href":"https:\/\/pre-prod.neurosymptoms.org\/fi\/wp-json\/wp\/v2\/pages\/1701\/revisions"}],"predecessor-version":[{"id":13357,"href":"https:\/\/pre-prod.neurosymptoms.org\/fi\/wp-json\/wp\/v2\/pages\/1701\/revisions\/13357"}],"wp:attachment":[{"href":"https:\/\/pre-prod.neurosymptoms.org\/fi\/wp-json\/wp\/v2\/media?parent=1701"}],"curies":[{"name":"wp","href":"https:\/\/api.w.org\/{rel}","templated":true}]}}