{"id":532,"date":"2020-11-29T09:51:38","date_gmt":"2020-11-29T09:51:38","guid":{"rendered":"https:\/\/ftd.cognihealth.in\/?page_id=532"},"modified":"2024-11-01T03:42:06","modified_gmt":"2024-11-01T03:42:06","slug":"functional-sensory-symptoms","status":"publish","type":"page","link":"https:\/\/pre-prod.neurosymptoms.org\/fi\/symptoms\/fnd-symptoms\/functional-sensory-symptoms\/","title":{"rendered":"Tuntoh\u00e4iri\u00f6t"},"content":{"rendered":"\n<h3>Mit\u00e4 toiminnalliset tuntoh\u00e4iri\u00f6t ovat?<\/h3>\n\n\n\n<p>Toiminnalliset tuntoh\u00e4iri\u00f6t ovat hermoston toiminnan h\u00e4iri\u00f6n aiheuttamia tuntemuksia. Niit\u00e4 voi esiinty\u00e4 miss\u00e4 p\u00e4in kehoa tahansa. Syyn\u00e4 ei ole hermoston vaurio tai aivosairaus.<\/p>\n\n\n\n<p>Potilaalla voi esiinty\u00e4 seuraavia tunto-oireita:<br \/>&nbsp;<\/p>\n\n\n\n<ol type=\"1\"><li>Muuttunut tunto toisella kehon puoliskolla. Oire liittyy yleens\u00e4 kasvoihin, k\u00e4teen tai jalkaan tai n\u00e4iden osien yhdistelm\u00e4\u00e4n. T\u00e4t\u00e4 kutsutaan toisinaan <em>hemisensorikseksi syndroomaksi<\/em>. My\u00f6s pelkk\u00e4 kasvojen oire on yleinen.<\/li><li>Kokemus raajan vieraudesta tai siit\u00e4, ett\u00e4 raja ei ole \u201cosa ruumista\u201d<\/li><li>Ohimenev\u00e4t tunto-oireet \u2013 mukaan lukien nyk\u00e4isyt, kihelm\u00f6innin tunne ja s\u00e4hk\u00f6iskumaiset tuntemukset<\/li><li>Tunto-oireiden yhteydess\u00e4 esiintyy toisinaan n\u00e4k\u00f6oireita, kuten ajoittaista n\u00e4\u00f6n sumentumista ja kaksoiskuvia. N\u00e4k\u00f6oireiden lis\u00e4ksi my\u00f6s raajan heikkoutta (katso toiminnallinen raajan heikkous) voi esiinty\u00e4 kehon tunto-oireita kokevalla puolella.<\/li><\/ol>\n\n\n\n<p>Toiminnalliset tunto-oireet voivat her\u00e4tt\u00e4\u00e4 paljon huolta potilaassa ja l\u00e4\u00e4k\u00e4riss\u00e4. Ne voivat her\u00e4tt\u00e4\u00e4 ep\u00e4ilyn aivoinfarktista tai MS-taudista.<\/p>\n\n\n\n<p>Toiminnalliset tuntoh\u00e4iri\u00f6\u00e4t eiv\u00e4t kuitenkaan johdu hermoston vaurioista. T\u00e4m\u00e4 tarkoittaa, ett\u00e4 ne voivat v\u00e4henty\u00e4 ja jopa kadota kokonaan. Toiminnallisissa tuntoh\u00e4iri\u00f6iss\u00e4 kaikki hermoston osat ovat ehji\u00e4. Ne eiv\u00e4t kuitenkaan toimi kunnolla, joten aivot eiv\u00e4t vastaanota viestej\u00e4 normaalilla tavalla.<br \/>&nbsp;<\/p>\n\n\n\n<h3>Kuinka toiminnalliset tuntoh\u00e4iri\u00f6t todetaan?<\/h3>\n\n\n\n<p>Toiminnalliset tuntoh\u00e4iri\u00f6t toteaa yleens\u00e4 neurologi.<\/p>\n\n\n\n<p>L\u00e4\u00e4k\u00e4ri voi havaita toiminnallisen tuntoh\u00e4iri\u00f6n potilaan taustatietojen perusteella. Tutkimuksen aikana l\u00e4\u00e4k\u00e4ri saattaa huomata, ett\u00e4 tuntoh\u00e4iri\u00f6st\u00e4 k\u00e4rsiv\u00e4n kehon alueen tuntoaisti on heikentynyt. Tunto-oireen rinnalla voi esiinty\u00e4 liev\u00e4\u00e4 fyysist\u00e4 heikkoutta. T\u00e4m\u00e4n heikkouden laatu ja neurologisten tutkimusten tulokset auttavat l\u00e4\u00e4k\u00e4ri\u00e4 tilanteen m\u00e4\u00e4rittelyss\u00e4.<\/p>\n\n\n\n<p>Tavallisista testeist\u00e4 ja kuvantamisesta voi olla hy\u00f6ty\u00e4 erityisesti muiden syiden poissulkemisessa, mutta yleens\u00e4 neurologi diagnosoi potilaan potilastapaamisen yhteydess\u00e4.<\/p>\n\n\n\n<h3>Mik\u00e4 toiminnallisen tuntoh\u00e4iri\u00f6n aiheuttaa?<\/h3>\n\n\n\n<p>Toiminnallisten tuntoh\u00e4iri\u00f6n syntyyn vaikuttavat yksil\u00f6lliset tekij\u00e4t. Aiheuttajat ovat hyvin samankaltaisia kuin toiminnallista heikkoutta aiheuttavat tilanteet. N\u00e4it\u00e4 ovat esimerkiksi:<\/p>\n\n\n\n<p><strong>1. Vamman j\u00e4lkeen tai kivun yhteydess\u00e4<\/strong>\u2014 Fyysinen vamma ja kova kipu vaikuttavat altistavan toiminnallisille tuntoh\u00e4iri\u00f6lle. Tutkimukset osoittavat, ett\u00e4 kroonisesta kivusta k\u00e4rsivill\u00e4 potilailla esiintyy yleisesti toiminnallisia tunto-oireita (yleens\u00e4 kehon jommallakummalla puolella). Toisinaan toiminnalliset tunto-oireet voivat liitty\u00e4 monimuotoiseen kipuoireyhtym\u00e4\u00e4n.<\/p>\n\n\n\n<p><strong>2. Hyperventilaation yhteydess\u00e4<\/strong>\u2013 Toiminnallisten tunto-oireiden lis\u00e4ksi hyperventilaatioon liittyy huimausta ja hengenahdistusta. Tutkimukset ovat osoittaneet, ett\u00e4 jos sataa tervett\u00e4 ihmist\u00e4 pyydet\u00e4\u00e4n hengitt\u00e4m\u00e4\u00e4n nopeasti m\u00e4\u00e4r\u00e4tyn ajan, suurin osa saa tunto-oireita. Oireet ovat yleens\u00e4 sormien ja suun ymp\u00e4ryksen kihelm\u00f6inti\u00e4. T\u00e4m\u00e4n uskotaan johtuvan hyperventilaation yhteydess\u00e4 esiintyv\u00e4n matalan hiilidioksidipitoisuuden vaikutuksesta hermop\u00e4\u00e4tteisiin. Pienell\u00e4 osalla tutkittavista hyperventilaatio aiheuttaa kehon toispuoleista turtumista.<\/p>\n\n\n\n<p><strong>3. V\u00e4symyst\u00e4 aiheuttavan sairauden tai vuodelevon yhteydess\u00e4<\/strong> \u2014 Tunto-oireet voivat kehitty\u00e4 hitaasti, jos potilas k\u00e4rsii runsaasta v\u00e4symyksest\u00e4 tai uupumuksesta. Joissain tapauksissa pitkittynyt vuodelepo voi laukaista oireita. N\u00e4iss\u00e4 tapauksissa oireet voivat esiinty\u00e4 kroonisen v\u00e4symysoireyhtym\u00e4n osana&nbsp;<\/p>\n\n\n\n<p><strong>4. Dissosiatiivisen- tai paniikkikohtauksen j\u00e4lkeen\u2013 <\/strong>Jos heikkousalkaa yll\u00e4tt\u00e4en, siihen voi liitty\u00e4 muita oireita kuten huimaamista ja dissosiaatiota (kokemusta ymp\u00e4r\u00f6ivien esineiden et\u00e4isyydest\u00e4 tai toiseudesta).&nbsp; Dissosiaatio on transsin kaltainen tila, josta kerrotaan tarkemmin t\u00e4ll\u00e4 sivustolla. T\u00e4llaiset kohtaukset voivat olla hyvin pelottavia. Erityisesti \u201ckuin tyhj\u00e4st\u00e4\u201d alkavat kohtaukset voivat laukaista paniikkikohtauksen. Paniikkikohtauksen j\u00e4lkeen potilaalle voi tulla toiminnallinen tunto-oire. Se voi olla esimerkiksi kokemus kehon toispuoleisesta painavuudesta, kehon pistely tai tunne, ettei kaikki ole kunnossa.<\/p>\n\n\n\n<p><strong>5. Migreenin yhteydess\u00e4<\/strong>\u2013 Joskus tunto-oireita esiintyy migreenikohtauksen yhteydess\u00e4. Osa potilaista kertoo saavansa aluksi migreenikohtauksen kaltaisen kohtauksen. Kohtauksen j\u00e4lkeen toiminnalliset tunto-oireet jatkuvat. N\u00e4iss\u00e4 tapauksissa migreeni laukaisee toiminnallisen tunto-oireen.<\/p>\n\n\n\n<p><strong>6.&nbsp;Ei selke\u00e4\u00e4 aiheuttajaa\u2013 <\/strong>Toiminnallisille tuntoh\u00e4iri\u00f6lle ei aina ole selke\u00e4\u00e4 aiheuttajaa. Kuten migreenipotilailla, osalla tuntoh\u00e4iri\u00f6it\u00e4 esiintyy v\u00e4syneen\u00e4 tai stressitilanteissa. Osalla oireisiin ei ole mit\u00e4\u00e4n syyt\u00e4.<\/p>\n","protected":false},"excerpt":{"rendered":"<p>Toiminnalliset tuntoh\u00e4iri\u00f6t ovat hermoston toiminnan h\u00e4iri\u00f6n aiheuttamia tuntemuksia. Niit\u00e4 voi esiinty\u00e4 miss\u00e4 p\u00e4in kehoa tahansa.<\/p>\n","protected":false},"author":65,"featured_media":0,"parent":937,"menu_order":275,"comment_status":"closed","ping_status":"closed","template":"page-template\/symptom-details-page-template.php","meta":[],"_links":{"self":[{"href":"https:\/\/pre-prod.neurosymptoms.org\/fi\/wp-json\/wp\/v2\/pages\/532"}],"collection":[{"href":"https:\/\/pre-prod.neurosymptoms.org\/fi\/wp-json\/wp\/v2\/pages"}],"about":[{"href":"https:\/\/pre-prod.neurosymptoms.org\/fi\/wp-json\/wp\/v2\/types\/page"}],"author":[{"embeddable":true,"href":"https:\/\/pre-prod.neurosymptoms.org\/fi\/wp-json\/wp\/v2\/users\/65"}],"replies":[{"embeddable":true,"href":"https:\/\/pre-prod.neurosymptoms.org\/fi\/wp-json\/wp\/v2\/comments?post=532"}],"version-history":[{"count":118,"href":"https:\/\/pre-prod.neurosymptoms.org\/fi\/wp-json\/wp\/v2\/pages\/532\/revisions"}],"predecessor-version":[{"id":15605,"href":"https:\/\/pre-prod.neurosymptoms.org\/fi\/wp-json\/wp\/v2\/pages\/532\/revisions\/15605"}],"up":[{"embeddable":true,"href":"https:\/\/pre-prod.neurosymptoms.org\/fi\/wp-json\/wp\/v2\/pages\/937"}],"wp:attachment":[{"href":"https:\/\/pre-prod.neurosymptoms.org\/fi\/wp-json\/wp\/v2\/media?parent=532"}],"curies":[{"name":"wp","href":"https:\/\/api.w.org\/{rel}","templated":true}]}}