{"id":539,"date":"2020-11-29T12:37:13","date_gmt":"2020-11-29T12:37:13","guid":{"rendered":"https:\/\/ftd.cognihealth.in\/?page_id=539"},"modified":"2024-11-01T03:35:22","modified_gmt":"2024-11-01T03:35:22","slug":"dissociative-symptoms","status":"publish","type":"page","link":"https:\/\/pre-prod.neurosymptoms.org\/fi\/symptoms\/common-associated-symptoms\/dissociative-symptoms\/","title":{"rendered":"Dissosiatiiviset oireet"},"content":{"rendered":"\n<h3>Mit\u00e4 dissosiatiiviset oireet ovat?<\/h3>\n\n\n\n<p>Dissosiatiiviset oireet esiintyv\u00e4t tavallisesti muiden t\u00e4ll\u00e4 sivustolla esiteltyjen toiminnallisten neurologisten oireiden rinnalla. Omien oireiden tunnistaminen ja ymm\u00e4rt\u00e4minen voi olla eritt\u00e4in t\u00e4rke\u00e4\u00e4 kehonhallinnan palauttamiselle normaaliksi.<\/p>\n\n\n\n<p>Dissosiatiivisiin oireisiin kuuluu:<\/p>\n\n\n\n<p><strong>Depersonalisaatio<\/strong>\u2013 kokemus oman kehon vieraudesta tai irrallisuudesta omasta persoonasta.<\/p>\n\n\n\n<p><strong>Derealisaatio<\/strong>\u2013 kokemus ymp\u00e4rist\u00f6st\u00e4 irtautumisesta tai yhteyden puuttumisesta ymp\u00e4r\u00f6iv\u00e4\u00e4n maailmaan.<\/p>\n\n\n\n<p>Dissosiatiivisten oireiden yksityiskohtainen kuvaus on luettavissa oikealla olevasta, englanninkielisest\u00e4 artikkelista. T\u00e4m\u00e4 tieteellinen artikkeli on julkaistu neurologian alan julkaisussa.<\/p>\n\n\n\n<p>Potilaat kuvaavat depersonalisaatiota ja derealisaatiota esimerkiksi seuraavin tavoin:<\/p>\n\n\n\n<figure class=\"wp-block-table is-style-stripes\"><table><tbody><tr><td><strong>Depersonalisaatio<\/strong><\/td><td>&nbsp;<\/td><\/tr><tr><td><strong>Tyypillisi\u00e4 kokemuksia \u2013 \u201dTunsin\u2026\u201d<\/strong><\/td><td><strong>V\u00e4hemm\u00e4n tyypillisi\u00e4 kokemuksia \u2013 \u201dTunsin\u2026\u201d<\/strong><\/td><\/tr><tr><td>\u201doloni oudoksi.\u201d<\/td><td>\u201ditseni ik\u00e4\u00e4n kuin s\u00e4tkynukeksi.\u201d<\/td><\/tr><tr><td>\u201cik\u00e4\u00e4n kuin leijuvani pois paikalta.\u201d<\/td><td>\u201ditseni ik\u00e4\u00e4n kuin robotiksi.\u201d<\/td><\/tr><tr><td>\u201ditseni ruumiittomaksi\/ menett\u00e4neeni yhteyden ymp\u00e4rist\u00f6\u00f6ni\/ itseni irralliseksi ymp\u00e4rist\u00f6st\u00e4ni. \u2019<\/td><td>\u201dn\u00e4yttelev\u00e4ni roolia.\u201d<\/td><\/tr><tr><td>\u201dolevani kaukana itsest\u00e4ni.\u201d<\/td><td>\u201cetten tuntenut kipua.\u201d<\/td><\/tr><tr><td>\u201dolevani kaukana kaikesta.\u201d<\/td><td>\u201cett\u00e4 minut oli tehty ik\u00e4\u00e4n kuin pahvista.\u201d<\/td><\/tr><tr><td>\u201colevani omassa rauhassani\/yksin.\u201d<\/td><td>\u201colevani vain vartalooni kiinnitetty p\u00e4\u00e4.\u201d<\/td><\/tr><tr><td>\u201colevani paikalla, mutta kuitenkin poissa.\u201d<\/td><td>\u201colevani katsoja, joka katsoo itse\u00e4ni televisiosta.\u201d<\/td><\/tr><tr><td>\u201cn\u00e4kev\u00e4ni ja kuulevani kaiken, mutten kyennyt vastaamaan.\u201d<\/td><td>\u201cirtautuvani ruumiistani.\u201d<\/td><\/tr><tr><td>&nbsp;<\/td><td>\u201ck\u00e4teni tai jalkani isommiksi\/pienemmiksi.\u201d<\/td><\/tr><tr><td>&nbsp;<\/td><td>\u201cik\u00e4\u00e4n kuin koskiessani asioihin, koskija ei ollut min\u00e4.\u201d<\/td><\/tr><tr><td><strong>Derealisaatio<\/strong><\/td><td>&nbsp;<\/td><\/tr><tr><td>\u201cYmp\u00e4rist\u00f6ni tuntui ep\u00e4todelliselta tai kaukaiselta.\u201d<\/td><td>\u201cKatselin maailmaa ik\u00e4\u00e4n kuin verhon tai lasin takaa.\u201d<\/td><\/tr><tr><td>\u201dTunsin irtautuvani ymp\u00e4rist\u00f6st\u00e4ni.\u201d<\/td><td>\u201cEsineet n\u00e4yttiv\u00e4t kutistuneilta\/ tasaisilta\/ unenomaisilta\/ sarjakuvamaisilta\/ keinotekoisilta\/ nestem\u00e4isilt\u00e4.\u201d<\/td><\/tr><tr><td>\u201cTunsin yhteyden minun ja ymp\u00e4rist\u00f6ni v\u00e4lisen yhteyden olevan poikki.\u201d<\/td><td>\u201cAsiat n\u00e4yttiv\u00e4t olevan yht\u00e4 aikaa l\u00e4hell\u00e4 ja kaukana.\u201d<\/td><\/tr><\/tbody><\/table><\/figure>\n\n\n\n<h3>Miksi dissosiatiivisten oireiden tuntemuksesta voi olla apua?<\/h3>\n\n\n\n<p>Dissosiatiiviset oireet voivat ilmaantua hyvin monenlaisissa tilanteissa. Useimmilla niit\u00e4 esiintyy jossain m\u00e4\u00e4rin flunssan yhteydess\u00e4 tai kovassa univajeessa.<\/p>\n\n\n\n<p>Toiminnallisista neurologisista oireista k\u00e4rsiv\u00e4t potilaat voivat hy\u00f6ty\u00e4 dissosiatiivisten oireiden tuntemuksesta.&nbsp; Osalla potilasta dissosiatiiviset oireet voivat esiinty\u00e4 osana neurologista oireistoa. T\u00e4ll\u00f6in voi olla helpottavaa tiet\u00e4\u00e4, ett\u00e4 dissosiatiivisille oireille on nimi. Oireet eiv\u00e4t siis tarkoita, ett\u00e4 potilas \u201dolisi tulossa hulluksi\u201d.<\/p>\n\n\n\n<p>Dissosiatiiviset oireet voivat voimistua, jos niihin liittyy pelkoa tai ahdistuneisuutta. Oireiden tunnistaminen voi v\u00e4hent\u00e4\u00e4 niihin liittyvi\u00e4 pelon ja ahdistuksen tunteita.<\/p>\n\n\n\n<p>Kokemus osittaisesta yhteyden puuttumisesta omaan kehoon voi selitt\u00e4\u00e4 ajoittain esiintyv\u00e4\u00e4 kehon toispuoleista heikkoutta. Toiminnallista raajaheikkoutta kutsutaankin toisinaan \u201ddissosiatiiviseksi liikeh\u00e4iri\u00f6ksi\u201d. My\u00f6s toiminnallisissa kohtauksissa on kyse samasta ilmi\u00f6st\u00e4.<\/p>\n\n\n\n<h3><strong>Lis\u00e4tietoja<\/strong><\/h3>\n\n\n\n<p>Dissosiaatiosta l\u00f6yd\u00e4t lis\u00e4tietoa suomeksi esimerkiksi t\u00e4st\u00e4 terveyskirjaston <a href=\"https:\/\/www.terveyskirjasto.fi\/dlk00360\" data-type=\"URL\" data-id=\"https:\/\/www.terveyskirjasto.fi\/dlk00360\">artikkelista<\/a><\/p>\n\n\n\n<p>Dissosiatiivisten oireiden yksityiskohtainen kuvaus on luettavissa oikealla olevasta, englanninkielisest\u00e4 artikkelista. T\u00e4m\u00e4 tieteellinen artikkeli on julkaistu neurologisessa julkaisusarjassa<\/p>\n\n\n\n<p>Psykologi Elaine Hunter, dissosiaatiosta k\u00e4rsiv\u00e4 potilas Jane Charlton ja kognitiivinen neuropsykiatri professori David ovat kirjoittaneet t\u00e4m\u00e4n <a href=\"https:\/\/www.bmj.com\/content\/356\/bmj.j745\" data-type=\"URL\" data-id=\"https:\/\/www.bmj.com\/content\/356\/bmj.j745\">vuoden 2017 artikkelin British Medical Journaliin<\/a>. Se tiivist\u00e4\u00e4 hienosti depersonalisaation ja derealisaation k\u00e4sitteet.<\/p>\n\n\n\n<p><\/p>\n","protected":false},"excerpt":{"rendered":"<p>Kokemus kehon tai ymp\u00e4rist\u00f6n vieraudesta tai kaukaisuudesta. <\/p>\n","protected":false},"author":65,"featured_media":1901,"parent":939,"menu_order":261,"comment_status":"closed","ping_status":"closed","template":"page-template\/symptom-details-page-template.php","meta":[],"_links":{"self":[{"href":"https:\/\/pre-prod.neurosymptoms.org\/fi\/wp-json\/wp\/v2\/pages\/539"}],"collection":[{"href":"https:\/\/pre-prod.neurosymptoms.org\/fi\/wp-json\/wp\/v2\/pages"}],"about":[{"href":"https:\/\/pre-prod.neurosymptoms.org\/fi\/wp-json\/wp\/v2\/types\/page"}],"author":[{"embeddable":true,"href":"https:\/\/pre-prod.neurosymptoms.org\/fi\/wp-json\/wp\/v2\/users\/65"}],"replies":[{"embeddable":true,"href":"https:\/\/pre-prod.neurosymptoms.org\/fi\/wp-json\/wp\/v2\/comments?post=539"}],"version-history":[{"count":163,"href":"https:\/\/pre-prod.neurosymptoms.org\/fi\/wp-json\/wp\/v2\/pages\/539\/revisions"}],"predecessor-version":[{"id":15594,"href":"https:\/\/pre-prod.neurosymptoms.org\/fi\/wp-json\/wp\/v2\/pages\/539\/revisions\/15594"}],"up":[{"embeddable":true,"href":"https:\/\/pre-prod.neurosymptoms.org\/fi\/wp-json\/wp\/v2\/pages\/939"}],"wp:featuredmedia":[{"embeddable":true,"href":"https:\/\/pre-prod.neurosymptoms.org\/fi\/wp-json\/wp\/v2\/media\/1901"}],"wp:attachment":[{"href":"https:\/\/pre-prod.neurosymptoms.org\/fi\/wp-json\/wp\/v2\/media?parent=539"}],"curies":[{"name":"wp","href":"https:\/\/api.w.org\/{rel}","templated":true}]}}