{"id":543,"date":"2020-11-29T13:16:43","date_gmt":"2020-11-29T13:16:43","guid":{"rendered":"https:\/\/ftd.cognihealth.in\/?page_id=543"},"modified":"2024-11-01T03:36:28","modified_gmt":"2024-11-01T03:36:28","slug":"sleep-problems","status":"publish","type":"page","link":"https:\/\/pre-prod.neurosymptoms.org\/fi\/symptoms\/common-associated-symptoms\/sleep-problems\/","title":{"rendered":"Unioireet"},"content":{"rendered":"\n<p>Uupumuksen tavoin my\u00f6s uniongelmat ovat hyvin tavallisia toiminnallisista neurologisista oireista k\u00e4rsivill\u00e4 potilailla.<\/p>\n\n\n\n<p><strong>Unettomuus&nbsp;\u2013<\/strong> voi tarkoittaa nukahtamisen vaikeutta, herkk\u00e4unisuutta tai her\u00e4\u00e4mist\u00e4 liian aikaisin.<\/p>\n\n\n\n<p><strong>Liikaunisuus&nbsp;\u2013<\/strong> tarkoittaa ylenm\u00e4\u00e4r\u00e4ist\u00e4 nukkumista, yleens\u00e4 her\u00e4ten silti v\u00e4syneen\u00e4<\/p>\n\n\n\n<p>Uniongelmat voivat olla osa ahdistuneisuutta tai masennusta. On kuitenkin t\u00e4rke\u00e4\u00e4 huomata, ettei ahdistuneisuus tai masennus ole v\u00e4ltt\u00e4m\u00e4t\u00f6nt\u00e4 uniongelmien syntymiselle.<\/p>\n\n\n\n<p>Seuraavaksi on esitelty joitain vinkkej\u00e4 parempilaatuiseen uneen. N\u00e4it\u00e4 kutsutaan <em>unihygieniaksi<\/em>.<\/p>\n\n\n\n<h3>Vinkkej\u00e4 parempaan unenlaatuun<\/h3>\n\n\n\n<p>\u2022 Pid\u00e4 yll\u00e4 s\u00e4\u00e4nn\u00f6llist\u00e4 p\u00e4iv\u00e4rytmi\u00e4. Nukkumaanmeno ja her\u00e4\u00e4minen samaan aikaan joka p\u00e4iv\u00e4 ohjelmoi kehon nukkumaan paremmin.<\/p>\n\n\n\n<p>\u2022 Luo rauhallinen tila nukkumiselle. Makuuhuoneen tulisi olla lepoa ja nukkumista varten. Se ei saisi olla liian kuuma tai kylm\u00e4. Makuuhuoneen tulisi olla niin hiljainen ja pime\u00e4 kuin mahdollista.<\/p>\n\n\n\n<p>\u2022 Varmista, ett\u00e4 s\u00e4nkysi on mukava. Liian kovalla tai pehme\u00e4ll\u00e4 patjalla on vaikea saada virkist\u00e4v\u00e4\u00e4 unta. Samoin liian pieness\u00e4 tai liian vanhassa s\u00e4ngyss\u00e4.<\/p>\n\n\n\n<p>\u2022 Harrasta enemm\u00e4n liikuntaa. S\u00e4\u00e4nn\u00f6llinen, kohtuullinen liikunta voi helpottaa p\u00e4iv\u00e4n stressi\u00e4 ja rasitusta. T\u00e4llaista liikuntaa on esimerkiksi uinti tai k\u00e4vely. Liian l\u00e4hell\u00e4 nukkumaanmenoaikaa harrastettu liikunta voi kuitenkin haitata nukahtamista.<\/p>\n\n\n\n<p>\u2022 V\u00e4henn\u00e4 piristeit\u00e4, kuten kofeiinipitoista teet\u00e4 tai kahvia. T\u00e4m\u00e4 on tarpeen erityisesti illalla. Ne h\u00e4iritsev\u00e4t nukahtamista ja est\u00e4v\u00e4t syv\u00e4\u00e4 unta. Juo mieluummin kuumaa juomaa maidolla tai yrttiteet\u00e4.<\/p>\n\n\n\n<p>\u2022 \u00c4l\u00e4 porsastele. Liiallinen alkoholin k\u00e4ytt\u00f6 tai raskas ruoka vahingoittaa unirytmi\u00e4. Erityisesti n\u00e4it\u00e4 tulisi v\u00e4ltt\u00e4\u00e4 illalla ennen nukkumaanmenoa. Alkoholi voi helpottaa nukahtamista, mutta heikent\u00e4\u00e4 unen laatua my\u00f6hemmin y\u00f6ll\u00e4.<\/p>\n\n\n\n<p>\u2022 \u00c4l\u00e4 polta. Kyll\u00e4, se on haitallista my\u00f6s nukkumiselle. Tupakoivien nukahtaminen kest\u00e4\u00e4 kauemmin. He her\u00e4\u00e4v\u00e4t useammin ja uni on useammin katkonaista.<\/p>\n\n\n\n<p>\u2022 Yrit\u00e4 rentoutua ennen nukahtamista. K\u00e4y saunassa, kuuntele rauhallista musiikkia, joogaa \u2013 kaikki auttavat rentouttamaan kehoa ja mielt\u00e4. L\u00e4\u00e4k\u00e4risi voi my\u00f6s suositella rentoutusnauhoja auttamaan nukahtamisessa.<\/p>\n\n\n\n<p>\u2022 J\u00e4senn\u00e4 raskasta ty\u00f6taakkaa ja murheita tekem\u00e4ll\u00e4 listoja asioista, joista tulee huolehtia seuraavana p\u00e4iv\u00e4n\u00e4.<\/p>\n\n\n\n<p>\u2022 Jos et saa unta, \u00e4l\u00e4 makaa s\u00e4ngyss\u00e4 murehtimassa asiaa. Nouse yl\u00f6s ja tee jotain rentouttavaa, kunnes tunnet olosi taas uniseksi. Mene silloin takaisin s\u00e4nkyyn.<\/p>\n\n\n\n<h3>Unettomuuden pelko<\/h3>\n\n\n\n<p>Unettomuuden pelko on yksi tavallisimmista unettomuuden aiheuttajista.<\/p>\n\n\n\n<p>Usein potilas kokee itsens\u00e4 hyvin v\u00e4syneeksi ja menee normaalisti nukkumaan. Kuitenkin h\u00e4n alkaa heti s\u00e4nkyyn p\u00e4\u00e4sty\u00e4\u00e4n murehtia, kuinka h\u00e4n ei tule saamaan unta ja kuinka kamala y\u00f6 h\u00e4nell\u00e4 on edess\u00e4\u00e4n.<\/p>\n\n\n\n<p>Nukahtamisen tulisi olla&nbsp;<strong>automaattinen<\/strong>&nbsp;prosessi. Jos sit\u00e4 miettii liikaa, se ei onnistu yht\u00e4 hyvin. Nukahtaminen toimii siis samalla tavoin kuin esimerkiksi <a href=\"\/fi\/symptoms\/fnd-symptoms\/functional-limb-weakness\/\" data-type=\"URL\" data-id=\"\/fi\/symptoms\/fnd-symptoms\/functional-limb-weakness\/\">toiminnallinen raajaheikkous<\/a>. Siin\u00e4 jalka muuttuu sit\u00e4 heikommaksi, mit\u00e4 enemm\u00e4n jalkaa ja sen heikkoutta ajattelee.<\/p>\n\n\n\n<p>Nukahtamisprosessin korjaaminen voi olla vaikeaa, mutta ongelman syiden ymm\u00e4rt\u00e4minen on ensimm\u00e4inen askel.<\/p>\n\n\n\n<p>Terveyskyl\u00e4n unettomuuden hoitoa koskevasta artikkelista voit l\u00f6yt\u00e4\u00e4 lis\u00e4\u00e4 keinoja <a href=\"https:\/\/www.mielenterveystalo.fi\/aikuiset\/itsehoito-ja-oppaat\/itsehoito\/unettomuuden_omahoito\/Pages\/default.aspx\" data-type=\"URL\" data-id=\"https:\/\/www.mielenterveystalo.fi\/aikuiset\/itsehoito-ja-oppaat\/itsehoito\/unettomuuden_omahoito\/Pages\/default.aspx\">uniongelmien hallintaan<\/a><\/p>\n","protected":false},"excerpt":{"rendered":"<p>My\u00f6s uniongelmat ovat hyvin tavallisia toiminnallisista neurologisista oireista k\u00e4rsivill\u00e4 potilailla<\/p>\n","protected":false},"author":65,"featured_media":1905,"parent":939,"menu_order":263,"comment_status":"closed","ping_status":"closed","template":"page-template\/symptom-details-page-template.php","meta":[],"_links":{"self":[{"href":"https:\/\/pre-prod.neurosymptoms.org\/fi\/wp-json\/wp\/v2\/pages\/543"}],"collection":[{"href":"https:\/\/pre-prod.neurosymptoms.org\/fi\/wp-json\/wp\/v2\/pages"}],"about":[{"href":"https:\/\/pre-prod.neurosymptoms.org\/fi\/wp-json\/wp\/v2\/types\/page"}],"author":[{"embeddable":true,"href":"https:\/\/pre-prod.neurosymptoms.org\/fi\/wp-json\/wp\/v2\/users\/65"}],"replies":[{"embeddable":true,"href":"https:\/\/pre-prod.neurosymptoms.org\/fi\/wp-json\/wp\/v2\/comments?post=543"}],"version-history":[{"count":107,"href":"https:\/\/pre-prod.neurosymptoms.org\/fi\/wp-json\/wp\/v2\/pages\/543\/revisions"}],"predecessor-version":[{"id":15644,"href":"https:\/\/pre-prod.neurosymptoms.org\/fi\/wp-json\/wp\/v2\/pages\/543\/revisions\/15644"}],"up":[{"embeddable":true,"href":"https:\/\/pre-prod.neurosymptoms.org\/fi\/wp-json\/wp\/v2\/pages\/939"}],"wp:featuredmedia":[{"embeddable":true,"href":"https:\/\/pre-prod.neurosymptoms.org\/fi\/wp-json\/wp\/v2\/media\/1905"}],"wp:attachment":[{"href":"https:\/\/pre-prod.neurosymptoms.org\/fi\/wp-json\/wp\/v2\/media?parent=543"}],"curies":[{"name":"wp","href":"https:\/\/api.w.org\/{rel}","templated":true}]}}