{"id":567,"date":"2020-11-29T14:10:48","date_gmt":"2020-11-29T14:10:48","guid":{"rendered":"https:\/\/ftd.cognihealth.in\/?page_id=567"},"modified":"2024-11-01T03:43:40","modified_gmt":"2024-11-01T03:43:40","slug":"functional-drop-attacks","status":"publish","type":"page","link":"https:\/\/pre-prod.neurosymptoms.org\/fi\/symptoms\/fnd-symptoms\/functional-drop-attacks\/","title":{"rendered":"Lyyhistymiskohtaukset"},"content":{"rendered":"\n<p>Ennen t\u00e4m\u00e4n sivun lukemista on hyv\u00e4 tarkistaa l\u00e4\u00e4k\u00e4rilt\u00e4, ovatko lyyhistymiskohtauksesi toiminnallisia. Jos lyyhistymiskohtaus on diagnosoitu idiopaattisiksi lyyhistymiskohtauksiksi tai kryptogeenisiksi lyyhistymiskohtauksiksi, voi sivuun perehtymisest\u00e4 olla hy\u00f6ty\u00e4. Jos lyyhistymiskohtaukset johtuvat esimerkiksi syd\u00e4nvaivasta tai epilepsiasta, l\u00e4\u00e4k\u00e4ri voi tarjota oireesta enemm\u00e4n tietoa. T\u00e4ll\u00f6in t\u00e4m\u00e4n sivun informaatio ei koske sinua.<\/p>\n\n\n\n<p>Toiminnallisella lyyhistymiskohtauksella tarkoitetaan yll\u00e4tt\u00e4v\u00e4\u00e4 kaatumista ilman havaittavaa tajunnan sumenemista. Yleens\u00e4 lyyhistymiskohtaus tapahtuu k\u00e4velless\u00e4 tai seistess\u00e4 ja ilman ennakkovaroitusta. Lyyhistymiskohtaukset ovat pelottavia. Ne aiheuttavat usein vammoja etenkin polviin, kyyn\u00e4rp\u00e4ihin ja kasvoihin.<\/p>\n\n\n\n<p>Lyyhistymiskohtauksille on useita syit\u00e4, kuten yksinkertainen kaatuminen, matala verenpaine ja epilepsia. Erityisesti alle 65-vuotiailla lyyhistymiskohtaus on kuitenkin melko usein toiminnallisen neurologinen oire. Sit\u00e4 voi toisinaan tarkastella ik\u00e4\u00e4n kuin hyvin lyhyen\u00e4 toiminnallisena kohtauksena eli <a href=\"\/fi\/symptoms\/fnd-symptoms\/dissociative-non-epileptic-attacks-blackouts\/\" data-type=\"URL\" data-id=\"\/fi\/symptoms\/fnd-symptoms\/dissociative-non-epileptic-attacks-blackouts\/\">ei-epileptisen\u00e4 kohtauksena.<\/a><\/p>\n\n\n\n<h3>Mitk\u00e4 ovat toiminnallisen lyyhistymiskohtauksen tyypilliset piirteet?<\/h3>\n\n\n\n<p>Tuntemattomista syist\u00e4 johtuen yli 90 % lyyhistymiskohtauksista esiintyy naisilla. My\u00f6s miehille voi kuitenkin kehitty\u00e4 sama ongelma. Oire alkaa yleens\u00e4 45\u201355-vuoden i\u00e4ss\u00e4. T\u00e4m\u00e4 on hieman my\u00f6hemmin, kuin muissa t\u00e4ll\u00e4 sivustossa kuvatuissa oireissa. Lyyhistymiskohtaukset voivat kuitenkin alkaa miss\u00e4 i\u00e4ss\u00e4 tahansa.<\/p>\n\n\n\n<p>Lyyhistymiskohtauksista k\u00e4rsiv\u00e4t potilaat kuvailevat oirettaan seuraavasti:<\/p>\n\n\n\n<p><strong>\u201cK\u00e4velin vain ihan normaalisti ja mietin omia asioitani.\u201d<\/strong> Lyyhistymiskohtauksella tarkoitetaan yll\u00e4tt\u00e4v\u00e4\u00e4 kaatumista k\u00e4velless\u00e4 tai seistess\u00e4.<\/p>\n\n\n\n<p><strong>\u201cSille ei ollut mit\u00e4\u00e4n syyt\u00e4.\u201d<\/strong> Yleens\u00e4 lyyhistymiskohtauksella ei ole tunnistettavaa laukaisijaa. Osa potilaista kertoo kuitenkin saavansa kohtauksen todenn\u00e4k\u00f6isemmin tietyiss\u00e4 tilanteissa, kuten portaiden yl\u00e4p\u00e4\u00e4ss\u00e4 tai ruuhkaisessa supermarketissa. T\u00e4m\u00e4 voi liitty\u00e4 \u201daistien ylikuormittumiseen\u201d, jota osa kokee n\u00e4iss\u00e4 tilanteissa (lis\u00e4\u00e4 t\u00e4st\u00e4 alla).<\/p>\n\n\n\n<p><strong>\u201cK\u00e4velin normaalisi ja yht\u00e4kki\u00e4 olinkin maassa. En usko, ett\u00e4 menetin tajuntani.\u201d<\/strong> Toiminnallisista lyyhistymiskohtauksista k\u00e4rsiv\u00e4t potilaat eiv\u00e4t yleens\u00e4 muista itse kaatumista. He kuitenkin ovat tietoisia maahan osumishetkest\u00e4 tai hetkist\u00e4 muutama sekunti ennen osumaa. Esimerkiksi liukastumisessa kaatuva yleens\u00e4 muistaa kaatumistilanteen (usein hyvin tarkasti). Toiminnallinen lyyhistymiskohtaus eroaa my\u00f6s toiminnallisesta kohtauksesta, johon kuuluu tajunnan sumenemista.<\/p>\n\n\n\n<p><strong>\u201dP\u00e4\u00e4sin takaisin jaloilleni melko nopeasti.\u201d<\/strong> Toisin kuin epilepsiakohtauksen tai py\u00f6rtymisen j\u00e4lkeen, toiminnallisen lyyhistymiskohtauksen j\u00e4lkeen potilas p\u00e4\u00e4see takaisin jaloilleen melko nopeasti.<\/p>\n\n\n\n<p><strong>\u201cSatutan itse\u00e4ni toistuvasti.\u201d<\/strong> Vamma on toiminnallisen lyyhistymiskohtauksen tavallinen seuraus. Ranskassa lyyhistymiskohtauksesta k\u00e4ytet\u00e4\u00e4n nime\u00e4 \u201d<em>maladies de genius bleus\u201d <\/em>(sinisten polvien tauti), koska suuri osa lyyhistymiskohtauksista k\u00e4rsivist\u00e4 potilaista kaatuu polvilleen aiheuttaen mustelmia. Muita tyypillisi\u00e4 vammoja ovat ranteiden ja k\u00e4sien vammat sek\u00e4 kasvojen vammat. Lyyhistymiskohtauksessa potilas ei vajoa paikalleen (kuten py\u00f6rtymisess\u00e4). Sen sijaan h\u00e4n, nimen omaisesti, lyyhistyy maahan.<\/p>\n\n\n\n<p><strong>\u201dKaatumiset ovat saaneet minut pelk\u00e4\u00e4m\u00e4\u00e4n ulos menemist\u00e4.\u201d <\/strong>On luonnollista, ett\u00e4 yll\u00e4tt\u00e4v\u00e4t kaatumiset saavat potilaan pelk\u00e4\u00e4m\u00e4\u00e4n ulos menemist\u00e4. Kaatumiset voivat olla kivuliaita, mutta my\u00f6s aiheuttaa h\u00e4pe\u00e4\u00e4 ja nolostumista. Erityisesti potilaat kokevat nolostuttavana, kun muut tulevat apuun kaatumisen j\u00e4lkeen. Kaikissa kohtauksia aiheuttavissa vaivoissa potilaalle kehittyy usein ulos menemisen pelko. My\u00f6s toiminnallisista lyyhistymiskohtauksista k\u00e4rsiv\u00e4t potilaat pelk\u00e4\u00e4v\u00e4t usein menn\u00e4 yksin ulos. T\u00e4m\u00e4 voi olla hyv\u00e4 ottaa huomioon sairauden hoidossa.<\/p>\n\n\n\n<h3>Miten toiminnalliset lyyhistymiskohtaukset todetaan?<\/h3>\n\n\n\n<p>Toiminnallisiin lyyhistymiskohtauksiin liittyy hyvin ainutlaatuisia erityispiirteit\u00e4. On eritt\u00e4in ep\u00e4todenn\u00e4k\u00f6ist\u00e4, ett\u00e4 oireen taustalla olisi muu syy, jos oireisiin liittyy kaikki yll\u00e4 kuvatut elementit. T\u00e4llainen muu syy voisi olla esimerkiksi epilepsia tai syd\u00e4nvaiva,<\/p>\n\n\n\n<p>Vanhemmilla ihmisill\u00e4 verenpaineen yll\u00e4tt\u00e4v\u00e4 lasku voi aiheuttaa lyyhistymiskohtauksen. L\u00e4\u00e4k\u00e4rit k\u00e4ytt\u00e4v\u00e4t termej\u00e4 <em>synkope <\/em>ja <em>vasovagaalinen synkope<\/em> kuvaillessaan matalan verenpaineen aiheuttamaa py\u00f6rtymist\u00e4.<\/p>\n\n\n\n<p>Lyyhistymiskohtauksen tutkimuksessa saatetaan hy\u00f6dynt\u00e4\u00e4 syd\u00e4nfilmi\u00e4 ja pitk\u00e4aikaista syd\u00e4nfilmin seurantaa (Holter-tutkimus). Tavoitteena on lyyhistymiskohtauksen aikaisen toiminnan mittaaminen. on \u00e4\u00e4rimm\u00e4isen ep\u00e4todenn\u00e4k\u00f6ist\u00e4, ett\u00e4 ainoana oireena esiintyv\u00e4t lyyhistymiskohtaukset johtuisivat epilepsiasta. Etenkin t\u00e4m\u00e4 on totta silloin, jos potilaalla ei esiinny mit\u00e4\u00e4n epilepsiatyyppi\u00e4 ennest\u00e4\u00e4n.<\/p>\n\n\n\n<p>Toisinaan lyyhistymiskohtaukset johtuvat polven tai lonkan ep\u00e4vakaudesta. Potilas saattaa my\u00f6s kompastella toistuvasti. Yleens\u00e4 potilas kuitenkin t\u00e4ll\u00f6in muistaa kaatumistapahtuman. Koko tilanne saattaa usein j\u00e4\u00e4d\u00e4 muistiin ik\u00e4\u00e4n kuin hidastettuna.<\/p>\n\n\n\n<h3>Johtaako toiminnallinen lyyhistymiskohtaus vakavaan vammautumiseen?<\/h3>\n\n\n\n<p>Vammat kuuluvat toiminnallisiin lyyhistymiskohtauksiin. Ne voivat pahimmillaan olla murtuneita luita tai katkenneita hampaita, mutta edes useat p\u00e4ivitt\u00e4iset lyyhistymiskohtaukset eiv\u00e4t johda hengenvaarallisiin vammoihin. Toiminnallinen lyyhistymiskohtaus eroaa n\u00e4in epilepsiasta ja jopa py\u00f6rtymisest\u00e4, joihin valitettavasti toisinaan liittyy vakavia vammoja.<\/p>\n\n\n\n<p>Toiminnallisessa lyyhistymiskohtauksessa potilas ei aidosti menet\u00e4 tajuntaansa, joten keho ei j\u00e4\u00e4 t\u00e4ysin ilman suojaa. Kohtauksessa on kyse enemm\u00e4nkin tietoisuuden menett\u00e4misen\u00e4, joten keho on osittain suojattu. T\u00e4st\u00e4 syyst\u00e4 potilas nimenomaan lyyhistyy lyyhistymiskohtauksessa ennemmin kuin kaatuu. Potilas voi my\u00f6s usein (ei aina) v\u00e4ltt\u00e4\u00e4 tielleen osuvia huonekaluja ja muita esteit\u00e4 lyyhistymiskohtauksen aikana.<\/p>\n\n\n\n<h3>Mik\u00e4 toiminnalliset lyyhistymiskohtaukset aiheuttaa?<\/h3>\n\n\n\n<p>T\u00e4ll\u00e4 sivulla tarjotaan yleistietoa toiminnallisen lyyhistymiskohtausten synnyst\u00e4<\/p>\n\n\n\n<p>Toiminnallisiin lyyhistymiskohtauksiin liittyy viel\u00e4 paljon sellaista, mit\u00e4 tutkijat eiv\u00e4t ymm\u00e4rr\u00e4. Joillain potilailla kohtaukset ovat todellakin kryptogeenisi\u00e4 eli l\u00e4\u00e4k\u00e4reill\u00e4 ei ole k\u00e4sityst\u00e4 niiden aiheuttajista. T\u00e4llaisissa tapauksissa ei oireita voida varmuudella todeta toiminnallisiksi, mutta toiminnallisen oireen mahdollisuutta ei voida sulkea poiskaan.<\/p>\n\n\n\n<p><strong>Joskus potilaan oireissa voi olla piirteit\u00e4, joita tavataan muissa toiminnallisissa oireyhtymiss\u00e4. T\u00e4llaisia toiminnallisten oireiden piirteit\u00e4 ovat esimerkiksi seuraavat:<\/strong><\/p>\n\n\n\n<p>\u2022 Osalla toiminnallisia kohtauksia saavista potilaista kohtaukset voivat muuttua lyyhistymiskohtauksiksi parantumisen my\u00f6t\u00e4. Toisinaan lyyhistymiskohtaukset taas kehittyv\u00e4t toiminnallisiksi kohtauksiksi. T\u00e4llainen esimerkki on t\u00e4lt\u00e4 sivustolta l\u00f6ytyv\u00e4 Maryn englanninkielinen tarina.<\/p>\n\n\n\n<p>\u2022 Osalla <a href=\"\/fi\/symptoms\/fnd-symptoms\/functional-limb-weakness\/\" data-type=\"URL\" data-id=\"\/fi\/symptoms\/fnd-symptoms\/functional-limb-weakness\/\">toiminnallisesta raajaheikkoudesta<\/a> k\u00e4rsivist\u00e4 potilaista esiintyy lyyhistymiskohtauksia, kun heikko jalka \u201dantaa periksi\u201d. Vaikka t\u00e4t\u00e4 voisi kutsua tavalliseksi kaatumiseksi, potilas kokee usein liev\u00e4\u00e4 heikotusta ja huomaa seuraavaksi olevansa maassa. Se, ett\u00e4 kaatumistapahtuma ei j\u00e4\u00e4 muistiin, liittyy enemm\u00e4n lyyhistymiskohtaukseen.<\/p>\n\n\n\n<p>\u2022 Monet toiminnallista lyyhistymiskohtauksista k\u00e4rsiv\u00e4t tuntevat olonsa oudoksi ennen kohtausta. Toisinaan t\u00e4m\u00e4 voi olla ajatuksen sumentumista, joka liittyy <a href=\"https:\/\/pre-prod.neurosymptoms.org\/fi\/symptoms\/common-associated-symptoms\/dissociative-symptoms-feeling-spaced-out\/\" data-type=\"URL\" data-id=\"https:\/\/pre-prod.neurosymptoms.org\/fi\/symptoms\/common-associated-symptoms\/dissociative-symptoms-feeling-spaced-out\/\">dissosiaat<\/a><a href=\"\/fi\/symptoms\/common-associated-symptoms\/dissociative-symptoms-feeling-spaced-out\/\" data-type=\"URL\" data-id=\"\/fi\/symptoms\/common-associated-symptoms\/dissociative-symptoms-feeling-spaced-out\/\">i<\/a><a href=\"https:\/\/pre-prod.neurosymptoms.org\/fi\/symptoms\/common-associated-symptoms\/dissociative-symptoms-feeling-spaced-out\/\" data-type=\"URL\" data-id=\"https:\/\/pre-prod.neurosymptoms.org\/fi\/symptoms\/common-associated-symptoms\/dissociative-symptoms-feeling-spaced-out\/\">oks<\/a>i kutsuttuun oireeseen (katso lis\u00e4tietoa oireen omalta sivulta). <\/p>\n\n\n\n<p>\u2022 Osalla lyyhistymiskohtauksia esiintyy vain kodin ulkopuolella. Jos kohtaukset johtuisivat epilepsiasta tai syd\u00e4nvaivasta, niit\u00e4 esiintyisi sattumanvaraisesti.<\/p>\n\n\n\n<p>\u2022 Lyyhistymiskohtausten hoito toiminnallisina oireina voi auttaa osaa potilaista, vaikka lyyhistymiskohtaukset ovat yleens\u00e4 vaikeasti ratkaistava ongelma.<\/p>\n\n\n\n<p><strong>Seuraava esimerkki kuvaa toiminnalliseen lyyhistymiskohtaukseen johtavaa tapahtumaketjua:<\/strong><\/p>\n\n\n\n<p>Potilas liukastuu, py\u00f6rtyy tai kaatuu. T\u00e4m\u00e4n aiheuttama s\u00e4ik\u00e4ht\u00e4minen tai shokki herkist\u00e4\u00e4 hermoston tuleville kaatumisille.<\/p>\n\n\n\n<p>Satunnainen toiminnallinen kohtaus seistess\u00e4 tai k\u00e4velless\u00e4 tai huimauksen tunne johtaa toiseen kaatumiseen. T\u00e4ll\u00e4 kertaa kyseess\u00e4 on toiminnallinen lyyhistymiskohtaus, joka aiheuttaa uuden s\u00e4ik\u00e4hdyksen tai shokin.<\/p>\n\n\n\n<p>Aivotieteellisest\u00e4 n\u00e4k\u00f6kulmasta potilaan keho ja hermosto on nyt viritetty saamaan yll\u00e4tt\u00e4vi\u00e4 lyyhistymiskohtauksia. Kaikki my\u00f6hemm\u00e4t kaatumiset vahvistavat hermostoon kehittynytt\u00e4 herkkyytt\u00e4. Kaatumiset eiv\u00e4t en\u00e4\u00e4 v\u00e4ltt\u00e4m\u00e4tt\u00e4 tarvitse mit\u00e4\u00e4n laukaisevaa tekij\u00e4\u00e4, vaan voivat esiinty\u00e4 satunnaisesti. Kuten muutkin toiminnalliset oireet, my\u00f6s toiminnalliset lyyhistymiskohtaukset ovat aitoja ja oikeita. Ne eiv\u00e4t johdu siit\u00e4, ett\u00e4 potilas haluaa kaatua tahallaan.<\/p>\n\n\n\n<p>Toiminnallisista lyyhistymiskohtauksista k\u00e4rsiv\u00e4 potilas voi kehitt\u00e4\u00e4 pelon tulevista kaatumisista. Pelko itsess\u00e4\u00e4n riitt\u00e4\u00e4 lis\u00e4\u00e4m\u00e4\u00e4n uusien kaatumisten todenn\u00e4k\u00f6isyytt\u00e4. Osalle potilaista kehittyy noidankeh\u00e4, jossa kaatuminen lis\u00e4\u00e4 kaatumisten pelkoa, mik\u00e4 vastaavasti kasvattaa tulevien kaatumisten todenn\u00e4k\u00f6isyytt\u00e4.<\/p>\n\n\n\n<p>Osa potilaista kertoo, ett\u00e4 joinain p\u00e4ivin\u00e4 he tiet\u00e4v\u00e4t lyyhistymiskohtauksen olevan todenn\u00e4k\u00f6isempi. He eiv\u00e4t tied\u00e4 tarkalleen, milloin kohtaus tapahtuu. Itse kaatuminen on kamalaa, mutta j\u00e4lkeenp\u00e4in heill\u00e4 on tunne, ett\u00e4 uutta kohtausta ei tule en\u00e4\u00e4 samana p\u00e4iv\u00e4n\u00e4 tai esimerkiksi samalla viikolla.<\/p>\n\n\n\n<h3>Miten toiminnallista lyyhistymiskohtausta hoidetaan?<\/h3>\n\n\n\n<p><strong>Diagnoosin ymm\u00e4rt\u00e4minen<\/strong><br \/><br \/><\/p>\n\n\n\n<p>Kuten muissakin toiminnallisissa oireissa ja h\u00e4iri\u00f6iss\u00e4, my\u00f6s toiminnallisessa lyyhistymiskohtauksessa diagnoosin ymm\u00e4rt\u00e4minen on hoidon ensimm\u00e4inen askel. Toiminnalliset lyyhistymiskohtaukset ovat yksin\u00e4\u00e4n tarpeeksi ik\u00e4vi\u00e4. Jos niiden lis\u00e4ksi murehtii siit\u00e4, johtuvatko oireet epilepsiasta tai syd\u00e4nvaivasta, toiminnalliset lyyhistymiskohtaukset todenn\u00e4k\u00f6isesti pahenevat.<\/p>\n\n\n\n<p>On hyv\u00e4 ymm\u00e4rt\u00e4\u00e4, ett\u00e4 toiminnalliset lyyhistymiskohtaukset ovat suhteellisen tavallinen l\u00e4\u00e4ketieteellinen vaiva. Kokeneet l\u00e4\u00e4k\u00e4rit osaavat tunnistaa sen v\u00e4litt\u00f6m\u00e4sti, eik\u00e4 toiminnallista lyyhistymiskohtausta voi sekoittaa mihink\u00e4\u00e4n muuhun sairauteen tai vaivaan.<\/p>\n\n\n\n<p><strong>Varoitusoireiden tunnistaminen<\/strong><br \/>Useimmilla toiminnallisista lyyhistymiskohtauksista k\u00e4rsivill\u00e4 potilailla ei esiinny varoitusoireita tai niit\u00e4 esiintyy vain muutaman ensimm\u00e4isen kohtauksen yhteydess\u00e4. Toisinaan varoitusoireet voi oppia tunnistamaan. N\u00e4it\u00e4 voi olla dissosiatiiviset oireet tai kehon merkit siit\u00e4, ett\u00e4 se on menossa \u201dh\u00e4lytystilaan\u201d. T\u00e4llaisia oireita voivat olla esimerkiksi syd\u00e4men tykytys ja kuumottava tunne. Jos toiminnalliseen lyyhistymiskohtaukseen liittyy edes muutaman sekunnin mittainen varoitusoire, voi oireen pident\u00e4mist\u00e4 harjoitella harhauttamistekniikoita k\u00e4ytt\u00e4en. T\u00e4t\u00e4 samaa hoitokeinoa hy\u00f6dynnet\u00e4\u00e4n <a href=\"\/fi\/symptoms\/fnd-symptoms\/dissociative-non-epileptic-attacks-blackouts\/\" data-type=\"URL\" data-id=\"\/fi\/symptoms\/fnd-symptoms\/dissociative-non-epileptic-attacks-blackouts\/\">toiminnallisten kohtauksien hoidossa.<\/a><\/p>\n\n\n\n<p><strong>Tapahtuvatko toiminnalliset lyyhistymiskohtaukset tietyiss\u00e4 tilanteissa?<\/strong><\/p>\n\n\n\n<p>Pienell\u00e4 osalla potilaista esiintyy lyyhistymiskohtauksia vain kodin ulkopuolella. Ilmi\u00f6 on sama, kuin paniikkikohtauksista k\u00e4rsivill\u00e4 potilailla, jotka saavat kohtauksia vain poistuessaan kotinsa turvasta.<\/p>\n\n\n\n<p><strong>Jos varoitusoireita ei ole<\/strong><\/p>\n\n\n\n<p>Kuten muissa toiminallisissa kohtauksissa, my\u00f6s toiminnallisiin lyyhistymiskohtauksiin voi liitty\u00e4 varoitusoireita, joita potilas ei havaitse itse. T\u00e4ll\u00f6in ymp\u00e4r\u00f6iv\u00e4t ihmiset saattavat huomata muutoksia potilaassa juuri ennen kohtausta. T\u00e4llaisia oireita voi olla \u201dhiljaiseksi meneminen\u201d tai \u201cnukahtaminen silm\u00e4t auki\u201d, johon liittyy lasittunut katse. Jos yst\u00e4v\u00e4t tai perheenj\u00e4senet huomaavat t\u00e4llaisia <a href=\"\/fi\/symptoms\/common-associated-symptoms\/dissociative-symptoms-feeling-spaced-out\/\" data-type=\"URL\" data-id=\"\/fi\/symptoms\/common-associated-symptoms\/dissociative-symptoms-feeling-spaced-out\/\">dissosiatiivisia oireita<\/a>, heit\u00e4 voi pyyt\u00e4\u00e4 kertomaan niist\u00e4. T\u00e4ll\u00f6in potilas voi oppia tunnistamaan varoitusoireisiin liittyvi\u00e4 tuntemuksia.<\/p>\n\n\n\n<p>Osaan dissosiatiivista oireista kuuluu se, ettei potilas itse huomaa kohtausta edelt\u00e4v\u00e4\u00e4 tajunnan sumentumista. N\u00e4in ollen osa dissosiatiivista oireista k\u00e4rsivist\u00e4 potilaista tarvitsee hiukan harjoitusta oppiakseen tunnistamaan dissosiatiiviset oireet.<\/p>\n\n\n\n<h3>Jos yll\u00e4 mainitut keinot eiv\u00e4t auta<\/h3>\n\n\n\n<p>Suurimmalla osalla toiminnallisista lyyhistymiskohtauksista k\u00e4rsivist\u00e4 potilaita ei esiinny mink\u00e4\u00e4nlaisia varoitusoireita. Toiminnallisia lyyhistymiskohtauksia my\u00f6s tapahtuu sattumanvaraisesti kaikkialla, jopa kotona. T\u00e4ll\u00f6in voi vaikuttaa silt\u00e4, ettei lyyhistymiskohtauksiin ole mahdollista l\u00f6yt\u00e4\u00e4 hoitoa. Hoitoa ei tunnu l\u00f6ytyv\u00e4n, vaikka potilas ymm\u00e4rt\u00e4\u00e4 ja hyv\u00e4ksyy saamansa toiminnallisen oireen diagnoosin. Muita mahdollisia hoitomuotoja ovat esimerkiksi:<\/p>\n\n\n\n<p><strong>L\u00e4\u00e4kitys<\/strong><\/p>\n\n\n\n<p>Osa <a href=\"\/fi\/treatment-2\/medication\/\" data-type=\"URL\" data-id=\"\/fi\/treatment-2\/medication\/\">l\u00e4\u00e4kityst\u00e4 k\u00e4sittelev\u00e4ll\u00e4 sivulla<\/a> mainituista l\u00e4\u00e4kkeist\u00e4 voi olla kokeilemisen arvoisia. T\u00e4llaisia l\u00e4\u00e4kkeit\u00e4 ovat esimerkiksi amitryptiliini. N\u00e4it\u00e4 k\u00e4ytet\u00e4\u00e4n toisinaan <em>katapleksiaksi <\/em>kutsutun, kaatumisia aiheuttavan sairauden hoidossa ja niiden k\u00e4yt\u00f6st\u00e4 on joitain onnistuneita viitteit\u00e4.<\/p>\n\n\n\n<p><strong>Keskusteluhoidot<\/strong><\/p>\n\n\n\n<p>Jos toiminnalliset lyyhistymiskohtaukset hallitsevat el\u00e4m\u00e4\u00e4, kohtauksesta murehtiminen ja toistuvat kohtaukset voivat luoda ylitsep\u00e4\u00e4sem\u00e4tt\u00f6m\u00e4n noidankeh\u00e4n. Murehtimista voi aiheuttaa ep\u00e4tietoisuus seuraavan kohtauksen ajankohdasta ja mahdollisten vammojen pelko. Murehtimisesta keskusteleminen l\u00e4\u00e4k\u00e4rin tai psykologin kanssa voi auttaa. Psykologi voi soveltaa hoidossa paniikkikohtauksiin k\u00e4ytettyj\u00e4 menetelmi\u00e4. T\u00e4llaisia voivat olla esimerkiksi kodista poistumisen harjoittelu asteittain tai kaatumisen liittyv\u00e4n h\u00e4pe\u00e4ntunteen k\u00e4sittely. My\u00f6s avun vastaanottamiseen totuttelu kaatumisen j\u00e4lkeen ja vammautumisen pelon k\u00e4sittely voivat kuulua keskusteluhoidon tavoitteisiin.<\/p>\n\n\n\n<p>Kaikesta hoidosta huolimatta osalla toiminnallisista lyyhistymiskohtauksista k\u00e4rsivi\u00e4 potilaita oireet pysyv\u00e4t samanlaisina. Saattaa olla, ett\u00e4 toiminnallisiin lyyhistymiskohtauksiin liittyy jotain, jota tutkijat eiv\u00e4t viel\u00e4 t\u00e4ysin ymm\u00e4rr\u00e4. On my\u00f6s mahdollista, ett\u00e4 lyyhistymiskohtauksista kehittyy niin vakiintunut hermoston toimintamalli, ett\u00e4 sen muuttaminen on liian vaikeaa.<\/p>\n\n\n\n<p>Jos oireet eiv\u00e4t poistu, vaaditaan perheelt\u00e4, yst\u00e4vilt\u00e4 ja terveydenhoidon ammattilaisilta ymm\u00e4rryst\u00e4. Kaikkien on t\u00e4rke\u00e4\u00e4 oppia el\u00e4m\u00e4\u00e4n oireiden kanssa niin hyvin kuin mahdollista. On hyv\u00e4 k\u00e4yd\u00e4 l\u00e4pi, kuinka ymp\u00e4r\u00f6ivien ihmisten tulisi toimia kohtausten aikana. Moni toiminnallisista lyyhistymiskohtauksista k\u00e4rsiv\u00e4 kykenee k\u00e4ym\u00e4\u00e4n t\u00f6iss\u00e4 ja el\u00e4m\u00e4\u00e4n normaalia el\u00e4m\u00e4\u00e4 toistuvista kohtauksista huolimatta.<\/p>\n","protected":false},"excerpt":{"rendered":"<p>Lyyhistymiskohtauksia voi esiinty\u00e4 toiminnallisen h\u00e4iri\u00f6n osana. <\/p>\n","protected":false},"author":65,"featured_media":1629,"parent":937,"menu_order":282,"comment_status":"closed","ping_status":"closed","template":"page-template\/symptom-details-page-template.php","meta":[],"_links":{"self":[{"href":"https:\/\/pre-prod.neurosymptoms.org\/fi\/wp-json\/wp\/v2\/pages\/567"}],"collection":[{"href":"https:\/\/pre-prod.neurosymptoms.org\/fi\/wp-json\/wp\/v2\/pages"}],"about":[{"href":"https:\/\/pre-prod.neurosymptoms.org\/fi\/wp-json\/wp\/v2\/types\/page"}],"author":[{"embeddable":true,"href":"https:\/\/pre-prod.neurosymptoms.org\/fi\/wp-json\/wp\/v2\/users\/65"}],"replies":[{"embeddable":true,"href":"https:\/\/pre-prod.neurosymptoms.org\/fi\/wp-json\/wp\/v2\/comments?post=567"}],"version-history":[{"count":227,"href":"https:\/\/pre-prod.neurosymptoms.org\/fi\/wp-json\/wp\/v2\/pages\/567\/revisions"}],"predecessor-version":[{"id":15611,"href":"https:\/\/pre-prod.neurosymptoms.org\/fi\/wp-json\/wp\/v2\/pages\/567\/revisions\/15611"}],"up":[{"embeddable":true,"href":"https:\/\/pre-prod.neurosymptoms.org\/fi\/wp-json\/wp\/v2\/pages\/937"}],"wp:featuredmedia":[{"embeddable":true,"href":"https:\/\/pre-prod.neurosymptoms.org\/fi\/wp-json\/wp\/v2\/media\/1629"}],"wp:attachment":[{"href":"https:\/\/pre-prod.neurosymptoms.org\/fi\/wp-json\/wp\/v2\/media?parent=567"}],"curies":[{"name":"wp","href":"https:\/\/api.w.org\/{rel}","templated":true}]}}