{"id":593,"date":"2020-11-30T15:08:03","date_gmt":"2020-11-30T15:08:03","guid":{"rendered":"https:\/\/ftd.cognihealth.in\/?page_id=593"},"modified":"2024-11-01T03:37:36","modified_gmt":"2024-11-01T03:37:36","slug":"post-concussion-syndrome","status":"publish","type":"page","link":"https:\/\/pre-prod.neurosymptoms.org\/fi\/symptoms\/common-associated-symptoms\/post-concussion-syndrome\/","title":{"rendered":"Aivot\u00e4r\u00e4hdyksen j\u00e4lkeinen oireyhtym\u00e4"},"content":{"rendered":"\n<p>Aivot\u00e4r\u00e4hdyksen j\u00e4lkeiseksi oireyhtym\u00e4ksi, tai post-traumaattiseksi oireyhtym\u00e4ksi, kutsutaan joukkoa fyysisi\u00e4 ja kognitiivisia oireita. N\u00e4it\u00e4 oireita voi ilmet\u00e4 eritt\u00e4in liev\u00e4n aivovamman j\u00e4lkeen. Niihin kuuluvat muun muassa:<\/p>\n\n\n\n<p>Huimaus<\/p>\n\n\n\n<p>Huono muisti ja keskittymisvaikeudet<\/p>\n\n\n\n<p>P\u00e4\u00e4ns\u00e4rky<\/p>\n\n\n\n<p>Uupumus<\/p>\n\n\n\n<p>Uniongelmat<\/p>\n\n\n\n<p>Valonarkuus<\/p>\n\n\n\n<p>Tinnitus<\/p>\n\n\n\n<p>Niskakipu<\/p>\n\n\n\n<p>\u00c4rtyneisyys<\/p>\n\n\n\n<p>Edinburgin yliopiston tutkimusryhm\u00e4 on laatinut englanninkielisen sivuston erityisesti liev\u00e4st\u00e4 p\u00e4\u00e4vammasta toipuville potilaille ja liev\u00e4n aivovamman j\u00e4lkeisiin oireisiin. <a rel=\"noreferrer noopener\" href=\"https:\/\/headinjurysymptoms.org\/\" target=\"_blank\">www.headinjurysymptoms.org<\/a><\/p>\n\n\n\n<p>Kun l\u00e4\u00e4k\u00e4rit puhuvat eritt\u00e4in <strong>liev\u00e4st\u00e4 aivovammasta<\/strong>, he eiv\u00e4t tarkoita mit\u00e4 tahansa p\u00e4\u00e4h\u00e4n sattunutta osumaa. Eritt\u00e4in liev\u00e4 aivovamma tarkoittaa yleens\u00e4 lyhytaikaista tajunnan menetyst\u00e4 (alle 15 sekuntia) ja lyhytt\u00e4 muistikatkosta onnettomuuden j\u00e4lkeen (alle tunti). M\u00e4\u00e4ritelmiss\u00e4 voi olla eroja eri maissa.<\/p>\n\n\n\n<p><strong>Aivot\u00e4r\u00e4hdykselle<\/strong> ei ole yleisesti hyv\u00e4ksytty\u00e4 m\u00e4\u00e4ritelm\u00e4\u00e4. Sill\u00e4 tarkoitetaan p\u00e4\u00e4h\u00e4n tullutta osumaa ilman v\u00e4lit\u00f6nt\u00e4 tajunnan menetyst\u00e4 tai muistikatkoja.<\/p>\n\n\n\n<p>Huimaus, keskittymisvaikeudet ja muut yll\u00e4 listatut oireet ovat normaaleja aivot\u00e4r\u00e4hdyksen j\u00e4lkeen. Oireet voivat kest\u00e4\u00e4 muutamasta tunnista muutamaan p\u00e4iv\u00e4\u00e4n.<\/p>\n\n\n\n<p>Laajat tutkimukset ovat osoittaneet, ett\u00e4 aivot\u00e4r\u00e4hdyst\u00e4 ja eritt\u00e4in liev\u00e4\u00e4 aivovammaa seuraavat oireet asettuvat yleens\u00e4 p\u00e4ivien, viikkojen tai korkeintaan kuukausien p\u00e4\u00e4st\u00e4.<\/p>\n\n\n\n<p>Joskus tietyille oireille l\u00f6ytyy tarkka selitys.<\/p>\n\n\n\n<p>P\u00e4\u00e4h\u00e4n osunut isku voi esimerkiksi irrottaa korvan tasapainoelimiin kertynytt\u00e4 sakkaa, mik\u00e4 johtaa hyv\u00e4laatuiseen asentohuimaukseen. P\u00e4\u00e4n vammaan voi liitty\u00e4 my\u00f6s muita komplikaatioita, joita l\u00e4\u00e4k\u00e4ri saattaa tutkia. Yleens\u00e4 oireille ei kuitenkaan l\u00f6ydy helposti nimett\u00e4v\u00e4\u00e4 syyt\u00e4 ja tutkimukset, kuten aivos\u00e4hk\u00f6k\u00e4yr\u00e4, n\u00e4ytt\u00e4v\u00e4t normaaleilta.<\/p>\n\n\n\n<p>Aivot kykenev\u00e4t hyvin paranemaan lievist\u00e4 p\u00e4\u00e4h\u00e4n kohdistuneista osumista, kunhan niit\u00e4 ei esiinny toistuvasti.<\/p>\n\n\n\n<p>Aivot\u00e4r\u00e4hdyksen j\u00e4lkeisess\u00e4 oireyhtym\u00e4ss\u00e4 oireet kest\u00e4v\u00e4t kauemmin, kuin voisi olettaa vamman vakavuuteen n\u00e4hden. Oireet yleens\u00e4 pahenevat ajan kanssa. P\u00e4\u00e4vammaan suoraan liittyv\u00e4t oireet ovat sen sijaan pahimmat juuri onnettomuuden j\u00e4lkeen ja paranevat sitten hitaasti.<\/p>\n\n\n\n<h3>Mik\u00e4 aivot\u00e4r\u00e4hdyksen j\u00e4lkeisen oireyhtym\u00e4n aiheuttaa?<\/h3>\n\n\n\n<p>Aivot\u00e4r\u00e4hdyksen j\u00e4lkeisess\u00e4 oireyhtym\u00e4ss\u00e4 hermoverkot, jotka vastaavat aistimuksista k\u00e4\u00e4ntyv\u00e4t tavallaan liian kovalle vamman j\u00e4lkeen. N\u00e4ihin verkkoihin kuuluu kipua aistivia hermoston osia. Lis\u00e4ksi niihin kuuluu aistimuksia kokevia hermoston osia, jotka aiheuttavat huimauksen kaltaisia oireita. Aivot suodattavat normaalisti ylim\u00e4\u00e4r\u00e4isi\u00e4 aistimuksia varsin tehokkaasti. N\u00e4in voimme keskitty\u00e4 paremmin tarpeellisiin aisti\u00e4rsykkeisiin. P\u00e4\u00e4h\u00e4n kohdistuneen osuman j\u00e4lkeen t\u00e4m\u00e4 prosessi voi h\u00e4iriinty\u00e4. T\u00e4h\u00e4n voi olla lukuisia syit\u00e4. H\u00e4iriintyneen hermoston toiminnan seurauksena havaitsemme ylim\u00e4\u00e4r\u00e4isi\u00e4 kipu- ja aisti\u00e4rsykkeit\u00e4.<\/p>\n\n\n\n<p>Hermoston aistimukset palaavat yleens\u00e4 normaaleiksi toipumisen yhteydess\u00e4. Aivot\u00e4r\u00e4hdyksen j\u00e4lkeisess\u00e4 oireyhtym\u00e4ss\u00e4 aistimukset kuitenkin j\u00e4\u00e4v\u00e4t liian kovalle tai jopa pahenevat ajan kanssa.<\/p>\n\n\n\n<p>Jos t\u00e4h\u00e4n lis\u00e4t\u00e4\u00e4n p\u00e4\u00e4h\u00e4n kohdistuneen osuman aiheuttama j\u00e4rkytys ja aivovaurion pelon aiheuttama huolestuminen, on helppo ymm\u00e4rt\u00e4\u00e4, miksi potilaan vointi kehittyy huonompaan suuntaan.<\/p>\n\n\n\n<p>Aivot\u00e4r\u00e4hdyksen j\u00e4lkeisest\u00e4 oireyhtym\u00e4st\u00e4k\u00e4\u00e4n ei ole syyt\u00e4 olla huolestunut. Muiden toiminnallisten neurologisten oireiden tavoin, huolehtiminen ja huono mieliala usein vain pahentavat oireita.<\/p>\n\n\n\n<h3>Johtuuko aivot\u00e4r\u00e4hdyksen j\u00e4lkeinen oireyhtym\u00e4 aivovammasta?<\/h3>\n\n\n\n<p>P\u00e4hkin\u00e4nkuoressa, ei johdu.<\/p>\n\n\n\n<p>Aivot\u00e4r\u00e4hdyksen j\u00e4lkeisen oireyhtym\u00e4n laukaisee isku p\u00e4\u00e4h\u00e4n, johon saattaa kuulua todella pieni aivojen vaurio. On t\u00e4rke\u00e4\u00e4 muistaa, ett\u00e4 aikuisten aivosoluja tuhoutuu p\u00e4ivitt\u00e4in.<\/p>\n\n\n\n<p>Jos vamma oli eritt\u00e4in pieni, 8\u201312 viikon kuluttua mink\u00e4\u00e4n mahdollisen oireen ei pit\u00e4isi johtua siit\u00e4. Sen sijaan oireet johtuvat t\u00e4ll\u00f6in hermoston ja aivojen ep\u00e4normaalista toiminnasta. Toisin sanottuna kyseess\u00e4 on toiminnallinen neurologinen oireisto.<\/p>\n\n\n\n<p>Aivot\u00e4r\u00e4hdyksen j\u00e4lkeiseen oireyhtym\u00e4\u00e4n voivat liitty\u00e4 huimaus, keskittymisvaikeudet ja uupumus. Ne ovat samanlaisia, kuin muistakin toiminnallisesta oireesta k\u00e4rsivill\u00e4 potilailla. T\u00e4llaiset oireet eiv\u00e4t en\u00e4\u00e4 suoraan liity p\u00e4\u00e4h\u00e4n kohdistuneeseen iskuun. T\u00e4ll\u00e4 sivustolla kuvatut ohjeet n\u00e4iden oireiden hoidossa p\u00e4tev\u00e4t siis my\u00f6s aivovamman j\u00e4lkeisen oireyhtym\u00e4n hoitoon.<\/p>\n\n\n\n<h3>Aivot\u00e4r\u00e4hdyksen j\u00e4lkeinen oireyhtym\u00e4 vai Post-traumaattinen oireyhtym\u00e4?<\/h3>\n\n\n\n<p>Merkitt\u00e4v\u00e4 Australialaistutkimus tutki hiljattain vammapotilaiden oireiden kehittymist\u00e4 toiminnallisiksi neurologisiksi oireiksi. Tutkimuksessa havaittiin, ett\u00e4 liev\u00e4n p\u00e4\u00e4vamman saaneille potilaille kehittyi aivot\u00e4r\u00e4hdyksen j\u00e4lkeinen oireyhtym\u00e4 tietyll\u00e4 todenn\u00e4k\u00f6isyydell\u00e4. Muista kehon vammoista (ei p\u00e4\u00e4) toipuville potilaille kehittyy toiminnallisia j\u00e4lkioireita yht\u00e4 suurella todenn\u00e4k\u00f6isyydell\u00e4.<\/p>\n\n\n\n<p>&nbsp;(Meares et al. Mild traumatic brain injury does not predict acute postconcussion syndrome. JNNP 2008;79:300\u20136)<\/p>\n\n\n\n<p>Tutkimus osoittaa <em>post-traumaattisen oireyhtym\u00e4n<\/em> olemassaolon. Siin\u00e4 potilaalle kehittyy toiminnallisia oireita vamman j\u00e4lkeen. N\u00e4m\u00e4 oireet ovat aitoja ja oikeita. Tutkimus tukee ajatusta siit\u00e4, ettei oireiden taustalla ole aivokudoksen vaurio. Huoli aivovauriosta on kuitenkin ymm\u00e4rrett\u00e4v\u00e4 ja normaali pelko p\u00e4\u00e4h\u00e4n kohdistuneen iskun j\u00e4lkeen.<\/p>\n\n\n\n<h3>Aivot\u00e4r\u00e4hdyksen j\u00e4lkeisen oireyhtym\u00e4n hoito<\/h3>\n\n\n\n<p>Useimpia aivot\u00e4r\u00e4hdyksen j\u00e4lkeisen oireyhtym\u00e4n oireita voi l\u00e4hesty\u00e4 toiminnallisina oireina, jotka eiv\u00e4t liity p\u00e4\u00e4h\u00e4n kohdistuneeseen iskuun.<\/p>\n\n\n\n<p>Tutustu t\u00e4m\u00e4n sivuston omiin sivuihin <strong>huimauksesta, uupumuksesta, muisti- ja keskittymisvaikeuksista, uniongelmista, p\u00e4\u00e4ns\u00e4ryst\u00e4, ahdistuneisuudesta, aistioireista ja muista oireista <\/strong>saadaksesi lis\u00e4tietoa.<\/p>\n\n\n\n<p>Aivot\u00e4r\u00e4hdyksen j\u00e4lkeisen oireyhtym\u00e4n hoitoon liittyy lukuisia erityispiirteit\u00e4, jotka tulee huomioida sairauden hoidossa:<\/p>\n\n\n\n<ol type=\"1\"><li><strong>Diagnoosin ymm\u00e4rt\u00e4minen. <\/strong>On perusteltua ajatella, ett\u00e4 p\u00e4\u00e4h\u00e4n kohdistunut isku aiheutti oireet, koska toiminnalliset oireet alkoivat iskun j\u00e4lkeen. Tietyss\u00e4 mieless\u00e4 t\u00e4m\u00e4 voi pit\u00e4\u00e4 paikkaansa. Jos potilas kuitenkin on vakuuttunut, ett\u00e4 oireet johtuvat aivovammasta, voi t\u00e4m\u00e4 hidastaa kuntoutumista. Oireet voivat pahentua kehon liikkeess\u00e4. Silloin potilas voi kokea olevansa vammautunut ja, ettei parantumisesta ole toivoa. Kuntoutuminen on helpompaa, jos potilas saa vakuutettua itselleen, ett\u00e4 oireet voivat helpottua.<\/li><li><strong>Muut aivot\u00e4r\u00e4hdyksen j\u00e4lkeisen oireyhtym\u00e4n kaltaisia oireita aiheuttavat syyt, kuten hyv\u00e4nlaatuinen asentohuimaus<\/strong>. N\u00e4ille oireiden aiheuttajille voi l\u00f6yty\u00e4 omat hoitomuotonsa. Esimerkiksi:<\/li><li><strong>Migreeni.<\/strong> P\u00e4\u00e4h\u00e4n kohdistuva isku voi joskus pahentaa tai laukaista migreenin. Jos n\u00e4in tapahtuu, oiretta tulisi hoitaa migreenin\u00e4.<\/li><li><strong>Hyv\u00e4laatuinen asentohuimaus.<\/strong>&nbsp;Kuten aiemmin mainittiin, liev\u00e4 p\u00e4\u00e4h\u00e4n kohdistuva isku voi aiheuttaa hyv\u00e4nlaatuiseksi asentohuimaukseksi kutsuttua kiertohuimausta. Sen aiheuttaa korvan tasapainoelimist\u00e4 irronnut sakka. Kiertohuimaukseen liittyy kokemus ymp\u00e4rist\u00f6n py\u00f6rimisest\u00e4. Hoitona k\u00e4ytet\u00e4\u00e4n korjaavia harjoitteita, kuten <em>Epleyn manooveria<\/em>. L\u00e4\u00e4k\u00e4ri tai fysioterapeutti voi opettaa potilaalle n\u00e4it\u00e4 harjoitteita. T\u00e4llaiset harjoitukset voivat auttaa my\u00f6s krooniseen huimaukseen.<\/li><li><strong>Post-traumaattinen stressireaktio. <\/strong>Post-traumaattiseen stressireaktioon kuuluu joukko psykologisia oireita. N\u00e4it\u00e4 ovat esimerkiksi traumaattisen tapahtuman uudelleen kokeminen, painajaiset, ylivireystila ja ahdistuneisuus. Vakavan traumaattisen kokemuksen j\u00e4lkeen t\u00e4llaiset oireet saattavat olla normaaleja jonkin aikaa. Jos oireet kuitenkin kest\u00e4v\u00e4t kohtuuttoman pitk\u00e4\u00e4n tai pahenevat, saattaa niist\u00e4 olla hy\u00f6dyllist\u00e4 keskustella l\u00e4\u00e4k\u00e4rin kanssa. Post-traumaattisen stressireaktion hoitoon on olemassa omia hoitomuotoja.<\/li><li><strong>Ahdistuneisuus tai masennus. <\/strong>P\u00e4\u00e4vamma ja sen j\u00e4lkeiset oireet voivat aiheuttaa ahdistusta ja masennusta, erityisesti jos potilas joutuu j\u00e4\u00e4m\u00e4\u00e4n pois t\u00f6ist\u00e4. On hyv\u00e4 muistaa, ett\u00e4 uupumus, uniongelmat ja muisti- sek\u00e4 keskittymisvaikeudet voivat johtua ahdistuneisuudesta tai masennuksesta. Niist\u00e4 voi olla hyv\u00e4 keskustella l\u00e4\u00e4k\u00e4rin kanssa.<\/li><li><strong>Korvausvaatimukset.<\/strong>&nbsp;Vammaan voi liitty\u00e4 k\u00e4sittelyss\u00e4 olevia korvausvaatimuksia. Siin\u00e4 ei ole mit\u00e4\u00e4n v\u00e4\u00e4r\u00e4\u00e4, mutta on hyv\u00e4 olla tietoinen siit\u00e4, ett\u00e4 t\u00e4ll\u00e4 voi olla vaikutuksia terveyteen. Monet korvauksia odottavat eiv\u00e4t tiedosta, kuinka kauan korvausprosessi voi kest\u00e4\u00e4 (jopa vuosia). He eiv\u00e4t my\u00f6sk\u00e4\u00e4n tiedosta, ett\u00e4 korvausprosessissa heid\u00e4n tulee kertoa tarinansa yh\u00e4 uudestaan, usein ep\u00e4uskoisille ammattilaisille. T\u00e4m\u00e4 prosessi voi olla hyvin stressaava. Se pakottaa potilaan palaamaan uudelleen ja uudelleen takaisin tapahtumiin, joihin voi liitty\u00e4 vihaa ja turhautumista. T\u00e4m\u00e4 voi hidastaa kuntoutumista, vaikka oireet ovat oikeita ja aitoja.<\/li><\/ol>\n\n\n\n<p>T\u00e4m\u00e4n sivuston tarkoitus ei ole kannustaa tai est\u00e4\u00e4 korvauksien hakemista. Voi kuitenkin olla hy\u00f6dyllist\u00e4 ymm\u00e4rt\u00e4\u00e4, Kuinka t\u00e4llainen prosessi voi vaikuttaa aivot\u00e4r\u00e4hdyksen j\u00e4lkeisest\u00e4 oireyhtym\u00e4st\u00e4 kuntoutumiseen.<\/p>\n\n\n\n<h3>Lis\u00e4tietoja<\/h3>\n\n\n\n<p>N\u00e4iden englanninkielisten linkkien takaa l\u00f6ytyy lis\u00e4tietoa aivot\u00e4r\u00e4hdyksen j\u00e4lkeisest\u00e4 oireyhtym\u00e4st\u00e4:<\/p>\n\n\n\n<p><a href=\"https:\/\/www.mayoclinic.org\/diseases-conditions\/post-concussion-syndrome\/symptoms-causes\/syc-20353352\">Mayo Clinic \u2013 information on Post Concussion Syndrome<\/a><\/p>\n\n\n\n<p><a href=\"https:\/\/www.headway.org.uk\/about-brain-injury\/individuals\/types-of-brain-injury\/mild-head-injury-and-concussion\/\">Headway \u2013 UK Brain injury charity information on Minor Head injury and concussion<\/a><\/p>\n\n\n\n<p><a href=\"https:\/\/www.nhs.uk\/conditions\/concussion\/\">NHS choices \u2013 UK<\/a><\/p>\n","protected":false},"excerpt":{"rendered":"<p>Aivot\u00e4r\u00e4hdyksen j\u00e4lkeiseksi oireyhtym\u00e4ksi, tai post-traumaattiseksi oireyhtym\u00e4ksi, kutsutaan joukkoa fyysisi\u00e4 ja kognitiivisia oireita. N\u00e4it\u00e4 oireita voi ilmet\u00e4 eritt\u00e4in liev\u00e4n aivovamman j\u00e4lkeen. <\/p>\n","protected":false},"author":65,"featured_media":1638,"parent":939,"menu_order":265,"comment_status":"closed","ping_status":"closed","template":"page-template\/symptom-details-page-template.php","meta":[],"_links":{"self":[{"href":"https:\/\/pre-prod.neurosymptoms.org\/fi\/wp-json\/wp\/v2\/pages\/593"}],"collection":[{"href":"https:\/\/pre-prod.neurosymptoms.org\/fi\/wp-json\/wp\/v2\/pages"}],"about":[{"href":"https:\/\/pre-prod.neurosymptoms.org\/fi\/wp-json\/wp\/v2\/types\/page"}],"author":[{"embeddable":true,"href":"https:\/\/pre-prod.neurosymptoms.org\/fi\/wp-json\/wp\/v2\/users\/65"}],"replies":[{"embeddable":true,"href":"https:\/\/pre-prod.neurosymptoms.org\/fi\/wp-json\/wp\/v2\/comments?post=593"}],"version-history":[{"count":172,"href":"https:\/\/pre-prod.neurosymptoms.org\/fi\/wp-json\/wp\/v2\/pages\/593\/revisions"}],"predecessor-version":[{"id":15598,"href":"https:\/\/pre-prod.neurosymptoms.org\/fi\/wp-json\/wp\/v2\/pages\/593\/revisions\/15598"}],"up":[{"embeddable":true,"href":"https:\/\/pre-prod.neurosymptoms.org\/fi\/wp-json\/wp\/v2\/pages\/939"}],"wp:featuredmedia":[{"embeddable":true,"href":"https:\/\/pre-prod.neurosymptoms.org\/fi\/wp-json\/wp\/v2\/media\/1638"}],"wp:attachment":[{"href":"https:\/\/pre-prod.neurosymptoms.org\/fi\/wp-json\/wp\/v2\/media?parent=593"}],"curies":[{"name":"wp","href":"https:\/\/api.w.org\/{rel}","templated":true}]}}