{"id":596,"date":"2020-11-30T15:10:22","date_gmt":"2020-11-30T15:10:22","guid":{"rendered":"https:\/\/ftd.cognihealth.in\/?page_id=596"},"modified":"2025-05-29T03:16:20","modified_gmt":"2025-05-29T03:16:20","slug":"bladder-symptoms-and-fnd","status":"publish","type":"page","link":"https:\/\/pre-prod.neurosymptoms.org\/fi\/symptoms\/fnd-symptoms\/bladder-symptoms-and-fnd\/","title":{"rendered":"Rakko-oireet"},"content":{"rendered":"\n<p>Rakon oireita esiintyy joskus muiden toiminnallisten oireiden, erityisesti selk\u00e4kivun, yhteydess\u00e4. Tavallisia oireita ovat:<\/p>\n\n\n\n<p>\u2022 Runsas virtsaamistarve (useat WC k\u00e4ynnit)<\/p>\n\n\n\n<p>\u2022 Virtsaamispakko (kiire vessaan)<\/p>\n\n\n\n<p>\u2022 Virtsan karkailu<\/p>\n\n\n\n<p>\u2022 Tyhjent\u00e4misen vaikeus (virtsaamisen aloittamisen vaikeus tai mahdottomuus)<\/p>\n\n\n\n<p>Muiden toiminnallisten oireiden tavoin rakon oireet on t\u00e4rke\u00e4\u00e4 tutkia huolellisesti. Urologi voi arvioida rakon oireita mahdollisten rakenteellisten ongelmien selvitt\u00e4miseksi. Neurologi tutkii, onko oireen taustalla hermostoa vaurioittava neurologinen sairaus.<\/p>\n\n\n\n<p>On kuitenkin tavallista, ett\u00e4 rakon oireita esiintyy ilman selke\u00e4sti tunnistettavaa&nbsp;ja oireita selitt\u00e4v\u00e4\u00e4 sairautta.<\/p>\n\n\n\n<p>Usein tutkimukset viittaavat <strong>yliaktiiviseen rakkoon.<\/strong> N\u00e4iss\u00e4 tapauksissa rakon lihas on ep\u00e4tavallisen aktiivinen. T\u00e4m\u00e4 aiheuttaa runsasta virtsaamisen tarvetta ja virtsaamispakkoa.<\/p>\n\n\n\n<p>Ongelma on rakon vastine \u00e4rtyv\u00e4n suolen oireyhtym\u00e4lle. N\u00e4m\u00e4 todelliset oireyhtym\u00e4t liittyv\u00e4t hermoston toiminnan s\u00e4\u00e4telyn h\u00e4iri\u00f6\u00f6n. <\/p>\n\n\n\n<p>Yliaktiivisen rakon oireet esiintyv\u00e4t usein jalkojen toiminnallisten oireiden yhteydess\u00e4. Jalkojen toiminnallinen raajaheikkous johtuu, rakon oireiden tavoin, hermostollisen hallinnan ongelmista. Koska oireiden syntymekanismi on samankaltainen, on oireiden samanaikainen esiintyminen ymm\u00e4rrett\u00e4v\u00e4\u00e4.<\/p>\n\n\n\n<h3>Pitk\u00e4aikainen virtsan kertyminen<\/h3>\n\n\n\n<p>Pitk\u00e4aikainen virtsan kertyminen tarkoittaa tilannetta, jossa virtsaaminen ei onnistu. Virtsaaminen ei onnistu lainkaan, tai virtsaaminen on vaikeaa ja rakkoon j\u00e4\u00e4 runsaasti nestett\u00e4.<\/p>\n\n\n\n<p>Pitk\u00e4aikaisen virtsan kertymiseen on monia syit\u00e4. Miehill\u00e4 eturauhasen ongelmat ja naisilla virtsaputken kaventuminen rajoittavat virtsan p\u00e4\u00e4sy\u00e4 rakosta. Lis\u00e4ksi selke\u00e4ytimeen vaikuttavat neurologiset sairaudet voivat johtaa rakon halvaantumiseen.<\/p>\n\n\n\n<p>Pitk\u00e4aikainen virtsan kertyminen vaatii lis\u00e4tutkimuksia. Osalla potilaista oire vaikuttaa esiintyv\u00e4n toiminnallisen neurologisen oireiston ja muiden toiminnallisten oireyhtymien osana.<\/p>\n\n\n\n<p>&nbsp;Toiminnallisesta neurologisesta oireistosta kerrotaan lis\u00e4\u00e4 t\u00e4\u00e4ll\u00e4.<\/p>\n\n\n\n<h3>Akuutti selk\u00e4- ja jalkakipu rakko-oireilla (Cauda equina ilman kuvausl\u00f6yd\u00f6ksi\u00e4)<\/h3>\n\n\n\n<p><em>Cauda equina ilman kuvausl\u00f6yd\u00f6ksi\u00e4<\/em> on esimerkki tilanteesta, jossa rakon oireita esiintyy ilman selke\u00e4\u00e4 n\u00e4ytt\u00f6\u00e4 neurologisesta sairaudesta. T\u00e4ll\u00f6in potilas otetaan sairaalahoitoon kovan selk\u00e4kivun vuoksi. Toisinaan potilaalle kehittyy heikkoutta jaloissa, pakaroiden puutumista ja rakon oireita. N\u00e4m\u00e4 oireet voivat n\u00e4ytt\u00e4\u00e4 hyvin paljon v\u00e4lilevyn pullistumalta. V\u00e4lilevyn pullistuma on vakava tilanne, joka vaatii pikaista leikkausta sel\u00e4n hermovaurion est\u00e4miseksi.<\/p>\n\n\n\n<p>Kun t\u00e4llaiset potilaat kuvannetaan, noin puolella ei esiinny oireita selitt\u00e4vi\u00e4 l\u00f6yd\u00f6ksi\u00e4. Toisinaan taustalla vaikuttaa toinen neurologinen sairaus, mutta se on todettava muilla keinoin. Usein oireille ei l\u00f6ydy m\u00e4\u00e4ritelt\u00e4v\u00e4\u00e4 syyt\u00e4. Vaikuttaa silt\u00e4, ett\u00e4 kova selk\u00e4kipu itsess\u00e4\u00e4n riitt\u00e4\u00e4 aiheuttamaan jalan heikkoutta, puutumista ja rakon oireita.&nbsp;<\/p>\n\n\n\n<h3>Rakon oireiden hoito<\/h3>\n\n\n\n<p>\u00c4rtyv\u00e4n rakoin oireita voidaan hoitaa rakon sein\u00e4m\u00e4\u00e4 rentouttavalla l\u00e4\u00e4kityksell\u00e4.<\/p>\n\n\n\n<p>Voi olla hy\u00f6dyllist\u00e4 ymm\u00e4rt\u00e4\u00e4, ett\u00e4 kehon oireet voivat liitty\u00e4 toisiinsa. Jos virtsarakon yliaktiivisuus tai \u00e4rtyv\u00e4n rakon oireet esiintyv\u00e4t esimerkiksi selk\u00e4- tai jalkakivun yhteydess\u00e4, voi oireiden aiheuttaja olla yhteinen.<\/p>\n\n\n\n<p>Urologisen sairaanhoitajan tapaaminen voi auttaa rakon oireiden hoidossa.<\/p>\n","protected":false},"excerpt":{"rendered":"<p>T\u00e4m\u00e4 kuvaa erilaisia rakon toimintaan liittyi\u00e4 oireita, joita voi esiinty\u00e4 muiden oireiden yhteydess\u00e4. <\/p>\n","protected":false},"author":65,"featured_media":1627,"parent":937,"menu_order":284,"comment_status":"closed","ping_status":"closed","template":"page-template\/symptom-details-page-template.php","meta":[],"_links":{"self":[{"href":"https:\/\/pre-prod.neurosymptoms.org\/fi\/wp-json\/wp\/v2\/pages\/596"}],"collection":[{"href":"https:\/\/pre-prod.neurosymptoms.org\/fi\/wp-json\/wp\/v2\/pages"}],"about":[{"href":"https:\/\/pre-prod.neurosymptoms.org\/fi\/wp-json\/wp\/v2\/types\/page"}],"author":[{"embeddable":true,"href":"https:\/\/pre-prod.neurosymptoms.org\/fi\/wp-json\/wp\/v2\/users\/65"}],"replies":[{"embeddable":true,"href":"https:\/\/pre-prod.neurosymptoms.org\/fi\/wp-json\/wp\/v2\/comments?post=596"}],"version-history":[{"count":119,"href":"https:\/\/pre-prod.neurosymptoms.org\/fi\/wp-json\/wp\/v2\/pages\/596\/revisions"}],"predecessor-version":[{"id":15886,"href":"https:\/\/pre-prod.neurosymptoms.org\/fi\/wp-json\/wp\/v2\/pages\/596\/revisions\/15886"}],"up":[{"embeddable":true,"href":"https:\/\/pre-prod.neurosymptoms.org\/fi\/wp-json\/wp\/v2\/pages\/937"}],"wp:featuredmedia":[{"embeddable":true,"href":"https:\/\/pre-prod.neurosymptoms.org\/fi\/wp-json\/wp\/v2\/media\/1627"}],"wp:attachment":[{"href":"https:\/\/pre-prod.neurosymptoms.org\/fi\/wp-json\/wp\/v2\/media?parent=596"}],"curies":[{"name":"wp","href":"https:\/\/api.w.org\/{rel}","templated":true}]}}