{"id":606,"date":"2020-11-30T16:08:47","date_gmt":"2020-11-30T16:08:47","guid":{"rendered":"https:\/\/ftd.cognihealth.in\/?page_id=606"},"modified":"2024-11-01T03:44:36","modified_gmt":"2024-11-01T03:44:36","slug":"visuals-symptoms","status":"publish","type":"page","link":"https:\/\/pre-prod.neurosymptoms.org\/fi\/symptoms\/fnd-symptoms\/visuals-symptoms\/","title":{"rendered":"N\u00e4k\u00f6oireet"},"content":{"rendered":"\n<h2><\/h2>\n\n\n\n<p>N\u00e4k\u00f6oireet voivat olla toiminnallisia tai dissosiatiivisia. Seuraavat oireet ovat melko tavallisia:<\/p>\n\n\n\n<h3>N\u00e4\u00f6n sumentuminen<\/h3>\n\n\n\n<p>Potilaat kertovat tyypillisesti, ett\u00e4 n\u00e4k\u00f6 sumenee v\u00e4liaikaisesti ja heid\u00e4n t\u00e4ytyy hieroa silmi\u00e4\u00e4n palauttaakseen n\u00e4k\u00f6 normaaliksi. Toisinaan n\u00e4k\u00f6kentt\u00e4\u00e4n voi jopa ilmesty\u00e4 kaksoiskuvia. N\u00e4m\u00e4 oireet usein johtuvat \u201dl\u00e4hikatseluspasmista\u201d\u201d Siin\u00e4 toinen silm\u00e4 k\u00e4\u00e4ntyy liian aktiivisesti sis\u00e4\u00e4np\u00e4in nen\u00e4\u00e4 kohti. K\u00e4\u00e4ntyminen on normaali silm\u00e4n liike, mutta toisinaan siit\u00e4 tulee yliaktiivinen toiminnallisten oireiden yhteydess\u00e4.&nbsp;<\/p>\n\n\n\n<h3>Valoherkkyys (Photophobia)<\/h3>\n\n\n\n<p>T\u00e4m\u00e4 on tavallista v\u00e4symysoireyhtym\u00e4st\u00e4 k\u00e4rsivill\u00e4 potilailla. Valoherkkyytt\u00e4 voi my\u00f6s esiinty\u00e4 toiminnallisen heikkouden ja aistioireiden yhteydess\u00e4. Usein valoherkkyys esiintyy samalla puolella kuin toiminnallinen heikkous. Kirkkaat valot voivat pahentaa toiminnallisen heikkouden oireita.<\/p>\n\n\n\n<p>Aurinkolasien k\u00e4ytt\u00f6 on luonnollinen keino sopeutua valoherkkyyteen. Valitettavasti t\u00e4m\u00e4 yleens\u00e4 herkist\u00e4\u00e4 silmi\u00e4 valolle entisest\u00e4\u00e4n. Paras sopeutumisstrategia on altistaa silm\u00e4t valolle asteittain. Valon m\u00e4\u00e4r\u00e4\u00e4 kannattaa lis\u00e4t\u00e4 rauhallisesti.&nbsp;&nbsp;<\/p>\n\n\n\n<h3>N\u00e4\u00f6n heikkeneminen<\/h3>\n\n\n\n<p>On harvinaista, ett\u00e4 potilaan n\u00e4k\u00f6 heikkenee merkitt\u00e4v\u00e4sti toisessa tai molemmissa silmiss\u00e4. Toisinaan n\u00e4k\u00f6 katoaa kokonaan. N\u00e4iss\u00e4 tapauksissa toiminnallinen sokeus voidaan todeta testeill\u00e4, jotka osoittavat pupillien normaalit reaktiot. Silm\u00e4t my\u00f6s reagoivat normaalisti liikkuvaan \u00e4rsykkeeseen, eik\u00e4 aivojen n\u00e4k\u00f6aistista vastaavissa osissa ole vaurioita.<\/p>\n\n\n\n<p>Toiminnallisista n\u00e4k\u00f6oireista k\u00e4rsivill\u00e4 potilailla voi esiinty\u00e4 putkimaista n\u00e4k\u00f6\u00e4 tai spiraalimaista n\u00e4k\u00f6\u00e4&nbsp;n\u00e4k\u00f6kentt\u00e4testien l\u00f6yd\u00f6ksen\u00e4 (katso oheinen kuva). My\u00f6s muut kliiniset tutkimusl\u00f6yd\u00f6kset ovat mahdollisia.<\/p>\n\n\n\n<figure class=\"wp-block-image size-large\"><img loading=\"lazy\" width=\"313\" height=\"277\" src=\"\/wp-content\/uploads\/2020\/11\/Visual-Symptom-Image-2.png\" alt=\"\" class=\"wp-image-608\" srcset=\"https:\/\/pre-prod.neurosymptoms.org\/wp-content\/uploads\/2020\/11\/Visual-Symptom-Image-2.png 313w, https:\/\/pre-prod.neurosymptoms.org\/wp-content\/uploads\/2020\/11\/Visual-Symptom-Image-2-300x265.png 300w\" sizes=\"(max-width: 313px) 100vw, 313px\" \/><\/figure>\n\n\n\n<p>Ajoittainen n\u00e4\u00f6n sumentuminen on tavallisin toiminnallinen n\u00e4k\u00f6oire. My\u00f6s toisen silm\u00e4n n\u00e4\u00f6n heikkeneminen on tavallista. Erityisesti t\u00e4m\u00e4 tulee ilmi, kun oireeton silm\u00e4 peitet\u00e4\u00e4n. On eritt\u00e4in tavallista, ett\u00e4 n\u00e4k\u00f6 vaikuttaa heikommalta tutkimusten ja l\u00e4\u00e4k\u00e4rin tekemien testien yhteydess\u00e4 kuin tavallisessa arkiel\u00e4m\u00e4ss\u00e4. Toiminnalliseen neurologiseen oireistoon liittyy oireiden paheneminen, kun niihin kiinnitet\u00e4\u00e4n huomiota&nbsp;<\/p>\n\n\n\n<p>Toiminnallisten n\u00e4k\u00f6oireiden hoidosta ei ole paljoa tutkimusn\u00e4ytt\u00f6\u00e4.&nbsp;<\/p>\n\n\n\n<p>Professori John Stone on kirjoittanut kokemuksistaan toiminnallisesta sokeudesta k\u00e4rsivien potilaiden hoidossa. Englanninkielinen artikkeli on saatavilla alla olevasta linkist\u00e4.<\/p>\n\n\n\n<p><a href=\"https:\/\/pn.bmj.com\/content\/19\/2\/168.long\" data-type=\"URL\" data-id=\"https:\/\/pn.bmj.com\/content\/19\/2\/168.long\">Seeing again: treatment of functional visual loss<\/a><\/p>\n\n\n\n<p>Jing Ming Yeo, Alan Carson, Jon Stone. Practical Neurology 2019: 19: 168-72<\/p>\n\n\n\n<p><strong>&#8220;Lumisade&#8221; ja haamukuvat<\/strong><\/p>\n\n\n\n<p>Toisinaan n\u00e4k\u00f6kent\u00e4ss\u00e4 esiintyy ik\u00e4\u00e4n kuin lumisadetta. T\u00e4m\u00e4 voi johtua silmien tai aivojen ongelmasta, mutta kyse voi olla my\u00f6s normaalista ilmi\u00f6st\u00e4. Jos kirkasta taustaa katsoo pidemm\u00e4n aikaa, n\u00e4k\u00f6kentt\u00e4\u00e4n ilmestyy television tyhjien kanavien kaltaista lumisadetta. Lis\u00e4ksi ymp\u00e4rist\u00f6 alkaa ik\u00e4\u00e4n kuin liikkua n\u00e4k\u00f6kent\u00e4ss\u00e4. Joillain potilailla t\u00e4llainen kokemus on pysyv\u00e4. Normaalisti aivot torjuvat t\u00e4llaisen, ylim\u00e4\u00e4r\u00e4isen n\u00e4k\u00f6aistimuksen.&nbsp; Tutkimuksissa n\u00e4k\u00f6kent\u00e4n lumisade on yhdistetty migreeniin.<\/p>\n\n\n\n<p>N\u00e4k\u00f6kentt\u00e4\u00e4n voi my\u00f6s j\u00e4\u00e4d\u00e4 haamukuvia. T\u00e4m\u00e4 on erityisen tavallista, jos samaa kohdetta katsoo pidemm\u00e4n aikaa tai yritt\u00e4\u00e4 seurata nopeasti liikkuvaa kohdetta. Molempien oireiden tutkimusten yhteydess\u00e4 on eritt\u00e4in t\u00e4rke\u00e4\u00e4 sulkea pois mahdolliset aivojen ja silmien sairaudet.&nbsp; Molemmat oireet voivat kuitenkin ilmet\u00e4 ilman aivoja vaurioittavaa neurologista sairautta. Lumisateen tavoin, my\u00f6s haamukuvat voivat johtua aivojen suodatinmekanistien v\u00e4\u00e4r\u00e4nlaisesta toiminnasta. T\u00e4ll\u00f6in aivot eiv\u00e4t suodata ylim\u00e4\u00e4r\u00e4isi\u00e4 n\u00e4k\u00f6aistimuksia tietoisuudesta normaaliin tapaan.<\/p>\n\n\n\n<p>Oheisella sivustolla on aiheesta lis\u00e4tietoa englanniksi.<\/p>\n\n\n\n<p><a href=\"https:\/\/www.visualsnowinitiative.org\/\">https:\/\/www.visualsnowinitiative.org\/<\/a><\/p>\n","protected":false},"excerpt":{"rendered":"<p>N\u00e4k\u00f6oireet voivat olla toiminnallisia tai dissosiatiivisia<\/p>\n","protected":false},"author":65,"featured_media":0,"parent":937,"menu_order":286,"comment_status":"closed","ping_status":"closed","template":"page-template\/symptom-details-page-template.php","meta":[],"_links":{"self":[{"href":"https:\/\/pre-prod.neurosymptoms.org\/fi\/wp-json\/wp\/v2\/pages\/606"}],"collection":[{"href":"https:\/\/pre-prod.neurosymptoms.org\/fi\/wp-json\/wp\/v2\/pages"}],"about":[{"href":"https:\/\/pre-prod.neurosymptoms.org\/fi\/wp-json\/wp\/v2\/types\/page"}],"author":[{"embeddable":true,"href":"https:\/\/pre-prod.neurosymptoms.org\/fi\/wp-json\/wp\/v2\/users\/65"}],"replies":[{"embeddable":true,"href":"https:\/\/pre-prod.neurosymptoms.org\/fi\/wp-json\/wp\/v2\/comments?post=606"}],"version-history":[{"count":111,"href":"https:\/\/pre-prod.neurosymptoms.org\/fi\/wp-json\/wp\/v2\/pages\/606\/revisions"}],"predecessor-version":[{"id":15610,"href":"https:\/\/pre-prod.neurosymptoms.org\/fi\/wp-json\/wp\/v2\/pages\/606\/revisions\/15610"}],"up":[{"embeddable":true,"href":"https:\/\/pre-prod.neurosymptoms.org\/fi\/wp-json\/wp\/v2\/pages\/937"}],"wp:attachment":[{"href":"https:\/\/pre-prod.neurosymptoms.org\/fi\/wp-json\/wp\/v2\/media?parent=606"}],"curies":[{"name":"wp","href":"https:\/\/api.w.org\/{rel}","templated":true}]}}