{"id":631,"date":"2020-12-01T02:51:31","date_gmt":"2020-12-01T02:51:31","guid":{"rendered":"https:\/\/ftd.cognihealth.in\/?page_id=631"},"modified":"2025-01-27T04:01:41","modified_gmt":"2025-01-27T04:01:41","slug":"understanding-fnd","status":"publish","type":"page","link":"https:\/\/pre-prod.neurosymptoms.org\/fi\/treatment\/understanding-fnd\/","title":{"rendered":"Sairauden ymm\u00e4rt\u00e4minen"},"content":{"rendered":"\n<p>Jos et ole perehtynyt t\u00e4m\u00e4n sivuston<a href=\"https:\/\/pre-prod.neurosymptoms.org\/fi\/causes\/\" data-type=\"URL\" data-id=\"https:\/\/pre-prod.neurosymptoms.org\/fi\/causes\/\"> syyt-v\u00e4lilehden<\/a> alla oleviin teksteihin, kannattaa tutustua niihin ennen t\u00e4t\u00e4 osiota.<\/p>\n\n\n\n<p>Toiminnallisiin neurologisiin oireisiin on vain harvoin nopeaa ratkaisua. \u201dHitaita ratkaisuja\u201d on kuitenkin olemassa, jotka voivat helpottaa oireita ja parantaa potilaan oloa. T\u00e4llaiset hoitokeinot vaativat aikaa ja hoitoon sitoutumista.<\/p>\n\n\n\n<p>Yksi t\u00e4rkeimmist\u00e4 kuntoutumisen onnistumiseen vaikuttavista tekij\u00f6ist\u00e4 n\u00e4ytt\u00e4\u00e4 olevan, miten hyvin diagnoosi on selitetty potilaalle ja kuinka hyvin selitys on otettu vastaan. Diagnoosin hyv\u00e4ksymiseen saattaa menn\u00e4 aikaa, mutta se on hyvin t\u00e4rke\u00e4\u00e4 hoidon onnistumiselle.<\/p>\n\n\n\n<p>Avainasemassa vaikuttaa olevan seuraavien seikkojen hyv\u00e4ksyminen:<\/p>\n\n\n\n<p>Toiminnalliset neurologiset oireet ovat tavallisia \u2013 <strong>et ole outo.<\/strong><\/p>\n\n\n\n<p>Toiminnalliset neurologiset oireet ovat todellisia \u2013 <strong>et kuvittele niit\u00e4.<\/strong><\/p>\n\n\n\n<p>Toiminnalliset neurologiset oireet on <strong>mahdollista hoitaa.<\/strong><\/p>\n\n\n\n<p>Oireet <strong>eiv\u00e4t ole sinun syyt\u00e4si<\/strong>.<\/p>\n\n\n\n<p>Kuntoutuminen tulee kuitenkin vaatimaan <strong>ty\u00f6t\u00e4 ja sitoutumista.<\/strong><\/p>\n\n\n\n<p>Jos mahdollista, on hyv\u00e4 perehty\u00e4 l\u00e4\u00e4k\u00e4rin kirjoittamiin lausuntoihin ja yritt\u00e4\u00e4 ymm\u00e4rt\u00e4\u00e4 niit\u00e4. My\u00f6s t\u00e4h\u00e4n sivustoon tutustuminen voi auttaa ymm\u00e4rt\u00e4m\u00e4\u00e4n sairautta paremmin.<\/p>\n\n\n\n<p>Jos diagnoosi alkaa k\u00e4yd\u00e4 j\u00e4rkeen, potilaan ei tarvitse en\u00e4\u00e4 murehtia muista diagnooseista. Diagnoosin hyv\u00e4ksyminen auttaa huomaamaan, ett\u00e4 toiminnallinen neurologinen oireisto on tavallinen sairaus, josta on mahdollisuus parantua. T\u00e4m\u00e4 on hyv\u00e4 l\u00e4ht\u00f6kohta toiminnallisten neurologisten oireiden hoitoon.<\/p>\n\n\n\n<p>L\u00e4\u00e4k\u00e4rin kanssa keskusteleminen, toiminnallisen neurologisen oireiston tunteminen ja diagnoosin ymm\u00e4rt\u00e4minen ovat hyvi\u00e4 l\u00e4ht\u00f6kohtia oireiden hoitoon. T\u00e4ss\u00e4 mieless\u00e4 toiminnallinen neurologinen oireisto ei eroa muista sairauksista. Jokaisen sairauden hoito alkaa sairauteen tutustumisella ja diagnoosin ymm\u00e4rt\u00e4misell\u00e4.<\/p>\n","protected":false},"excerpt":{"rendered":"<p>Yksi t\u00e4rkeimmist\u00e4 kuntoutumisen onnistumiseen vaikuttavista tekij\u00f6ist\u00e4 n\u00e4ytt\u00e4\u00e4 olevan, miten hyvin diagnoosi on selitetty potilaalle ja kuinka hyvin selitys on otettu vastaan.<\/p>\n","protected":false},"author":65,"featured_media":0,"parent":1012,"menu_order":289,"comment_status":"closed","ping_status":"closed","template":"page-template\/symptom-details-page-template.php","meta":[],"_links":{"self":[{"href":"https:\/\/pre-prod.neurosymptoms.org\/fi\/wp-json\/wp\/v2\/pages\/631"}],"collection":[{"href":"https:\/\/pre-prod.neurosymptoms.org\/fi\/wp-json\/wp\/v2\/pages"}],"about":[{"href":"https:\/\/pre-prod.neurosymptoms.org\/fi\/wp-json\/wp\/v2\/types\/page"}],"author":[{"embeddable":true,"href":"https:\/\/pre-prod.neurosymptoms.org\/fi\/wp-json\/wp\/v2\/users\/65"}],"replies":[{"embeddable":true,"href":"https:\/\/pre-prod.neurosymptoms.org\/fi\/wp-json\/wp\/v2\/comments?post=631"}],"version-history":[{"count":104,"href":"https:\/\/pre-prod.neurosymptoms.org\/fi\/wp-json\/wp\/v2\/pages\/631\/revisions"}],"predecessor-version":[{"id":15919,"href":"https:\/\/pre-prod.neurosymptoms.org\/fi\/wp-json\/wp\/v2\/pages\/631\/revisions\/15919"}],"up":[{"embeddable":true,"href":"https:\/\/pre-prod.neurosymptoms.org\/fi\/wp-json\/wp\/v2\/pages\/1012"}],"wp:attachment":[{"href":"https:\/\/pre-prod.neurosymptoms.org\/fi\/wp-json\/wp\/v2\/media?parent=631"}],"curies":[{"name":"wp","href":"https:\/\/api.w.org\/{rel}","templated":true}]}}