{"id":935,"date":"2021-01-20T09:17:35","date_gmt":"2021-01-20T09:17:35","guid":{"rendered":"https:\/\/ftd.cognihealth.in\/?page_id=935"},"modified":"2024-09-10T17:28:04","modified_gmt":"2024-09-10T17:28:04","slug":"symptoms","status":"publish","type":"page","link":"https:\/\/pre-prod.neurosymptoms.org\/fi\/symptoms\/","title":{"rendered":"Oireet"},"content":{"rendered":"\n<p>Useimmilla toiminnallisia neurologisia oireita kokevilla potilailla esiintyy useampi kuin yksi oire. T\u00e4m\u00e4 on hyvin tyypillist\u00e4. Useat erilaiset oireet voivat olla h\u00e4mment\u00e4v\u00e4 osa sairautta. <\/p>\n\n\n\n<p>T\u00e4ss\u00e4 osiossa esitell\u00e4\u00e4n toiminnallisen neurologisen oireiston yleisimm\u00e4t ilmenemismuodot. Ydinoireet ja liit\u00e4nn\u00e4isoireet on eritelty omiksi alaluvuikseen. Liit\u00e4nn\u00e4isoireet ovat yleisi\u00e4 toiminnallisessa neurologisessa oireistossa. Niihin kuuluvat esimerkiksi v\u00e4symys ja kipu.<\/p>\n\n\n\n<p>Kaikkia oireita kannattaa tarkastella saman kokonaisuuden osina. Eri toiminnallisia neurologisia oireita ei ole syyt\u00e4 tulkita eri sairauksien oireiksi. Liit\u00e4nn\u00e4isoireet on kuitenkin erotettu ydinoireista, koska esimerkiksi kroonista kipua ei yksin\u00e4\u00e4n ole pidetty toiminnallisena neurologisena oireena.<\/p>\n","protected":false},"excerpt":{"rendered":"<p>Useimmilla toiminnallisesta neurologisesta oireistosta k\u00e4rsivist\u00e4 potilaista esiintyy useampi kuin yksi oire. Lue niist\u00e4 t\u00e4\u00e4lt\u00e4<\/p>\n","protected":false},"author":65,"featured_media":0,"parent":0,"menu_order":258,"comment_status":"closed","ping_status":"closed","template":"page-template\/symtoms.php","meta":[],"_links":{"self":[{"href":"https:\/\/pre-prod.neurosymptoms.org\/fi\/wp-json\/wp\/v2\/pages\/935"}],"collection":[{"href":"https:\/\/pre-prod.neurosymptoms.org\/fi\/wp-json\/wp\/v2\/pages"}],"about":[{"href":"https:\/\/pre-prod.neurosymptoms.org\/fi\/wp-json\/wp\/v2\/types\/page"}],"author":[{"embeddable":true,"href":"https:\/\/pre-prod.neurosymptoms.org\/fi\/wp-json\/wp\/v2\/users\/65"}],"replies":[{"embeddable":true,"href":"https:\/\/pre-prod.neurosymptoms.org\/fi\/wp-json\/wp\/v2\/comments?post=935"}],"version-history":[{"count":87,"href":"https:\/\/pre-prod.neurosymptoms.org\/fi\/wp-json\/wp\/v2\/pages\/935\/revisions"}],"predecessor-version":[{"id":15342,"href":"https:\/\/pre-prod.neurosymptoms.org\/fi\/wp-json\/wp\/v2\/pages\/935\/revisions\/15342"}],"wp:attachment":[{"href":"https:\/\/pre-prod.neurosymptoms.org\/fi\/wp-json\/wp\/v2\/media?parent=935"}],"curies":[{"name":"wp","href":"https:\/\/api.w.org\/{rel}","templated":true}]}}