{"id":559,"date":"2020-11-29T13:33:25","date_gmt":"2020-11-29T13:33:25","guid":{"rendered":"https:\/\/ftd.cognihealth.in\/?page_id=559"},"modified":"2024-11-01T03:45:02","modified_gmt":"2024-11-01T03:45:02","slug":"functional-speech-swallowing-symptoms","status":"publish","type":"page","link":"https:\/\/pre-prod.neurosymptoms.org\/it_IT\/symptoms\/fnd-symptoms\/functional-speech-swallowing-symptoms\/","title":{"rendered":"Problemi funzionali del linguaggio e della deglutizione"},"content":{"rendered":"\n<p>NOVIT\u00c0 LUGLIO 2021! <a href=\"https:\/\/jnnp.bmj.com\/content\/92\/10\/1112.full?ijkey=QigHKOBTbcWLRNq&amp;keytype=ref\">Qui<\/a> puoi trovare le nuove raccomandazioni sulla logopedia nei disturbi funzionali.&nbsp;<\/p>\n\n\n\n<p>I pi\u00f9 comuni sintomi funzionali relativi alla parola ed alla deglutizione sono:<\/p>\n\n\n\n<h3><strong>Parola biascicata<\/strong><\/h3>\n\n\n\n<p>Questa \u00e8 generalmente descritta come un linguaggio farfugliato, talvolta comprensibile e talvolta meno. Potrebbe sembrare un po\u2019 il modo di parlare di persone ubriache, anche se la persona non ha bevuto nulla. Generalmente tale disturbo peggiora con l\u2019aumentare della stanchezza. Il neurologo sar\u00e0 portato a considerare la diagnosi di miastenia gravis in presenza di questi sintomi, ma pu\u00f2 anche trattarsi di un disturbo funzionale.<\/p>\n\n\n\n<h3><strong>Balbuzie<\/strong><\/h3>\n\n\n\n<p>Alcune persone potrebbero presentare una sorta di balbuzie mai provata prima. Il linguaggio potrebbe essere esitante, spesso con interruzioni nel mezzo delle parole o alla fine delle parole.&nbsp; In alcuni casi ci pu\u00f2 essere esitazione all\u2019inizio di ogni parola. In alternativa il linguaggio potrebbe essere di tipo \u201ctelegrammatico\u201d, in cui parole come \u201ce\u201d o \u201cil\u201d sono omesse dalla frase.<\/p>\n\n\n\n<h3><strong>Difficolt\u00e0 a trovare le parole<\/strong><\/h3>\n\n\n\n<p>Questo \u00e8 un sintomo pi\u00f9 di tipo cognitivo che di linguaggio. \u00c8 comunemente associato a:<\/p>\n\n\n\n<ul><li>Cercare la parola giusta ma non riuscire proprio a trovarla<\/li><li>Mescolare le parole di una frase<\/li><li>Pronunciare le parole in maniera sbagliata o pronunciare parole prive di senso &#8211; ad esempio \u201cdove \u00e8 la spazione del treno\u201d invece di&nbsp; \u201cdove \u00e8 la stazione del treno\u201d<\/li><\/ul>\n\n\n\n<h3><strong>Linguaggio sussurrato\/rauco<\/strong><\/h3>\n\n\n\n<p>Assomiglia al tipo di linguaggio che le persone presentano quando hanno mal di gola (laringite), eccetto per il fatto che in tal caso esso non \u00e8 dovuto al mal di gola o ad un\u2019altra anomalia visibile a livello delle corde vocali, e il problema ha una durata molto pi\u00f9 lunga. \u00c8 spesso chiamato disfonia funzionale. Generalmente questi pazienti sono visti da un Otorinolaringoiatra, che dovr\u00e0 escludere la presenza di cause organiche di disfonia. La disfonia potrebbe andare e venire, e talvolta potrebbe essere scatenata da un attacco di laringite; in quel caso \u00e8 come se le corde vocali \u201cdimenticassero di funzionare\u201d correttamente dopo che il virus se ne \u00e8 andato.<\/p>\n\n\n\n<p>Occasionalmente le persone possono perdere completamente la capacit\u00e0 di parlare, e questo \u00e8 detto afonia funzionale.<\/p>\n\n\n\n<h3><strong>Sindrome dell\u2019accento straniero<\/strong><\/h3>\n\n\n\n<p>Un altro raro disturbo della parola, di tipo funzionale, \u00e8 chiamato <strong>sindrome dell\u2019accento straniero<\/strong>. Questa pu\u00f2 essere causata da una variet\u00e0 di condizioni neurologiche, ma pu\u00f2 talvolta rappresentare un sintomo neurologico funzionale. C\u2019\u00e8 anche una pagina facebook per chi fosse interessato. Cliccando <a href=\"https:\/\/www.facebook.com\/groups\/1566472570311497\/\">qui<\/a> e <a href=\"https:\/\/www.facebook.com\/groups\/153559698055621\/\">qui <\/a>potrai trovare due gruppi Facebook gestiti da pazienti che presentano questa sindrome. Cliccando <a href=\"https:\/\/sites.utdallas.edu\/fas\/\">qui<\/a>, invece, potrai trovare un sito web che descrive la sindrome dell\u2019accento straniero ed \u00e8 gestito da Bill Katz, professore all\u2019Universit\u00e0 del Texas a Dallas.&nbsp;&nbsp;<\/p>\n\n\n\n<h3><strong>Problemi di deglutizione<\/strong><\/h3>\n\n\n\n<p>Tipicamente, se una persona con sintomi funzionali ha problemi di deglutizione, sperimenta la sensazione di avere qualcosa bloccato nella parte alta della gola. Questa sensazione pu\u00f2 comparire anche se non si sta provando a deglutire, ma, quando presente, pu\u00f2 rendere difficile la deglutizione. Questo sintomo \u00e8 spesso chiamato globo faringeo. Generalmente questi pazienti sono visti da un Otorinolaringoiatra, che dovr\u00e0 escludere la presenza di cause organiche identificabili per questi sintomi. Le persone con globo faringeo soffrono spesso anche di reflusso gastrico; \u00e8 importante che questo venga trattato se presente, anche se raramente \u00e8 la sola causa dei sintomi.<\/p>\n\n\n\n<h3><strong>Tosse<\/strong><\/h3>\n\n\n\n<p>Ci sono diverse cause della tosse. La tosse funzionale si presenta come tosse notturna (tosse da cane) molto forte o come una tosse secca fastidiosa (ipersensibile). Questi pazienti sono generalmente visti da uno Pneumologo, che dovr\u00e0 escludere la presenza di un problema di respirazione.&nbsp;&nbsp;&nbsp;<\/p>\n\n\n\n<h3><strong>Perch\u00e9 le indagini sono normali?<\/strong><\/h3>\n\n\n\n<p>In questo tipo di disturbi del linguaggio e della deglutizione, tutte le parti del sistema nervoso sono intatte, ma in alcuni momenti non funzionano correttamente.<\/p>\n\n\n\n<p>Il tuo medico formuler\u00e0 la diagnosi dopo aver osservato i tuoi sintomi durante la visita ed aver ascoltato la tua storia clinica. La diagnosi \u00e8 basata sulla presenza di sintomi e sui risultati di test che sono specifici e presenti solo nei disturbi funzionali.&nbsp;<\/p>\n\n\n\n<p>Il fatto che gli esami di neuroimaging e le altre indagini cliniche effettuate siano normali \u00e8 di supporto alla diagnosi, ma questa \u00e8 normalmente formulata su base clinica da un Neurologo o, in caso di disfonia funzionale, da un Otorinolaringoiatra e, in caso di tosse, da uno Pneumologo. I Logopedisti sono particolarmente esperti nell\u2019esaminare il linguaggio e la deglutizione e, in molti ospedali e cliniche, sono spesso coinvolti nel fare o confermare la diagnosi.<\/p>\n\n\n\n<h3><strong>Qual \u00e8 il trattamento?<\/strong><\/h3>\n\n\n\n<p>Per avere pi\u00f9 informazioni sul ruolo del Logopedista nel trattamento di questi disturbi clicca <a href=\"https:\/\/pre-prod.neurosymptoms.org\/en_GB\/treatment-2\/speech-and-language-therapy\/\" data-type=\"page\" data-id=\"2193\">qui<\/a>.<\/p>\n","protected":false},"excerpt":{"rendered":"<p>Difficolt\u00e0 nel linguaggio, la deglutizione e la comunicazione<\/p>\n","protected":false},"author":65,"featured_media":2724,"parent":937,"menu_order":287,"comment_status":"closed","ping_status":"closed","template":"page-template\/symptom-details-page-template.php","meta":[],"_links":{"self":[{"href":"https:\/\/pre-prod.neurosymptoms.org\/it_IT\/wp-json\/wp\/v2\/pages\/559"}],"collection":[{"href":"https:\/\/pre-prod.neurosymptoms.org\/it_IT\/wp-json\/wp\/v2\/pages"}],"about":[{"href":"https:\/\/pre-prod.neurosymptoms.org\/it_IT\/wp-json\/wp\/v2\/types\/page"}],"author":[{"embeddable":true,"href":"https:\/\/pre-prod.neurosymptoms.org\/it_IT\/wp-json\/wp\/v2\/users\/65"}],"replies":[{"embeddable":true,"href":"https:\/\/pre-prod.neurosymptoms.org\/it_IT\/wp-json\/wp\/v2\/comments?post=559"}],"version-history":[{"count":118,"href":"https:\/\/pre-prod.neurosymptoms.org\/it_IT\/wp-json\/wp\/v2\/pages\/559\/revisions"}],"predecessor-version":[{"id":15683,"href":"https:\/\/pre-prod.neurosymptoms.org\/it_IT\/wp-json\/wp\/v2\/pages\/559\/revisions\/15683"}],"up":[{"embeddable":true,"href":"https:\/\/pre-prod.neurosymptoms.org\/it_IT\/wp-json\/wp\/v2\/pages\/937"}],"wp:featuredmedia":[{"embeddable":true,"href":"https:\/\/pre-prod.neurosymptoms.org\/it_IT\/wp-json\/wp\/v2\/media\/2724"}],"wp:attachment":[{"href":"https:\/\/pre-prod.neurosymptoms.org\/it_IT\/wp-json\/wp\/v2\/media?parent=559"}],"curies":[{"name":"wp","href":"https:\/\/api.w.org\/{rel}","templated":true}]}}