{"id":561,"date":"2020-11-29T13:53:58","date_gmt":"2020-11-29T13:53:58","guid":{"rendered":"https:\/\/ftd.cognihealth.in\/?page_id=561"},"modified":"2024-11-01T03:42:39","modified_gmt":"2024-11-01T03:42:39","slug":"functional-dizziness-pppd","status":"publish","type":"page","link":"https:\/\/pre-prod.neurosymptoms.org\/it_IT\/symptoms\/fnd-symptoms\/functional-dizziness-pppd\/","title":{"rendered":"Vertigini Funzionali"},"content":{"rendered":"\n<h3><strong>Vertigini e Dizziness Posturale Percettiva Persistente (Persistent Postural Perceptual Dizziness, PPPD).&nbsp;<\/strong><\/h3>\n\n\n\n<p>Le vertigini sono un sintomo neurologico comune che ha diverse cause: emicrania, problemi all\u2019orecchio (disordini vestibolari quali labirintite) e effetti collaterali di alcune droghe e medicinali.&nbsp;<\/p>\n\n\n\n<p>La vertigine \u00e8 anche relativamente comune nei disturbi neurologici funzionali; questi pazienti costituiscono circa il 20% dei pazienti visitati in cliniche specializzate in otorinolaringoiatria. Quando la vertigine si presenta come parte di un disturbo funzionale viene chiamata:<\/p>\n\n\n\n<h3>\u201c<strong>Dizziness Posturale Percettiva Persistente\u201d (PPPD)<\/strong><\/h3>\n\n\n\n<p>Questa condizione pu\u00f2 essere anche chiamata Vertigine Visiva, Vertigine Fobica Posturale, Vertigine Funzionale, Vertigine Cronica Soggettiva o Disagio nello Spazio e Movimento.&nbsp;<\/p>\n\n\n\n<p>La PPPD \u00e8 stata recentemente definita dall\u2019Organizzazione Mondiale della Sanit\u00e0 nel seguente modo:<\/p>\n\n\n\n<ul><li>\u201c<em>Sensazione persistente di capogiro non vertiginoso, instabilit\u00e0 posturale, o entrambi di una durata di almeno tre mesi.<\/em><\/li><li><em>I sintomi sono presenti quasi ogni giorno, spesso la loro intensit\u00e0 aumenta durante la giornata, ma pu\u00f2 anche fluttuare. Picchi momentanei possono accadere spontaneamente oppure dopo un movimento improvviso.&nbsp;<\/em><\/li><li><em>I sintomi peggiorano quando il paziente che ne soffre \u00e8 in piedi, \u00e8 esposto a stimoli visivi complessi o in movimento e durante il movimento attivo o passivo della testa. Non a tutte le persone queste situazioni provocano gli stessi sintomi.<\/em><\/li><li><em>\u00c8 comune che il disturbo si sviluppi dopo un caso di acuto o episodici problemi vestibolari o di&nbsp; equilibrio. I sintomi possono essere intermittenti all\u2019inizio e poi consolidarsi e diventare pi\u00f9 cronici.\u201d<\/em><\/li><\/ul>\n\n\n\n<p>Sotto \u00e8 riportata la storia di una paziente che soffre di PPPD, gli elementi da lei riportati sono tipici di PPPD.<\/p>\n\n\n\n<h3><strong>La storia di Clara<\/strong><\/h3>\n\n\n\n<p>Clara \u00e8 una donna di 24 che presenta una sensazione di capogiro che persiste da due anni. Prima dello sviluppo di questi sintomi ha sofferto una malattia che l\u2019ha portata ad avere vertigini molto forti, al punto da portarla ad avere nausea e a non essere in grado di uscire dal letto per una settimana. Il dottore, al tempo, le aveva diagnosticato una labirintite virale; questa \u00e8 un\u2019infezione virale dell\u2019orecchio centrale che porta capogiri e che, generalmente, si risolve in una settimana o due.<\/p>\n\n\n\n<p>Con il passare del tempo i sintomi si sono trasformati in una sensazione di capogiro non specifica che lei trovava molto difficile da far comprendere alle altre persone. Non era pi\u00f9 una sensazione di giramento. Lei si sentiva la testa leggera, come se stesse oscillando e provava una sensazione di movimento principalmente quando era in piedi o stava camminando, ma l\u2019aveva notata anche quando era sdraiata a letto la sera.<\/p>\n\n\n\n<p>Ogni tanto si sentiva <a href=\"https:\/\/pre-prod.neurosymptoms.org\/it_IT\/symptoms\/common-associated-symptoms\/dissociative-symptoms-feeling-spaced-out\/\" data-type=\"page\" data-id=\"539\">distante<\/a>, come se stesse galleggiando e le persone intorno a lei le sembravano lontane, questa sensazione le creava molta angoscia.&nbsp;<\/p>\n\n\n\n<p>Aveva anche notato di essere diventata pi\u00f9 sensibile al movimento degli oggetti in una stanza quando lei era ferma. Era molto difficile per lei usare un computer o essere in posti rumorosi o frenetici come un supermercato. Ha notato che pensava spesso alla possibilit\u00e0 di cadere. Lei \u00e8 caduta solo una volta ma \u00e8 sicura che ci sono stati diversi incidenti \u201csfiorati\u201d nel tempo.&nbsp;<\/p>\n\n\n\n<p>Il pensiero di cadere fuori casa e sentirsi in imbarazzo la faceva sentire molto in ansia e questo l\u2019ha portata ad evitare di andare in posti affollati e di uscire.<\/p>\n\n\n\n<p>Nel tempo si \u00e8 resa conto che questa sensazione di vertigini ha preso il sopravvento sulla sua vita. All\u2019inizio aveva avuto <a href=\"https:\/\/pre-prod.neurosymptoms.org\/it_IT\/symptoms\/common-associated-symptoms\/health-anxiety\/\" data-type=\"page\" data-id=\"600\">paura che questo problema fosse causato da una possibile malattia grave<\/a>. Questo l&#8217;ha portata a cercare su internet possibili cause per i suoi sintomi. \u00c8 stata poi visitata da medici che l\u2019hanno sottoposta a dettagliati e esaustivi test di equilibrio ed \u00e8 anche stata sottoposta ad una risonanza magnetica che ha avuto esito negativo.<\/p>\n\n\n\n<p>Anche se si era convinta che il suo problema non avesse una causa grave, Clara ha trovato molto difficile far fronte e vivere con i suoi sintomi. In aggiunta ha sviluppato sintomi come <a href=\"https:\/\/pre-prod.neurosymptoms.org\/it_IT\/symptoms\/common-associated-symptoms\/fatigue\/\" data-type=\"page\" data-id=\"541\">fatica<\/a> e <a href=\"https:\/\/pre-prod.neurosymptoms.org\/en_GB\/symptoms\/fnd-symptoms\/functional-cognitive-disorder-functional-memory-and-concentration-symptoms\/\" data-type=\"page\" data-id=\"545\">bassa <\/a><a href=\"https:\/\/pre-prod.neurosymptoms.org\/it_IT\/symptoms\/fnd-symptoms\/functional-cognitive-disorder-functional-memory-and-concentration-symptoms\/\" data-type=\"page\" data-id=\"545\">concentrazione<\/a> che l\u2019hanno portata a stare a casa da lavoro per diverso tempo. Tutto ci\u00f2 era peggiorato dalla presenza di <a href=\"https:\/\/pre-prod.neurosymptoms.org\/it_IT\/symptoms\/common-associated-symptoms\/headache\/\" data-type=\"page\" data-id=\"589\">emicranie<\/a> che si sviluppavano in modo regolare e che portavano ad un peggioramento della sensazione di capogiro.&nbsp;<\/p>\n\n\n\n<p>Si sente come se fosse all\u2019ultima spiaggia. Cosa causa questa sensazione di vertigine? Perch\u00e9 nessuno \u00e8 riuscito a dirle cosa c\u2019\u00e8 che non va in lei e come lei possa migliorare?<\/p>\n\n\n\n<h3><strong>Come si sviluppano PPPD\/Vertigini funzionali?<\/strong><\/h3>\n\n\n\n<p>La storia di Clara \u00e8 un esempio tipico di questi disturbi. Lei ha avuto un episodio di labirintite virale che ha sconvolto il suo sistema di equilibrio. Altre persone che soffrono di PPPD iniziano con una vertigine associata ad un attacco di emicrania o dopo una <a href=\"https:\/\/pre-prod.neurosymptoms.org\/it_IT\/symptoms\/common-associated-symptoms\/post-concussion-syndrome\/\" data-type=\"page\" data-id=\"593\">leggera ferita alla testa<\/a>.&nbsp;<\/p>\n\n\n\n<p>Tutte queste cause disturbano i normali processi che il tuo cervello usa per NON farti avere vertigini o capogiri. Il nostro cervello, infatti, lavora molto duramente in ogni momento per NON farci avere vertigini o capogiri.&nbsp;<\/p>\n\n\n\n<p>La nostra testa, il nostro corpo e i nostri occhi possono tutti muoversi in modo indipendente gli uni dagli altri. Tuttavia, il tuo cervello lavora molto duramente per mettere tutte le diverse informazioni che arrivano da questi sistemi diversi insieme e fare in modo che la maggior parte di noi non percepisca sensazioni di movimento anormali.&nbsp;<\/p>\n\n\n\n<p>Questo avviene attraverso un processo estremamente complesso, che stiamo ancora tentando di capire appieno, che integra informazioni che arrivano dall\u2019orecchio centrale, dai piedi e dagli occhi. Quello che \u00e8 davvero sorprendente \u00e8 che questo processo non si danneggi pi\u00f9 spesso.&nbsp;<\/p>\n\n\n\n<p>Se vuoi avere pi\u00f9 informazioni riguardo a PPPD questo \u00e8 il link ad un articolo scritto per neurologi a riguardo di questa condizione:&nbsp;<\/p>\n\n\n\n<p><a href=\"https:\/\/pn.bmj.com\/content\/practneurol\/18\/1\/5.full.pdf\">https:\/\/pn.bmj.com\/content\/practneurol\/18\/1\/5.full.pdf<\/a><\/p>\n\n\n\n<p>In parole povere cosa succede nella PPPD \u00e8 che i \u201cfiltri\u201d che il cervello usa per sopprimere quelle sensazioni di movimento che arrivano dai tuoi sensi si danneggiano. Invece di essere in grado di combinare tutte le diverse sensazioni che arrivano da diverse parti del corpo e integrarle portando alla percezione di un movimento continuo e sinuoso, la persona percepisce sensazioni di movimento staccate le une alle altre.<\/p>\n\n\n\n<p>Dopo un po\u2019, perch\u00e9 queste percezioni sono molto evidenti, la persona inizia a chiedersi cosa siano. Pensare o preoccuparsi della vertigine o capogiro porta la \u201cmanopola del volume\u201d di quella sensazione ad alzarsi. Questo porta ad un aumento della sensazione provata, portando alla creazione e consolidamento di un circolo vizioso. Questo concetto \u00e8 illustrato nella figura sottostante.&nbsp;<\/p>\n\n\n\n<p>Come in tutti gli altri disturbi funzionale questa sensazione di vertigine non \u00e8 \u201csolo nella tua testa\u201d. La persona non \u00e8 in grado di spegnere o eliminare questa sensazione che nel tempo diventa una sensazione costante e invadente.<\/p>\n\n\n\n<figure class=\"wp-block-image size-large\"><img loading=\"lazy\" width=\"570\" height=\"492\" src=\"https:\/\/pre-prod.neurosymptoms.org\/wp-content\/uploads\/2020\/11\/Dizziness-Image-1.png\" alt=\"\" class=\"wp-image-562\" srcset=\"https:\/\/pre-prod.neurosymptoms.org\/wp-content\/uploads\/2020\/11\/Dizziness-Image-1.png 570w, https:\/\/pre-prod.neurosymptoms.org\/wp-content\/uploads\/2020\/11\/Dizziness-Image-1-300x259.png 300w\" sizes=\"(max-width: 570px) 100vw, 570px\" \/><\/figure>\n\n\n\n<p>Nel caso della PPPD una cosa porta ad un\u2019altra. Avere sensazioni di vertigini costantemente pu\u00f2 comunemente portare ad ansia. L\u2019ansia relativa alla vertigine spesso riguarda la causa di questi sintomi, questa viene chiamata <a href=\"https:\/\/pre-prod.neurosymptoms.org\/it_IT\/symptoms\/common-associated-symptoms\/health-anxiety\/\" data-type=\"page\" data-id=\"600\">Ansia Riguardo alla Salute<\/a>, anche se in questo caso questo nome non \u00e8 del tutto appropriato poich\u00e8 nessuno ti ha detto cosa c\u2019\u00e8 che non va in te. Ansia riguardo alla salute si presenta quando una persona non riesce a non preoccuparsi riguardo ad una causa grave dei propri sintomi o disturbi, anche se essi sono in parte consapevoli che questa paura \u00e8 irrazionale. <\/p>\n\n\n\n<p>Ansia associata a PPPD pu\u00f2 anche incentrarsi su paure riguardo a cadere o alle conseguenze della cadute come l\u2019imbarazzo. Questo non vuol dire che tutti i pazienti con PPPD soffrono d\u2019ansia. Ma questi sentimenti sono piuttosto comuni. I circuiti che regolano l\u2019ansia e le vertigini nel cervello sono molto simili. <\/p>\n\n\n\n<p>L\u2019ansia \u00e8 molto \u201cstancante\u201d per il cervello, ecco perch\u00e9 la fatica \u00e8 comune nei pazienti con PPPD.<\/p>\n\n\n\n<figure class=\"wp-block-image size-large\"><img loading=\"lazy\" width=\"155\" height=\"232\" src=\"https:\/\/pre-prod.neurosymptoms.org\/wp-content\/uploads\/2021\/08\/Russian-3.png\" alt=\"\" class=\"wp-image-3245\"\/><figcaption>PPPD \u00e8 spesso associata a sensazioni di fastidio in luoghi con superfici con disegni geometrici. <\/figcaption><\/figure>\n\n\n\n<p>Spesso queste sensazioni di vertigine e fatica si uniscono ad un sentimento di \u201covattamento\u201d della testa che spesso le persone descrivono come \u201ccervello annebbiato\u201d. Questa \u00e8 una sensazione che si sviluppa dall\u2019unione di tutti questi sintomi, compresi sintomi di <a href=\"https:\/\/pre-prod.neurosymptoms.org\/it_IT\/symptoms\/fnd-symptoms\/functional-cognitive-disorder-functional-memory-and-concentration-symptoms\/\" data-type=\"page\" data-id=\"545\">bassa concentrazione<\/a>.&nbsp;<\/p>\n\n\n\n<p>Le persone che soffrono di PPPD diventano pi\u00f9 sensibili non solo al proprio movimento, ma anche al movimento delle cose che hanno intorno. Questa \u00e8 chiamata vertigine visiva, anche se tecnicamente la vertigine presente nel PPPD non \u00e8 una vera vertigine. Queste persone provano un disagio intenso quando sono in posti come supermercati, quando usano trasporti pubblici, o quando sono in un luogo che ha una superficie geometrica. Questo disagio li porta ad evitare questi posti e ad avere sensazioni di paura intensa quando gli viene chiesto di andarci.&nbsp;<\/p>\n\n\n\n<p>Un\u2019altra conseguenza di PPPD \u00e8 la <a href=\"https:\/\/pre-prod.neurosymptoms.org\/it_IT\/symptoms\/common-associated-symptoms\/dissociative-symptoms-feeling-spaced-out\/\" data-type=\"page\" data-id=\"539\">dissociazione<\/a>. Questa viene descritta in modo pi\u00f9 dettagliato nella pagina ad essa dedicata ma, brevemente, questo \u00e8 un sentimento di essere distante, estraniato. A volte le persone lo descrivono come se si sentissero disconnessi o come se stessero galleggiando. Pazienti che soffrono di PPPD a volte riportano di sentire come se i loro piedi fossero delle spugne, oppure come se stessero camminando su un terreno spugnoso. Ci sono altre cause di questo sintomo ma PPPD \u00e8 tra di esse.&nbsp;<\/p>\n\n\n\n<p>Movimenti del collo possono innescare sensazioni di vertigine in alcune persone che soffrono di PPPD (o anche in altri disturbi dell\u2019equilibrio). Se per\u00f2 provi ad evitare di fare movimenti del collo per un lungo periodo di tempo allora potrai sviluppare dolori o rigidit\u00e0 al collo e anche mal di testa. Aggiungere il <a href=\"https:\/\/pre-prod.neurosymptoms.org\/it_IT\/symptoms\/common-associated-symptoms\/headache\/\" data-type=\"page\" data-id=\"589\">mal di testa<\/a> alla sensazione di vertigine ha l\u2019unico vantaggio di rendere il tutto ancora peggiore per te.&nbsp;<\/p>\n\n\n\n<p>PPPD \u00e8 un problemi di sensibilit\u00e0 al movimento. Problemi di sensitivit\u00e0 alla luce, suoni, o anche nausea causata da una sensibilit\u00e0 agli odori sono comuni in pazienti con PPPD. PPPD pu\u00f2 anche essere uno dei componenti della sindrome da fatica cronica.&nbsp;<\/p>\n\n\n\n<h3><strong>Trattamento di PPPD\/ Vertigine funzionale<\/strong><\/h3>\n\n\n\n<p>Il trattamento specifico per PPPD richiede tempo e non esiste una soluzione rapida per questo genere di problemi, ma la remissione \u00e8 sicuramente possibile anche quando i sintomi sono durati mesi o anni. Gli ingredienti fondamentali del trattamento includono:<\/p>\n\n\n\n<ol><li><strong>Una chiara diagnosi e spiegazione del disturbo<\/strong> che tu puoi usare come punto di partenza. Capire come il tuo sistema nervoso si sia sensibilizzato a questi stimoli ti pu\u00f2 dare gli strumenti per provare a desensibilizzarlo.<\/li><li><strong>Individuare, durante la visita, tutti i sintomi che possono essere o meno associati al tuo disturbo.<\/strong> Questi includono la dissociazione, il dolore al collo, ansia, fatica e problemi di concentrazione.&nbsp; Alcuni di questi problemi potrebbero richiedere trattamenti specifici.&nbsp;<\/li><li><strong>Fisioterapia\/ Desensibilizzazione al movimento. <\/strong>A causa dell\u2019accumulo dei sintomi associati a PPPD, la maggior parte dei pazienti evita di muovere gli occhi, il collo e il corpo come in passato. La fisioterapia&nbsp; generica e un tipo di fisioterapia specifico per i disturbi vestibolari possono essere utili per desensibilizzare il sistema nervoso e iniziare ad andare oltre questi pattern di movimenti che si sono consolidati nel cervello. Vai a leggere la pagina sulla fisioterapia per vedere i principi di fisioterapia generale che vengono applicati ai disturbi neurologici funzionali. Ci sono una serie di esercizi specifici per la vertigine che un fisioterapista esperto in questo campo potr\u00e0 insegnarti.<\/li><li><strong>Medicinali. <\/strong>Alcuni dei farmaci che sono elencati in <a href=\"https:\/\/pre-prod.neurosymptoms.org\/en_GB\/treatment-2\/medication\/\" data-type=\"page\" data-id=\"643\">questa pagina<\/a> potrebbero esserti utili, specialmente quelli denominati antidepressivi.&nbsp; Questi possono essere utili in pazienti con PPPD che non soffrono di ansia o depressione, ma pi\u00f9 ricerche scientifiche sono necessarie per capire meglio il loro funzionamento.&nbsp;<\/li><li><strong>Terapia Psicologica. <\/strong>Questa pu\u00f2 essere utile per affrontare la paura di cadere o altre situazioni o cause di ansia. Trattamento presso un <a href=\"https:\/\/pre-prod.neurosymptoms.org\/en_GB\/treatment-2\/psychological-therapy\/\" data-type=\"page\" data-id=\"641\">terapista<\/a> che ha esperienza con PPPD pu\u00f2 aiutare i pazienti che soffrono di questa condizione ad abbandonare abitudini non sane associate ai propri sintomi. <\/li><\/ol>\n\n\n\n<p>Matthew Whalley, uno psicologo del Berkshire (UK) e Debbie Cane, che lavora al Centro per l&#8217;Ascolto di Manchester hanno pubblicato una guida molto utile riguardo al trattamento psicologico per persone affette da PPPD. Se tu sei un paziente o un terapista che vuole avere pi\u00f9 informazioni a riguardo <a href=\"https:\/\/www.researchgate.net\/publication\/301303291_A_Cognitive-Behavioral_Model_of_Persistent_Postural-Perceptual_Dizziness\">questa<\/a> guida potrebbe esserti molto utile. <\/p>\n\n\n\n<figure class=\"wp-block-image size-large\"><img loading=\"lazy\" width=\"700\" height=\"628\" src=\"https:\/\/pre-prod.neurosymptoms.org\/wp-content\/uploads\/2020\/11\/Dizziness-Image-2.png\" alt=\"\" class=\"wp-image-564\" srcset=\"https:\/\/pre-prod.neurosymptoms.org\/wp-content\/uploads\/2020\/11\/Dizziness-Image-2.png 700w, https:\/\/pre-prod.neurosymptoms.org\/wp-content\/uploads\/2020\/11\/Dizziness-Image-2-300x269.png 300w\" sizes=\"(max-width: 700px) 100vw, 700px\" \/><\/figure>\n\n\n\n<p>Andare da uno psicologo non significa che i tuoi sintomi siano \u201csolo nella tua testa\u201d.<\/p>\n\n\n\n<p>Guarda il diagramma presentato in precedenza di nuovo e pensa a come gli elementi presenti in esso possono essere modificati dai trattamenti elencati in precedenza.&nbsp;<\/p>\n\n\n\n<h3><strong>Separare le diverse possibili cause delle vertigini\/capogiri<\/strong><\/h3>\n\n\n\n<p>La vertigine\/capogiro \u00e8 una sensazione che \u00e8 difficile da spiegare e da capire, anche per i medici.&nbsp;<\/p>\n\n\n\n<p>Questa sezione \u00e8 stata aggiunta per dare ai pazienti qualche nozione cos\u00edcch\u00e8 siano in grado di comunicare le loro sensazioni in un modo migliore ai loro medici. La maggior parte dei pazienti che soffrono di PPPD presenta con un mix di tanti tipi diversi di vertigine e pu\u00f2 essere utile pensare ai vari modi che esistono per descriverla.&nbsp;<\/p>\n\n\n\n<p>Un modo semplice per dividere le diverse sensazioni di vertigine\/capogiro \u00e8 nel seguente modo:<\/p>\n\n\n\n<ol><li><strong>Sensazione di \u201ctesta leggere\u201d come se stessi per svenire (Presyncope)<\/strong>. Se sei mai svenuto sai bene di cosa stiamo parlando. Se non sei mai svenuto allora questa sensazione sar\u00e0 una cosa nuova per te. Tipicamente questa sensazione si sviluppa quando le persone si alzano in piedi o quando si sono appena alzate in piedi. \u00c8 una sensazione di \u201ctesta leggera\u201d, a volte accompagnata da una sensazione di rumore nelle orecchie, visione ridotta e spesso nausea. I medici definiscono questa sensazione presyncope. Quando la persona sviene, questa viene chiamata syncope.&nbsp;Le cause di ci\u00f2 possono essere l\u2019alzarsi troppo in fretta o essere sottoposti a sensazioni di dolore (come durante un prelievo o quando si \u00e8 dal dentista). \u00c8 pi\u00f9 comune in luoghi caldi o se la persona sta mangiando. Gli uomini sono particolarmente soggetti a questo quando stanno urinando in piedi (specialmente durante la notte).&nbsp;Sensazioni di svenimento possono anche svilupparsi se la persona \u00e8 in iperventilazione. Questo pu\u00f2 accadere durante <a href=\"https:\/\/pre-prod.neurosymptoms.org\/en_GB\/symptoms\/common-associated-symptoms\/worry-panic\/\" data-type=\"page\" data-id=\"598\">attacchi di panico<\/a> o pu\u00f2 essere il sintomo di una tendenza cronica a<a href=\"https:\/\/pre-prod.neurosymptoms.org\/en_GB\/symptoms\/common-associated-symptoms\/other-symptoms\/\" data-type=\"page\" data-id=\"611\"> respirare troppo velocemente<\/a> o troppo in profondit\u00e0.&nbsp;La presyncope non \u00e8 un sintomo funzionale. Ma pu\u00f2 essere utile conoscerlo e sapere che pu\u00f2 portare allo sviluppo di altri sintomi funzionali.<\/li><li><strong>Una sensazione di movimento (Vertigine). <\/strong>Questo \u00e8 presente quando le persone descrivono una sensazione di movimento anche quando sono fermi. Il movimento pu\u00f2 essere di rotazione o basculante come quando si \u00e8 in barca. Il termine medico per questo tipo di sensazione \u00e8 vertigine. La vertigine ha diverse cause. Le principali hanno a che fare con un problema nelle parti dell\u2019orecchio che controllano l\u2019equilibrio. Queste sono chiamate canali semicircolari. Abbiamo un insieme di canali semicircolari in ogni orecchio. Comunemente granelli di sabbia possono rimanere incastrati in questi e causare la vertigine (che in questo caso viene chiama Vertigine Paroxysmal Benigna). Anche l\u2019emicrania pu\u00f2 causare la vertigine. La vertigine non \u00e8 un sintomo funzionale. Ma come nel caso della presyncope sapere cos\u2019\u00e8 pu\u00f2 essere di aiuto. Alcuni pazienti hanno vertigini che poi portano allo sviluppo di altri sintomi funzionali. La vertigine spesso porta allo sviluppo di <a href=\"https:\/\/pre-prod.neurosymptoms.org\/en_GB\/symptoms\/common-associated-symptoms\/worry-panic\/\" data-type=\"page\" data-id=\"598\">ansia<\/a> nella persona che ne soffre. Le persone che soffrono di vertigini spesso evitano di muovere la testa. Questo perch\u00e9 i movimenti della testa possono portare a vertigine. Il problema \u00e8 che pi\u00f9 loro evitano di muovere la testa, pi\u00f9 sar\u00e0 possibile che svilupperanno rigidit\u00e0 al collo che li porter\u00e0 ad avere una <a href=\"https:\/\/pre-prod.neurosymptoms.org\/en_GB\/symptoms\/common-associated-symptoms\/headache\/\" data-type=\"page\" data-id=\"589\">testa dolorante<\/a>. Quindi spesso le persone sviluppano una combinazione di dolore al collo, mal di testa e capogiri che \u00e8 iniziata con un attacco di vertigine ma persiste anche quando la vertigine \u00e8 sparita.&nbsp;<\/li><li><strong>Una sensazione di estraniazione (Dissociazione). <\/strong>Questa \u00e8 una sensazione di <a href=\"https:\/\/pre-prod.neurosymptoms.org\/en_GB\/symptoms\/common-associated-symptoms\/dissociative-symptoms-feeling-spaced-out\/\" data-type=\"page\" data-id=\"539\">distanza o distacco<\/a> dal tuo ambiente circostante o dal tuo corpo. Questa sensazione \u00e8 descritta in dettaglio nella pagina ad essa dedicata. I pazienti che soffrono di vertigini\/capogiri possono presentare una o pi\u00f9 di queste sensazioni di estraniazione. Alcuni pazienti, specialmente quelli che soffrono di fatica, descrivono sintomi ancora pi\u00f9 vaghi come avere \u201cla testa annebbiata\u201d o la testa \u201covattata\u201d.<\/li><li><strong>Un sentimento corporeo di instabilit\u00e0 (Disequilibrio). <\/strong>Questa sensazione \u00e8 spesso paragonata alla sensazione che si ha quando si sta pattinando sul ghiaccio. Non \u00e8 tanto una sensazione di vertigine nella testa, quanto pi\u00f9 una sensazione generale di instabilit\u00e0 come se ci fosse qualcosa che si sta muovendo dentro di te e che ti possa portare a cadere.&nbsp;<strong>&nbsp;<\/strong><\/li><\/ol>\n","protected":false},"excerpt":{"rendered":"<p>PPPD \u00e8 il nome dato ad un tipo di vertigine persistente associata a FND<\/p>\n","protected":false},"author":65,"featured_media":1639,"parent":937,"menu_order":280,"comment_status":"closed","ping_status":"closed","template":"page-template\/symptom-details-page-template.php","meta":[],"_links":{"self":[{"href":"https:\/\/pre-prod.neurosymptoms.org\/it_IT\/wp-json\/wp\/v2\/pages\/561"}],"collection":[{"href":"https:\/\/pre-prod.neurosymptoms.org\/it_IT\/wp-json\/wp\/v2\/pages"}],"about":[{"href":"https:\/\/pre-prod.neurosymptoms.org\/it_IT\/wp-json\/wp\/v2\/types\/page"}],"author":[{"embeddable":true,"href":"https:\/\/pre-prod.neurosymptoms.org\/it_IT\/wp-json\/wp\/v2\/users\/65"}],"replies":[{"embeddable":true,"href":"https:\/\/pre-prod.neurosymptoms.org\/it_IT\/wp-json\/wp\/v2\/comments?post=561"}],"version-history":[{"count":202,"href":"https:\/\/pre-prod.neurosymptoms.org\/it_IT\/wp-json\/wp\/v2\/pages\/561\/revisions"}],"predecessor-version":[{"id":15606,"href":"https:\/\/pre-prod.neurosymptoms.org\/it_IT\/wp-json\/wp\/v2\/pages\/561\/revisions\/15606"}],"up":[{"embeddable":true,"href":"https:\/\/pre-prod.neurosymptoms.org\/it_IT\/wp-json\/wp\/v2\/pages\/937"}],"wp:featuredmedia":[{"embeddable":true,"href":"https:\/\/pre-prod.neurosymptoms.org\/it_IT\/wp-json\/wp\/v2\/media\/1639"}],"wp:attachment":[{"href":"https:\/\/pre-prod.neurosymptoms.org\/it_IT\/wp-json\/wp\/v2\/media?parent=561"}],"curies":[{"name":"wp","href":"https:\/\/api.w.org\/{rel}","templated":true}]}}