{"id":593,"date":"2020-11-30T15:08:03","date_gmt":"2020-11-30T15:08:03","guid":{"rendered":"https:\/\/ftd.cognihealth.in\/?page_id=593"},"modified":"2024-11-01T03:37:36","modified_gmt":"2024-11-01T03:37:36","slug":"post-concussion-syndrome","status":"publish","type":"page","link":"https:\/\/pre-prod.neurosymptoms.org\/it_IT\/symptoms\/common-associated-symptoms\/post-concussion-syndrome\/","title":{"rendered":"Sindrome post-concussiva"},"content":{"rendered":"\n<p>La sindrome post-concussiva\/post-traumatica \u00e8 associata alla presenza di diversi sintomi fisici e cognitivi che possono presentarsi in seguito ad un trauma cranico lieve o ad una concussione. Questi includono:<\/p>\n\n\n\n<ul><li><a href=\"https:\/\/pre-prod.neurosymptoms.org\/it_IT\/symptoms\/fnd-symptoms\/dizziness-including-pppd-persistent-postural-perceptual-dizziness\/\" data-type=\"page\" data-id=\"561\">Vertigini o stordimento&nbsp;<\/a><\/li><li><a href=\"https:\/\/pre-prod.neurosymptoms.org\/it_IT\/symptoms\/fnd-symptoms\/functional-cognitive-disorder-functional-memory-and-concentration-symptoms\/\" data-type=\"page\" data-id=\"545\">Scarsa memoria e concentrazione<\/a><\/li><li><a href=\"https:\/\/pre-prod.neurosymptoms.org\/it_IT\/symptoms\/common-associated-symptoms\/headache\/\" data-type=\"page\" data-id=\"589\">Mal di testa<\/a><\/li><li><a href=\"https:\/\/pre-prod.neurosymptoms.org\/it_IT\/symptoms\/common-associated-symptoms\/fatigue\/\" data-type=\"page\" data-id=\"541\">Fatica<\/a><\/li><li><a href=\"https:\/\/pre-prod.neurosymptoms.org\/it_IT\/symptoms\/common-associated-symptoms\/sleep-problems\/\" data-type=\"page\" data-id=\"543\">Disturbi del sonno<\/a><\/li><li><a href=\"https:\/\/pre-prod.neurosymptoms.org\/en_GB\/symptoms\/fnd-symptoms\/visual-symptoms\/\" data-type=\"page\" data-id=\"606\">Sensibilit\u00e0 alla luce<\/a><\/li><li>Tinnito (fischio all\u2019orecchio)<\/li><li><a href=\"https:\/\/pre-prod.neurosymptoms.org\/en_GB\/symptoms\/common-associated-symptoms\/pain\/\" data-type=\"page\" data-id=\"743\">Dolore al collo<\/a><\/li><li>Irritabilit\u00e0<\/li><\/ul>\n\n\n\n<p>Un gruppo di ricerca all\u2019Universit\u00e0 di Edimburgo ha creato un nuovo sito specifico per i pazienti che hanno subito traumi cranici lievi o che hanno sviluppato sintomi dopo lievi colpi alla testa. Clicca sul link che vedi di seguito o visita il sito:&nbsp;<a href=\"https:\/\/headinjurysymptoms.org\/\">www.headinjurysymptoms.org<\/a><\/p>\n\n\n\n<figure class=\"wp-block-image size-large\"><img loading=\"lazy\" width=\"650\" height=\"75\" src=\"https:\/\/pre-prod.neurosymptoms.org\/wp-content\/uploads\/2020\/11\/Concussion-image-1.png\" alt=\"\" class=\"wp-image-594\" srcset=\"https:\/\/pre-prod.neurosymptoms.org\/wp-content\/uploads\/2020\/11\/Concussion-image-1.png 650w, https:\/\/pre-prod.neurosymptoms.org\/wp-content\/uploads\/2020\/11\/Concussion-image-1-300x35.png 300w\" sizes=\"(max-width: 650px) 100vw, 650px\" \/><\/figure>\n\n\n\n<p>Nel caso della sindrome post-concussiva, quando i medici parlano di \u201c<strong>trauma cranico lieve<\/strong>\u201d, non si riferiscono ad un qualsiasi colpo alla testa. Con trauma cranico lieve normalmente ci si riferisce ad un trauma alla testa che ha causato una breve perdita di coscienza (meno di 15 minuti) e di memoria (meno di un&#8217;ora) dopo l&#8217;incidente.<\/p>\n\n\n\n<p>La <strong>concussione<\/strong> invece non ha una definizione universalmente accettata, ma indica generalmente un trauma cranico lieve non associato a perdita di coscienza o amnesia, in seguito al quale si manifestano immediatamente alcuni sintomi.<\/p>\n\n\n\n<p><em>Nelle prime ore e nei giorni successivi ad una concussione cerebrale, \u00e8 normale avere vertigini, una scarsa concentrazione e altri sintomi tra quelli elencati in precedenza.<\/em><\/p>\n\n\n\n<p>Studi condotti su campioni molto ampi, hanno dimostrato che di solito i sintomi che si sviluppano dopo una concussione o trauma cranico lieve, si risolvono entro pochi giorni, settimane, o al massimo qualche mese.<\/p>\n\n\n\n<p>Talvolta ci sono spiegazioni specifiche per la comparsa di alcuni di questi sintomi.<\/p>\n\n\n\n<p>Ad esempio, qualsiasi tipo di trauma alla testa pu\u00f2 provocare lo spostamento di alcuni \u201csassolini\u201d (detti cristalli di otoliti) presenti nelle strutture dell\u2019orecchio che controllano l\u2019equilibrio causando delle vertigini (condizione chiamata Vertigine Parossistica Posizionale Benigna, VPPB). Ci sono poi altre possibili complicazioni, legate al trauma cranico lieve per le quali il medico potrebbe richiedere delle indagini specifiche. Tuttavia, di solito non vengono riscontrate particolari cause che possano spiegare la presenza dei sintomi e i test, come la risonanza magnetica, sono normali.<\/p>\n\n\n\n<p>Il cervello ha ottime capacit\u00e0 di recupero da traumi cranici come questi, a meno che non continuino a verificarsi.&nbsp;<\/p>\n\n\n\n<p>Nella sindrome post-concussiva, i sintomi persistono pi\u00f9 a lungo di quanto ci si aspetti sulla base del tipo di danno subito. Spesso questi sintomi PEGGIORANO nel tempo, al contrario dei sintomi direttamente legati al trauma cranico che sono peggiori all\u2019inizio e tendono poi gradualmente a migliorare.<\/p>\n\n\n\n<h3><strong>Quindi, quali sono le cause dei sintomi post-concussivi?<\/strong><\/h3>\n\n\n\n<p>Quello che accade \u00e8 che dopo aver subito una lesione, le \u201cmanopole del volume\u201d delle vie che connettono varie parti del sistema nervoso sono al massimo. Queste includono le vie del dolore, cos\u00ec come le vie sensoriali coinvolte in sintomi come le vertigini. Il cervello \u00e8 solitamente in grado di filtrare le sensazioni e gli stimoli superflui, cos\u00ec che possiamo concentrarci su quello di cui abbiamo bisogno. Dopo un trauma cranico, questo processo pu\u00f2 iniziare a funzionare male per diversi motivi e di conseguenza segnali del dolore e sensoriali che prima venivano filtrati, riescono a passare.&nbsp;<\/p>\n\n\n\n<p>Normalmente, queste \u201cmanopole del volume\u201d si abbassano nuovamente e i \u201cfiltri cerebrali\u201d tornano gradualmente a funzionare come prima, ma nella sindrome post-concussiva queste manopole restano alzate, o addirittura tendono ad alzarsi ulteriormente nel tempo.<\/p>\n\n\n\n<p>Se a questo mix si aggiunge anche lo shock di aver avuto un trauma cranico e la paura che questo abbia provocato delle lesioni cerebrali, non \u00e8 difficile capire come questo possa far peggiorare ulteriormente le cose.&nbsp;<\/p>\n\n\n\n<p>Ma come per tutti i sintomi funzionali, non bisogna averne paura o esserne afflitti, soprattutto perch\u00e9 preoccuparsi o rattristarsi non fa altro che peggiorare i sintomi.<\/p>\n\n\n\n<h3><strong>Quindi, la sindrome post-concussiva \u00e8 causata da un danno cerebrale?&nbsp;<\/strong><\/h3>\n\n\n\n<p>In poche parole, no.<\/p>\n\n\n\n<p>La sindrome post-concussiva \u00e8 INNESCATA da un trauma cerebrale, il quale pu\u00f2 avere causato alcuni danni minimi al cervello. Tuttavia non dimenticare che gli adulti perdono cellule cerebrali ogni giorno.<\/p>\n\n\n\n<p>Nel caso di lievi traumi cranici, una volta trascorse 8-12 settimane \u00e8 davvero improbabile che i sintomi rimanenti siano ancora causati da un danno cerebrale. \u00c8 pi\u00f9 probabile che essi dipendano da un\u2019alterazione nel funzionamento del sistema nervoso.&nbsp; In altre parole, si tratta di sintomi neurologici funzionali.<\/p>\n\n\n\n<p>I sintomi quali vertigini, ridotta concentrazione, fatica, sono identici a quelli visti nei pazienti con sintomi funzionali che non hanno tuttavia avuto un trauma cranico. Quindi, i consigli che puoi trovare su questo sito, possono esserti utili se ti ritrovi nella situazione descritta in precedenza.<\/p>\n\n\n\n<h3><strong>Sindrome post-concussiva o sindrome post-traumatica?<\/strong><\/h3>\n\n\n\n<p>In uno degli studi pi\u00f9 importanti condotti recentemente su questo argomento, un gruppo di ricercatori australiani ha dimostrato che la proporzione di persone viste in ospedale con un trauma cranico lieve che hanno sviluppato sintomi post-concussivi, era esattamente la stessa delle persone viste in ospedale per un trauma ad una gamba, ad un braccio o ad altre parti del corpo che non comprendessero la testa. (Meares et al. Mild traumatic brain injury does not predict acute postconcussion syndrome. JNNP 2008;79:300\u20136)<\/p>\n\n\n\n<p>I risultati di questo studio supportano la presenza di&nbsp; una sindrome post-traumatica in cui le persone sviluppano prevalentemente sintomi funzionali, ovviamente genuini. Lo studio ha anche permesso di dimostrare che il \u201cdanno cerebrale\u201d che \u00e8 ci\u00f2 di cui le persone, comprensibilmente, hanno paura, non sia la causa del problema.<\/p>\n\n\n\n<h3><strong>Un approccio al trattamento della sindrome post-concussiva<\/strong><\/h3>\n\n\n\n<p>Molti dei sintomi presenti nella sindrome post-concussiva possono essere trattati come i sintomi funzionali che si manifestano in assenza di un trauma cranico.<\/p>\n\n\n\n<p>Per ulteriori informazioni, dai un\u2019occhiata alle pagine del sito relative le <a href=\"https:\/\/pre-prod.neurosymptoms.org\/en_GB\/symptoms\/fnd-symptoms\/dizziness-including-pppd-persistent-postural-perceptual-dizziness\/\" data-type=\"page\" data-id=\"561\">vertigini<\/a>, la <a href=\"https:\/\/pre-prod.neurosymptoms.org\/en_GB\/symptoms\/common-associated-symptoms\/fatigue\/\" data-type=\"page\" data-id=\"541\">fatica<\/a>, i <a href=\"https:\/\/pre-prod.neurosymptoms.org\/en_GB\/symptoms\/fnd-symptoms\/functional-cognitive-disorder-functional-memory-and-concentration-symptoms\/\" data-type=\"page\" data-id=\"545\">problemi di memoria e concentrazione<\/a>, i <a href=\"https:\/\/pre-prod.neurosymptoms.org\/en_GB\/symptoms\/common-associated-symptoms\/sleep-problems\/\" data-type=\"page\" data-id=\"543\">disturbi del sonno<\/a>, il <a href=\"https:\/\/pre-prod.neurosymptoms.org\/en_GB\/symptoms\/common-associated-symptoms\/headache\/\" data-type=\"page\" data-id=\"589\">mal di testa<\/a>, l\u2019<a href=\"https:\/\/pre-prod.neurosymptoms.org\/en_GB\/symptoms\/common-associated-symptoms\/health-anxiety\/\" data-type=\"page\" data-id=\"600\">ansia<\/a>, i <a href=\"https:\/\/pre-prod.neurosymptoms.org\/en_GB\/symptoms\/fnd-symptoms\/functional-sensory-symptoms\/\" data-type=\"page\" data-id=\"532\">sintomi sensoriali<\/a> e <a href=\"https:\/\/pre-prod.neurosymptoms.org\/en_GB\/home-page-content\/home-symptoms\/\" data-type=\"page\" data-id=\"2823\">altro<\/a>.&nbsp;<\/p>\n\n\n\n<p>Ci sono molti aspetti specifici del trattamento della sindrome post-concussiva che \u00e8 importante conoscere:<\/p>\n\n\n\n<ol><li><strong><em>Capire correttamente la diagnosi<\/em>. <\/strong>Dato che i sintomi post-concussivi sono innescati da un trauma cranico e si sono manifestati in seguito a quell\u2019evento, \u00e8 spesso ragionevole pensare che il danno subito abbia causato i sintomi. Questo ragionamento, in un certo senso, potrebbe essere corretto. Tuttavia, convincersi del fatto che i sintomi siano dovuti a un danno cerebrale rappresenta un ostacolo al processo di guarigione. Se i sintomi peggiorano quando provi a fare qualcosa, potresti sentirti scoraggiato dal fatto di avere un \u201cdanno\u201d cerebrale e che quindi non c\u2019\u00e8 speranza di miglioramento.<strong> <\/strong>Al contrario, se ti convinci del fatto che i tuoi sintomi siano potenzialmente reversibili, il processo riabilitativo diventer\u00e0 pi\u00f9 semplice.<\/li><li><strong><em>Prendere in considerazione altre cause dei sintomi post-concussivi<\/em><\/strong> per le quali possono essere presenti trattamenti pi\u00f9 specifici, per esempio:<ul><li><strong>L\u2019emicrania<\/strong> pu\u00f2 a volte essere esacerbata o innescata da un trauma alla testa. In tal caso, bisognerebbe intervenire con un trattamento specifico per l\u2019emicrania.<\/li><li>Come accennato in precedenza, anche un trauma piuttosto lieve alla testa pu\u00f2 causare un particolare tipo di <strong>vertigine <\/strong>conosciuto come <strong>Vertigine Parossistica Posizionale Benigna<\/strong>. Questa \u00e8 causata da dei piccoli \u201csassolini\u201d(detti cristalli di otoliti) che, a causa del trauma alla testa, vengono dislocati al di fuori delle aree dell\u2019orecchio che controllano l\u2019equilibrio. I sintomi principali della Vertigine Parossistica Posizionale Benigna sono episodi di vertigine (sensazione di rotazione). Il trattamento consiste in manovre di riposizionamento come la manovra di Employ o in esercizi come quelli di Brandt-Daroff che il tuo medico o fisioterapista possono insegnarti. Questo tipo di esercizi vestibolari sono utili anche per trattare le vertigini croniche.<\/li><li>Il <strong>disturbo da stress post-traumatico <\/strong>comprende una serie di sintomi psicologici come il rivivere frequentemente l\u2019evento, incubi, essere eccessivamente vigili e sentirsi in ansia. In seguito ad un evento traumatico grave pu\u00f2 essere normale avvertire alcuni di questi sintomi per un breve periodo di tempo, ma se essi persistono o peggiorano potrebbe essere utile discuterne con il tuo medico perch\u00e9 esistono trattamenti specifici anche per questi sintomi.<\/li><li><strong><a href=\"https:\/\/www.neurosymptoms.org\/en_GB\/symptoms\/common-associated-symptoms\/worry-panic\/\">Ansia<\/a> o <a href=\"https:\/\/www.neurosymptoms.org\/en_GB\/symptoms\/common-associated-symptoms\/low-mood\/\">depressione<\/a><\/strong>. Avere avuto un trauma cranico ed i sintomi che ad esso possono seguire pu\u00f2 portare ad ansia e depressione, specialmente se questi sintomi ti hanno portato a smettere di lavorare. E\u2019 sempre importante ricordare che la fatica,&nbsp; problemi di sonno, la scarsa memoria e concentrazione possono essere anche sintomi associati sia all\u2019ansia che alla depressione. Se presenti alcuni di questi sintomi potrebbe essere importante discuterne con il tuo medico.<\/li><\/ul><\/li><li><strong>Richiesta di risarcimento<\/strong>. Potresti aver richiesto un risarcimento danni per il trauma subito. Non c\u2019\u00e8 nulla di male in questo, ma \u00e8 importante che tu sia consapevole dell\u2019impatto che questo pu\u00f2, talvolta, avere sulla tua salute. Molti pazienti che avviano una causa di indennizzo non si rendono conto di quanto lungo spesso possa essere il processo (pu\u00f2 durare, in alcuni casi, anche anni). Inoltre, non considerano il fatto che durante questo iter sar\u00e0 necessario raccontare pi\u00f9 e pi\u00f9 volte la storia del trauma, alcune volte anche davanti a professionisti che saranno scettici e dubiteranno della tua versione dei fatti. Tutto ci\u00f2 pu\u00f2 essere stressante per alcune persone. Inoltre, questo processo costringe le persone a rivivere gli eventi passati, a volte con rabbia, frustrazione e risentimento. Questo fatto potrebbe ostacolare il processo riabilitativo anche quando i sintomi sono genuini.&nbsp;<\/li><\/ol>\n\n\n\n<p>Questo sito non incoraggia n\u00e9 scoraggia la richiesta di risarcimento danni. Tuttavia, \u00e8 importante essere consapevoli di come questa decisione possa interagire con i sintomi post-concussivi.&nbsp;<\/p>\n\n\n\n<h3>Vorrei saperne di pi\u00f9\u2026<\/h3>\n\n\n\n<p>Puoi trovare pi\u00f9 informazioni sulla Sindrome Post-Concussiva cliccando su questi link: <\/p>\n\n\n\n<ul><li><a href=\"https:\/\/www.mayoclinic.org\/diseases-conditions\/post-concussion-syndrome\/symptoms-causes\/syc-20353352\">Mayo Clinic &#8211; informazioni generali sulla Sindrome Post-Concussiva<\/a><\/li><li><a href=\"https:\/\/www.headway.org.uk\/about-brain-injury\/individuals\/types-of-brain-injury\/mild-head-injury-and-concussion\/\">Headway &#8211; un\u2019associazione inglese che si occupa di traumi cerebrali, il loro sito contiene informazioni su trauma cranico lieve e concussione<\/a><\/li><li><a href=\"https:\/\/www.nhs.uk\/conditions\/head-injury-and-concussion\/\">NHS choices &#8211; UK&nbsp;<\/a><\/li><\/ul>\n","protected":false},"excerpt":{"rendered":"<p>La sindrome post-concussiva \u00e8 associata alla presenza di diversi sintomi fisici e cognitivi che possono presentarsi in seguito ad un trauma cranico lieve o ad una concussione<\/p>\n","protected":false},"author":65,"featured_media":1638,"parent":939,"menu_order":265,"comment_status":"closed","ping_status":"closed","template":"page-template\/symptom-details-page-template.php","meta":[],"_links":{"self":[{"href":"https:\/\/pre-prod.neurosymptoms.org\/it_IT\/wp-json\/wp\/v2\/pages\/593"}],"collection":[{"href":"https:\/\/pre-prod.neurosymptoms.org\/it_IT\/wp-json\/wp\/v2\/pages"}],"about":[{"href":"https:\/\/pre-prod.neurosymptoms.org\/it_IT\/wp-json\/wp\/v2\/types\/page"}],"author":[{"embeddable":true,"href":"https:\/\/pre-prod.neurosymptoms.org\/it_IT\/wp-json\/wp\/v2\/users\/65"}],"replies":[{"embeddable":true,"href":"https:\/\/pre-prod.neurosymptoms.org\/it_IT\/wp-json\/wp\/v2\/comments?post=593"}],"version-history":[{"count":172,"href":"https:\/\/pre-prod.neurosymptoms.org\/it_IT\/wp-json\/wp\/v2\/pages\/593\/revisions"}],"predecessor-version":[{"id":15598,"href":"https:\/\/pre-prod.neurosymptoms.org\/it_IT\/wp-json\/wp\/v2\/pages\/593\/revisions\/15598"}],"up":[{"embeddable":true,"href":"https:\/\/pre-prod.neurosymptoms.org\/it_IT\/wp-json\/wp\/v2\/pages\/939"}],"wp:featuredmedia":[{"embeddable":true,"href":"https:\/\/pre-prod.neurosymptoms.org\/it_IT\/wp-json\/wp\/v2\/media\/1638"}],"wp:attachment":[{"href":"https:\/\/pre-prod.neurosymptoms.org\/it_IT\/wp-json\/wp\/v2\/media?parent=593"}],"curies":[{"name":"wp","href":"https:\/\/api.w.org\/{rel}","templated":true}]}}