{"id":602,"date":"2020-11-30T15:56:29","date_gmt":"2020-11-30T15:56:29","guid":{"rendered":"https:\/\/ftd.cognihealth.in\/?page_id=602"},"modified":"2025-01-27T04:00:19","modified_gmt":"2025-01-27T04:00:19","slug":"low-mood","status":"publish","type":"page","link":"https:\/\/pre-prod.neurosymptoms.org\/it_IT\/symptoms\/common-associated-symptoms\/low-mood\/","title":{"rendered":"Umore basso"},"content":{"rendered":"\n<p>La depressione e l\u2019umore basso sono comuni nei pazienti con sintomi funzionali e dissociativi.<\/p>\n\n\n\n<p>Questo sito non si propone di spiegare questi sintomi in dettaglio. In seguito verranno forniti alcuni utili links che potrai usare per avere pi\u00f9 informazioni.&nbsp;<\/p>\n\n\n\n<figure class=\"wp-block-pullquote\"><blockquote><p>\u2026La depressione pu\u00f2 essere diagnosticata anche in persone che non si sentono tristi, ma che presentano una perdita di interesse nelle cose, si sentono sempre stanche, hanno problemi di concentrazione, hanno problemi a dormire e hanno alterazioni dell&#8217;appetito\u2026&nbsp;<\/p><\/blockquote><\/figure>\n\n\n\n<p>Due aspetti meritano tuttavia di essere chiariti riguardo alla relazione tra la depressione e i sintomi funzionali:<\/p>\n\n\n\n<ul><li>Se soffri di depressione o hai umore basso, questo non significa che essi siano la causa dei tuoi sintomi. Potrebbe darti fastidio il fatto che i medici ti chiedano se sei ansioso o depresso, ma ricorda che un buon medico dovrebbe sempre farti queste domande, indipendentemente dalla tua diagnosi. Per esempio, i pazienti con sclerosi multipla possono soffrire di ansia o depressione. Quando ci\u00f2 accade, la qualit\u00e0 della loro vita \u00e8 generalmente peggiore, per cui \u00e8 importante fare tutto il possibile per migliorare la loro condizione. La situazione \u00e8 la stessa nel caso dei sintomi funzionali.<\/li><li>Ammettere di essere depresso o di avere un abbassamento dell\u2019umore non significa essere \u201cnevrotici\u201d, \u201cfuori di testa\u201d, \u201cdeboli di nervi\u201d o altre cose del genere che certe persone (forse anche tu!) pensano. Ci sono un sacco di pregiudizi su questo genere di problemi e non \u00e8 sempre facile sopportarli.&nbsp;<\/li><li>La causa pi\u00f9 comune di abbassamento dell\u2019umore nei pazienti con sintomi funzionali \u00e8 la preoccupazione riguardo i sintomi stessi. A cosa sono dovuti? Perch\u00e9 nessuno sembra credermi? Sto diventando pazzo? Diverr\u00f2 disabile nel futuro? Il fatto che i sintomi depressivi siano legati alla preoccupazione riguardo ai sintomi stessi non significa che essi non siano sintomi depressivi \u201cin tutto e per tutto\u201d.<\/li><\/ul>\n\n\n\n<p>Molti pazienti non sanno su che base viene formulata la diagnosi di depressione. Di seguito sono riportati i criteri comunemente utilizzati per diagnosticare questa condizione, formulati dall\u2019Associazione Americana di Psichiatria.<\/p>\n\n\n\n<p>La depressione pu\u00f2 anche manifestarsi con sintomi di frustrazione e rabbia.&nbsp;<\/p>\n\n\n\n<p>\u00c8 importante che tu vada a parlare con un medico se credi di avere sintomi associati alla depressione, poich\u00e9 esistono diversi trattamenti a cui potresti accedere. Inoltre, in alcuni casi, quando la depressione coesiste con sintomi neurologici funzionali, il trattamento per la depressione porta ad un miglioramento anche dei sintomi funzionali.&nbsp;<\/p>\n\n\n\n<h3><strong>Depressione<\/strong><\/h3>\n\n\n\n<p>A. Cinque (o pi\u00f9) dei seguenti sintomi devono essere contemporaneamente presenti in un periodo di 2 settimane, e causare un cambiamento nel precedente stato di funzionamento; almeno uno dei sintomi \u00e8 o (1) umore depresso o (2) perdita di interesse o piacere<\/p>\n\n\n\n<p>(1) Umore depresso per la maggior parte del giorno, quasi ogni giorno, valutato soggettivamente (ad es. sentirsi tristi o svuotati) o oggettivamente da altri (ad es., piangere)<\/p>\n\n\n\n<p>(2) Interesse o piacere marcatamente diminuito in tutte, o quasi tutte, le attivit\u00e0 per la maggior parte del tempo, quasi ogni giorno (valutato soggettivamente o oggettivamente)<\/p>\n\n\n\n<p>(3) Una significativa (ovvero un cambiamento di pi\u00f9 del 5% in un mese) perdita di peso (in assenza di diete), un aumento di peso, o un ridotto appetito quasi ogni giorno.<\/p>\n\n\n\n<p>(4) Insonnia o ipersonnia quasi ogni giorno<\/p>\n\n\n\n<p>(5) Agitazione o rallentamento psicomotorio quasi ogni giorno (rilevati da osservatori esterni, e non una semplice sensazione soggettiva di irrequietezza o rallentamento)<\/p>\n\n\n\n<p>(6) Fatica o perdita di energia quasi ogni giorno<\/p>\n\n\n\n<p>(7) Sensazione di non valere nulla o eccessivo o inappropriato senso di colpa (che potrebbe essere di tipo delirante) quasi ogni giorno (non semplicemente auto-rimprovero o senso di colpa per essere malati)<\/p>\n\n\n\n<p>(8) Diminuita capacit\u00e0 di pensiero o concentrazione, o indecisione, quasi ogni giorno (per riscontro soggettivo o in seguito ad osservazione esterna)<\/p>\n\n\n\n<p>(9) Pensieri ricorrenti di morte (non semplicemente paura di morire), idee suicidali ricorrenti senza un piano specifico, o un tentativo di suicidio o un piano specifico per commettere un suicidio<\/p>\n\n\n\n<p>B. I sintomi non sono dovuti a disordine bipolare<\/p>\n\n\n\n<p>C. I sintomi causano uno stress clinicamente significativo o difficolt\u00e0 nel campo sociale, occupazionale, o in altri ambiti funzionali importanti&nbsp;<\/p>\n\n\n\n<p>D. I sintomi non sono dovuti agli effetti fisiologici diretti di una sostanza (ad es. abuso di sostanze, farmaci) o ad una condizione medica generale (ad es. ipotiroidismo)<\/p>\n\n\n\n<p>E. I sintomi non sono meglio spiegati da un lutto, ad esempio dopo la perdita di una persona cara; i sintomi persistono per un periodo pi\u00f9 lungo di due mesi o sono molto severi<\/p>\n","protected":false},"excerpt":{"rendered":"<p>Depressione, poco interesse verso le cose e umore basso possono essere presenti insieme a FND.<\/p>\n","protected":false},"author":65,"featured_media":0,"parent":939,"menu_order":269,"comment_status":"closed","ping_status":"closed","template":"page-template\/symptom-details-page-template.php","meta":[],"_links":{"self":[{"href":"https:\/\/pre-prod.neurosymptoms.org\/it_IT\/wp-json\/wp\/v2\/pages\/602"}],"collection":[{"href":"https:\/\/pre-prod.neurosymptoms.org\/it_IT\/wp-json\/wp\/v2\/pages"}],"about":[{"href":"https:\/\/pre-prod.neurosymptoms.org\/it_IT\/wp-json\/wp\/v2\/types\/page"}],"author":[{"embeddable":true,"href":"https:\/\/pre-prod.neurosymptoms.org\/it_IT\/wp-json\/wp\/v2\/users\/65"}],"replies":[{"embeddable":true,"href":"https:\/\/pre-prod.neurosymptoms.org\/it_IT\/wp-json\/wp\/v2\/comments?post=602"}],"version-history":[{"count":77,"href":"https:\/\/pre-prod.neurosymptoms.org\/it_IT\/wp-json\/wp\/v2\/pages\/602\/revisions"}],"predecessor-version":[{"id":15852,"href":"https:\/\/pre-prod.neurosymptoms.org\/it_IT\/wp-json\/wp\/v2\/pages\/602\/revisions\/15852"}],"up":[{"embeddable":true,"href":"https:\/\/pre-prod.neurosymptoms.org\/it_IT\/wp-json\/wp\/v2\/pages\/939"}],"wp:attachment":[{"href":"https:\/\/pre-prod.neurosymptoms.org\/it_IT\/wp-json\/wp\/v2\/media?parent=602"}],"curies":[{"name":"wp","href":"https:\/\/api.w.org\/{rel}","templated":true}]}}