{"id":1010,"date":"2021-01-26T05:08:12","date_gmt":"2021-01-26T05:08:12","guid":{"rendered":"https:\/\/ftd.cognihealth.in\/?page_id=1010"},"modified":"2025-01-27T03:45:28","modified_gmt":"2025-01-27T03:45:28","slug":"causes","status":"publish","type":"page","link":"https:\/\/pre-prod.neurosymptoms.org\/nb_NO\/causes\/","title":{"rendered":"\u00c5rsaker"},"content":{"rendered":"\n<p>Det er naturlig n\u00e5r du har et problem \u00e5 sp\u00f8rre &#8220;Hvorfor har dette skjedd?&#8221;. Men det er viktig \u00e5 ikke blande sammen sp\u00f8rsm\u00e5let &#8220;Hvorfor har dette skjedd?&#8221; med sp\u00f8rsm\u00e5let &#8220;Hva i kroppen min er det som er g\u00e5tt galt og som for\u00e5rsaker symptomene?&#8221;. <\/p>\n\n\n\n<p><\/p>\n\n\n\n<p>Dette er to adskilte sp\u00f8rsm\u00e5l som har to forskjellige svar. <\/p>\n","protected":false},"excerpt":{"rendered":"<p><!-- wp:paragraph --><\/p>\n<p>Det er naturlig n\u00e5r du har et problem \u00e5 sp\u00f8rre &#8220;Hvorfor har dette skjedd?&#8221;. Men det er viktig \u00e5 ikke blande sammen sp\u00f8rsm\u00e5let &#8220;Hvorfor har dette skjedd?&#8221; med sp\u00f8rsm\u00e5let &#8220;Hva i kroppen min er det som er g\u00e5tt galt og som for\u00e5rs&#8230;<\/p>\n","protected":false},"author":65,"featured_media":0,"parent":0,"menu_order":155,"comment_status":"closed","ping_status":"closed","template":"page-template\/symtoms-type.php","meta":[],"_links":{"self":[{"href":"https:\/\/pre-prod.neurosymptoms.org\/nb_NO\/wp-json\/wp\/v2\/pages\/1010"}],"collection":[{"href":"https:\/\/pre-prod.neurosymptoms.org\/nb_NO\/wp-json\/wp\/v2\/pages"}],"about":[{"href":"https:\/\/pre-prod.neurosymptoms.org\/nb_NO\/wp-json\/wp\/v2\/types\/page"}],"author":[{"embeddable":true,"href":"https:\/\/pre-prod.neurosymptoms.org\/nb_NO\/wp-json\/wp\/v2\/users\/65"}],"replies":[{"embeddable":true,"href":"https:\/\/pre-prod.neurosymptoms.org\/nb_NO\/wp-json\/wp\/v2\/comments?post=1010"}],"version-history":[{"count":83,"href":"https:\/\/pre-prod.neurosymptoms.org\/nb_NO\/wp-json\/wp\/v2\/pages\/1010\/revisions"}],"predecessor-version":[{"id":15849,"href":"https:\/\/pre-prod.neurosymptoms.org\/nb_NO\/wp-json\/wp\/v2\/pages\/1010\/revisions\/15849"}],"wp:attachment":[{"href":"https:\/\/pre-prod.neurosymptoms.org\/nb_NO\/wp-json\/wp\/v2\/media?parent=1010"}],"curies":[{"name":"wp","href":"https:\/\/api.w.org\/{rel}","templated":true}]}}