{"id":1012,"date":"2021-01-26T05:09:14","date_gmt":"2021-01-26T05:09:14","guid":{"rendered":"https:\/\/ftd.cognihealth.in\/?page_id=1012"},"modified":"2024-09-08T15:57:43","modified_gmt":"2024-09-08T15:57:43","slug":"treatment","status":"publish","type":"page","link":"https:\/\/pre-prod.neurosymptoms.org\/nb_NO\/treatment\/","title":{"rendered":"Behandling"},"content":{"rendered":"\n<p>N\u00e5r du synes du forst\u00e5r din tilstand bedre, kan du g\u00e5 videre med \u00e5 lese om ulike behandlingsformer her<\/p>\n","protected":false},"excerpt":{"rendered":"<p>N\u00e5r du synes du forst\u00e5r din tilstand bedre, kan du g\u00e5 videre med \u00e5 lese om ulike behandlingsformer her<\/p>\n","protected":false},"author":65,"featured_media":0,"parent":0,"menu_order":288,"comment_status":"closed","ping_status":"closed","template":"page-template\/symtoms-type.php","meta":[],"_links":{"self":[{"href":"https:\/\/pre-prod.neurosymptoms.org\/nb_NO\/wp-json\/wp\/v2\/pages\/1012"}],"collection":[{"href":"https:\/\/pre-prod.neurosymptoms.org\/nb_NO\/wp-json\/wp\/v2\/pages"}],"about":[{"href":"https:\/\/pre-prod.neurosymptoms.org\/nb_NO\/wp-json\/wp\/v2\/types\/page"}],"author":[{"embeddable":true,"href":"https:\/\/pre-prod.neurosymptoms.org\/nb_NO\/wp-json\/wp\/v2\/users\/65"}],"replies":[{"embeddable":true,"href":"https:\/\/pre-prod.neurosymptoms.org\/nb_NO\/wp-json\/wp\/v2\/comments?post=1012"}],"version-history":[{"count":35,"href":"https:\/\/pre-prod.neurosymptoms.org\/nb_NO\/wp-json\/wp\/v2\/pages\/1012\/revisions"}],"predecessor-version":[{"id":15279,"href":"https:\/\/pre-prod.neurosymptoms.org\/nb_NO\/wp-json\/wp\/v2\/pages\/1012\/revisions\/15279"}],"wp:attachment":[{"href":"https:\/\/pre-prod.neurosymptoms.org\/nb_NO\/wp-json\/wp\/v2\/media?parent=1012"}],"curies":[{"name":"wp","href":"https:\/\/api.w.org\/{rel}","templated":true}]}}