{"id":1701,"date":"2021-04-07T02:48:25","date_gmt":"2021-04-07T02:48:25","guid":{"rendered":"https:\/\/ftd.cognihealth.in\/?page_id=1701"},"modified":"2023-02-17T21:01:20","modified_gmt":"2023-02-17T21:01:20","slug":"about","status":"publish","type":"page","link":"https:\/\/pre-prod.neurosymptoms.org\/nb_NO\/about\/","title":{"rendered":"Om"},"content":{"rendered":"\n<div class=\"wp-block-image\"><figure class=\"alignleft size-large is-resized\"><img loading=\"lazy\" src=\"https:\/\/pre-prod.neurosymptoms.org\/wp-content\/uploads\/2023\/02\/image-3.png\" alt=\"\" class=\"wp-image-12990\" width=\"365\" height=\"468\"\/><figcaption>Jon Stone&nbsp;(Professor)<br \/>MBChB FRCP PhD<br \/>Consultant Neurologist (NHS Lothian) &amp; Honorary Professor in Neurology (University of Edinbugh)<\/figcaption><\/figure><\/div>\n\n\n\n<div style=\"height:24px\" aria-hidden=\"true\" class=\"wp-block-spacer\"><\/div>\n\n\n\n<p><\/p>\n\n\n\n<p><\/p>\n\n\n\n<p><\/p>\n\n\n\n<p><\/p>\n\n\n\n<p><\/p>\n\n\n\n<p><\/p>\n\n\n\n<p><\/p>\n\n\n\n<p>Mange som bes\u00f8ker disse sidene kan \u00f8nske \u00e5 vite hvor informasjonen stammer fra. Det var meg som startet nettstedet i 2009, for mennesker med funksjonelle nevrologiske lidelser og symptomer. <\/p>\n\n\n\n<p>Jeg er nevrolog i Edinburgh, Skottland. Jeg har v\u00e6rt involvert i  forskning p\u00e5 dette feltet sammen med min kollega Alan Carson i Edinburgh og andre kolleger i Storbritannia og verden for\u00f8vrig siden 1999. V\u00e5r forskning har hovedsaklig konsentrert seg om \u00e5 beskrive kliniske kjennetegn ved funksjonelle nevrologiske lidelser, samt om behandling. Vi drives av et \u00f8nske om \u00e5 \u00f8ke kunnskap, forst\u00e5else og holdninger innen dette fagfeltet.<\/p>\n\n\n\n<p>Du kan lese om min forskningsgruppe og se mine <a href=\"https:\/\/www.ed.ac.uk\/profile\/prof-jon-stone\" target=\"_blank\" rel=\"noreferrer noopener\">publikasjoner<\/a> p\u00e5 mitt <a href=\"https:\/\/www.ed.ac.uk\/clinical-brain-sciences\/research\/diagnoses-disease-targets\/functional-disorders\" target=\"_blank\" rel=\"noreferrer noopener\">University of Edinburg-sted  &#8211; her.<\/a> <\/p>\n\n\n\n<p>Jeg tvitrer om FNL p\u00e5 @jonstoneneuro<\/p>\n\n\n\n<p>Jeg har v\u00e6rt med p\u00e5 \u00e5 grunnlegge det internasjonale<a href=\"https:\/\/www.fndsociety.org\/\" target=\"_blank\" rel=\"noreferrer noopener\"> FND society &#8211; www.fndsociety.org<\/a> &#8211; som s\u00f8ker \u00e5 \u00f8ke helsepersonells kunnskap og utdannelse om FNL.    <\/p>\n\n\n\n<p>Jeg kan dessverre ikke svare p\u00e5 e-post fra pasienter og tar ikke imot henvisninger fra utlandet. Men jeg h\u00e5per informasjonen her p\u00e5 nettstedet er nyttig for deg.<\/p>\n\n\n\n<p>Mine medforfattere: Personer som har bidratt med tekst til nettstedet er blant andre:<\/p>\n\n\n\n<ul><li>Prof Alan Carson, Nevropsykiater, Royal Infirmary of Edinburgh<\/li><li>Dr Ingrid Hoeritzauer, Nevrolog, Royal Infirmary of Edinburgh<\/li><li>Dr Laura McWhirter, Nevropsykiater, Royal Infirmary of Edinburgh<\/li><li>Clare Nicholson, Ergoterapeut, National Hospital for Neurology and Neurosurgery, London<\/li><li>Jan Baker, Logoped, Flinders University, South Australia<\/li><li>Prof Isobel Heyman, Barne- og ungdomspsykiater, Great Ormond St, London<\/li><li>Dr Tammy Hedderley, Paediatric Neurologist, St Thomas\u2019 Hospital, London<\/li><li>Dr Christos Ganos, Nevrolog, Charite Hospital, Berlin<\/li><li>Glenn Nielsen, Fysioterapeut, St Georges Hospital, London<\/li><li>Dr Biba Stanton, Nevrolog, Kings College Hospital, London<\/li><\/ul>\n\n\n\n<div style=\"height:70px\" aria-hidden=\"true\" class=\"wp-block-spacer\"><\/div>\n\n\n\n<h2>Neurosymptoms.org &#8211; en historie og en oppdatering per 2021<\/h2>\n\n\n\n<p>Jeg startet neurosymptoms.org i 2009, frustrert over at det n\u00e6rmest ikke fantes NOEN informasjon for mine pasienter p\u00e5 internett. Siden dengang har landskapet forandret seg betydelig. Vi har n\u00e5 pasientorganisasjoner og fra 2019 FND society for helsepersonell. <\/p>\n\n\n\n<p>Neurosymptoms brukes av ca. 50 000 mennesker hver m\u00e5ned p\u00e5 verdensbasis, og anbefales ofte av helsepersonell. Det er ikke en behandling for FNL i seg selv, som vi har vist i en studie, men jeg h\u00e5per det kan v\u00e6re et godt utgangspunkt. <\/p>\n\n\n\n<p>Det gamle nettstedet s\u00e5 etterhvert SV\u00c6RT gammelt ut. I oktober 2020 fikk vi st\u00f8tte fra Scottish Government Neurological Framework til et samarbeid med Pooja Jain og hennes team ved CogniHealth for \u00e5 forbedre det. <\/p>\n\n\n\n<p>Det er n\u00e5 mye innhold her som jeg har skrevet sammen med kolleger. Spesielt takk til @AlanCarson15 @IngridHoeritza1 @lauramcw @BibaStanton @CNicholsonOT @ChristosGanos og mange andre.<\/p>\n\n\n\n<p>Takk til dere 434 som svarte p\u00e5 en unders\u00f8kelse om nettstedet ifjor (65% var personer med FNL, 24% var helsepersonell). Dere ga oss mange gode r\u00e5d. <\/p>\n\n\n\n<p>Jeg h\u00e5per du kan ha nytte av nettstedet.<\/p>\n\n\n\n<p>Prof Jon Stone juni 2021<\/p>\n\n\n\n<div style=\"height:63px\" aria-hidden=\"true\" class=\"wp-block-spacer\"><\/div>\n\n\n\n<p><\/p>\n\n\n\n<p><\/p>\n\n\n\n<h2>Norsk oversettelse 2023<\/h2>\n\n\n\n<p>Dette nettstedet er delvis oversatt til norsk av en gruppe overleger ved Oslo universitetssykehus (OUS): Erlend B\u00f8en, Sigrid Svalheim, Torbj\u00f8rn Elvs\u00e5shagen, Line Sveberg og Jeanette Koht. Alle har mye erfaring med og interesse for funksjonelle nevrologiske lidelser. Alle er spesialister i nevrologi. Erlend B\u00f8en er ogs\u00e5 spesialist i psykiatri. Kysthospitalet i Stavern, Spesialsykehuset for epilepsi og Hodeskadepoliklinikken ved OUS har ogs\u00e5 bidratt.<\/p>\n\n\n\n<p>Per februar 2023 er sidene om symptomer, \u00e5rsaker og behandling oversatt. De \u00f8vrige sidene, med pasienthistorier, videoer osv., er forel\u00f8pig ikke oversatt. P\u00e5 sikt vil ogs\u00e5 disse bli oversatt. Inntil videre m\u00e5 vi henvise til versjonene p\u00e5 engelsk eller et av de \u00f8vrige oversatte spr\u00e5kene (for eksempel svensk) for disse sidene.<\/p>\n","protected":false},"excerpt":{"rendered":"<p><!-- wp:image {\"align\":\"left\",\"id\":12990,\"width\":365,\"height\":468,\"sizeSlug\":\"large\"} --><\/p>\n<div class=\"wp-block-image\">\n<figure class=\"alignleft size-large is-resized\"><img src=\"https:\/\/pre-prod.neurosymptoms.org\/wp-content\/uploads\/2023\/02\/image-3.png\"...\n<\/p>\n","protected":false},"author":1,"featured_media":0,"parent":0,"menu_order":209,"comment_status":"closed","ping_status":"closed","template":"page-template\/news.php","meta":[],"_links":{"self":[{"href":"https:\/\/pre-prod.neurosymptoms.org\/nb_NO\/wp-json\/wp\/v2\/pages\/1701"}],"collection":[{"href":"https:\/\/pre-prod.neurosymptoms.org\/nb_NO\/wp-json\/wp\/v2\/pages"}],"about":[{"href":"https:\/\/pre-prod.neurosymptoms.org\/nb_NO\/wp-json\/wp\/v2\/types\/page"}],"author":[{"embeddable":true,"href":"https:\/\/pre-prod.neurosymptoms.org\/nb_NO\/wp-json\/wp\/v2\/users\/1"}],"replies":[{"embeddable":true,"href":"https:\/\/pre-prod.neurosymptoms.org\/nb_NO\/wp-json\/wp\/v2\/comments?post=1701"}],"version-history":[{"count":46,"href":"https:\/\/pre-prod.neurosymptoms.org\/nb_NO\/wp-json\/wp\/v2\/pages\/1701\/revisions"}],"predecessor-version":[{"id":13357,"href":"https:\/\/pre-prod.neurosymptoms.org\/nb_NO\/wp-json\/wp\/v2\/pages\/1701\/revisions\/13357"}],"wp:attachment":[{"href":"https:\/\/pre-prod.neurosymptoms.org\/nb_NO\/wp-json\/wp\/v2\/media?parent=1701"}],"curies":[{"name":"wp","href":"https:\/\/api.w.org\/{rel}","templated":true}]}}