{"id":1945,"date":"2021-04-13T16:30:24","date_gmt":"2021-04-13T16:30:24","guid":{"rendered":"https:\/\/ftd.cognihealth.in\/?page_id=1945"},"modified":"2026-03-16T11:39:30","modified_gmt":"2026-03-16T11:39:30","slug":"","status":"publish","type":"page","link":"https:\/\/pre-prod.neurosymptoms.org\/nb_NO\/symptoms\/fnd-symptoms\/","title":{"rendered":"Funksjonelle tics"},"content":{"rendered":"\n<p>Denne siden er skrevet sammen med kolleger som er listet mot slutten. Spesiell takk til Tammy Hedderley, Isobel Heyman og Christos Ganos.<\/p>\n\n\n\n<h3>Hva er tics?<\/h3>\n\n\n\n<p>Tics er en type repeterende bevegelse eller lyd som kan sees ved forskjellige tilstander, inkludert Tourettes syndrom. Tics kan ogs\u00e5 forekomme som ledd i en funksjonell nevrologisk lidelse, eller FNL, og de kalles da \u00abfunksjonelle tics\u00bb. Personer med Tourettes syndrom kan ogs\u00e5 utvikle funksjonelle tics.<\/p>\n\n\n\n<p>Tics er definert som plutselige, raske, tilbakevendende bevegelser eller lyder og som ikke er rytmiske. Tics kalles ofte komplekse hvis de omfatter mer enn en enkelt bevegelse og de kan involvere en kombinasjon av forskjellige bevegelser eller lyder.<\/p>\n\n\n\n<p>Denne siden har som m\u00e5l \u00e5 gi deg en introduksjon til funksjonelle tics som kan hjelpe deg og din behandler med \u00e5 tiln\u00e6rme dere problemet bedre. Det er ikke en side om Tourettes syndrom, men vi vil diskutere overlappet med Tourettes.<\/p>\n\n\n\n<h3>Hva er funksjonelle tics og hvordan diagnostiseres de?<\/h3>\n\n\n\n<p>Det er mange likhetstrekk mellom symptomer og behandling for funksjonelle tics og tics knyttet til andre tilstander (som Tourettes syndrom), men noen viktige forskjeller ogs\u00e5.<\/p>\n\n\n\n<p>I tidlig barndom, ved 4-5-\u00e5rsalder, er subtile tics noks\u00e5 vanlig. I en typisk barneskole med 400 elever vil gjerne 10-20 elever ha tics i en eller annen form. Ettersom barna vokser, bedres evt. tics naturlig og antall elever i ungdomsskolen med tics vil v\u00e6re lavere og omkring 1 %. Tourettes syndrom er en tilstand som oppst\u00e5r i tidlig barndom. Debuttidspunktet er en av hovedforskjellene sammenlignet med funksjonelle tics som vanligvis oppst\u00e5r etter 10-11-\u00e5rs alder og kan debutere i voksen alder ogs\u00e5.<\/p>\n\n\n\n<p>Funksjonelle tics er en type funksjonell nevrologisk lidelse (FNL). FNL beskrives i mer detalj ved dette nettstedet. FNL beskriver i store trekk en forstyrrelse i bevegelse og sansing hvor det spesielt er problemer med frivillig, men ikke automatisert, bevegelse.<\/p>\n\n\n\n<p>Tabellen nedenfor beskriver de viktigste kliniske kjennetegn som leger bruker for \u00e5 diagnostisere funksjonelle tics, og sammenligner disse med de tics som vanligvis sees ved Tourettes syndrom. Noen ganger er det hele mer komplisert enn som s\u00e5 fordi en person kan ha b\u00e5de Tourettes OG funksjonelle tics. Det er vanligvis viktig \u00e5 fors\u00f8ke \u00e5 finne ut hvorvidt hovedplagen er funksjonelle tics, Tourettes syndrom, eller en blanding, siden behandling og forklaringer kan v\u00e6re ulike. For eksempel: medisiner som iblant brukes for Tourettes syndrom hjelper ikke alltid ved funksjonelle tics. Hos barn og ungdom er en blanding litt mer vanlig, mens hos voksne er det vanligere med funksjonelle tics uten Tourettes syndrom.<\/p>\n\n\n\n<p>\u00abTic-anfall\u00bb henviser til kontinuerlige tics og sees spesielt hos unge mennesker med en blanding av Tourettes syndrom og funksjonelle tics. Du kan leser mer p\u00e5 <a rel=\"noreferrer noopener\" href=\"https:\/\/www.tourettes-action.org.uk\/storage\/downloads\/1615388654_Factsheet---Tic-Attacks.pdf\" target=\"_blank\">Tourette Action-nettstedet.<\/a><\/p>\n\n\n\n<p><\/p>\n\n\n\n<h3>Forskjeller og likheter mellom funksjonelle tics og Tourettes syndrom<\/h3>\n\n\n\n<figure class=\"wp-block-table\"><table><tbody><tr><td><strong>Funksjonelle tics<\/strong><\/td><td><strong>Begge<\/strong><\/td><td><strong>Tourettes syndrom<\/strong><\/td><\/tr><tr><td>Starter i ten\u00e5r eller voksen alder<\/td><td>Angst<\/td><td>Starter i barndom<\/td><\/tr><tr><td>Oftere kvinner<\/td><td>Kan forverres av stress<\/td><td>Oftere menn<\/td><\/tr><tr><td>Tics kan iblant forstyrre vanlige handlinger<\/td><td>OCD(tvang), ADHD og autismespektertrekk kan forekomme<\/td><td>Tics forstyrrer vanligvis ikke normale handlinger<\/td><\/tr><tr><td>Tics kan ofte ikke undertrykkes i det hele tatt<\/td><td>Vokale tics kan inkludere repeterende ord eller roping<\/td><td>Tics kan vanligvis undertrykkes i noen f\u00e5 sekunder*<\/td><\/tr><tr><td>Mindre hyppig med \u00aburge\u00bb eller \u00abtrang\u00bb f\u00f8r en tic<\/td><td>Kan profittere p\u00e5 psykologisk behandling<\/td><td>Nesten alltid en \u00aburge\u00bb eller \u00abtrang\u00bb f\u00f8r en tic*<\/td><\/tr><tr><td>Andre FNL-symptomer<\/td><td>&nbsp;<\/td><td>Kan profittere p\u00e5 medisiner mot tics<\/td><\/tr><tr><td>Medisinering hjelper ikke<\/td><td>&nbsp;<\/td><td>&nbsp;<\/td><\/tr><\/tbody><\/table><\/figure>\n\n\n\n<p>* Gjelder barn over 8 \u00e5r.<\/p>\n\n\n\n<p>Som du kan se av tabellen, er det ikke lett \u00e5 stille diagnosen funksjonelle tics. Det kreves vanligvis en lege som er godt kjent med b\u00e5de Tourettes syndrom og andre \u00e5rsaker til tics. B\u00e5de FNL og Tourettes syndrom er lidelser knyttet til viljestyrt bevegelse, og begge kan endres av distraksjon eller suggesjon. Som for de fleste typer FNL, er diagnosen basert p\u00e5 en kombinasjon av typiske kjennetegn.<\/p>\n\n\n\n<h3><em>Saras historie<\/em><\/h3>\n\n\n\n<p><em>Sara er 13 \u00e5r og interessert i dans, kunst og drama. De siste 4 ukene har hun plutselig f\u00e5tt hemmende kontinuerlige motoriske tics i armene og bena. De har v\u00e6rt knyttet til skrikende lyder og dyrelyder og ogs\u00e5 en tendens til \u00e5 banne mot den yngre s\u00f8steren og sl\u00e5 rundt seg tilsynelatende ukontrollert. Disse opplevelsene har v\u00e6rt veldig oppr\u00f8rende for henne og hun har v\u00e6rt p\u00e5 akuttmottaket noen f\u00e5 ganger men ingen har sett ut til \u00e5 vite hva som kan gj\u00f8res. Hun har f\u00f8lt seg flau over \u00e5 snakke med vennene sine.<\/em><\/p>\n\n\n\n<p><em>Sara har en yngre bror p\u00e5 5 \u00e5r med en autismespekterdiagnose. Hun beskriver seg selv som sjenert og sosialt engstelig og hennes foreldre sier hun er \u00abperfeksjonist\u00bb.<\/em><\/p>\n\n\n\n<p><em>Ticsene har medf\u00f8rt at hun ikke har v\u00e6rt p\u00e5 skolen og hun har tilbragt mye tid alene p\u00e5 rommet sitt. Hun har brukt tid p\u00e5 sosiale medier og pga symptomene. Hun har sl\u00e5tt opp p\u00e5 nettsteder om Tourettes. Nylig torde hun \u00e5 lage en TikTok-video om sin erfaring. Hun har en onkel med noen tics og OCD (tvangslidelse).<\/em><\/p>\n\n\n\n<p><em>Om man ser tilbake til oppveksten hennes, hadde Sara noen sv\u00e6rt beskjedne tics da hun var omkring 5 \u00e5r gammel, men alle trodde de hadde forsvunnet og ingen hadde lagt merke til noe p\u00e5 mange \u00e5r p\u00e5.&nbsp;<\/em><\/p>\n\n\n\n<p><em>I Saras tilfelle hadde ticsene kjennetegn som i hovedsak er typisk for funksjonelle tics. De opptr\u00e5dte spesielt i armene og kroppen. Hun kunne ikke \u00abundertrykke\u00bb dem, selv i noen f\u00e5 sekunder, og hun hadde ikke den vanlige \u00abvarsel\u00bb-trangen som personer med Tourettes syndrom har. Det faktum at de hadde startet plutselig og alvorlig i en alder av 13 var ogs\u00e5 typisk for funksjonelle tics og ikke for Tourettes syndrom.<\/em><\/p>\n\n\n\n<p><em>Saras leger trodde det var sannsynlig at hun hadde hatt milde tics som barn og at dette hadde gjort henne s\u00e5rbar for \u00e5 utvikler funksjonelle tics.<\/em><\/p>\n\n\n\n<p><em>Under behandling kom det fram at endel ting p\u00e5 skolen hadde v\u00e6rt stressende, bl.a. i form av gruppepress og at Sara kunne f\u00e5 panikk ved tanken p\u00e5 skolearbeidet til tross for at hun var veldig skoleflink. &nbsp;<\/em><\/p>\n\n\n\n<p><em>Sara fikk psykologisk behandling som hjalp henne med \u00e5 snakke om f\u00f8lelsene sine og h\u00e5ndtere bekymring og angst. Hun l\u00e6rte ogs\u00e5 teknikker som hjalp henne med \u00e5 flytte fokus bort fra kroppen n\u00e5r ticsene var ille. Over tid bidro dette til mindre plager og at hun kunne komme tilbake p\u00e5 skolen. Hun kunne fortsatt f\u00e5 enkelte tics iblant, men dette var h\u00e5ndterbart.<\/em><\/p>\n\n\n\n<h3>Hva slags forskning finnes om funksjonelle tics?<\/h3>\n\n\n\n<p>Det har v\u00e6rt \u00f8kende oppmerksomhet omkring funksjonelle tics de siste \u00e5rene. N\u00e5 har flere grupper fra hele verden publisert om sine erfaringer med \u00e5 diagnostisere og \u00e5 behandle funksjonelle tics, men vi l\u00e6rer fortsatt om dem og hvordan vi best skal behandle dem.<\/p>\n\n\n\n<p>Du kan se i forskningsartiklene nedenfor at leger noen ganger har brukt begrepet \u00abpsykogene\u00bb tics. Dette oppfattes n\u00e5 uheldig ettersom forskere innen FNL har skj\u00f8nt at det dreier seg om en tilstand i hjernen (nevrologi) s\u00e5 vel som i sinnet (psykologi).<\/p>\n\n\n\n<p>Gjennom 2020 og 2021 har en rekke leger som spesialiserer seg innen tics merket seg at et \u00f8kende antall mennesker, spesielt ten\u00e5ringer, har funksjonelle tics. Det er ikke klart hvorfor det er slik. Det kan skyldes at det har v\u00e6rt en stressende tid for mange mennesker. Det er ingen holdepunkter for at det er direkte knyttet til covid-infeksjon eller vaksiner.<\/p>\n\n\n\n<h3>Hvordan og hvorfor oppst\u00e5r funksjonelle tics?<\/h3>\n\n\n\n<p>&nbsp;Ved FNL ser det ut til at hjernens oppmerksomhetsfokus ufrivillig rettes mot kroppen. Denne endringen av oppmerksomheten synes \u00e5 kunne sette i gang unormale bevegelser (som funksjonelle tics) og ogs\u00e5 gj\u00f8re det vanskeligere for en person \u00e5 utf\u00f8re de bevegelsene han eller hun faktisk \u00f8nsker \u00e5 utf\u00f8re (personer med funksjonelle tics kan oppleve en midlertidig blokkering av frivillig bevegelse). Noen ganger kan endringen av oppmerksomheten \u00f8ke oppmerksomheten om indre sansefornemmelser eller bekymringer. Tanker om \u00e5 oppleve tics kan utl\u00f8se eller opprettholde episodene. Klinisk erfaring tilsier at personer med funksjonelle tics kan bli mer s\u00e5rbare for tics hvis de tilbringer mye tid med \u00e5 se andre som har tics. Tourettes syndrom, derimot, kan ikke utl\u00f8ses av \u00e5 se andre mennesker med tics. Denne forskjellen har f\u00e5tt noen leger til \u00e5 lure p\u00e5 om eksponering for tics p\u00e5 sosiale medier kan medf\u00f8re en utilsiktet \u00f8kning av tics hos de som utsettes for slik eksponering.<\/p>\n\n\n\n<p>P\u00e5 kvelden ved sengetid er det mange som har rykkvise bevegelser i det de sovner inn. Dette kan ogs\u00e5 bidra til \u00e5 forme baner i hjernen som kan f\u00f8re til funksjonelle tics.<\/p>\n\n\n\n<p>Stress og psykologiske mekanismer kan v\u00e6re av betydning, men funksjonelle tics involverer hjernen ogs\u00e5. De som har slike plager kan ikke bare \u00abg\u00e5 inn i\u00bb sin egen hjerne og sl\u00e5 dem av.&nbsp; &nbsp;<\/p>\n\n\n\n<figure class=\"wp-block-image size-large\"><img loading=\"lazy\" width=\"1024\" height=\"792\" src=\"https:\/\/pre-prod.neurosymptoms.org\/wp-content\/uploads\/2023\/01\/Screenshot-2021-06-05-at-15.43.07-1024x792-1.png\" alt=\"\" class=\"wp-image-11939\" srcset=\"https:\/\/pre-prod.neurosymptoms.org\/wp-content\/uploads\/2023\/01\/Screenshot-2021-06-05-at-15.43.07-1024x792-1.png 1024w, https:\/\/pre-prod.neurosymptoms.org\/wp-content\/uploads\/2023\/01\/Screenshot-2021-06-05-at-15.43.07-1024x792-1-300x232.png 300w, https:\/\/pre-prod.neurosymptoms.org\/wp-content\/uploads\/2023\/01\/Screenshot-2021-06-05-at-15.43.07-1024x792-1-768x594.png 768w\" sizes=\"(max-width: 1024px) 100vw, 1024px\" \/><\/figure>\n\n\n\n<h3>M\u00e5 funksjonelle tics alltid behandles?<\/h3>\n\n\n\n<p>Sosiale medier har hjulpet mennesker med ulike funksjonsvansker, inkludert tics, med \u00e5 kunne dele erfaringer. Noen med funksjonelle tics vil ikke n\u00f8dvendigvis se p\u00e5 ticsene som et problem; hvis for eksempel <em>alle<\/em> hadde tics, ville det ikke plage dem. Her kommer vi inn p\u00e5 viktige temaer omkring individuelle forskjeller mellom mennesker. Talspersoner for pasienter med andre \u00abtilstander\u00bb, som autisme eller h\u00f8rselstap, har bidratt til at den generelle befolkningen anerkjenner at det at noe er annerledes ikke n\u00f8dvendigvis betyr at det trenger \u00abbehandling\u00bb.<\/p>\n\n\n\n<p>Likevel vil funksjonelle tics for de fleste oppleves som belastende, s\u00e6rlig n\u00e5r de kommer som lyn fra klar himmel, og da er det riktig \u00e5 tenke p\u00e5 behandling.<\/p>\n\n\n\n<h3>Hva er behandlingen?<\/h3>\n\n\n\n<p><strong>1. Forst\u00e5 hva som er galt<\/strong><\/p>\n\n\n\n<p>Som med alle former for FNL er det sv\u00e6rt viktig at du m\u00f8ter en helsearbeider som hjelper deg med \u00e5 forklare hvorfor de tror du har funksjonelle tics, og hvorvidt de i ditt tilfelle opptrer isolert, eller sammen med Tourettes syndrom.<\/p>\n\n\n\n<p><strong>2. \u00abTilbaketrene\u00bb hjernen.<\/strong><\/p>\n\n\n\n<p>Behandlingen av funksjonelle tics ligner behandlingen for andre typer FNL. Den involverer \u00e5 gjenkjenne at det er m\u00f8nstre i hjernen som har \u00absatt seg fast\u00bb og \u00e5 finne fram til teknikker, enten ved bruk av psykologisk behandling eller fysikalsk behandling, til \u00e5 \u00abl\u00f8sne\u00bb disse fastl\u00e5ste m\u00f8nstrene.<\/p>\n\n\n\n<p><strong>Psykologisk behandling (psykoterapi)<\/strong><\/p>\n\n\n\n<p>Psykoterapi for funksjonelle tics m\u00e5 skreddersys til den enkelte. Det finnes ikke forskningsstudier som kan hjelpe oss med \u00e5 vite n\u00f8yaktig hva som er den beste og mest effektive behandlingen for funksjonelle tics. Kognitiv adferdsterapi inkluderer oppl\u00e6ring, \u00e5 forst\u00e5 symptomer knyttet til b\u00e5de kropp og sinn (som angst), endre din og andres adferd knyttet til tics, og gradvis \u00f8kning av aktivitetsniv\u00e5 til tross for tics.&nbsp;<\/p>\n\n\n\n<p>Andre psykoterapiformer, som fokuserer mer p\u00e5 \u00e5 forst\u00e5 hvordan personlige erfaringer endrer m\u00e5ten du forholder deg til egne f\u00f8lelser og andre mennesker (kalt interpersonlig eller psykodynamisk psykoterapi) kan ogs\u00e5 v\u00e6re nyttig, spesielt for voksne.<\/p>\n\n\n\n<p>Nyttige elementer i psykoterapi inkluderer:<\/p>\n\n\n\n<p>1. <strong>Hjelpe andre med \u00e5 avlede oppmerksomheten bort fra tics<\/strong>. Ved nyoppst\u00e5tte tics, er de ikke skremmende bare for den det gjelder, de kan ogs\u00e5 v\u00e6re skremmende for alle andre, som familiemedlemmer og venner. Hjelp dine venner og familie til \u00e5 bli mindre skremt av symptomene. P\u00e5 den m\u00e5ten vil de ikke trenge \u00e5 sp\u00f8rre deg om du har det ok hver gang du har tics. Lignende r\u00e5d gis til de som har Tourettes syndrom.<\/p>\n\n\n\n<p>2. <strong>Rett oppmerksomheten mot den ytre verden og bort fra kroppens fornemmelser<\/strong>. Teknikker som \u00absensorisk grunning\u00bb (\u00absensory grounding\u00bb) kan benyttes ved FNL n\u00e5r det oppst\u00e5r anfall. Dette er en teknikk hvor du l\u00e6rer \u00e5 fokusere p\u00e5 noe i omgivelsene heller enn noe i din egen kropp. Dette kan v\u00e6re noe du ber\u00f8rer, ser, eller h\u00f8rer. Med \u00f8velse kan sensorisk grunning brukes for \u00e5 lede oppmerksomheten bort fra kroppen og dette kan igjen bedre funksjonelle tics.<\/p>\n\n\n\n<p>3. <strong>Begrens tiden p\u00e5 tic-relaterte sosiale medier om dette er relevant. <\/strong>Det er godt \u00e5 vite at det finnes andre mennesker der ute som har det samme som deg, men hvis du brukt mye tid p\u00e5 \u00e5 se andre snakke om sine tics, vil vi r\u00e5de deg til \u00e5 begrense tiden du bruker p\u00e5 dette.<\/p>\n\n\n\n<p>4. <strong>Identifiser triggere eller stress om det er til stede.<\/strong> En viktig del av vurderingen og behandlingen er \u00e5 identifisere evt. stressfaktorer. Familie, l\u00e6rere, terapeuter og andre kan v\u00e6re i stand til \u00e5 hjelpe med \u00e5 modifisere evt. stressfaktorer (eksempelvis skole\/jobb-stress eller vansker med vennskapsrelasjoner). Det kan ogs\u00e5 v\u00e6re viktig \u00e5 l\u00e6re mer om hvordan du forholder deg til egne f\u00f8lelser og til andre mennesker, spesielt under p\u00e5virkning av stress.<\/p>\n\n\n\n<p>5. <strong>Behandling av psykiske plager hvis dette foreligger<\/strong>. Studier viser at omkring 50 % av mennesker med FNL ogs\u00e5 har psykiske lidelser som angst og depresjon, som jo kan behandles. Det er nyttig \u00e5 unders\u00f8ke grundig om slike plager foreligger og i s\u00e5 tilfelle vurdere spesifikk behandling for disse, parallelt med behandlingen for funksjonelle tics. &nbsp;&nbsp;&nbsp;<\/p>\n\n\n\n<p><strong>Fysioterapi:<\/strong><\/p>\n\n\n\n<p>Noen mennesker responderer p\u00e5 \u00e5 bli l\u00e6rt spesielle bevegelser som en m\u00e5te \u00e5 fokusere oppmerksomheten p\u00e5 andre deler av kroppen. En fysioterapeut som er kjent med FNL kan v\u00e6re i stand til \u00e5 l\u00e6re deg slike \u00f8velser som en del av behandlingen.<\/p>\n\n\n\n<h3>Hva med medisiner for tics?<\/h3>\n\n\n\n<p>Medisiner som klonidin eller aripiprazol brukes iblant ved Tourettes syndrom.<\/p>\n\n\n\n<p>Eksperter p\u00e5 funksjonelle tics er enige om dette IKKE er nyttig ved funksjonelle tics.<\/p>\n\n\n\n<p>Noen ganger kan medisiner for angst, tvangssymptomer eller depresjon v\u00e6re til hjelp for pasienter med tics som ogs\u00e5 har slike plager.<\/p>\n\n\n\n<h3>Se det store bildet<\/h3>\n\n\n\n<p>Noen mennesker med funksjonelle tics har dem som en del av et \u00abst\u00f8rre bilde\u00bb med helseplager.<\/p>\n\n\n\n<div class=\"wp-block-image\"><figure class=\"alignleft size-large is-resized\"><img loading=\"lazy\" src=\"https:\/\/pre-prod.neurosymptoms.org\/wp-content\/uploads\/2021\/06\/Screenshot-2021-06-08-at-12.08.30.png\" alt=\"\" class=\"wp-image-2175\" width=\"264\" height=\"449\" srcset=\"https:\/\/pre-prod.neurosymptoms.org\/wp-content\/uploads\/2021\/06\/Screenshot-2021-06-08-at-12.08.30.png 598w, https:\/\/pre-prod.neurosymptoms.org\/wp-content\/uploads\/2021\/06\/Screenshot-2021-06-08-at-12.08.30-177x300.png 177w\" sizes=\"(max-width: 264px) 100vw, 264px\" \/><\/figure><\/div>\n\n\n\n<p>Noen har andre former for FNL for eksempel krampeanfall eller bevegelsesproblemer. &nbsp; Spesielt hos unge mennesker kan funksjonelle tics v\u00e6re s\u00e5 hyppige at de har \u00abtic-anfall\u00bb som glir over i slike anfall eller bevegelsesforstyrrelser som vi ser ved FNL. &nbsp; Andre funksjonelle lidelser som gir smerte eller utmattelse eller andre medisinske tilstander som hypermobile ledd kan forverre situasjonen. &nbsp; Som ved alle former for FNL, har noen angst eller depresjon. Noen ganger er dette tilstede av andre \u00e5rsaker, eller det forverres av tics-plagene. &nbsp;<\/p>\n\n\n\n<p>Mange mennesker med FNL har INGEN av disse andre helseplagene, s\u00e5 la ikke dette avsnitte avskrekke deg om dette ikke gjelder deg. Men hvis noe av det som beskrives her kan gjelde for deg, kan det v\u00e6re fornuftig \u00e5 bruke tid sammen med en helsearbeider som forst\u00e5r disse tilstandene for \u00e5 finne ut av hvordan de kan forholde seg til hverandre hos deg.<\/p>\n\n\n\n<div style=\"height:68px\" aria-hidden=\"true\" class=\"wp-block-spacer\"><\/div>\n\n\n\n<h3>Bidragsytere:<\/h3>\n\n\n\n<p>Takk til f\u00f8lgende kolleger som hadde forslag til og var med p\u00e5 \u00e5 skrive denne siden om tics:<\/p>\n\n\n\n<p>Dr Tammy Hedderly, barnenevrolog, Tic and Neurodevelopmental Movements Service, Guys Kings and St Thomas\u2019 School of Medicine, London, UK<\/p>\n\n\n\n<p>Professor Isobel Heyman, barne- og ungdoms-nevropsykiater, Psychological Medicine Team, Great Ormond Street Hospital for Children NHS Foundation Trust, London, UK<\/p>\n\n\n\n<p>Dr Christos Ganos, nevrolog, Charite Hospital, Berlin, Germany<\/p>\n\n\n\n<p>Dr Benedetta Demartini, psykiater, University of Milan. Milan, Italy<\/p>\n\n\n\n<p>Dr Jose Baizabal-Carvallo, nevrolog, University of Guanajuato, Mexico<\/p>\n\n\n\n<p>Professor Mark Edwards, nevrolog, St George\u2019s, University of London, London UK<\/p>\n\n\n\n<p>Professor Eileen Joyce, nevropsykiater, National Hospital for Neurology and Neurosurgery, London<\/p>\n\n\n\n<p>Professor Jon Stone, nevrolog,&nbsp; University of Edinburgh, Edinburgh UK<\/p>\n\n\n\n<h3>Vitenskapelige artikler<\/h3>\n\n\n\n<ol type=\"1\"><li>Demartini B, Ricciardi L, Parees I, Ganos C, Bhatia KP, Edwards MJ. A positive diagnosis of functional (psychogenic) tics. Eur J Neurol 2014; : 1\u20137.<\/li><li>Ganos C, Martino D, Espay AJ, Lang AE, Bhatia KP, Edwards MJ. Tics and functional tic-like movements: Can we tell them apart? Neurology. 2019; 93: 750\u20138.<\/li><li>Baizabal-Carvallo JF, Jankovic J. The clinical features of psychogenic movement disorders resembling tics. J Neurol Neurosurg Psychiatry 2014; 85: 573\u20135.<\/li><li>Heyman I, Liang H, Hedderly T. COVID-19 related increase in childhood tics and tic- \u00ad like attacks. Archives of Diseases in Childhood. 2021; : 8\u20139.<\/li><li>Robinson S, Hedderly T. Novel psychological Formulation and treatment of \u201c tic attacks \u201d in Tourette syndrome. Frontiers in Pediatrics.&nbsp; 2016; 4: 1\u20137.<\/li><\/ol>\n","protected":false},"excerpt":{"rendered":"<p>Repeterende komplekse bevegelser eller lyder<\/p>\n","protected":false},"author":47,"featured_media":2066,"parent":937,"menu_order":285,"comment_status":"closed","ping_status":"closed","template":"page-template\/symptom-details-page-template.php","meta":[],"_links":{"self":[{"href":"https:\/\/pre-prod.neurosymptoms.org\/nb_NO\/wp-json\/wp\/v2\/pages\/1945"}],"collection":[{"href":"https:\/\/pre-prod.neurosymptoms.org\/nb_NO\/wp-json\/wp\/v2\/pages"}],"about":[{"href":"https:\/\/pre-prod.neurosymptoms.org\/nb_NO\/wp-json\/wp\/v2\/types\/page"}],"author":[{"embeddable":true,"href":"https:\/\/pre-prod.neurosymptoms.org\/nb_NO\/wp-json\/wp\/v2\/users\/47"}],"replies":[{"embeddable":true,"href":"https:\/\/pre-prod.neurosymptoms.org\/nb_NO\/wp-json\/wp\/v2\/comments?post=1945"}],"version-history":[{"count":192,"href":"https:\/\/pre-prod.neurosymptoms.org\/nb_NO\/wp-json\/wp\/v2\/pages\/1945\/revisions"}],"predecessor-version":[{"id":15928,"href":"https:\/\/pre-prod.neurosymptoms.org\/nb_NO\/wp-json\/wp\/v2\/pages\/1945\/revisions\/15928"}],"up":[{"embeddable":true,"href":"https:\/\/pre-prod.neurosymptoms.org\/nb_NO\/wp-json\/wp\/v2\/pages\/937"}],"wp:featuredmedia":[{"embeddable":true,"href":"https:\/\/pre-prod.neurosymptoms.org\/nb_NO\/wp-json\/wp\/v2\/media\/2066"}],"wp:attachment":[{"href":"https:\/\/pre-prod.neurosymptoms.org\/nb_NO\/wp-json\/wp\/v2\/media?parent=1945"}],"curies":[{"name":"wp","href":"https:\/\/api.w.org\/{rel}","templated":true}]}}