{"id":534,"date":"2020-11-29T10:06:12","date_gmt":"2020-11-29T10:06:12","guid":{"rendered":"https:\/\/ftd.cognihealth.in\/?page_id=534"},"modified":"2024-09-08T16:07:47","modified_gmt":"2024-09-08T16:07:47","slug":"functional-movement-disorders","status":"publish","type":"page","link":"https:\/\/pre-prod.neurosymptoms.org\/nb_NO\/symptoms\/fnd-symptoms\/functional-movement-disorders\/","title":{"rendered":"Funksjonell bevegelsesforstyrrelse"},"content":{"rendered":"\n<p><strong>Funksjonell tremor\/dystoni\/gangproblemer og andre funksjonelle bevegelsesforstyrrelser.<\/strong><\/p>\n\n\n\n<h3><strong>Hva er en funksjonell bevegelsesforstyrrelse?<\/strong><\/h3>\n\n\n\n<p>En funksjonell bevegelsesforstyrrelse er en unormal bevegelse eller posisjon av deler av kroppen fordi nervesystemet ikke fungerer som den skal (men ikke fordi det er en nevrologisk sykdom)<\/p>\n\n\n\n<p>Du kan lese om de ulike symptomene st\u00f8rre detalj p\u00e5 disse sidene: ( <a href=\"\/nb_NO\/symptoms\/fnd-symptoms\/functional-tremor\/\" target=\"_blank\" rel=\"noreferrer noopener\">funksjonell tremor<\/a>,&nbsp;<a rel=\"noreferrer noopener\" href=\"\/nb_NO\/symptoms\/fnd-symptoms\/functional-dystonia\/\" target=\"_blank\">funksjonell dystoni\/spasme<\/a>, <a rel=\"noreferrer noopener\" href=\"\/nb_NO\/symptoms\/fnd-symptoms\/functional-jerks-and-twitches\/\" target=\"_blank\">funksjonelle rykninger\/myoklonier<\/a>,&nbsp; <a rel=\"noreferrer noopener\" href=\"\/nb_NO\/symptoms\/fnd-symptoms\/functional-gait-disorder\/\" target=\"_blank\">funksjonell gangforstyrrelse<\/a>). Noen personer har bare en type bevegelsesforstyrrelse, andre har flere.<\/p>\n\n\n\n<p>Pasienter med funksjonelle bevegelsesforstyrrelser kan oppleve et spekter av plagsomme symptomer som hemmer dem i daglig aktivitet.<\/p>\n\n\n\n<p>Tremor\u2013 Er n\u00e5r en arm eller et ben skjelver ukontrollerbart. Ved funksjonell tremor kan dette variere ganske. Tremoren kan til og med forsvinne hvis du blir avledet, men p\u00e5 andre tidspunkt bli veldig hemmende.<\/p>\n\n\n\n<p>Rykninger \u2013 Noen personer opplever rykninger. Dette kan komme spesielt som en respons til h\u00f8ye lyder, noen typer belysning eller komme i forbindelse med forverring av smerter.<\/p>\n\n\n\n<p>Spasmer\/ kontrakturer\/ dystoni- Noen merker at bena inntar merkelige posisjoner\/stillinger som er vanskelig \u00e5 komme ut av. Dette kan v\u00e6re et midlertidig intermitterende problem (spasmer) eller mere kronisk (dette er som regel kalt fiksert\/funksjonell dystoni eller kontraktur). Pasienter med funksjonell dystoni har ofte en knyttet h\u00e5nd eller vridd fot.<\/p>\n\n\n\n<p>Gangproblemer \u2013 Det kan oppst\u00e5 mange ulike gangforstyrrelser som ledd i funksjonell sykdom. Den vanligste funksjonelle svakhet som sees er en haltende gange hvor man drar foten med seg. Andre typer gange inkluderer en generell ust\u00f8 gange, ofte assosiert med en sykehistorie med fall og en redsel for fremtidige fall.<\/p>\n\n\n\n<p>Ulikt andre bevegelsesforstyrrelser (eks Parkinsons sykdom), s\u00e5 vil en funksjonell bevegelsesforstyrrelse ikke v\u00e6re for\u00e5rsaket av skade eller sykdom i nervesystemet. Den skyldes derimot et reversibelt problem, p\u00e5 den m\u00e5ten at nervesystemets ledningssystemer og byggeklosser fungerer hver for seg. <\/p>\n\n\n\n<p>Dette betyr at en funksjonell bevegelsesforstyrrelse kan bli bedre og til og med forsvinne helt.<\/p>\n","protected":false},"excerpt":{"rendered":"<p>Ufrivillige bevegelser som eksempelvis skjelving, rykninger, spasmer eller gangvansker<\/p>\n","protected":false},"author":65,"featured_media":0,"parent":937,"menu_order":274,"comment_status":"closed","ping_status":"closed","template":"page-template\/symptom-details-page-template.php","meta":[],"_links":{"self":[{"href":"https:\/\/pre-prod.neurosymptoms.org\/nb_NO\/wp-json\/wp\/v2\/pages\/534"}],"collection":[{"href":"https:\/\/pre-prod.neurosymptoms.org\/nb_NO\/wp-json\/wp\/v2\/pages"}],"about":[{"href":"https:\/\/pre-prod.neurosymptoms.org\/nb_NO\/wp-json\/wp\/v2\/types\/page"}],"author":[{"embeddable":true,"href":"https:\/\/pre-prod.neurosymptoms.org\/nb_NO\/wp-json\/wp\/v2\/users\/65"}],"replies":[{"embeddable":true,"href":"https:\/\/pre-prod.neurosymptoms.org\/nb_NO\/wp-json\/wp\/v2\/comments?post=534"}],"version-history":[{"count":214,"href":"https:\/\/pre-prod.neurosymptoms.org\/nb_NO\/wp-json\/wp\/v2\/pages\/534\/revisions"}],"predecessor-version":[{"id":15285,"href":"https:\/\/pre-prod.neurosymptoms.org\/nb_NO\/wp-json\/wp\/v2\/pages\/534\/revisions\/15285"}],"up":[{"embeddable":true,"href":"https:\/\/pre-prod.neurosymptoms.org\/nb_NO\/wp-json\/wp\/v2\/pages\/937"}],"wp:attachment":[{"href":"https:\/\/pre-prod.neurosymptoms.org\/nb_NO\/wp-json\/wp\/v2\/media?parent=534"}],"curies":[{"name":"wp","href":"https:\/\/api.w.org\/{rel}","templated":true}]}}