{"id":539,"date":"2020-11-29T12:37:13","date_gmt":"2020-11-29T12:37:13","guid":{"rendered":"https:\/\/ftd.cognihealth.in\/?page_id=539"},"modified":"2024-11-01T03:35:22","modified_gmt":"2024-11-01T03:35:22","slug":"dissociative-symptoms","status":"publish","type":"page","link":"https:\/\/pre-prod.neurosymptoms.org\/nb_NO\/symptoms\/common-associated-symptoms\/dissociative-symptoms\/","title":{"rendered":"Dissosiative symptomer"},"content":{"rendered":"\n<h2>Hva er dissosiative symptomer\/uvirkelighetsf\u00f8lelse?<\/h2>\n\n\n\n<p>Dissosiative symptomer ledsager ofte de andre FNL-symptomene beskrevet p\u00e5 dette nettstedet. Det kan v\u00e6re veldig nyttig \u00e5 identifisere dem; b\u00e5de for \u00e5 forst\u00e5 dine egne symptomer bedre og for \u00e5 gjenvinne kontrollen over kroppen din.<\/p>\n\n\n\n<p>Dissosiative symptomer inkluderer:<\/p>\n\n\n\n<p>Depersonalisasjon \u2013 en f\u00f8lelse av at kroppen din ikke helt h\u00f8rer til deg eller er adskilt fra deg.<\/p>\n\n\n\n<p>Derealisasjon \u2013 en f\u00f8lelse av at du er koblet fra omverdenen eller en uvirkelighetsf\u00f8lelse.<\/p>\n\n\n\n<p>For en detaljert beskrivelse av dissosiative symptomer kan du laste ned artikkelen p\u00e5 h\u00f8yre side som beskriver dem i et nevrologisk tidsskrift.<\/p>\n\n\n\n<p>Her er noen m\u00e5ter folk kan beskrive depersonalisasjon og derealisasjon p\u00e5:<\/p>\n\n\n\n<figure class=\"wp-block-table\"><table class=\"has-fixed-layout\"><tbody><tr><td><strong>Depersonalisasjon<\/strong><\/td><td><\/td><\/tr><tr><td><strong>Hyppig: &#8220;Jeg f\u00f8lte meg&#8230;&#8221;<\/strong><\/td><td><strong>Mindre hyppig: &#8220;Jeg f\u00f8lte meg&#8230;&#8221;<\/strong><\/td><\/tr><tr><td>&#8220;rar, merkelig&#8221;<\/td><td>&#8220;som en marionett&#8221;<\/td><\/tr><tr><td>&#8220;som jeg fl\u00f8t avg\u00e5rde&#8221;<\/td><td>&#8220;robotaktig&#8221;<\/td><\/tr><tr><td>&#8220;som om jeg var uten kroppen, frakoblet&#8221;<\/td><td>&#8220;som jeg spilte skuespill&#8221;<\/td><\/tr><tr><td>&#8220;langt unna meg selv&#8221;<\/td><td>&#8220;uten \u00e5 kjenne smerte&#8221;<\/td><\/tr><tr><td>&#8220;borte fra alt&#8221;<\/td><td>&#8220;som jeg var laget av papp&#8221;<\/td><\/tr><tr><td>&#8220;alene helt for meg selv&#8221;<\/td><td>&#8220;som jeg var et hode som var satt p\u00e5 en kropp&#8221;<\/td><\/tr><tr><td>&#8220;som jeg var der, men likevel ikke der&#8221;<\/td><td>&#8220;som en tilskuer som ser meg selv p\u00e5 TV&#8221;<\/td><\/tr><tr><td>&#8220;som jeg kunne se og h\u00f8re alt, men ikke reagere&#8221;<\/td><td>&#8220;som en ute av kroppen-opplevelse&#8221;<\/td><\/tr><tr><td><\/td><td>&#8220;som hendene eller f\u00f8ttene var st\u00f8rre eller mindre&#8221;<\/td><\/tr><tr><td><\/td><td>&#8220;som at n\u00e5r jeg ber\u00f8rte ting kjentes det ikke som det var jeg som gjorde det&#8221;<\/td><\/tr><tr><td><strong>Derealisasjon<\/strong><\/td><td><\/td><\/tr><tr><td>&#8220;Mine omgivelser virket uvirkelige\/langt borte&#8221;<\/td><td>&#8220;Det var som \u00e5 se verden gjennom et sl\u00f8r eller en glassrute&#8221;<\/td><\/tr><tr><td>&#8220;Jeg f\u00f8lte meg utenfor meg selv&#8221;<\/td><td>&#8220;Gjenstander virket mindre i st\u00f8rrelse\/flate\/dr\u00f8mmelignende\/ tegneserieaktige\/kunstige<\/td><\/tr><tr><td>&#8220;Jeg f\u00f8lte meg avsondret fra eller fjernt fra de umiddelbare omgivelsene&#8221;<\/td><td>&#8220;Ting virket veldig n\u00e6r og langt unna samtidig&#8221;<\/td><\/tr><\/tbody><\/table><\/figure>\n\n\n\n<div style=\"height:74px\" aria-hidden=\"true\" class=\"wp-block-spacer\"><\/div>\n\n\n\n<h2><strong>Hvorfor er det nyttig \u00e5 finne ut om dissosiative symptomer?<\/strong><\/h2>\n\n\n\n<p>Disse symptomene oppst\u00e5r i alle slags situasjoner. De fleste mennesker har opplevd dem i en eller annen grad ved influensa eller sterk s\u00f8vnmangel.<\/p>\n\n\n\n<p>\u00c5 forst\u00e5 hva dissosiative symptomer er, at det er et navn p\u00e5 dem og at de ikke betyr at man \u00abholder p\u00e5 \u00e5 bli gal\u00bb, kan ofte v\u00e6re bra for personer med funksjonelle symptomer som kan oppleve slike symptomer som en del av tilstanden.<\/p>\n\n\n\n<p>Frykt og angst kan intensivere dissosiative symptomer, s\u00e5 hvis man kjenner til disse symptomene kan symptomene i seg selv bli mindre intense.<\/p>\n\n\n\n<p>Opplevelsen av \u00e5 i noen grad v\u00e6re adskilt fra kroppen kan ogs\u00e5 forklare hvorfor man andre ganger kan kjenne at kroppen kjennes adskilt eller svak p\u00e5 den ene siden. Dette er grunnen til at funksjonell svakhet i armen\/benet (LINK) noen ganger kalles \u00abdissosiativ motorisk lidelse\u00bb og grunnen til at vi har navnet \u00abdissosiative anfall\u00bb.<\/p>\n\n\n\n<p><strong>Mer informasjon<\/strong><strong><\/strong><\/p>\n\n\n\n<p>Det er mange ressurser tilgjengelig, se diverse linker p\u00e5 den engelske versjonen av denne siden.<\/p>\n\n\n\n<p>Bl.a. kan du for en detaljert beskrivelse av dissosiative symptomer laste ned <a href=\"https:\/\/www.bmj.com\/content\/356\/bmj.j745\" target=\"_blank\" rel=\"noreferrer noopener\">denne artikkelen<\/a> (p\u00e5 engelsk). Den er fra British Medical Journal i 2017 og er skrevet av psykolog Elaine Hunter, en pasient med slike plager (Jane Charlton) og en professor i kognitiv nevropsykiatri (Anthony S. David). Dette er virkelig en enest\u00e5ende oppsummering av depersonalisasjon og derealisasjon. <\/p>\n","protected":false},"excerpt":{"rendered":"<p>F\u00f8le seg utenfor seg selv, uvirkelig<\/p>\n","protected":false},"author":65,"featured_media":1901,"parent":939,"menu_order":261,"comment_status":"closed","ping_status":"closed","template":"page-template\/symptom-details-page-template.php","meta":[],"_links":{"self":[{"href":"https:\/\/pre-prod.neurosymptoms.org\/nb_NO\/wp-json\/wp\/v2\/pages\/539"}],"collection":[{"href":"https:\/\/pre-prod.neurosymptoms.org\/nb_NO\/wp-json\/wp\/v2\/pages"}],"about":[{"href":"https:\/\/pre-prod.neurosymptoms.org\/nb_NO\/wp-json\/wp\/v2\/types\/page"}],"author":[{"embeddable":true,"href":"https:\/\/pre-prod.neurosymptoms.org\/nb_NO\/wp-json\/wp\/v2\/users\/65"}],"replies":[{"embeddable":true,"href":"https:\/\/pre-prod.neurosymptoms.org\/nb_NO\/wp-json\/wp\/v2\/comments?post=539"}],"version-history":[{"count":163,"href":"https:\/\/pre-prod.neurosymptoms.org\/nb_NO\/wp-json\/wp\/v2\/pages\/539\/revisions"}],"predecessor-version":[{"id":15594,"href":"https:\/\/pre-prod.neurosymptoms.org\/nb_NO\/wp-json\/wp\/v2\/pages\/539\/revisions\/15594"}],"up":[{"embeddable":true,"href":"https:\/\/pre-prod.neurosymptoms.org\/nb_NO\/wp-json\/wp\/v2\/pages\/939"}],"wp:featuredmedia":[{"embeddable":true,"href":"https:\/\/pre-prod.neurosymptoms.org\/nb_NO\/wp-json\/wp\/v2\/media\/1901"}],"wp:attachment":[{"href":"https:\/\/pre-prod.neurosymptoms.org\/nb_NO\/wp-json\/wp\/v2\/media?parent=539"}],"curies":[{"name":"wp","href":"https:\/\/api.w.org\/{rel}","templated":true}]}}