{"id":559,"date":"2020-11-29T13:33:25","date_gmt":"2020-11-29T13:33:25","guid":{"rendered":"https:\/\/ftd.cognihealth.in\/?page_id=559"},"modified":"2024-11-01T03:45:02","modified_gmt":"2024-11-01T03:45:02","slug":"functional-speech-swallowing-symptoms","status":"publish","type":"page","link":"https:\/\/pre-prod.neurosymptoms.org\/nb_NO\/symptoms\/fnd-symptoms\/functional-speech-swallowing-symptoms\/","title":{"rendered":"Funksjonelle tale- og svelgsymptomer"},"content":{"rendered":"\n<p>NYTT JULI 2021: Internasjonale konsensusanbefalinger for tale- og spr\u00e5kbehandling: <a href=\"https:\/\/jnnp.bmj.com\/content\/92\/10\/1112.full?ijkey=QigHKOBTbcWLRNq&amp;keytype=ref\" target=\"_blank\" rel=\"noreferrer noopener\">klikk her<\/a>.  <\/p>\n\n\n\n<p>De vanligste funksjonelle tale og svelg symptomer er:<\/p>\n\n\n\n<h3>Utydelig tale<\/h3>\n\n\n\n<p>Utydelig tale (dysartri) kan noen ganger bare v\u00e6re den normal talen til en person, men andre ganger er det ikke det. Det kan h\u00f8res ut som om du er full selv om du ikke har drukket noe alkohol. Hvis det blir verre n\u00e5r du er sliten vurderer ofte nevrologer diagnosen myastenia gravis, men dette kan ogs\u00e5 v\u00e6re et funksjonelt symptom.<\/p>\n\n\n\n<h3>Stamming<\/h3>\n\n\n\n<p>Man kan begynne \u00e5 stamme selv om man aldri har gjort det f\u00f8r. Talen kan bli n\u00f8lende, ofte med opphold i midten av ordene i stedet for i slutten av ordene. Det kan v\u00e6re en stopp\/n\u00f8ling i begynnelsen av hvert eneste ord. Alternativt kan det v\u00e6re en \u201ctelegram\u201d-lignende tale der ord som \u201cog\u201d eller \u201cer,\u201d er borte fra setningen.<\/p>\n\n\n\n<h3>Ordfinningsvansker<\/h3>\n\n\n\n<p>Dette er i grunnen mer et \u201ctenke\u201d (kognitivt)-symptom enn et talesymptom.<br \/>Du kan oppleve at:<br \/>\u25cf Du leter etter et ord som ikke vil dukke opp<br \/>\u25cf Du blander ord i en setning<br \/>\u25cf Ord kommer ut feil eller har ingen mening<\/p>\n\n\n\n<h3>Visking, heshet (dysfoni)<\/h3>\n\n\n\n<p>Dette kan h\u00f8res ut som den typen tale man har n\u00e5r man har en s\u00e5r hals (laryngitt), men er ikke for\u00e5rsaket av noen halsbetennelse (eller noe annet galt p\u00e5 stemmeb\u00e5ndene) og varer ogs\u00e5 mye lenger. Dette er ofte kalt funksjonell dysfoni. Man blir da ofte henvist til en \u00f8re-nese-hals-doktor for \u00e5 sikre at man har vurdert slike \u00e5rsaker.  Disse symptomene kan komme og g\u00e5 og noen ganger og kan ogs\u00e5 utl\u00f8ses av en halsbetennelse, men stemmeb\u00e5ndene har \u201cglemt \u00e5 jobbe\u201d slik de skal etter at viruset er borte.<br \/>Hos noen kan talen bli helt borte, det kalles funksjonell afoni. Hos enkelte kan det da v\u00e6re lettere \u00e5 snakke i noen situasjoner enn i andre.<\/p>\n\n\n\n<h3>Utenlandsk aksent-syndrom<\/h3>\n\n\n\n<p>Et annet sjeldent funksjonelt taleproblem blir kalt utenlandsk aksent-syndrom. Dette kan for\u00e5rsakes av forskjellige nevrologiske tilstander, men kan ogs\u00e5 v\u00e6re et funksjonelt nevrologisk symptom. Det finnes lukkede engelskspr\u00e5klige facebookgrupper drevet av pasienter med dette problemet, se evt linker p\u00e5 de engelske sidene. Det finnes ogs\u00e5 en <a href=\"https:\/\/sites.utdallas.edu\/fas\/\" target=\"_blank\" rel=\"noreferrer noopener\">nettside om utenlandsk aksent-syndrom<\/a> drevet av professor Willian Katz ved University of Texas.<\/p>\n\n\n\n<h3>Svelgvansker, fremmedlegemef\u00f8lelse i halsen (globus)<\/h3>\n\n\n\n<p>Det vanligste hvis en person med FNL har relaterte svelgevansker er at man opplever en f\u00f8lelse av at noe sitter fast \u00f8verst i halsen. Dette kan skje selv om man ikke er i ferd med \u00e5 svelge noe, men det kan ogs\u00e5 gj\u00f8re svelgingen vanskelig. Dette symptomet kalles ofte globus. Svelgvansker blir vanligvis f\u00f8rst unders\u00f8kt av en \u00f8re-nese-halsspesialist (\u00d8NH) for \u00e5 avklare om det er en tilgrunnleggende \u00e5rsak. Mennesker med globus har ofte ogs\u00e5 sure oppst\u00f8t som kan v\u00e6re nyttig \u00e5 behandle, men det er ikke hele \u00e5rsaken til problemet.<\/p>\n\n\n\n<h3>Hoste<\/h3>\n\n\n\n<p>Det er mange \u00e5rsaker til hoste. Funksjonell hoste kan v\u00e6re en h\u00f8y \u201cgj\u00f8ende\u201c hoste eller en irritabel \u201coverf\u00f8lsom\u201d hoste. Hoste blir vanligvis f\u00f8rst unders\u00f8kt av en lungelege for \u00e5 avklare om dette skyldes en annen luftveisrelatert sykdom.<\/p>\n\n\n\n<h3>Hvorfor er testene mine normale ?<\/h3>\n\n\n\n<p>Ved denne type tale- og svelgevansker er alle delene av nervesystemet som styrer tale og svelg i orden, men de virker bare ikke helt i visse situasjoner.<br \/>Legen kommer fram til diagnosen etter gjennomgang av symptomer og<br \/>unders\u00f8kelser av deg. Diagnosen er basert p\u00e5 tilstedev\u00e6relsen av typiske symptomer og funn ved unders\u00f8kelsen som bare er tilstede ved funksjonelle sykdommer. Normale r\u00f8ntgenunders\u00f8kelser og tester er til hjelp for diagnosen men selve diagnosen gj\u00f8res vanligvis av en nevrolog, \u00d8NH-lege ved funksjonell dysfoni; eller lungelege hvis symptomet er hoste.<br \/>Psykomotoriske fysioterapeuter har spesialkompetanse p\u00e5 hvordan pust og<br \/>ubevisste muskelstramninger kan gi FNL-symptomer og er ofte med i den<br \/>diagnostiske prosessen. Det kan ogs\u00e5 logopeder  som har spesiell kompetanse i unders\u00f8kelse av tale og svelg v\u00e6re.<\/p>\n","protected":false},"excerpt":{"rendered":"<p>Vansker med \u00e5 snakke, svelge eller kommunisere<\/p>\n","protected":false},"author":65,"featured_media":2724,"parent":937,"menu_order":287,"comment_status":"closed","ping_status":"closed","template":"page-template\/symptom-details-page-template.php","meta":[],"_links":{"self":[{"href":"https:\/\/pre-prod.neurosymptoms.org\/nb_NO\/wp-json\/wp\/v2\/pages\/559"}],"collection":[{"href":"https:\/\/pre-prod.neurosymptoms.org\/nb_NO\/wp-json\/wp\/v2\/pages"}],"about":[{"href":"https:\/\/pre-prod.neurosymptoms.org\/nb_NO\/wp-json\/wp\/v2\/types\/page"}],"author":[{"embeddable":true,"href":"https:\/\/pre-prod.neurosymptoms.org\/nb_NO\/wp-json\/wp\/v2\/users\/65"}],"replies":[{"embeddable":true,"href":"https:\/\/pre-prod.neurosymptoms.org\/nb_NO\/wp-json\/wp\/v2\/comments?post=559"}],"version-history":[{"count":118,"href":"https:\/\/pre-prod.neurosymptoms.org\/nb_NO\/wp-json\/wp\/v2\/pages\/559\/revisions"}],"predecessor-version":[{"id":15683,"href":"https:\/\/pre-prod.neurosymptoms.org\/nb_NO\/wp-json\/wp\/v2\/pages\/559\/revisions\/15683"}],"up":[{"embeddable":true,"href":"https:\/\/pre-prod.neurosymptoms.org\/nb_NO\/wp-json\/wp\/v2\/pages\/937"}],"wp:featuredmedia":[{"embeddable":true,"href":"https:\/\/pre-prod.neurosymptoms.org\/nb_NO\/wp-json\/wp\/v2\/media\/2724"}],"wp:attachment":[{"href":"https:\/\/pre-prod.neurosymptoms.org\/nb_NO\/wp-json\/wp\/v2\/media?parent=559"}],"curies":[{"name":"wp","href":"https:\/\/api.w.org\/{rel}","templated":true}]}}