{"id":593,"date":"2020-11-30T15:08:03","date_gmt":"2020-11-30T15:08:03","guid":{"rendered":"https:\/\/ftd.cognihealth.in\/?page_id=593"},"modified":"2024-11-01T03:37:36","modified_gmt":"2024-11-01T03:37:36","slug":"post-concussion-syndrome","status":"publish","type":"page","link":"https:\/\/pre-prod.neurosymptoms.org\/nb_NO\/symptoms\/common-associated-symptoms\/post-concussion-syndrome\/","title":{"rendered":"Post-hjernerystelsesyndrom"},"content":{"rendered":"\n<p>Post-hjernerystelsesyndrom, ogs\u00e5 kalt posttraumatisk hjernesyndrom og post-commotio-syndrom, beskriver en samling symptomer som noen ganger opptrer etter en lettere hodeskade. Disse inkluderer<\/p>\n\n\n\n<p>\u2022<a href=\"\/nb_NO\/symptoms\/fnd-symptoms\/functional-dizziness-pppd\/\" target=\"_blank\" rel=\"noreferrer noopener\">Svimmelhet<\/a><\/p>\n\n\n\n<p>\u2022 <a rel=\"noreferrer noopener\" href=\"\/nb_NO\/symptoms\/fnd-symptoms\/functional-cognitive-symptoms\/\" target=\"_blank\">Svekket hukommelse og konsentrasjonsvansker <\/a><\/p>\n\n\n\n<p>\u2022 <a rel=\"noreferrer noopener\" href=\"\/nb_NO\/symptoms\/common-associated-symptoms\/headache\/\" target=\"_blank\">Hodepine <\/a><\/p>\n\n\n\n<p>\u2022 <a href=\"\/nb_NO\/symptoms\/common-associated-symptoms\/fatigue\/\" target=\"_blank\" rel=\"noreferrer noopener\">Utmattelse <\/a><\/p>\n\n\n\n<p>\u2022 <a href=\"https:\/\/pre-prod.neurosymptoms.org\/nb_NO\/symptoms\/common-associated-symptoms\/sleep-problems\/\" data-type=\"URL\" data-id=\"https:\/\/pre-prod.neurosymptoms.org\/nb_NO\/symptoms\/common-associated-symptoms\/sleep-problems\/\" target=\"_blank\" rel=\"noreferrer noopener\">S\u00f8vnforstyrrelser <\/a><\/p>\n\n\n\n<p>\u2022 <a href=\"\/nb_NO\/symptoms\/fnd-symptoms\/visuals-symptoms\/\" target=\"_blank\" rel=\"noreferrer noopener\">Lysskyhet <\/a><\/p>\n\n\n\n<p>\u2022 \u00d8resus<\/p>\n\n\n\n<p>\u2022 <a rel=\"noreferrer noopener\" href=\"\/nb_NO\/symptoms\/common-associated-symptoms\/pain\/\" target=\"_blank\">Nakkesmerter <\/a><\/p>\n\n\n\n<p>\u2022 Irritabilitet<\/p>\n\n\n\n<p>En forskningsgruppe ved Universitetet i Edinburgh har laget en <a href=\"https:\/\/headinjurysymptoms.org\/\" target=\"_blank\" rel=\"noreferrer noopener\">nettside for pasienter med lettere hodeskader eller symptomer etter slag mot hodet.<\/a><\/p>\n\n\n\n<hr class=\"wp-block-separator\"\/>\n\n\n\n<p>N\u00e5r leger snakker om <strong>lett hodeskade<\/strong> mener de ikke ethvert slag mot hodet. Ved en lett hodeskade er det som regel kortvarig tap av bevissthet (mindre enn 15 minutter) og kun kortvarig tap av hukommelse etter ulykken (mindre enn en time).<\/p>\n\n\n\n<p><strong>Hjernerystelse<\/strong> er et begrep som brukes ulikt, men betyr ofte et slag mot hodet uten tap av bevissthet eller hukommelse og som gir symptomer umiddelbart etter hendelsen.<\/p>\n\n\n\n<p><em>I de f\u00f8rste timene og dagene etter en hjernerystelse er det normalt \u00e5 oppleve noe svimmelhet, konsentrasjonsvansker og andre symptomer fra listen ovenfor.&nbsp;<\/em><\/p>\n\n\n\n<p>Men, store forskningsstudier har vist at symptomene etter en lett hodeskade eller en hjernerystelse vanligvis g\u00e5r over i l\u00f8pet av dager til uker og i enkelte tilfeller etter noen m\u00e5neder.<\/p>\n\n\n\n<p>Det er noen ganger bestemte \u00e5rsaker til enkelte av symptomene.<\/p>\n\n\n\n<p>For eksempel, et slag mot hodet kan forflytte s\u00e5kalte krystaller i balanseorganet i det indre \u00f8ret &nbsp;og dermed gi svimmelhet. Denne tilstanden kalles benign paroksysmal posisjonsvertigo (BPPV) eller \u00abkrystallsyke\u00bb. Det er ogs\u00e5 andre potensielle komplikasjoner til en hodeskade som en lege unders\u00f8ker for, men vanligvis finner man ingen bestemt \u00e5rsak til symptomene og unders\u00f8kelser slik som MR av hodet er normale.<\/p>\n\n\n\n<p>Hjernen har en veldig god evne til \u00e5 komme seg etter slag mot hodet, s\u00e5 lenge dette ikke skjer mange ganger.<\/p>\n\n\n\n<p>Ved kronisk hjernerystelsesyndrom varer symptomene lengre enn hva en skulle forvente ut ifra hodeskadens alvorlighetsgrad. De blir ofte VERRE ettersom tiden g\u00e5r, mens symptomene som direkte skyldes hodeskaden er mest uttalte i begynnelsen og bedres gradvis over tid.<\/p>\n\n\n\n<h3><strong>S\u00e5 hva er det da som gir symptomene ved post-hjernerystelsesyndrom?<\/strong><\/h3>\n\n\n\n<p>Det som skjer etter en hodeskade er at \u00abvolumknapper\u00bb i nervebaner i nervesystemet \u00abskrus opp\u00bb. Dette inkluderer smertebaner og &nbsp;andre sansebaner med betydning for symptomer som svimmelhet. Hjernen filtrerer vanligvis veldig effektivt bort mindre viktig innkommende informasjon, slik at vi kan fokusere p\u00e5 det som er viktigst. Etter en hodeskade kan denne filtreringen bli forstyrret og informasjon som vanligvis ville blitt filtrert bort, slik som smertesignaler og annen sanseinformasjon, slipper gjennom.<\/p>\n\n\n\n<p>Vanligvis skrus disse \u00abvolumknappene\u00bb ned igjen og hjernens filtrering normaliseres ettersom en gradvis kommer seg etter en hodeskade, men ved kronisk hjernerystelsesyndrom skjer ikke dette, og man kan til og med se forverring over tid.<\/p>\n\n\n\n<p>Plagene kan ogs\u00e5 ytterligere forverres av at hendelsen i seg selv var skremmende og av at man er bekymret for at det kan ha blitt skade p\u00e5 hjernen.<\/p>\n\n\n\n<p>Som ved alle funksjonelle lidelser trenger man ikke \u00e5 v\u00e6re bekymret eller nedstemt for \u00e5 f\u00e5 kronisk hjernerystelsesyndrom, men bekymringer og nedstemthet vil ofte forverre symptomene.<\/p>\n\n\n\n<h3><strong>Er det da slik at post-hjernerystelsesyndrom skyldes hjerneskade?<\/strong><\/h3>\n\n\n\n<p>Svaret p\u00e5 det er \u00abnei\u00bb.<\/p>\n\n\n\n<p>Post-hjernerystelsesyndrom UTL\u00d8SES av et slag mot hodet som kan ha gitt helt minimal skade p\u00e5 hjernen. Men, husk p\u00e5 at voksne mennesker mister hjerneceller hver eneste dag.<\/p>\n\n\n\n<p>Og, det er veldig lite sannsynlig at en liten skade p\u00e5 hjernen gir symptomer 8 til 12 uker senere. Slike symptomer skyldes heller forstyrret funksjon i hjernen og nervesystemet ellers. Med andre ord, de er funksjonelle nevrologiske symptomer. &nbsp;<\/p>\n\n\n\n<p>Symptomene svimmelhet, konsentrasjonsvansker og utmattelse er helt like som de som oppleves av pasienter med funksjonelle lidelser som ikke har hatt hodeskade. Derfor er r\u00e5dene om slike symptomer som du finner p\u00e5 andre sider p\u00e5 dette nettstedet ogs\u00e5 relevant for deg.<\/p>\n\n\n\n<h3><strong>Liknende typer symptomer ved ulike typer skader?<\/strong><\/h3>\n\n\n\n<p>I et interessant forskningsprosjekt unders\u00f8kte australske forskere en gruppe mennesker som hadde opplevd lettere hodeskader og en gruppe med skader p\u00e5 ben, armer og andre kroppsdeler utenom hodet (Meares et al. Mild traumatic brain injury does not predict acute postconcussion syndrome. JNNP 2008;79:300\u20136). Her fant forskerne at det var like mange som opplevde symptomer p\u00e5 kronisk hjernerystelsesyndrom i gruppen med skade p\u00e5 kroppsdeler utenom hodet og i hodeskadegruppen.<\/p>\n\n\n\n<p>Dette kan tyde p\u00e5 at mange av de samme funksjonelle symptomene kan sees ved ulike typer skader, ogs\u00e5 de som ikke rammer hodet. Det er her viktig \u00e5 si at symptomene er helt reelle og ikke bare noe som en innbiller seg. Dette indikerer ogs\u00e5 at skade p\u00e5 hjernen \u2013 som mange er bekymret for \u2013 ikke er \u00e5rsaken til symptomene.<\/p>\n\n\n\n<h3><strong>En tiln\u00e6rming til behandling av post-hjernerystelsesyndrom<\/strong><\/h3>\n\n\n\n<p>De fleste av symptomene ved post-hjernerystelsesyndrom kan h\u00e5ndteres som funksjonelle symptomer som oppst\u00e5r uten slag mot hodet.<\/p>\n\n\n\n<p>Les ogs\u00e5 nettsidene om svimmelhet, utmattelse, svekket hukommelse og konsentrasjonsvansker, s\u00f8vnforstyrrelser, hodepine, angst, sansesymptomer og andre for mer informasjon.<\/p>\n\n\n\n<p>Det er flere aspekter ved behandlingen av post-hjernerystelsesyndrom som man b\u00f8r v\u00e6re klar over:<\/p>\n\n\n\n<ol type=\"1\"><li><strong>F\u00e5 en riktig og god forst\u00e5else av diagnosen.<\/strong> Fordi symptomene ble utl\u00f8st av et slag mot hodet og siden har vedvart, er det naturlig \u00e5 tenke at selve slaget mot hodet for\u00e5rsaket symptomene. P\u00e5 en m\u00e5te er dette riktig. Men, hvis man tror symptomene skyldes en hjerneskade vil det ofte ta lengre tid \u00e5 bli bedre. Hvis symptomene forverres av aktiviteter kan man bli fortvilet, f\u00f8le en er \u00abskadet\u00bb og at det ikke er h\u00e5p om bedring. Hvis man istedenfor kan la seg overbevise om at symptomene er potensielt reversible vil det ofte v\u00e6re lettere \u00e5 bli bedre.<\/li><li><strong>Overse ikke \u00e5rsaker til vanlige symptomer ved post-hjernerystelsesyndrom som har spesifikk behandling,<\/strong> slik som<ol><li><strong>Migrene<\/strong> kan noen ganger forverres eller utl\u00f8ses av et slag mot hodet. N\u00e5r dette&nbsp; skjer skal migrenen behandles p\u00e5 vanlig m\u00e5te.<\/li><\/ol><ol><li>Som nevnt ovenfor kan et slag mot hodet gi <strong>BPPV, ogs\u00e5 kalt \u00abkrystallsyke\u00bb<\/strong>. Denne skyldes forflytning av krystaller i balanseorganet i det indre \u00f8ret. Symptomene p\u00e5 dette er episoder med svimmelhet, hvor en kan f\u00e5 karusellf\u00f8lelse og f\u00f8lelse av gynging som p\u00e5 sj\u00f8en. En behandling for dette er Epley\u2019s man\u00f8ver hvor krystallene flyttes tilbake ved bestemte hodebevegelser. En lege eller en fysioterapeut kan gjennomf\u00f8re slik behandling og ogs\u00e5 l\u00e6re deg \u00f8velser mot BPPV som du kan gj\u00f8re p\u00e5 egenh\u00e5nd. Slike \u00f8velser kan ogs\u00e5 v\u00e6re effektive mot kronisk svimmelhet.<\/li><\/ol><ol><li>Posttraumatisk stresslidelse beskriver en samling psykologiske symptomer, som hyppig gjenopplevelse av en traumatisk hendelse, mareritt, anspenthet, \u00f8kt vaktsomhet og angst. I den f\u00f8rste tiden etter en traumatisk hendelse kan det v\u00e6re normalt \u00e5 oppleve noen av disse symptomene, men om de vedvarer eller forverres over tid kan det v\u00e6re hensiktsmessig \u00e5 diskutere dem med din lege ettersom det finnes effektiv behandling.<\/li><\/ol><ol><li>Angst eller depresjon. En hodeskade med symptomer i tiden etter hendelsen kan f\u00f8re til angst og depresjon, s\u00e6rlig om man har m\u00e5ttet v\u00e6re borte fra arbeid. Det er verdt \u00e5 huske p\u00e5 at utmattelse, s\u00f8vnforstyrrelser, svekket hukommelse og konsentrasjonsvansker kan v\u00e6re del av angst eller depresjon. Derfor kan det v\u00e6re nyttig \u00e5 diskutere dette med din lege.<\/li><\/ol><\/li><li><strong>Krav p\u00e5 erstatning. <\/strong>Det kan v\u00e6re du har rett p\u00e5 erstatning etter skaden. Det er naturligvis ikke noe galt med det, men det er viktig \u00e5 v\u00e6re klar over at dette noen ganger kan p\u00e5virke din helse. Mange som g\u00e5r gjennom en slik prosess er ikke klar over hvor langvarig den kan v\u00e6re (av og til flere \u00e5r). Kanskje er man heller ikke klar over at man ofte m\u00e5 forklare seg om hendelsesforl\u00f8pet ved skaden mange ganger, av og til ogs\u00e5 til en motpart. Dette kan v\u00e6re belastende for mange. Dette kan ogs\u00e5&nbsp; tvinge en til \u00e5 se tilbake p\u00e5 hendelsen, ofte med sinne, frustrasjon og bitterhet, og dette kan forsinke prosessen med \u00e5 bli bedre.<\/li><\/ol>\n\n\n\n<p>Denne nettsiden hverken anbefaler eller frar\u00e5der en \u00e5 s\u00f8ke om erstatning, men det kan v\u00e6re nyttig \u00e5 kjenne til at en slik prosess kan p\u00e5virke symptomene ved kronisk hjernerystelsesyndrom.<\/p>\n\n\n\n<h3><strong>Jeg \u00f8nsker mer informasjon&#8230;<\/strong><\/h3>\n\n\n\n<p>Det finnes en rekke nettsteder p\u00e5 engelsk med god informasjon. Se for eksempel <a href=\"https:\/\/www.mayoclinic.org\/diseases-conditions\/post-concussion-syndrome\/symptoms-causes\/syc-20353352\" target=\"_blank\" rel=\"noreferrer noopener\">denne fra Mayoklinikken<\/a>.<\/p>\n","protected":false},"excerpt":{"rendered":"<p>Post-hjernerystelsesyndrom beskriver fysiske og kognitive symptomer som noen ganger sees etter en lett hodeskade <\/p>\n","protected":false},"author":65,"featured_media":1638,"parent":939,"menu_order":265,"comment_status":"closed","ping_status":"closed","template":"page-template\/symptom-details-page-template.php","meta":[],"_links":{"self":[{"href":"https:\/\/pre-prod.neurosymptoms.org\/nb_NO\/wp-json\/wp\/v2\/pages\/593"}],"collection":[{"href":"https:\/\/pre-prod.neurosymptoms.org\/nb_NO\/wp-json\/wp\/v2\/pages"}],"about":[{"href":"https:\/\/pre-prod.neurosymptoms.org\/nb_NO\/wp-json\/wp\/v2\/types\/page"}],"author":[{"embeddable":true,"href":"https:\/\/pre-prod.neurosymptoms.org\/nb_NO\/wp-json\/wp\/v2\/users\/65"}],"replies":[{"embeddable":true,"href":"https:\/\/pre-prod.neurosymptoms.org\/nb_NO\/wp-json\/wp\/v2\/comments?post=593"}],"version-history":[{"count":172,"href":"https:\/\/pre-prod.neurosymptoms.org\/nb_NO\/wp-json\/wp\/v2\/pages\/593\/revisions"}],"predecessor-version":[{"id":15598,"href":"https:\/\/pre-prod.neurosymptoms.org\/nb_NO\/wp-json\/wp\/v2\/pages\/593\/revisions\/15598"}],"up":[{"embeddable":true,"href":"https:\/\/pre-prod.neurosymptoms.org\/nb_NO\/wp-json\/wp\/v2\/pages\/939"}],"wp:featuredmedia":[{"embeddable":true,"href":"https:\/\/pre-prod.neurosymptoms.org\/nb_NO\/wp-json\/wp\/v2\/media\/1638"}],"wp:attachment":[{"href":"https:\/\/pre-prod.neurosymptoms.org\/nb_NO\/wp-json\/wp\/v2\/media?parent=593"}],"curies":[{"name":"wp","href":"https:\/\/api.w.org\/{rel}","templated":true}]}}