{"id":602,"date":"2020-11-30T15:56:29","date_gmt":"2020-11-30T15:56:29","guid":{"rendered":"https:\/\/ftd.cognihealth.in\/?page_id=602"},"modified":"2025-01-27T04:00:19","modified_gmt":"2025-01-27T04:00:19","slug":"low-mood","status":"publish","type":"page","link":"https:\/\/pre-prod.neurosymptoms.org\/nb_NO\/symptoms\/common-associated-symptoms\/low-mood\/","title":{"rendered":"Nedstemthet"},"content":{"rendered":"\n<p>Depresjon og nedstemthet (nedsatt stemningsleie) er vanlig hos pasienter med funksjonelle og dissosiative nevrologiske symptomer.<\/p>\n\n\n\n<p>Dette nettstedet er ikke tiltenkt \u00e5 dekke disse symptomene i detalj. Noen lenker finnes lenger ned p\u00e5 siden.<\/p>\n\n\n\n<p>.. <em>Depresjon kan bli diagnostisert hos mennesker som ikke f\u00f8ler seg triste hvis de har mistet interessen for ting, er trette, har d\u00e5rlig konsentrasjon, forstyrret s\u00f8vn, og endret matlyst\u2026<\/em><\/p>\n\n\n\n<p>Noen f\u00e5 ting som det er viktig \u00e5 ha klart for seg n\u00e5r det gjelder funksjonelle nevrologiske lidelser:<\/p>\n\n\n\n<ul><li>Hvis du har depresjon eller er nedstemt, betyr ikke det at dette er \u00e5rsaken til symptomene. Det kan hende du synes dette er et f\u00f8lsomt tema og at det er un\u00f8dvendig av legen \u00e5 sp\u00f8rre om slikt, men en god lege b\u00f8r alltid sp\u00f8rre om dette, uavhengig av din diagnose. For eksempel kan pasienter med MS (multippel sklerose) ha plager med angst og depresjon, som vil p\u00e5virke livskvaliteten deres negativt. En behandlingstiln\u00e6rming til evt. angst og depresjon kan da v\u00e6re gunstig for \u00e5 bedre livskvaliteten. Det samme b\u00f8r gjelde ved funksjonelle nevrologiske lidelser.<\/li><li>\u00c5 si at du er deprimert eller opplever nedsatt stemningsleie betyr ikke at du er \u00abgal\u00bb eller \u00abpsykisk svak\u00bb eller \u00abfinner p\u00e5\u00bb eller ikke klarer \u00e5 \u00abta deg sammen\u00bb eller andre ting som noen (kanskje du selv ogs\u00e5!) kan tenke.&nbsp; Det er mye stigma omkring slike plager og dette er ikke alltid s\u00e5 lett \u00e5 h\u00e5ndtere.<\/li><li>Den vanligste \u00e5rsaken til nedsatt stemningsleie hos pasienter med funksjonelle nevrologiske symptomer, er at man er nedstemt pga. symptomene i seg selv. Hva skyldes de? Hvorfor er det ingen som tror p\u00e5 meg? Holder jeg p\u00e5 \u00e5 bli gal? Vil mitt funksjonsniv\u00e5 bli nedsatt? Selv om bekymringene dreier seg om symptomene, betyr ikke dette at det ikke er \u00abbekymringer\u00bb. Noen ganger er <a href=\"https:\/\/pre-prod.neurosymptoms.org\/nb_NO\/symptoms\/common-associated-symptoms\/health-anxiety\/\">angst omkring helse<\/a> et overveldende problem i seg selv.<\/li><\/ul>\n\n\n\n<p>Mange pasienter er ikke klar over hva en depresjonsdiagnose faktisk inneb\u00e6rer. Nedenfor f\u00f8lger kriteriene som benyttes for \u00e5 sette slike diagnoser fra Den amerikanske psykiatriske foreningen (DSM-IV og DSM 5). Det er disse kriteriene som stort sett benyttes i forskning, inkludert norsk forskning. De er sv\u00e6rt like de kriteriene som benyttes i norsk psykiatrisk praksis (ICD-10).<\/p>\n\n\n\n<p>Noe som kan komme som en overraskelse, er at det er mulig \u00e5 ha en depresjon uten \u00e5 f\u00f8le seg deprimert eller trist. Depresjon kan bli diagnostisert hos mennesker som ikke f\u00f8ler seg nedstemte hvis de har mistet interessen for ting, er trette, har d\u00e5rlig konsentrasjon, forstyrret s\u00f8vn, endret matlyst.<\/p>\n\n\n\n<p>Depresjon kan ogs\u00e5 komme til uttrykk som sterk frustrasjon eller sinne.<\/p>\n\n\n\n<p>Snakk med fagfolk inne psykisk helse hvis du tror du kan ha en depresjon, da det finnes en del behandlingsalternativer. Behandling av depresjon hvis man samtidig har FNL kan noen ganger bedre FNL-symptomene.<\/p>\n\n\n\n<h3>Depresjon (kriterier etter DSM 5)<\/h3>\n\n\n\n<figure class=\"wp-block-image size-large\"><img loading=\"lazy\" width=\"790\" height=\"854\" src=\"https:\/\/pre-prod.neurosymptoms.org\/wp-content\/uploads\/2022\/04\/Depresjon-DSM-5-figur.png\" alt=\"\" class=\"wp-image-7879\" srcset=\"https:\/\/pre-prod.neurosymptoms.org\/wp-content\/uploads\/2022\/04\/Depresjon-DSM-5-figur.png 790w, https:\/\/pre-prod.neurosymptoms.org\/wp-content\/uploads\/2022\/04\/Depresjon-DSM-5-figur-278x300.png 278w, https:\/\/pre-prod.neurosymptoms.org\/wp-content\/uploads\/2022\/04\/Depresjon-DSM-5-figur-768x830.png 768w\" sizes=\"(max-width: 790px) 100vw, 790px\" \/><\/figure>\n","protected":false},"excerpt":{"rendered":"<p>Depresjon, interessel\u00f8shet og nedstemthet kan forekomme sammen med FNL<\/p>\n","protected":false},"author":65,"featured_media":0,"parent":939,"menu_order":269,"comment_status":"closed","ping_status":"closed","template":"page-template\/symptom-details-page-template.php","meta":[],"_links":{"self":[{"href":"https:\/\/pre-prod.neurosymptoms.org\/nb_NO\/wp-json\/wp\/v2\/pages\/602"}],"collection":[{"href":"https:\/\/pre-prod.neurosymptoms.org\/nb_NO\/wp-json\/wp\/v2\/pages"}],"about":[{"href":"https:\/\/pre-prod.neurosymptoms.org\/nb_NO\/wp-json\/wp\/v2\/types\/page"}],"author":[{"embeddable":true,"href":"https:\/\/pre-prod.neurosymptoms.org\/nb_NO\/wp-json\/wp\/v2\/users\/65"}],"replies":[{"embeddable":true,"href":"https:\/\/pre-prod.neurosymptoms.org\/nb_NO\/wp-json\/wp\/v2\/comments?post=602"}],"version-history":[{"count":77,"href":"https:\/\/pre-prod.neurosymptoms.org\/nb_NO\/wp-json\/wp\/v2\/pages\/602\/revisions"}],"predecessor-version":[{"id":15852,"href":"https:\/\/pre-prod.neurosymptoms.org\/nb_NO\/wp-json\/wp\/v2\/pages\/602\/revisions\/15852"}],"up":[{"embeddable":true,"href":"https:\/\/pre-prod.neurosymptoms.org\/nb_NO\/wp-json\/wp\/v2\/pages\/939"}],"wp:attachment":[{"href":"https:\/\/pre-prod.neurosymptoms.org\/nb_NO\/wp-json\/wp\/v2\/media?parent=602"}],"curies":[{"name":"wp","href":"https:\/\/api.w.org\/{rel}","templated":true}]}}