{"id":606,"date":"2020-11-30T16:08:47","date_gmt":"2020-11-30T16:08:47","guid":{"rendered":"https:\/\/ftd.cognihealth.in\/?page_id=606"},"modified":"2024-11-01T03:44:36","modified_gmt":"2024-11-01T03:44:36","slug":"visuals-symptoms","status":"publish","type":"page","link":"https:\/\/pre-prod.neurosymptoms.org\/nb_NO\/symptoms\/fnd-symptoms\/visuals-symptoms\/","title":{"rendered":"Synssymptomer"},"content":{"rendered":"\n<p>Synssymptomer kan v\u00e6re funksjonelle eller dissosiative og nedenfor beskriver vi noen av de vanligste:<\/p>\n\n\n\n<h3>T\u00e5kesyn<\/h3>\n\n\n\n<p>Typisk vil mennesker kunne oppleve at synet i perioder blir uklart eller \u00abt\u00e5kete\u00bb og at man m\u00e5 knipe \u00f8ynene sammen for \u00e5 se normalt. Av og til kan synet til og med bli dobbelt. Dette skyldes ofte det som kan kalles \u00abkonvergensspasme\u00bb. Dette betyr at et av \u00f8ynene i for stor grad beveger seg mot nesen. Konvergens er en vanlig \u00f8yebevegelse, men noen ganger blir den for aktiv hos pasienter med funksjonelle symptomer.<\/p>\n\n\n\n<h3>Lysskyhet<\/h3>\n\n\n\n<p>Lysskyhet er et vanlig symptom hos mennesker med kronisk <a href=\"https:\/\/pre-prod.neurosymptoms.org\/nb_NO\/symptoms\/common-associated-symptoms\/fatigue\/\" target=\"_blank\" rel=\"noreferrer noopener\">utmattelsessyndrom<\/a>. Det kan ogs\u00e5 oppleves av pasienter med <a href=\"https:\/\/pre-prod.neurosymptoms.org\/nb_NO\/symptoms\/fnd-symptoms\/functional-limb-weakness\/\" target=\"_blank\" rel=\"noreferrer noopener\">funksjonell svakhet<\/a> og <a href=\"https:\/\/pre-prod.neurosymptoms.org\/nb_NO\/symptoms\/fnd-symptoms\/functional-sensory-symptoms\/\" target=\"_blank\" rel=\"noreferrer noopener\">sansesymptomer <\/a>. Man er ofte mer sensitiv for lys p\u00e5 samme side av kroppen som er svak. Sterkt lys kan til og med gj\u00f8re svakheten verre.<\/p>\n\n\n\n<p>En naturlig reaksjon p\u00e5 lysskyhet er \u00e5 ta i bruk solbriller. Men, dette er problematisk fordi det vil ofte \u00f8ke lysskyheten. Den beste tiln\u00e6rmingen til lysskyhet er heller \u00e5 utsette \u00f8ynene for stadig mer lys over tid. Ofte vil man m\u00e5tte gj\u00f8re dette gradvis.<\/p>\n\n\n\n<h3>Redusert syn<\/h3>\n\n\n\n<p>Av og til kan mennesker ogs\u00e5 oppleve betydelig tap av syn p\u00e5 ett eller begge \u00f8yne. Og, det kan ogs\u00e5 skje at man ikke kan se noe i det hele tatt. I denne situasjonen kan man stille diagnosen funksjonell blindhet ved unders\u00f8kelser som viser at pupillene reagerer som normalt, at \u00f8ynene reagerer p\u00e5 objekter i bevegelse i synsfeltet og at synsomr\u00e5dene i hjernen er uten tegn til skade.<\/p>\n\n\n\n<p>Mennesker med funksjonelle synssymptomer kan ved unders\u00f8kelse ha s\u00e5kalt \u00abtunnelsyn\u00bb eller \u00abspiralformet\u00bb synsfelt, som vist i figurene nedenfor.<\/p>\n\n\n\n<figure class=\"wp-block-image size-large\"><img loading=\"lazy\" width=\"329\" height=\"294\" src=\"https:\/\/pre-prod.neurosymptoms.org\/wp-content\/uploads\/2020\/11\/Visual-Symptom-Image-1.png\" alt=\"\" class=\"wp-image-607\" srcset=\"https:\/\/pre-prod.neurosymptoms.org\/wp-content\/uploads\/2020\/11\/Visual-Symptom-Image-1.png 329w, https:\/\/pre-prod.neurosymptoms.org\/wp-content\/uploads\/2020\/11\/Visual-Symptom-Image-1-300x268.png 300w\" sizes=\"(max-width: 329px) 100vw, 329px\" \/><figcaption>Tunnelsyn (i figuren kalt &#8220;Tubular Field&#8221;) er et vanlig funn ved funksjonell synsforstyrrelse.<\/figcaption><\/figure>\n\n\n\n<figure class=\"wp-block-image size-large\"><img loading=\"lazy\" width=\"313\" height=\"277\" src=\"https:\/\/pre-prod.neurosymptoms.org\/wp-content\/uploads\/2020\/11\/Visual-Symptom-Image-2.png\" alt=\"\" class=\"wp-image-608\" srcset=\"https:\/\/pre-prod.neurosymptoms.org\/wp-content\/uploads\/2020\/11\/Visual-Symptom-Image-2.png 313w, https:\/\/pre-prod.neurosymptoms.org\/wp-content\/uploads\/2020\/11\/Visual-Symptom-Image-2-300x265.png 300w\" sizes=\"(max-width: 313px) 100vw, 313px\" \/><figcaption>&#8220;Spiralformet&#8221; synsfelt kan sees ved \u00f8yeunders\u00f8kelse og kan v\u00e6re et tegn p\u00e5 funksjonell synsforstyrrelse.<\/figcaption><\/figure>\n\n\n\n<p>De vanligste formene for funksjonell synsforstyrrelse er t\u00e5kesyn som kommer og g\u00e5r og at synet p\u00e5 ett \u00f8ye blir d\u00e5rligere n\u00e5r det andre dekkes til. Ofte finner man ogs\u00e5 at synet er mye d\u00e5rligere n\u00e5r det unders\u00f8kes hos lege eller optiker enn det ellers er. Det er slik at mange symptomer ved funksjonelle nevrologiske lidelser blir mer uttalte n\u00e5r noen fokuserer p\u00e5 dem, som ved en legeunders\u00f8kelse.<\/p>\n\n\n\n<p>Det er forsket lite p\u00e5 behandlingen av funksjonelle synsforstyrrelser.<\/p>\n\n\n\n<p>I <a href=\"https:\/\/pn.bmj.com\/content\/19\/2\/168.long\" target=\"_blank\" rel=\"noreferrer noopener\">denne artikkelen<\/a><a> <\/a> omtales ellers erfaringer fra behandlingen av to pasienter med funksjonelt synstap.<\/p>\n\n\n\n<h3><strong>Visuelt sn\u00f8syndrom og etterbilder<\/strong><\/h3>\n\n\n\n<p>Av og til kan mennesker oppleve at synet har en \u00absn\u00f8liknende\u00bb bakgrunn. Dette kalles ogs\u00e5 visuelt sn\u00f8syndrom. Det kan skyldes en \u00f8ye- eller hjernesykdom, men kan ogs\u00e5 v\u00e6re helt normalt. Enhver som ser p\u00e5 en lys bakgrunn kan f\u00e5 inntrykk av en sn\u00f8liknende uklarhet, litt som statisk st\u00f8y p\u00e5 gamle TV-skjermer. Vanligvis filtrerer hjernen bort denne synsinformasjonen, men hos noen er det sn\u00f8liknende synet tilstede hele tiden.<\/p>\n\n\n\n<p>Mennesker kan ogs\u00e5 oppleve etterbilder i synsfeltet, s\u00e6rlig etter at de har sett p\u00e5 noe en stund eller hvis de ser p\u00e5 objekter i rask bevegelse. Som for sn\u00f8liknende syn er det her veldig viktig \u00e5 utelukke en sykdom i nervesystemet eller i \u00f8ynene, men dette symptomet kan ogs\u00e5 sees som del av en funksjonell nevrologisk lidelse. Det kan da skyldes at hjernens normale filtrering er forstyrret og at overfl\u00f8dig synsinformasjon slipper gjennom.<\/p>\n\n\n\n<p>Man kan lese mer om visuelt sn\u00f8syndrom her:<\/p>\n\n\n\n<figure class=\"wp-block-image size-large\"><a href=\"https:\/\/www.visualsnowinitiative.org\/\"><img loading=\"lazy\" width=\"217\" height=\"99\" src=\"https:\/\/pre-prod.neurosymptoms.org\/wp-content\/uploads\/2020\/11\/Visual-Symptom-Image-3.jpg\" alt=\"\" class=\"wp-image-609\"\/><\/a><\/figure>\n\n\n\n<p><\/p>\n","protected":false},"excerpt":{"rendered":"<p>Uklart syn, synsfelttap, dobbeltsyn, lysf\u00f8lsomhet eller visuelt sn\u00f8syndrom<\/p>\n","protected":false},"author":65,"featured_media":0,"parent":937,"menu_order":286,"comment_status":"closed","ping_status":"closed","template":"page-template\/symptom-details-page-template.php","meta":[],"_links":{"self":[{"href":"https:\/\/pre-prod.neurosymptoms.org\/nb_NO\/wp-json\/wp\/v2\/pages\/606"}],"collection":[{"href":"https:\/\/pre-prod.neurosymptoms.org\/nb_NO\/wp-json\/wp\/v2\/pages"}],"about":[{"href":"https:\/\/pre-prod.neurosymptoms.org\/nb_NO\/wp-json\/wp\/v2\/types\/page"}],"author":[{"embeddable":true,"href":"https:\/\/pre-prod.neurosymptoms.org\/nb_NO\/wp-json\/wp\/v2\/users\/65"}],"replies":[{"embeddable":true,"href":"https:\/\/pre-prod.neurosymptoms.org\/nb_NO\/wp-json\/wp\/v2\/comments?post=606"}],"version-history":[{"count":111,"href":"https:\/\/pre-prod.neurosymptoms.org\/nb_NO\/wp-json\/wp\/v2\/pages\/606\/revisions"}],"predecessor-version":[{"id":15610,"href":"https:\/\/pre-prod.neurosymptoms.org\/nb_NO\/wp-json\/wp\/v2\/pages\/606\/revisions\/15610"}],"up":[{"embeddable":true,"href":"https:\/\/pre-prod.neurosymptoms.org\/nb_NO\/wp-json\/wp\/v2\/pages\/937"}],"wp:attachment":[{"href":"https:\/\/pre-prod.neurosymptoms.org\/nb_NO\/wp-json\/wp\/v2\/media?parent=606"}],"curies":[{"name":"wp","href":"https:\/\/api.w.org\/{rel}","templated":true}]}}