{"id":631,"date":"2020-12-01T02:51:31","date_gmt":"2020-12-01T02:51:31","guid":{"rendered":"https:\/\/ftd.cognihealth.in\/?page_id=631"},"modified":"2025-01-27T04:01:41","modified_gmt":"2025-01-27T04:01:41","slug":"understanding-fnd","status":"publish","type":"page","link":"https:\/\/pre-prod.neurosymptoms.org\/nb_NO\/treatment\/understanding-fnd\/","title":{"rendered":"\u00c5 forst\u00e5 funksjonell nevrologisk lidelse (FNL)"},"content":{"rendered":"\n<p>Hvis du ikke har lest sidene om <a href=\"https:\/\/pre-prod.neurosymptoms.org\/nb_NO\/causes\/\" target=\"_blank\" rel=\"noreferrer noopener\">\u00e5rsaker<\/a> enn\u00e5, kan det hende du synes det er nyttig \u00e5 gj\u00f8re dette f\u00f8r du leser videre:<\/p>\n\n\n\n<p>Det er dessverre sjelden raske l\u00f8sninger \u2013 quick fix \u2013 for FNL, men det finnes \u00ablangsomme l\u00f8sninger\u00bb som med tid og innsats kan bidra til at symptomene blir mindre p\u00e5trengende og at du f\u00f8ler deg bedre.<\/p>\n\n\n\n<p>De jeg har m\u00f8tt som opplever bedring, sier at en av de viktigste faktorene for bedringen ser ut til \u00e5 v\u00e6re om diagnosen og forklaringen de ble gitt ga mening for dem \u2013 kanskje ikke umiddelbart, men over tid.<\/p>\n\n\n\n<p>N\u00f8kkeltrinnene ser ut til \u00e5 v\u00e6re \u00e5 anerkjenne at:<\/p>\n\n\n\n<ol type=\"1\"><li>Du har noe som er vanlig, du <strong>er ikke rar<\/strong><\/li><li>Du har noe ekte \u2013 du <strong>innbiller deg ikke det<\/strong><\/li><li>Du har symptomer som er <strong>potensielt reversible<\/strong><\/li><li>Det er <strong>ikke din feil<\/strong> at du har disse symptomene<\/li><li>Men <strong>du vil trenge \u00e5 legge en del arbeid i \u00e5 bli bedre<\/strong><\/li><\/ol>\n\n\n\n<p>Hvis legen din har sendt journalutskrift eller pasientinformasjon til deg, les dette og fors\u00f8k \u00e5 forst\u00e5 hva som st\u00e5r der. \u00c5 lese det som st\u00e5r p\u00e5 dette nettstedet kan ogs\u00e5 hjelpe deg \u00e5 forst\u00e5 din tilstand bedre.<\/p>\n\n\n\n<p>Hvis du kan komme til et punkt hvor du synes diagnosen gir mening, der du ikke lenger f\u00f8ler deg bekymret for muligheten for en annen diagnose, der du ser at mange andre mennesker har det samme, og at det er noe du potensielt kan bli bedre av, er dette en god begynnelse for behandling.<\/p>\n\n\n\n<p>Personlig synes jeg \u00e5 bruke tid med en lege\/fagperson for \u00e5 forst\u00e5 FNL-diagnosen og f\u00e5 tillit til hvorfor den er blitt satt er et viktig startpunkt for behandling. Men det er likevel kun et <em>startpunkt <\/em>for de fleste. Som ved enhver tilstand trenger du informasjon om hva som er galt s\u00e5 du kan g\u00e5 i gang med behandling.<\/p>\n","protected":false},"excerpt":{"rendered":"<p>\u00c5 forst\u00e5 hvorfor diagnosen er satt er et viktig utgangspunkt<\/p>\n","protected":false},"author":65,"featured_media":0,"parent":1012,"menu_order":289,"comment_status":"closed","ping_status":"closed","template":"page-template\/symptom-details-page-template.php","meta":[],"_links":{"self":[{"href":"https:\/\/pre-prod.neurosymptoms.org\/nb_NO\/wp-json\/wp\/v2\/pages\/631"}],"collection":[{"href":"https:\/\/pre-prod.neurosymptoms.org\/nb_NO\/wp-json\/wp\/v2\/pages"}],"about":[{"href":"https:\/\/pre-prod.neurosymptoms.org\/nb_NO\/wp-json\/wp\/v2\/types\/page"}],"author":[{"embeddable":true,"href":"https:\/\/pre-prod.neurosymptoms.org\/nb_NO\/wp-json\/wp\/v2\/users\/65"}],"replies":[{"embeddable":true,"href":"https:\/\/pre-prod.neurosymptoms.org\/nb_NO\/wp-json\/wp\/v2\/comments?post=631"}],"version-history":[{"count":104,"href":"https:\/\/pre-prod.neurosymptoms.org\/nb_NO\/wp-json\/wp\/v2\/pages\/631\/revisions"}],"predecessor-version":[{"id":15919,"href":"https:\/\/pre-prod.neurosymptoms.org\/nb_NO\/wp-json\/wp\/v2\/pages\/631\/revisions\/15919"}],"up":[{"embeddable":true,"href":"https:\/\/pre-prod.neurosymptoms.org\/nb_NO\/wp-json\/wp\/v2\/pages\/1012"}],"wp:attachment":[{"href":"https:\/\/pre-prod.neurosymptoms.org\/nb_NO\/wp-json\/wp\/v2\/media?parent=631"}],"curies":[{"name":"wp","href":"https:\/\/api.w.org\/{rel}","templated":true}]}}