{"id":935,"date":"2021-01-20T09:17:35","date_gmt":"2021-01-20T09:17:35","guid":{"rendered":"https:\/\/ftd.cognihealth.in\/?page_id=935"},"modified":"2024-09-10T17:28:04","modified_gmt":"2024-09-10T17:28:04","slug":"symptoms","status":"publish","type":"page","link":"https:\/\/pre-prod.neurosymptoms.org\/nb_NO\/symptoms\/","title":{"rendered":"Symptomer"},"content":{"rendered":"\n<p>De fleste pasienter med funksjonelle eller dissosiative symptomer har mer enn ett symptom. Det \u00e5 ha mange forskjellige symptomer p\u00e5 en gang kan v\u00e6re et spesielt forvirrende trekk ved disse tilstandene. <\/p>\n\n\n\n<hr class=\"wp-block-separator\"\/>\n\n\n\n<p>I denne delen har jeg adskilt <strong>kjernesymptomene<\/strong> ved FNL (funksjonell nevrologisk lidelse) fra vanlig forekommende <strong>tilleggssymptomer<\/strong> (for eksempel smerte og utmattelse) som pasienter med FNL ofte f\u00e5r. Det er vanligvis bedre \u00e5 oppfatte alle disse symptomene som ledd i \u00e9n sykdom, enn som en rekke forskjellige lidelser. Men de har ulike betegnelser, s\u00e5 for eksempel kronisk smerte er ikke definert som en del av FNL. <\/p>\n","protected":false},"excerpt":{"rendered":"<p><!-- wp:paragraph --><\/p>\n<p>De fleste pasienter med funksjonelle eller dissosiative symptomer har mer enn ett symptom. Det \u00e5 ha mange forskjellige symptomer p\u00e5 en gang kan v\u00e6re et spesielt forvirrende trekk ved disse tilstandene. <\/p>\n<p><!-- \/wp:paragraph...\n<\/p>\n","protected":false},"author":65,"featured_media":0,"parent":0,"menu_order":258,"comment_status":"closed","ping_status":"closed","template":"page-template\/symtoms.php","meta":[],"_links":{"self":[{"href":"https:\/\/pre-prod.neurosymptoms.org\/nb_NO\/wp-json\/wp\/v2\/pages\/935"}],"collection":[{"href":"https:\/\/pre-prod.neurosymptoms.org\/nb_NO\/wp-json\/wp\/v2\/pages"}],"about":[{"href":"https:\/\/pre-prod.neurosymptoms.org\/nb_NO\/wp-json\/wp\/v2\/types\/page"}],"author":[{"embeddable":true,"href":"https:\/\/pre-prod.neurosymptoms.org\/nb_NO\/wp-json\/wp\/v2\/users\/65"}],"replies":[{"embeddable":true,"href":"https:\/\/pre-prod.neurosymptoms.org\/nb_NO\/wp-json\/wp\/v2\/comments?post=935"}],"version-history":[{"count":87,"href":"https:\/\/pre-prod.neurosymptoms.org\/nb_NO\/wp-json\/wp\/v2\/pages\/935\/revisions"}],"predecessor-version":[{"id":15342,"href":"https:\/\/pre-prod.neurosymptoms.org\/nb_NO\/wp-json\/wp\/v2\/pages\/935\/revisions\/15342"}],"wp:attachment":[{"href":"https:\/\/pre-prod.neurosymptoms.org\/nb_NO\/wp-json\/wp\/v2\/media?parent=935"}],"curies":[{"name":"wp","href":"https:\/\/api.w.org\/{rel}","templated":true}]}}